{"id":30,"date":"2016-04-05T22:13:00","date_gmt":"2016-04-05T22:13:00","guid":{"rendered":"http:\/\/projects.nib.si\/alkosol\/?page_id=30"},"modified":"2026-03-03T13:12:05","modified_gmt":"2026-03-03T12:12:05","slug":"references","status":"publish","type":"page","link":"https:\/\/projects.nib.si\/alkosol\/references\/","title":{"rendered":"Publications"},"content":{"rendered":"\n<ul class=\"wp-block-list\">\n<li>Charting the future of marine biotechnology: educational strategies for empowering Europe\u2019s blue bioeconomy workforce. Katar\u017eyt\u0117 et al., <em>Front Mar Sci<\/em> 2026, 13; <a href=\"https:\/\/doi.org\/10.3389\/fmars.2026.1723529\">https:\/\/doi.org\/10.3389\/fmars.2026.1723529<\/a><\/li>\n\n\n\n<li>Identification and Cultivation of Biotechnologically Relevant Microalgal and Cyanobacterial Species Isolated from Se\u010dovlje Salt Pans, Slovenia. Atak et al., <em>Mar Drugs<\/em> 2026, <em>24<\/em>(1), 26; <a href=\"https:\/\/doi.org\/10.3390\/md24010026\">https:\/\/doi.org\/10.3390\/md24010026<\/a><\/li>\n\n\n\n<li>Fish Waste and Macroalgal Biorefinery Perspectives for Industrial Implementation. Bosch et al., in <em>Blue Biorefineries and Sustainable Marine Industries<\/em>, , ed. F. A. Vicente and J. F. B. Pereira, Royal Society of Chemistry 2025, <em>90<\/em>(16), 459. <a href=\"https:\/\/doi.org\/10.1039\/9781837678198-00459\">https:\/\/doi.org\/10.1039\/9781837678198-00459<\/a><\/li>\n\n\n\n<li>Editorial: The multiple applications of marine-derived bioactives. Rijo et al., Front Pharmacol 2025, 16, 1733987. <a href=\"https:\/\/doi.org\/10.3389\/fphar.2025.1733987\">https:\/\/doi.org\/10.3389\/fphar.2025.1733987<\/a><\/li>\n\n\n\n<li>Exploring marine microbial diversity: an overview of representative sampling strategies. Ljube\u0161i\u0107 et al., <em>Front Mar Sci <\/em>2025, 12, 1597865. <a href=\"https:\/\/doi.org\/10.3389\/fmars.2025.1597865\">https:\/\/doi.org\/10.3389\/fmars.2025.1597865<\/a><\/li>\n\n\n\n<li>Innovative solutions for valorization of desalination brine. Rotter et al., <em>Water Res<\/em> 2025, 28. <a href=\"https:\/\/doi.org\/10.1016\/j.wroa.2025.100372\">https:\/\/doi.org\/10.1016\/j.wroa.2025.100372<\/a><\/li>\n\n\n\n<li>A Pipeline for the Isolation and Cultivation of Microalgae and Cyanobacteria from Hypersaline Environments. Tav\u010dar Verdev and Dolinar, <em>Microorganisms <\/em>2025, <em>13<\/em>(3), 603. <a href=\"https:\/\/doi.org\/10.3390\/microorganisms13030603\">https:\/\/doi.org\/10.3390\/microorganisms13030603<\/a><\/li>\n\n\n\n<li>Marine cosmetics and the blue bioeconomy: From sourcing to success stories. Rotter et al., <em>iScience <\/em>2024, <em>27<\/em>(12), 111339; <a href=\"https:\/\/doi.org\/10.1016\/j.isci.2024.111339\">https:\/\/doi.org\/10.1016\/j.isci.2024.111339<\/a><\/li>\n\n\n\n<li>Identification of marine biotechnology value chains with high potential in the northern Mediterranean region. Rotter et al., <em>Mar Drugs<\/em> 2023, <em>21<\/em>(7), 416;<a href=\"https:\/\/doi.org\/10.3390\/md21070416\"> https:\/\/doi.org\/10.3390\/md21070416<\/a><\/li>\n\n\n\n<li>Kozmeti\u010dni izdelki za za\u0161\u010dito ko\u017ee pred okoljskimi onesna\u017eevali (anti-pollution cosmetic products). Zvonar Pobirk&nbsp; et al., <em>Arm Vestn<\/em> 2023; 74; <a href=\"https:\/\/www.sfd.si\/wp-content\/uploads\/2023\/02\/fv-1-2023_6.pdf\">https:\/\/www.sfd.si\/wp-content\/uploads\/2023\/02\/fv-1-2023_6.pdf<\/a><\/li>\n\n\n\n<li>Multi-stakeholder networks as governance structures and ICT tools to boost blue biotechnology in the Mediterranean. Argente Garc\u00eda et al.; <a href=\"https:\/\/dx.doi.org\/10.2139\/ssrn.4633466\">https:\/\/dx.doi.org\/10.2139\/ssrn.4633466<\/a><\/li>\n<\/ul>\n\n\n\n<p><\/p>\n","protected":false},"excerpt":{"rendered":"","protected":false},"author":3,"featured_media":0,"parent":0,"menu_order":3,"comment_status":"closed","ping_status":"closed","template":"page-fullwidth.php","meta":{"jetpack_post_was_ever_published":false,"footnotes":""},"class_list":["post-30","page","type-page","status-publish","hentry"],"jetpack_sharing_enabled":true,"jetpack_shortlink":"https:\/\/wp.me\/Pg0PUi-u","jetpack-related-posts":[],"_links":{"self":[{"href":"https:\/\/projects.nib.si\/alkosol\/wp-json\/wp\/v2\/pages\/30","targetHints":{"allow":["GET"]}}],"collection":[{"href":"https:\/\/projects.nib.si\/alkosol\/wp-json\/wp\/v2\/pages"}],"about":[{"href":"https:\/\/projects.nib.si\/alkosol\/wp-json\/wp\/v2\/types\/page"}],"author":[{"embeddable":true,"href":"https:\/\/projects.nib.si\/alkosol\/wp-json\/wp\/v2\/users\/3"}],"replies":[{"embeddable":true,"href":"https:\/\/projects.nib.si\/alkosol\/wp-json\/wp\/v2\/comments?post=30"}],"version-history":[{"count":25,"href":"https:\/\/projects.nib.si\/alkosol\/wp-json\/wp\/v2\/pages\/30\/revisions"}],"predecessor-version":[{"id":560,"href":"https:\/\/projects.nib.si\/alkosol\/wp-json\/wp\/v2\/pages\/30\/revisions\/560"}],"wp:attachment":[{"href":"https:\/\/projects.nib.si\/alkosol\/wp-json\/wp\/v2\/media?parent=30"}],"curies":[{"name":"wp","href":"https:\/\/api.w.org\/{rel}","templated":true}]}}