{"id":184,"date":"2020-03-09T11:53:32","date_gmt":"2020-03-09T10:53:32","guid":{"rendered":"http:\/\/projects.nib.si\/projects-2\/?page_id=184"},"modified":"2022-04-05T10:06:59","modified_gmt":"2022-04-05T09:06:59","slug":"accomodation","status":"publish","type":"page","link":"https:\/\/projects.nib.si\/biotremology2022\/accomodation\/","title":{"rendered":"Accomodation"},"content":{"rendered":"<p>Piran and nearby Portoro\u017e are tourist towns, and many accomodations are available. Note that the venue is slightly closer to Portoro\u017e than Piran town center, so it might be easier to find a place within walking distance in Portoro\u017e.<\/p>\n<p>A special offer:<\/p>\n<table class=\"table table-hover\">\n<tbody>\n<tr>\n<th style=\"background: #91b6d5; color: white;\" colspan=\"2\">Marine Biology Station Piran<\/th>\n<\/tr>\n<tr>\n<td colspan=\"2\">Marine Biology Station has some dormitory-type rooms (twin beds, shared bathroom and kitchen\/living room) in the building where the meeting will take place.<\/p>\n<p>Rooms will be given on a first-book, first-served basis, so make sure you book as early as possible.<\/td>\n<\/tr>\n<tr>\n<th width=\"200px\">Distance from the venue<\/th>\n<td>0<\/td>\n<\/tr>\n<tr>\n<th>Address<\/th>\n<td>Forna\u010de 41, Piran<\/td>\n<\/tr>\n<tr>\n<th>Website<\/th>\n<td><a href=\"https:\/\/www.nib.si\/mbp\/en\/visitors\/accommodation\">www.nib.si\/mbp\/en\/visitors\/accommodation<\/a><\/td>\n<\/tr>\n<tr>\n<th>Price<\/th>\n<td>17 \u20ac person\/night<\/p>\n<p>Breakfast <strong>not included<\/strong> in the price.<\/td>\n<\/tr>\n<tr>\n<th>Reservation<\/th>\n<td>To reserve a bed, please send an email to Tadej Gra\u010dner, e-mail: <a href=\"mailto:tadej.gracner@nib.si\">tadej.gracner@nib.si<\/a><\/p>\n<p>Please note that spaces are limited and in high demand. We strongly advise you to make a reservation as soon as possible.<\/td>\n<\/tr>\n<\/tbody>\n<\/table>\n<hr \/>\n<p>Additionally, our registration agency has pre-booked some rooms in the following two hotels, you can select them during registration. The listed prices are reserved for congress participants during the duration of the event; if you wish to extend your stay, please get in touch with the contact person at the agency.<\/p>\n<table class=\"table table-hover\">\n<tbody>\n<tr>\n<th style=\"background: #91b6d5; color: white;\" colspan=\"2\">Art Hotel Tartini****<\/th>\n<\/tr>\n<tr>\n<th width=\"200px\">Distance from the venue<\/th>\n<td>1.3 km \/ 16 min on foot<\/td>\n<\/tr>\n<tr>\n<th>Address<\/th>\n<td>Tartinijev trg 15, Piran<\/td>\n<\/tr>\n<tr>\n<th>Website<\/th>\n<td><a href=\"https:\/\/www.arthoteltartini.com\/\">www.arthoteltartini.com<\/a><\/td>\n<\/tr>\n<tr>\n<th>Price<\/th>\n<td>Single room &#8211; 130 \u20ac room\/night.<br \/>\nDouble room \u2013 140 \u20ac room\/night.<\/p>\n<p>Prices include: 9.5% VAT, breakfast. Additional cost: 2,50 EUR \/ person \/ day and 1 EUR for hotel administrative fee per stay.<\/td>\n<\/tr>\n<\/tbody>\n<\/table>\n<table class=\"table table-hover\">\n<tbody>\n<tr>\n<th style=\"background: #91b6d5; color: white;\" colspan=\"2\">Hotel Vile Park***<\/th>\n<\/tr>\n<tr>\n<th width=\"200px\">Distance from the venue<\/th>\n<td>450 m \/ 5 min on foot<\/td>\n<\/tr>\n<tr>\n<th>Address<\/th>\n<td>Obala 2, Portoro\u017e<\/td>\n<\/tr>\n<tr>\n<th>Website<\/th>\n<td><a href=\"https:\/\/www.hoteli-bernardin.si\/si\/namestitve\/portoroz-st-bernardin-resort\/hotel-vile-park\">www.hoteli-bernardin.si<\/a><\/td>\n<\/tr>\n<tr>\n<th>Price<\/th>\n<td>Single room &#8211; 82 \u20ac room\/night.<br \/>\nDouble room \u2013 92 \u20ac room\/night.<\/p>\n<p>Prices include: 9.5% VAT, breakfast. Additional cost: 2,50 EUR \/ person \/ day and 1 EUR for hotel administrative fee per stay.<\/td>\n<\/tr>\n<\/tbody>\n<\/table>\n<hr \/>\n<h1>External options<\/h1>\n<p>A few other convenient options are listed below (prices approximate, may be higher in September when the tourist season is not yet over). Please note these providers are <strong>not associated<\/strong> with the congress organization in any way. You may find additional options on different internet booking sites.<\/p>\n<table class=\"table table-hover\">\n<tbody>\n<tr>\n<th style=\"background: #91b6d5; color: white;\" colspan=\"2\">Hostel Korotan**<\/th>\n<\/tr>\n<tr>\n<th width=\"200px\">Distance from the venue<\/th>\n<td>1 km \/ 12 min on foot<\/td>\n<\/tr>\n<tr>\n<th>Address<\/th>\n<td>Obala 11, Portoro\u017e<\/td>\n<\/tr>\n<tr>\n<th>Website<\/th>\n<td><a href=\"https:\/\/www.sd.upr.si\/turizem_eng\/hostel_korotan_eng\/\">www.sd.upr.si<\/a><\/td>\n<\/tr>\n<tr>\n<th>Price<\/th>\n<td>Single room \u2013 41 \u20ac room\/night + tourist tax<br \/>\nDouble room \u2013 59 \u20ac room\/night + tourist tax<br \/>\n3-bed room &#8211; 77 \u20ac room\/night + tourist tax<br \/>\n4-bed room &#8211; 90 \u20ac room\/night + tourist tax<\/p>\n<p>Breakfast not included, available for 4\u20ac\/day extra.<\/td>\n<\/tr>\n<tr>\n<th>Reservation<\/th>\n<td>\n<ul>\n<li>Phone: +386 (0)5 674 54 00<\/li>\n<li><a href=\"https:\/\/www.sd.upr.si\/turizem_eng\/hostel_korotan_eng\/\" target=\"_blank\" rel=\"noopener\">Hotel website<\/a><\/li>\n<li><a href=\"https:\/\/www.booking.com\/hotel\/si\/a-d-portoroa3-4-prenoaia-aa-korotan.html?aid=335205;label=portoroz-I_wXoigo6dgkY9HVggEcSgS5446215576%3Apl%3Ata%3Ap140%3Ap2260.000%3Aac%3Aap1t1%3Aneg;sid=a5cc1c34c10a5eeb21becb8a0c0b678b;dcid=1;f_lang=sl&amp;lang=en-gb#availability_target\" target=\"_blank\" rel=\"noopener\">Booking.com<\/a><\/li>\n<\/ul>\n<\/td>\n<\/tr>\n<\/tbody>\n<\/table>\n<table class=\"table table-hover\">\n<tbody>\n<tr>\n<th style=\"background: #91b6d5; color: white;\" colspan=\"2\">Hotel Piran****<\/th>\n<\/tr>\n<tr>\n<th width=\"200px\">Distance from the venue<\/th>\n<td>1.4 km \/ 18 min on foot<\/td>\n<\/tr>\n<tr>\n<th>Address<\/th>\n<td>Stjenkova ulica 1, Piran<\/td>\n<\/tr>\n<tr>\n<th>Website<\/th>\n<td><a href=\"https:\/\/hotel-piran.si\/en\/\">hotel-piran.si<\/a><\/td>\n<\/tr>\n<tr>\n<th>Price<\/th>\n<td>Double room \u2013 starting from 80 \u20ac room\/night.<br \/>\nPrices include: 9.5% VAT, \u20ac 2.50 city tax per person per night, breakfast<\/td>\n<\/tr>\n<tr>\n<th>Reservation<\/th>\n<td>\n<ul>\n<li>Phone: +386 (0)8 201 04 20<\/li>\n<li>E-mail: <a href=\"mailto:booking@eurotashoteli.si\" target=\"_blank\" rel=\"noopener\">booking@eurotashoteli.si<\/a><\/li>\n<li><a href=\"https:\/\/secure.phobs.net\/booking.php?sid=jtu1q09r47c4fklrigg1qv1om5&amp;companyid=863&amp;hotelid=5301&amp;checkin=2019-05-13&amp;checkout=2019-05-14&amp;crcid=d2c1c527850eebbff09000ca618dc2e8\" target=\"_blank\" rel=\"noopener\">Hotel website<\/a><\/li>\n<li><a href=\"https:\/\/www.booking.com\/hotel\/si\/piran.en-gb.html?label=gen173nr-1FCAEoggI46AdIM1gEaMsBiAEBmAEJuAEGyAEO2AEB6AEB-AELiAIBqAIDuAKslOXmBcACAQ;sid=1d23c952f7ae3fdfa40bbf921e22b0ff;dest_id=-91911;dest_type=city;dist=0;group_adults=2;hapos=1;hpos=1;room1=A%2CA;sb\" target=\"_blank\" rel=\"noopener\">Booking.com<\/a><\/li>\n<\/ul>\n<\/td>\n<\/tr>\n<\/tbody>\n<\/table>\n<table class=\"table table-hover\">\n<tbody>\n<tr>\n<th style=\"background: #91b6d5; color: white;\" colspan=\"2\">Hotel Bernardin*****<\/th>\n<\/tr>\n<tr>\n<th width=\"200px\">Distance from the venue<\/th>\n<td>300 m \/ 5 min on foot<\/td>\n<\/tr>\n<tr>\n<th>Address<\/th>\n<td>Obala 2, Portoro\u017e<\/td>\n<\/tr>\n<tr>\n<th>Website<\/th>\n<td><a href=\"https:\/\/www.hoteli-bernardin.si\/en\/accommodations\/st-bernardin-resort\/grand-hotel-bernardin\">www.hoteli-bernardin.si<\/a><\/td>\n<\/tr>\n<tr>\n<th>Price<\/th>\n<td>Single room \u2013146 \u20ac room\/night.<br \/>\nDouble room \u2013 starting from 159 \u20ac room\/night.<\/p>\n<p>Prices include: 9.5 % VAT, 2.50\u20ac city tax per person per night, 1.00\u20ac property service charge per person per stay, breakfast.<\/td>\n<\/tr>\n<tr>\n<th>Reservation<\/th>\n<td>\n<ul>\n<li>Phone: +386 (0)5 690 7000<\/li>\n<li>E-mail: <a href=\"mailto:booking@h-bernardin.si\" target=\"_blank\" rel=\"noopener\">booking@h-bernardin.si<\/a><\/li>\n<li><a href=\"https:\/\/www.hoteli-bernardin.si\/en\/accommodations\/st-bernardin-resort\/grand-hotel-bernardin\" target=\"_blank\" rel=\"noopener\">Hotel website<\/a><\/li>\n<li><a href=\"https:\/\/www.booking.com\/hotel\/si\/grand-bernardin.en-gb.html?aid=304142;label=gen173nr-1FCAEoggI46AdIM1gEaMsBiAEBmAEJuAEGyAEO2AEB6AEB-AELiAIBqAIDuAKslOXmBcACAQ;sid=e9e6036b9f262dc42d54becd9998fdad;dest_id=-91911;dest_type=city;room1=A%2CA&amp;;atlas_src=sr_iw_btn;from_sr_map=1;from=searchresults;ucfs=1\" target=\"_blank\" rel=\"noopener\">Booking.com<\/a><\/li>\n<\/ul>\n<\/td>\n<\/tr>\n<\/tbody>\n<\/table>\n<table class=\"table table-hover\">\n<tbody>\n<tr>\n<th style=\"background: #91b6d5; color: white;\" colspan=\"2\">Hotel Marko****<\/th>\n<\/tr>\n<tr>\n<th width=\"200px\">Distance from the venue<\/th>\n<td>1.8 km \/ 22 min on foot<\/td>\n<\/tr>\n<tr>\n<th>Address<\/th>\n<td>Obala 28, Portoro\u017e<\/td>\n<\/tr>\n<tr>\n<th>Website<\/th>\n<td><a href=\"https:\/\/www.hotel-marko.si\/\">www.hotel-marko.si<\/a><\/td>\n<\/tr>\n<tr>\n<th>Price<\/th>\n<td>Single room \u201373 \u20ac room\/night.<br \/>\nDouble room \u2013 starting from 58 \u20ac room\/night.<\/p>\n<p>Prices include: 9.5% VAT, \u20ac 2.50 city tax per person per night, Breakfast<\/td>\n<\/tr>\n<tr>\n<th>Reservation<\/th>\n<td>\n<ul>\n<li>Phone: +386 (0)5 617 40 00<\/li>\n<li>E-mail: <a href=\"mailto:info@hotel-marko.si\" target=\"_blank\" rel=\"noopener\">info@hotel-marko.si<\/a><\/li>\n<li><a href=\"https:\/\/www.hotel-marko.si\/rooms\" target=\"_blank\" rel=\"noopener\">Hotel website<\/a><\/li>\n<li><a href=\"https:\/\/www.booking.com\/hotel\/si\/marko.en-gb.html?aid=309654;label=booking-be-sl-j8JwBGnii0v1m1WgZKtAOAS70199810812%3Apl%3Ata%3Ap1%3Ap22%2C571%2C000%3Aac%3Aap1t1%3Aneg%3Afi%3Atiaud-261710242702%3Akwd-98299850%3Alp9075858%3Ali%3Adec%3Adm;sid=1c76fb9cb0bcb084f4d46f686ba8d76f;all_sr_blocks=4127709_201638534_0_1_0;checkin=2020-02-04;checkout=2020-02-05;dest_id=-92789;dest_type=city;dist=0;from_beach_key_ufi_sr=1;group_adults=2;group_children=0;hapos=1;highlighted_blocks=4127709_201638534_0_1_0;hpos=1;no_rooms=1;room1=A%2CA;sb_price_type=total;sr_order=popularity;srepoch=1576066974;srpvid=720a570ec13a010f;type=total;ucfs=1\ufffd\" target=\"_blank\" rel=\"noopener\">Booking.com<\/a><\/li>\n<\/ul>\n<\/td>\n<\/tr>\n<\/tbody>\n<\/table>\n","protected":false},"excerpt":{"rendered":"<p>Piran and nearby Portoro\u017e are tourist towns, and many accomodations are available. Note that the venue is slightly closer to Portoro\u017e than Piran town center, so it might be easier to find a place within walking distance in Portoro\u017e. A special offer: Marine Biology Station Piran Marine Biology Station has some dormitory-type rooms (twin beds, [&hellip;]<\/p>\n","protected":false},"author":23,"featured_media":0,"parent":0,"menu_order":0,"comment_status":"closed","ping_status":"closed","template":"","meta":{"jetpack_post_was_ever_published":false,"footnotes":""},"class_list":["post-184","page","type-page","status-publish","hentry"],"jetpack_sharing_enabled":true,"jetpack_shortlink":"https:\/\/wp.me\/PbKUFS-2Y","_links":{"self":[{"href":"https:\/\/projects.nib.si\/biotremology2022\/wp-json\/wp\/v2\/pages\/184","targetHints":{"allow":["GET"]}}],"collection":[{"href":"https:\/\/projects.nib.si\/biotremology2022\/wp-json\/wp\/v2\/pages"}],"about":[{"href":"https:\/\/projects.nib.si\/biotremology2022\/wp-json\/wp\/v2\/types\/page"}],"author":[{"embeddable":true,"href":"https:\/\/projects.nib.si\/biotremology2022\/wp-json\/wp\/v2\/users\/23"}],"replies":[{"embeddable":true,"href":"https:\/\/projects.nib.si\/biotremology2022\/wp-json\/wp\/v2\/comments?post=184"}],"version-history":[{"count":29,"href":"https:\/\/projects.nib.si\/biotremology2022\/wp-json\/wp\/v2\/pages\/184\/revisions"}],"predecessor-version":[{"id":507,"href":"https:\/\/projects.nib.si\/biotremology2022\/wp-json\/wp\/v2\/pages\/184\/revisions\/507"}],"wp:attachment":[{"href":"https:\/\/projects.nib.si\/biotremology2022\/wp-json\/wp\/v2\/media?parent=184"}],"curies":[{"name":"wp","href":"https:\/\/api.w.org\/{rel}","templated":true}]}}