{"id":565,"date":"2022-08-30T13:30:53","date_gmt":"2022-08-30T12:30:53","guid":{"rendered":"http:\/\/projects.nib.si\/biotremology2022\/?page_id=565"},"modified":"2022-09-12T15:14:34","modified_gmt":"2022-09-12T14:14:34","slug":"art-performance","status":"publish","type":"page","link":"https:\/\/projects.nib.si\/biotremology2022\/art-performance\/","title":{"rendered":"Art perfomance"},"content":{"rendered":"<h1>Bo\u0161tjan Perov\u0161ek: Interweaving Soundscapes<\/h1>\n<p><strong>20 Sep 2022, 18:00\u201319:00<br \/>\nMarine biology station, Piran<\/strong><\/p>\n<p>performance inspired by exhibition of 8-channel sound installation<br \/>\n<a href=\"http:\/\/www.steklenik.si\/en\/bostjan-perovsek-interweaving-soundscapes\" target=\"_blank\">http:\/\/www.steklenik.si\/en\/bostjan-perovsek-interweaving-soundscapes<\/a><\/p>\n<p><img loading=\"lazy\" decoding=\"async\" data-attachment-id=\"562\" data-permalink=\"https:\/\/projects.nib.si\/biotremology2022\/art-performance\/ft1a1224_photo_miha_godec\/\" data-orig-file=\"https:\/\/projects.nib.si\/biotremology2022\/wp-content\/uploads\/sites\/41\/2022\/08\/FT1A1224_Photo_Miha_Godec.jpg\" data-orig-size=\"1069,713\" data-comments-opened=\"0\" data-image-meta=\"{&quot;aperture&quot;:&quot;0&quot;,&quot;credit&quot;:&quot;&quot;,&quot;camera&quot;:&quot;&quot;,&quot;caption&quot;:&quot;&quot;,&quot;created_timestamp&quot;:&quot;0&quot;,&quot;copyright&quot;:&quot;&quot;,&quot;focal_length&quot;:&quot;0&quot;,&quot;iso&quot;:&quot;0&quot;,&quot;shutter_speed&quot;:&quot;0&quot;,&quot;title&quot;:&quot;&quot;,&quot;orientation&quot;:&quot;0&quot;}\" data-image-title=\"FT1A1224_Photo_Miha_Godec\" data-image-description=\"\" data-image-caption=\"\" data-medium-file=\"https:\/\/projects.nib.si\/biotremology2022\/wp-content\/uploads\/sites\/41\/2022\/08\/FT1A1224_Photo_Miha_Godec-300x200.jpg\" data-large-file=\"https:\/\/projects.nib.si\/biotremology2022\/wp-content\/uploads\/sites\/41\/2022\/08\/FT1A1224_Photo_Miha_Godec-1024x683.jpg\" class=\"size-medium wp-image-562 alignright\" src=\"http:\/\/projects.nib.si\/biotremology2022\/wp-content\/uploads\/sites\/41\/2022\/08\/FT1A1224_Photo_Miha_Godec-300x200.jpg\" alt=\"FT1A1224_Photo_Miha_Godec\" width=\"300\" height=\"200\" srcset=\"https:\/\/projects.nib.si\/biotremology2022\/wp-content\/uploads\/sites\/41\/2022\/08\/FT1A1224_Photo_Miha_Godec-300x200.jpg 300w, https:\/\/projects.nib.si\/biotremology2022\/wp-content\/uploads\/sites\/41\/2022\/08\/FT1A1224_Photo_Miha_Godec-1024x683.jpg 1024w, https:\/\/projects.nib.si\/biotremology2022\/wp-content\/uploads\/sites\/41\/2022\/08\/FT1A1224_Photo_Miha_Godec.jpg 1069w\" sizes=\"auto, (max-width: 300px) 100vw, 300px\" \/>Art work Interweaving Soundscapes is situated at the crossroads between science and art. In terms of art, scientific investigation of organismal vibrational behaviour (biotremology) is interesting as a sonic manifestation of animal activity; this sound mass can however, when specifically organised, also extend into the field of interspecies communication. Is it possible to restore the primordial unity between man and nature by way of sound? While the large part of the sound signals is imperceptible to us without proper equipment, we are nevertheless at every moment of the day immersed in the sound waves of this inaudible world \u2026 Spider webs had a special place in this exhibition. The webs of two spiders of the species <em>Araneus diadematus<\/em> were exhibited. The spiders were present in the exhibition space on a specially designed structure that formed the central part of the installation. The spider web is not only a snare to catch insects but can also be regarded as an extension of the spider\u2019s sensory systems. The vibrations spiders send and receive through the web are inaudible to human ears, but the exhibition reveals this invisible sound world. The composition is formed by raw sounds of insect and spider activity, which are subsequently electronically processed. Most of the recordings were made in the studios of the Cona Institute and Bo\u0161tjan Perov\u0161ek \u2013 with two spiders, which were also be present in the exhibition space. A set of custom-made piezo sensors was used for recording. Some of the selected recordings were made with sensors connected to a spider web at the Tom\u00e1s Saraceno studio, and some recordings are the part of Roland M\u00fchlethaler\u2019s private sound archive. <strong>The composition designed for this installation will be performed live.<\/strong><\/p>\n<p>Authors Bo\u0161tjan Perov\u0161ek and Dr. Roland M\u00fchlethaler about the ideas behind the art work Interweaving Soundscapes:<\/p>\n<p><img loading=\"lazy\" decoding=\"async\" data-attachment-id=\"564\" data-permalink=\"https:\/\/projects.nib.si\/biotremology2022\/art-performance\/image-slika-perovsek-nova-slika-zmanjsana-3\/\" data-orig-file=\"https:\/\/projects.nib.si\/biotremology2022\/wp-content\/uploads\/sites\/41\/2022\/08\/Image-slika-perovsek-nova-slika-zmanjsana-3.jpg\" data-orig-size=\"1428,846\" data-comments-opened=\"0\" data-image-meta=\"{&quot;aperture&quot;:&quot;0&quot;,&quot;credit&quot;:&quot;&quot;,&quot;camera&quot;:&quot;&quot;,&quot;caption&quot;:&quot;&quot;,&quot;created_timestamp&quot;:&quot;1595778082&quot;,&quot;copyright&quot;:&quot;&quot;,&quot;focal_length&quot;:&quot;0&quot;,&quot;iso&quot;:&quot;0&quot;,&quot;shutter_speed&quot;:&quot;0&quot;,&quot;title&quot;:&quot;&quot;,&quot;orientation&quot;:&quot;1&quot;}\" data-image-title=\"Image slika &amp;#8211; perovsek-nova-slika-zmanjsana-3\" data-image-description=\"\" data-image-caption=\"\" data-medium-file=\"https:\/\/projects.nib.si\/biotremology2022\/wp-content\/uploads\/sites\/41\/2022\/08\/Image-slika-perovsek-nova-slika-zmanjsana-3-300x178.jpg\" data-large-file=\"https:\/\/projects.nib.si\/biotremology2022\/wp-content\/uploads\/sites\/41\/2022\/08\/Image-slika-perovsek-nova-slika-zmanjsana-3-1024x607.jpg\" class=\"wp-image-564 alignright\" src=\"http:\/\/projects.nib.si\/biotremology2022\/wp-content\/uploads\/sites\/41\/2022\/08\/Image-slika-perovsek-nova-slika-zmanjsana-3-300x178.jpg\" alt=\"Image slika - perovsek-nova-slika-zmanjsana-3\" width=\"440\" height=\"261\" srcset=\"https:\/\/projects.nib.si\/biotremology2022\/wp-content\/uploads\/sites\/41\/2022\/08\/Image-slika-perovsek-nova-slika-zmanjsana-3-300x178.jpg 300w, https:\/\/projects.nib.si\/biotremology2022\/wp-content\/uploads\/sites\/41\/2022\/08\/Image-slika-perovsek-nova-slika-zmanjsana-3-1024x607.jpg 1024w, https:\/\/projects.nib.si\/biotremology2022\/wp-content\/uploads\/sites\/41\/2022\/08\/Image-slika-perovsek-nova-slika-zmanjsana-3.jpg 1428w\" sizes=\"auto, (max-width: 440px) 100vw, 440px\" \/><strong>M\u00fchlethaler:<\/strong> <em>\u201cUrban space and its structures are often considered to be non-natural anthropogenic habitats with a low diversity of animals and plants. Even though humans and animals (mainly arthropods, i.e. insects and spiders) have been living together for a long time throughout history, we still know very little about the species we share our houses with. Recent scientific studies have shown that urbanisation does not necessarily have to be destructive to nature, and in fact some animal and plant species may even benefit from human activities. The rich diversity of insects and spiders found in houses reflects a gradient of association with human habitations, from synanthropic arthropods that appear to be strongly adapted to human houses (cobweb spiders, carpet beetles), others that seek shelter and resources only occasionally (ants, ground beetles, hunting spiders) to many groups that simply become trapped in houses to their own disadvantage (attracted by light, odours etc.). Urban habitats are actually much more diverse than supposed. Many animals show plasticity in behaviour, especially the species that live in changing environments and thus adapt to urban life and habitats rather easily. Some of the synanthropic species are often thought of as pests (e.g. bed bugs, certain flies), although there are only a few harmful insects living in our houses. No spider species is regarded as a medical pest: on the contrary, they help humans in controlling pest insects and therefore make nice roommates.\u201d<\/em><br \/>\n<strong> Perov\u0161ek:<\/strong> <em>\u201cOn a symbolic level, the spider webs represent the web of human interpersonal communication at all levels. This web, however, is not only a sympathetic aide, it is also the watcher of the centres of power and control. Whether they like it or not, modern individuals leave visible and invisible traces of their behaviour, aspirations and movements in the real as well as the virtual world. These traces are readily collected by the internet. This web can thus be thought of in terms of total control, which the corporations, acting in concert with state governments, try to constitute as a normality throughout the social sphere. An individual has become prey caught in the sticky web of promises, with the threads of control tightening in much the same way as the spider wraps its web around the victim. The silk thread reveals its bivalent power; interwoven in a fabric, it caresses \u2013 wrapped around the prey, it subjugates or suffocates.\u201d<\/em><\/p>\n<p><strong>Bo\u0161tjan Perov\u0161ek<\/strong>, musician, composer and sound designer works in the field of experimental bioacoustic music. His special area of interest is bioacoustic music based on animal sounds, especially insects. He collaborates closely with the experimental music group SAETA and bioacoustic group Jata C, and is creating music for film, theatre, performance art, multimedia installations as well as soundscapes for museums and galleries.<br \/>\n<strong> Dr. Roland M\u00fchlethaler<\/strong> is an expert in vibrational communication with insects and spiders (expert support, original spider sound material, spiderweb installation, sound walk).<br \/>\nSelected sound recordings were made with use of Studio Tomas Saraceno\u2019s techniques; custom-made piezo sensors (NGLMNN &#8211; Constantin Engelmann) and have inspired \u2018interspecific musical compositions\u2019. <a href=\"https:\/\/www.arachnophilia.net\" target=\"_blank\">www.arachnophilia.net<\/a><\/p>\n<h2><img loading=\"lazy\" decoding=\"async\" data-attachment-id=\"563\" data-permalink=\"https:\/\/projects.nib.si\/biotremology2022\/art-performance\/ft1a1247_photo_miha_godec\/\" data-orig-file=\"https:\/\/projects.nib.si\/biotremology2022\/wp-content\/uploads\/sites\/41\/2022\/08\/FT1A1247_Photo_Miha_Godec.jpg\" data-orig-size=\"475,712\" data-comments-opened=\"0\" data-image-meta=\"{&quot;aperture&quot;:&quot;0&quot;,&quot;credit&quot;:&quot;&quot;,&quot;camera&quot;:&quot;&quot;,&quot;caption&quot;:&quot;&quot;,&quot;created_timestamp&quot;:&quot;0&quot;,&quot;copyright&quot;:&quot;&quot;,&quot;focal_length&quot;:&quot;0&quot;,&quot;iso&quot;:&quot;0&quot;,&quot;shutter_speed&quot;:&quot;0&quot;,&quot;title&quot;:&quot;&quot;,&quot;orientation&quot;:&quot;0&quot;}\" data-image-title=\"FT1A1247_Photo_Miha_Godec\" data-image-description=\"\" data-image-caption=\"\" data-medium-file=\"https:\/\/projects.nib.si\/biotremology2022\/wp-content\/uploads\/sites\/41\/2022\/08\/FT1A1247_Photo_Miha_Godec-200x300.jpg\" data-large-file=\"https:\/\/projects.nib.si\/biotremology2022\/wp-content\/uploads\/sites\/41\/2022\/08\/FT1A1247_Photo_Miha_Godec.jpg\" class=\"size-medium wp-image-563 alignright\" src=\"http:\/\/projects.nib.si\/biotremology2022\/wp-content\/uploads\/sites\/41\/2022\/08\/FT1A1247_Photo_Miha_Godec-200x300.jpg\" alt=\"FT1A1247_Photo_Miha_Godec\" width=\"200\" height=\"300\" srcset=\"https:\/\/projects.nib.si\/biotremology2022\/wp-content\/uploads\/sites\/41\/2022\/08\/FT1A1247_Photo_Miha_Godec-200x300.jpg 200w, https:\/\/projects.nib.si\/biotremology2022\/wp-content\/uploads\/sites\/41\/2022\/08\/FT1A1247_Photo_Miha_Godec.jpg 475w\" sizes=\"auto, (max-width: 200px) 100vw, 200px\" \/>Credits:<\/h2>\n<p>Artist: <strong>Bo\u0161tjan Perov\u0161ek<\/strong><br \/>\nScientist: <strong>Roland M\u00fchlethaler PhD<\/strong><br \/>\nArtistic design of instalation: <strong>Irena Pivka<\/strong><br \/>\nVideo and photos: <strong>Miha Godec<\/strong><br \/>\nCuration and organisation: <strong>Irena Pivka<\/strong>, <strong>Brane Zorman<\/strong><br \/>\nTranslation and editing: <strong>Katja Kosi<\/strong><br \/>\nPublic relations: <strong>Katarina Radaljac<\/strong><br \/>\nProduction: <strong>Cona, Institute for Contemporary Arts Processing, 2020<\/strong>, <a href=\"http:\/\/www.cona.si\" target=\"_blank\">www.cona.si<\/a><br \/>\nInstalation was created within the project <strong>konS<\/strong> \u2013 Platform for Contemporary Investigative Art<\/p>\n<p><img loading=\"lazy\" decoding=\"async\" data-attachment-id=\"561\" data-permalink=\"https:\/\/projects.nib.si\/biotremology2022\/art-performance\/cona-logo-napis-eng\/\" data-orig-file=\"https:\/\/projects.nib.si\/biotremology2022\/wp-content\/uploads\/sites\/41\/2022\/08\/Cona-logo-napis-eng.png\" data-orig-size=\"480,150\" data-comments-opened=\"0\" data-image-meta=\"{&quot;aperture&quot;:&quot;0&quot;,&quot;credit&quot;:&quot;&quot;,&quot;camera&quot;:&quot;&quot;,&quot;caption&quot;:&quot;&quot;,&quot;created_timestamp&quot;:&quot;0&quot;,&quot;copyright&quot;:&quot;&quot;,&quot;focal_length&quot;:&quot;0&quot;,&quot;iso&quot;:&quot;0&quot;,&quot;shutter_speed&quot;:&quot;0&quot;,&quot;title&quot;:&quot;&quot;,&quot;orientation&quot;:&quot;0&quot;}\" data-image-title=\"Cona-logo-napis-eng\" data-image-description=\"\" data-image-caption=\"\" data-medium-file=\"https:\/\/projects.nib.si\/biotremology2022\/wp-content\/uploads\/sites\/41\/2022\/08\/Cona-logo-napis-eng-300x94.png\" data-large-file=\"https:\/\/projects.nib.si\/biotremology2022\/wp-content\/uploads\/sites\/41\/2022\/08\/Cona-logo-napis-eng.png\" class=\"alignnone size-medium wp-image-561\" src=\"http:\/\/projects.nib.si\/biotremology2022\/wp-content\/uploads\/sites\/41\/2022\/08\/Cona-logo-napis-eng-300x94.png\" alt=\"Cona-logo-napis-eng\" width=\"300\" height=\"94\" srcset=\"https:\/\/projects.nib.si\/biotremology2022\/wp-content\/uploads\/sites\/41\/2022\/08\/Cona-logo-napis-eng-300x94.png 300w, https:\/\/projects.nib.si\/biotremology2022\/wp-content\/uploads\/sites\/41\/2022\/08\/Cona-logo-napis-eng.png 480w\" sizes=\"auto, (max-width: 300px) 100vw, 300px\" \/><\/p>\n","protected":false},"excerpt":{"rendered":"<p>Bo\u0161tjan Perov\u0161ek: Interweaving Soundscapes 20 Sep 2022, 18:00\u201319:00 Marine biology station, Piran performance inspired by exhibition of 8-channel sound installation http:\/\/www.steklenik.si\/en\/bostjan-perovsek-interweaving-soundscapes Art work Interweaving Soundscapes is situated at the crossroads between science and art. In terms of art, scientific investigation of organismal vibrational behaviour (biotremology) is interesting as a sonic manifestation of animal activity; this [&hellip;]<\/p>\n","protected":false},"author":23,"featured_media":0,"parent":0,"menu_order":0,"comment_status":"closed","ping_status":"closed","template":"","meta":{"jetpack_post_was_ever_published":false,"footnotes":""},"class_list":["post-565","page","type-page","status-publish","hentry"],"jetpack_sharing_enabled":true,"jetpack_shortlink":"https:\/\/wp.me\/PbKUFS-97","_links":{"self":[{"href":"https:\/\/projects.nib.si\/biotremology2022\/wp-json\/wp\/v2\/pages\/565","targetHints":{"allow":["GET"]}}],"collection":[{"href":"https:\/\/projects.nib.si\/biotremology2022\/wp-json\/wp\/v2\/pages"}],"about":[{"href":"https:\/\/projects.nib.si\/biotremology2022\/wp-json\/wp\/v2\/types\/page"}],"author":[{"embeddable":true,"href":"https:\/\/projects.nib.si\/biotremology2022\/wp-json\/wp\/v2\/users\/23"}],"replies":[{"embeddable":true,"href":"https:\/\/projects.nib.si\/biotremology2022\/wp-json\/wp\/v2\/comments?post=565"}],"version-history":[{"count":8,"href":"https:\/\/projects.nib.si\/biotremology2022\/wp-json\/wp\/v2\/pages\/565\/revisions"}],"predecessor-version":[{"id":607,"href":"https:\/\/projects.nib.si\/biotremology2022\/wp-json\/wp\/v2\/pages\/565\/revisions\/607"}],"wp:attachment":[{"href":"https:\/\/projects.nib.si\/biotremology2022\/wp-json\/wp\/v2\/media?parent=565"}],"curies":[{"name":"wp","href":"https:\/\/api.w.org\/{rel}","templated":true}]}}