{"id":600,"date":"2022-09-09T18:43:08","date_gmt":"2022-09-09T17:43:08","guid":{"rendered":"http:\/\/projects.nib.si\/biotremology2022\/?page_id=600"},"modified":"2022-09-15T11:28:25","modified_gmt":"2022-09-15T10:28:25","slug":"brief-program","status":"publish","type":"page","link":"https:\/\/projects.nib.si\/biotremology2022\/brief-program\/","title":{"rendered":"Brief program"},"content":{"rendered":"<h2>Monday, 19 September<\/h2>\n<ul>\n<li><strong>15:00 \u2013 19:00: <\/strong>registration<strong><br \/>\n<\/strong><\/li>\n<li><strong>19:00 \u2013 &#8230;:<\/strong> welcome reception<\/li>\n<\/ul>\n<h2>Tuesday, 20 September<\/h2>\n<table class=\"table table-hover\">\n<tbody>\n<tr>\n<td width=\"101\"><strong>Time<\/strong><\/td>\n<td width=\"155\"><strong>Presenter<\/strong><\/td>\n<td width=\"208\"><strong>Affiliation<\/strong><\/td>\n<td width=\"136\"><strong>Type<\/strong><\/td>\n<\/tr>\n<tr>\n<td width=\"101\"><strong>8:30 \u2013 10:25<\/strong><\/td>\n<td colspan=\"3\" width=\"498\"><strong>Session: behavior 1<\/strong> (chair: Meta Virant-Doberlet)<\/td>\n<\/tr>\n<tr>\n<td width=\"101\">8:30 \u2013 8:45<\/td>\n<td width=\"155\">Meta Virant-Doberlet<\/td>\n<td width=\"208\">National Institute of Biology (Slovenia)<\/td>\n<td width=\"136\">introductory \u2013 live<\/td>\n<\/tr>\n<tr>\n<td width=\"101\">8:45 \u2013 9:45<\/td>\n<td width=\"155\">Eileen Hebets<\/td>\n<td width=\"208\">University of Nebraska-Lincoln (USA)<\/td>\n<td width=\"136\">keynote \u2013 live<\/td>\n<\/tr>\n<tr>\n<td width=\"101\">9:45 \u2013 10:05<\/td>\n<td width=\"155\">Morgan Oberweiser<\/td>\n<td width=\"208\">University of Greifswald (Germany)<\/td>\n<td width=\"136\">regular talk \u2013 live<\/td>\n<\/tr>\n<tr>\n<td width=\"101\">10:05 \u2013 10:25<\/td>\n<td width=\"155\">Andrew Mason<\/td>\n<td width=\"208\">University of Toronto Scarborough (Canada)<\/td>\n<td width=\"136\">regular talk \u2013 live<\/td>\n<\/tr>\n<tr>\n<td width=\"101\"><strong>10:25 \u2013 11:00<\/strong><\/td>\n<td colspan=\"3\" width=\"498\"><strong>Coffee break<\/strong><\/td>\n<\/tr>\n<tr>\n<td width=\"101\"><strong>11:00 \u2013 12:50<\/strong><\/td>\n<td colspan=\"3\" width=\"498\"><strong>Session: behavior &amp; interspecific interactions<\/strong> (chair: Hannah Ter Hofstede)<\/td>\n<\/tr>\n<tr>\n<td width=\"101\">11:00 \u2013 11:20<\/td>\n<td width=\"155\">Rok Jan\u017ea<\/td>\n<td width=\"208\">National Institute of Biology (Slovenia)<\/td>\n<td width=\"136\">regular talk \u2013 live<\/td>\n<\/tr>\n<tr>\n<td width=\"101\">11:20 \u2013 11:40<\/td>\n<td width=\"155\">Sabina Avosani<\/td>\n<td width=\"208\">International Centre for Advanced Mediterranean Agronomic Studies (Italy)<\/td>\n<td width=\"136\">regular talk \u2013 live<\/td>\n<\/tr>\n<tr>\n<td width=\"101\">11:40 \u2013 12:00<\/td>\n<td width=\"155\">Anka Kuhelj<\/td>\n<td width=\"208\">National Institute of Biology (Slovenia)<\/td>\n<td width=\"136\">regular talk \u2013 live<\/td>\n<\/tr>\n<tr>\n<td width=\"101\">12:00 \u2013 12:20<\/td>\n<td width=\"155\">Jernej Polajnar<\/td>\n<td width=\"208\">National Institute of Biology (Slovenia)<\/td>\n<td width=\"136\">regular talk \u2013 live<\/td>\n<\/tr>\n<tr>\n<td width=\"101\">12:20 \u2013 12:30<\/td>\n<td width=\"155\">Caterina Zippari<\/td>\n<td width=\"208\">University of Bari (Italy)<\/td>\n<td width=\"136\">brief talk \u2013 live<\/td>\n<\/tr>\n<tr>\n<td width=\"101\">12:30 \u2013 12:50<\/td>\n<td width=\"155\">Lorenzo Fellin<\/td>\n<td width=\"208\">University of Trento (Italy)<\/td>\n<td width=\"136\">regular talk \u2013 live<\/td>\n<\/tr>\n<tr>\n<td width=\"101\"><strong>12:50 \u2013 14:20<\/strong><\/td>\n<td colspan=\"3\" width=\"498\"><strong>Lunch break<\/strong><\/td>\n<\/tr>\n<tr>\n<td width=\"101\"><strong>14:20 \u2013 16:10<\/strong><\/td>\n<td colspan=\"3\" width=\"498\"><strong>Session: behavior 2<\/strong> (chair: Wolfgang Kirchner)<\/td>\n<\/tr>\n<tr>\n<td width=\"101\">14:20 \u2013 14:50<\/td>\n<td width=\"155\">Hannelore Hoch<\/td>\n<td width=\"208\">Humboldt-Universit\u00e4t zu Berlin (Germany)<\/td>\n<td width=\"136\">keynote \u2013 online<\/td>\n<\/tr>\n<tr>\n<td width=\"101\">14:50 \u2013 15:00<\/td>\n<td width=\"155\">Julian Kampschulte<\/td>\n<td width=\"208\">Ruhr-Universit\u00e4t Bochum, (Germany)<\/td>\n<td width=\"136\">brief talk \u2013 live<\/td>\n<\/tr>\n<tr>\n<td width=\"101\">15:00 \u2013 15:10<\/td>\n<td width=\"155\">Hannah Ter Hofstede<\/td>\n<td width=\"208\">Dartmouth College (USA)<\/td>\n<td width=\"136\">brief talk \u2013 live<\/td>\n<\/tr>\n<tr>\n<td width=\"101\">15:10 \u2013 15:30<\/td>\n<td width=\"155\">Nao Ota<\/td>\n<td width=\"208\">Max Planck Institute for Ornithology (Germany)<\/td>\n<td width=\"136\">regular talk \u2013 live<\/td>\n<\/tr>\n<tr>\n<td width=\"101\">15:30 \u2013 15:50<\/td>\n<td width=\"155\">Matija Gogala<\/td>\n<td width=\"208\">Slovenian Academy of Sciences and Arts (Slovenia)<\/td>\n<td width=\"136\">regular talk \u2013 live<\/td>\n<\/tr>\n<tr>\n<td width=\"101\">15:50 \u2013 16:10<\/td>\n<td width=\"155\">Jennifer Hamel<\/td>\n<td width=\"208\">Elon University (USA)<\/td>\n<td width=\"136\">regular talk \u2013 online<\/td>\n<\/tr>\n<tr>\n<td width=\"101\"><strong>16:10 \u2013 16:40<\/strong><\/td>\n<td colspan=\"3\" width=\"498\"><strong>Coffee break<\/strong><\/td>\n<\/tr>\n<tr>\n<td width=\"101\"><strong>16:40 \u2013 17:30<\/strong><\/td>\n<td colspan=\"3\" width=\"498\"><strong>Session: behavior &amp; miscellaneous<\/strong> (chair: Nata\u0161a Stritih-Peljhan)<\/td>\n<\/tr>\n<tr>\n<td width=\"101\">16:40 \u2013 17:00<\/td>\n<td width=\"155\">Jalal Fouani<\/td>\n<td width=\"208\">University of Trento (Italy)<\/td>\n<td width=\"136\">regular talk \u2013 online<\/td>\n<\/tr>\n<tr>\n<td width=\"101\">17:00 \u2013 17:20<\/td>\n<td width=\"155\">Kasey Fowler-Finn<\/td>\n<td width=\"208\">Saint Louis University (USA)<\/td>\n<td width=\"136\">regular talk \u2013 online<\/td>\n<\/tr>\n<tr>\n<td width=\"101\">17:20 \u2013 17:30<\/td>\n<td width=\"155\">Alana Evora<\/td>\n<td width=\"208\">Elon University (USA)<\/td>\n<td width=\"136\">regular talk \u2013 online<\/td>\n<\/tr>\n<tr>\n<td width=\"101\"><strong>17:30 \u2013 19:00<\/strong><\/td>\n<td colspan=\"3\" width=\"498\"><strong>Evening programme<\/strong><\/td>\n<\/tr>\n<tr>\n<td width=\"101\">17:30 \u2013 17:50<\/td>\n<td width=\"155\"><em>Helmut Ryback<\/em><\/td>\n<td colspan=\"2\" width=\"344\"><em>sponsor presentation <\/em>(live)<\/td>\n<\/tr>\n<tr>\n<td width=\"101\">17:50 \u2013 18:00<\/td>\n<td width=\"155\"><em>Meta Virant-Doberlet<\/em><\/td>\n<td colspan=\"2\" width=\"344\"><em>closing remarks<\/em><\/td>\n<\/tr>\n<tr>\n<td width=\"101\">18:00 \u2013 19:00<\/td>\n<td width=\"155\"><em>Roland M\u00fchlethaler &amp; Bo\u0161tjan Perov\u0161ek<\/em><\/td>\n<td colspan=\"2\" width=\"344\"><em>art performance: \u00bb<\/em><a href=\"http:\/\/projects.nib.si\/biotremology2022\/art-performance\/\"><em>Interweaving soundscapes<\/em><\/a><em>\u00ab<\/em><\/td>\n<\/tr>\n<\/tbody>\n<\/table>\n<h2>Wednesday, 21 September<\/h2>\n<table class=\"table table-hover\">\n<tbody>\n<tr>\n<td width=\"101\"><strong>Time<\/strong><\/td>\n<td width=\"155\"><strong>Presenter<\/strong><\/td>\n<td width=\"208\"><strong>Affiliation<\/strong><\/td>\n<td width=\"136\"><strong>Type<\/strong><\/td>\n<\/tr>\n<tr>\n<td width=\"101\">8:15 \u2013 8:30<\/td>\n<td width=\"155\"><em>Meta Virant-Doberlet<\/em><\/td>\n<td colspan=\"2\" width=\"344\"><em>greetings &amp; organizational notices<\/em><\/td>\n<\/tr>\n<tr>\n<td width=\"101\"><strong>8:30 \u2013 10:30<\/strong><\/td>\n<td colspan=\"3\" width=\"498\"><strong>Session: behavior &amp; social insects<\/strong> (chair: Rachele Nieri)<\/td>\n<\/tr>\n<tr>\n<td width=\"101\">8:30 \u2013 9:30<\/td>\n<td width=\"155\">Andrej \u010cokl<\/td>\n<td width=\"208\">National Institute of Biology (Slovenia)<\/td>\n<td width=\"136\">keynote \u2013 live<\/td>\n<\/tr>\n<tr>\n<td width=\"101\">9:30 \u2013 9:50<\/td>\n<td width=\"155\">Hiromi Mukai<\/td>\n<td width=\"208\">Forestry and Forest Products Research Institute (Japan)<\/td>\n<td width=\"136\">regular talk \u2013 online<\/td>\n<\/tr>\n<tr>\n<td width=\"101\">9:50 \u2013 10:10<\/td>\n<td width=\"155\">Taina Conrad<\/td>\n<td width=\"208\">University of Bayreuth (Germany)<\/td>\n<td width=\"136\">regular talk \u2013 live<\/td>\n<\/tr>\n<tr>\n<td width=\"101\">10:10 \u2013 10:20<\/td>\n<td width=\"155\">Sarah Chehaimi<\/td>\n<td width=\"208\">Ruhr-Universit\u00e4t Bochum (Germany)<\/td>\n<td width=\"136\">brief talk \u2013 live<\/td>\n<\/tr>\n<tr>\n<td width=\"101\">10:20 \u2013 10:30<\/td>\n<td width=\"155\">Caterina Rughetti<\/td>\n<td width=\"208\">University of Bayreuth (Germany)<\/td>\n<td width=\"136\">brief talk \u2013 live<\/td>\n<\/tr>\n<tr>\n<td width=\"101\"><strong>10:30 \u2013 11:00<\/strong><\/td>\n<td colspan=\"3\" width=\"498\"><strong>Coffee break<\/strong><\/td>\n<\/tr>\n<tr>\n<td width=\"101\"><strong>11:00 \u2013 12:50<\/strong><\/td>\n<td colspan=\"3\" width=\"498\"><strong>Session: behavior &amp; ecology <\/strong>(chair: Eileen Hebets)<\/td>\n<\/tr>\n<tr>\n<td width=\"101\">11:00 \u2013 11:10<\/td>\n<td width=\"155\">Behare Rexhepi<\/td>\n<td width=\"208\">National Institute of Biology (Slovenia)<\/td>\n<td width=\"136\">brief talk \u2013 live<\/td>\n<\/tr>\n<tr>\n<td width=\"101\">11:10 \u2013 11:20<\/td>\n<td width=\"155\">Juan Jos\u00e9 Lopez D\u00edez<\/td>\n<td width=\"208\">National Institute of Biology (Slovenia)<\/td>\n<td width=\"136\">brief talk \u2013 live<\/td>\n<\/tr>\n<tr>\n<td width=\"101\">11:20 \u2013 11:40<\/td>\n<td width=\"155\">Rok \u0160turm<\/td>\n<td width=\"208\">National Institute of Biology (Slovenia)<\/td>\n<td width=\"136\">regular talk \u2013 live<\/td>\n<\/tr>\n<tr>\n<td width=\"101\">11:40 \u2013 12:00<\/td>\n<td width=\"155\">Matija Marolt<\/td>\n<td width=\"208\">University of Ljubljana (Slovenia)<\/td>\n<td width=\"136\">regular talk \u2013 live<\/td>\n<\/tr>\n<tr>\n<td width=\"101\">12:00 \u2013 12:10<\/td>\n<td width=\"155\">Manfred Hartbauer<\/td>\n<td width=\"208\">University of Graz (Austria)<\/td>\n<td width=\"136\">brief talk \u2013 live<\/td>\n<\/tr>\n<tr>\n<td width=\"101\">12:10 \u2013 12:30<\/td>\n<td width=\"155\">Ciara Kernan<\/td>\n<td width=\"208\">Dartmouth College (USA)<\/td>\n<td width=\"136\">regular talk \u2013 live<\/td>\n<\/tr>\n<tr>\n<td width=\"101\">12:30 \u2013 12:50<\/td>\n<td width=\"155\">Mia Phillips<\/td>\n<td width=\"208\">Dartmouth College (USA)<\/td>\n<td width=\"136\">regular talk \u2013 live<\/td>\n<\/tr>\n<tr>\n<td width=\"101\"><strong>12:50 \u2013 14:20<\/strong><\/td>\n<td colspan=\"3\" width=\"498\"><strong>Lunch break<\/strong><\/td>\n<\/tr>\n<tr>\n<td width=\"101\"><strong>14:20 \u2013 16:10<\/strong><\/td>\n<td colspan=\"3\" width=\"498\"><strong>Session: behavior, ecology &amp; morphology<\/strong> (chair: Taina Conrad)<\/td>\n<\/tr>\n<tr>\n<td width=\"101\">14:20 \u2013 14:40<\/td>\n<td width=\"155\">Alenka \u017duni\u010d-Kosi<\/td>\n<td width=\"208\">National Institute of Biology (Slovenia)<\/td>\n<td width=\"136\">regular talk \u2013 live<\/td>\n<\/tr>\n<tr>\n<td width=\"101\">14:40 \u2013 15:00<\/td>\n<td width=\"155\">Nata\u0161a Stritih-Peljhan<\/td>\n<td width=\"208\">National Institute of Biology (Slovenia)<\/td>\n<td width=\"136\">regular talk \u2013 live<\/td>\n<\/tr>\n<tr>\n<td width=\"101\">15:00 \u2013 15:20<\/td>\n<td rowspan=\"2\" width=\"155\">Johannes Strau\u00df<\/td>\n<td rowspan=\"2\" width=\"208\">Justus Liebig University Gie\u00dfen (Germany)<\/td>\n<td width=\"136\">regular talk \u2013 online<\/td>\n<\/tr>\n<tr>\n<td width=\"101\">15:20 \u2013 15:30<\/td>\n<td width=\"136\">brief talk \u2013 online<\/td>\n<\/tr>\n<tr>\n<td width=\"101\">15:30 \u2013 15:50<\/td>\n<td width=\"155\">Rowan McGinley<\/td>\n<td width=\"208\">Saint Louis University (USA)<\/td>\n<td width=\"136\">regular talk \u2013 online<\/td>\n<\/tr>\n<tr>\n<td width=\"101\">15:50 \u2013 16:10<\/td>\n<td width=\"155\">Marica Scala<\/td>\n<td width=\"208\">University of Trento (Italy)<\/td>\n<td width=\"136\">regular talk \u2013 online<\/td>\n<\/tr>\n<tr>\n<td width=\"101\">16:10 \u2013 16:40<\/td>\n<td colspan=\"3\" width=\"498\"><strong>Coffee break<\/strong><\/td>\n<\/tr>\n<tr>\n<td width=\"101\"><strong>16:40 \u2013 18:20<\/strong><\/td>\n<td colspan=\"3\" width=\"498\"><strong>Session: behavior 4<\/strong> (chair: Andrew Mason)<\/td>\n<\/tr>\n<tr>\n<td width=\"101\">16:40 \u2013 17:00<\/td>\n<td width=\"155\">Brandi Pessman<\/td>\n<td width=\"208\">University of Nebraska-Lincoln (USA)<\/td>\n<td width=\"136\">regular talk \u2013 online<\/td>\n<\/tr>\n<tr>\n<td width=\"101\">17:00 \u2013 17:20<\/td>\n<td width=\"155\">Stefan ter Haar<\/td>\n<td width=\"208\">University of Groningen (Netherlands)<\/td>\n<td width=\"136\">regular talk \u2013 live<\/td>\n<\/tr>\n<tr>\n<td width=\"101\">17:20 \u2013 18:20<\/td>\n<td width=\"155\">Damian Elias<\/td>\n<td width=\"208\">University of California, Berkeley (USA)<\/td>\n<td width=\"136\">keynote \u2013 online<\/td>\n<\/tr>\n<tr>\n<td width=\"101\">18:20 \u2013 18:30<\/td>\n<td width=\"155\"><em>Meta Virant-Doberlet<\/em><\/td>\n<td colspan=\"2\" width=\"344\"><em>closing remarks<\/em><\/td>\n<\/tr>\n<\/tbody>\n<\/table>\n<h2>Thursday, 22 September<\/h2>\n<table class=\"table table-hover\">\n<tbody>\n<tr>\n<td width=\"101\"><strong>Time<\/strong><\/td>\n<td width=\"155\"><strong>Presenter<\/strong><\/td>\n<td width=\"208\"><strong>Affiliation<\/strong><\/td>\n<td width=\"136\"><strong>Type<\/strong><\/td>\n<\/tr>\n<tr>\n<td width=\"101\"><em>8:15 \u2013 8:30<\/em><\/td>\n<td width=\"155\"><em>Meta Virant-Doberlet<\/em><\/td>\n<td colspan=\"2\" width=\"344\"><em>greetings &amp; organizational notices<\/em><\/td>\n<\/tr>\n<tr>\n<td width=\"101\"><strong>8:30 \u2013 10:30<\/strong><\/td>\n<td colspan=\"3\" width=\"498\"><strong>Session: applied biotremology 1<\/strong> (chair: Takuma Takanashi)<\/td>\n<\/tr>\n<tr>\n<td width=\"101\">8:30 \u2013 9:30<\/td>\n<td width=\"155\">Valerio Mazzoni<\/td>\n<td width=\"208\">Fondazione Edmund Mach (Italy)<\/td>\n<td width=\"136\">keynote \u2013 live<\/td>\n<\/tr>\n<tr>\n<td width=\"101\">9:30 \u2013 9:50<\/td>\n<td width=\"155\">Imane Akassou<\/td>\n<td width=\"208\">Univerity of Trento (Italy)<\/td>\n<td width=\"136\">regular talk \u2013 live<\/td>\n<\/tr>\n<tr>\n<td width=\"101\">9:50 \u2013 10:00<\/td>\n<td width=\"155\">Haruki Tatsuta<\/td>\n<td width=\"208\">Kyushu University (Japan)<\/td>\n<td width=\"136\">regular talk \u2013 online<\/td>\n<\/tr>\n<tr>\n<td width=\"101\">10:10 \u2013 10:30<\/td>\n<td width=\"155\">Qikai Zhang<\/td>\n<td width=\"208\">Chinese Academy of Tropical Agricultural Sciences (China)<\/td>\n<td width=\"136\">regular talk \u2013 online<\/td>\n<\/tr>\n<tr>\n<td width=\"101\"><strong>10:30 \u2013 11:00<\/strong><\/td>\n<td colspan=\"3\" width=\"498\"><strong>Coffee break<\/strong><\/td>\n<\/tr>\n<tr>\n<td width=\"101\"><strong>11:00 \u2013 13:10<\/strong><\/td>\n<td colspan=\"3\" width=\"498\"><strong>Session: applied biotremology 2<\/strong> (chair: Valerio Mazzoni)<\/td>\n<\/tr>\n<tr>\n<td width=\"101\">11:00 \u2013 11:20<\/td>\n<td width=\"155\">Takuma Takanashi<\/td>\n<td width=\"208\">Forestry and Forest Products Research Institute (Japan)<\/td>\n<td width=\"136\">regular talk \u2013 live<\/td>\n<\/tr>\n<tr>\n<td width=\"101\">11:20 \u2013 11:40<\/td>\n<td width=\"155\">Rachele Nieri<\/td>\n<td width=\"208\">Univerity of Trento (Italy)<\/td>\n<td width=\"136\">regular talk \u2013 live<\/td>\n<\/tr>\n<tr>\n<td width=\"101\">11:40 \u2013 11:50<\/td>\n<td width=\"155\">Giovanni Dalmaso<\/td>\n<td width=\"208\">University of Trento (Italy)<\/td>\n<td width=\"136\">brief talk \u2013 live<\/td>\n<\/tr>\n<tr>\n<td width=\"101\">11:50 \u2013 12:10<\/td>\n<td width=\"155\">Valentina Zaffaroni Caorsi<\/td>\n<td width=\"208\">University of Trento (Italy)<\/td>\n<td width=\"136\">regular talk \u2013 live<\/td>\n<\/tr>\n<tr>\n<td width=\"101\">12:10 \u2013 12:30<\/td>\n<td width=\"155\">Dowen Jocson<\/td>\n<td width=\"208\">Washington State University (USA)<\/td>\n<td width=\"136\">regular talk \u2013 live<\/td>\n<\/tr>\n<tr>\n<td width=\"101\">12:30 \u2013 12:50<\/td>\n<td width=\"155\">Raul Alberto Laumann<\/td>\n<td width=\"208\">Embrapa Recursos Gen\u00e9ticos e Biotecnologia (Brazil)<\/td>\n<td width=\"136\">regular talk \u2013 online<\/td>\n<\/tr>\n<tr>\n<td width=\"101\">12:50 \u2013 13:10<\/td>\n<td width=\"155\">Wolfgang Kirchner<\/td>\n<td width=\"208\">Ruhr-Universit\u00e4t Bochum (Germany)<\/td>\n<td width=\"136\">regular talk \u2013 live<\/td>\n<\/tr>\n<tr>\n<td width=\"101\"><strong>13:10 \u2013 14:10<\/strong><\/td>\n<td colspan=\"3\" width=\"498\"><strong>Lunch break<\/strong><\/td>\n<\/tr>\n<tr>\n<td width=\"101\"><strong>14:10 \u2013 14:30<\/strong><\/td>\n<td colspan=\"3\" width=\"498\"><strong>Closing ceremony<\/strong><\/td>\n<\/tr>\n<\/tbody>\n<\/table>\n","protected":false},"excerpt":{"rendered":"<p>Monday, 19 September 15:00 \u2013 19:00: registration 19:00 \u2013 &#8230;: welcome reception Tuesday, 20 September Time Presenter Affiliation Type 8:30 \u2013 10:25 Session: behavior 1 (chair: Meta Virant-Doberlet) 8:30 \u2013 8:45 Meta Virant-Doberlet National Institute of Biology (Slovenia) introductory \u2013 live 8:45 \u2013 9:45 Eileen Hebets University of Nebraska-Lincoln (USA) keynote \u2013 live 9:45 \u2013 [&hellip;]<\/p>\n","protected":false},"author":23,"featured_media":0,"parent":0,"menu_order":0,"comment_status":"closed","ping_status":"closed","template":"","meta":{"jetpack_post_was_ever_published":false,"footnotes":""},"class_list":["post-600","page","type-page","status-publish","hentry"],"jetpack_sharing_enabled":true,"jetpack_shortlink":"https:\/\/wp.me\/PbKUFS-9G","_links":{"self":[{"href":"https:\/\/projects.nib.si\/biotremology2022\/wp-json\/wp\/v2\/pages\/600","targetHints":{"allow":["GET"]}}],"collection":[{"href":"https:\/\/projects.nib.si\/biotremology2022\/wp-json\/wp\/v2\/pages"}],"about":[{"href":"https:\/\/projects.nib.si\/biotremology2022\/wp-json\/wp\/v2\/types\/page"}],"author":[{"embeddable":true,"href":"https:\/\/projects.nib.si\/biotremology2022\/wp-json\/wp\/v2\/users\/23"}],"replies":[{"embeddable":true,"href":"https:\/\/projects.nib.si\/biotremology2022\/wp-json\/wp\/v2\/comments?post=600"}],"version-history":[{"count":5,"href":"https:\/\/projects.nib.si\/biotremology2022\/wp-json\/wp\/v2\/pages\/600\/revisions"}],"predecessor-version":[{"id":620,"href":"https:\/\/projects.nib.si\/biotremology2022\/wp-json\/wp\/v2\/pages\/600\/revisions\/620"}],"wp:attachment":[{"href":"https:\/\/projects.nib.si\/biotremology2022\/wp-json\/wp\/v2\/media?parent=600"}],"curies":[{"name":"wp","href":"https:\/\/api.w.org\/{rel}","templated":true}]}}