{"id":30,"date":"2016-04-05T22:13:00","date_gmt":"2016-04-05T22:13:00","guid":{"rendered":"http:\/\/projects.nib.si\/bpanalogues\/?page_id=30"},"modified":"2024-04-04T18:32:30","modified_gmt":"2024-04-04T17:32:30","slug":"references","status":"publish","type":"page","link":"https:\/\/projects.nib.si\/bpanalogues\/references\/","title":{"rendered":"Publications"},"content":{"rendered":"<p><strong>Publications resulting from the project:<\/strong><\/p>\n<p>1.SENDRA, Marta, \u0160TAMPAR, Martina, FRAS, Katarina, NOVOA, Beatriz, FIGUERAS, Antonio, \u017dEGURA, Bojana. Adverse (geno)toxic effects of bisphenol A and its analogues in hepatic 3D cell model. <i>Environment international<\/i>. [Print ed.]. Jan. 2023, vol. 171, str. [1]-19, ilustr. ISSN 0160-4120.\u00a0<a href=\"https:\/\/doi.org\/10.1016\/j.envint.2022.107721\" target=\"_blank\" rel=\"noopener\">https:\/\/doi.org\/10.1016\/j.envint.2022.107721<\/a>, DOI:\u00a0<a href=\"https:\/\/dx.doi.org\/10.1016\/j.envint.2022.107721\" target=\"_blank\" rel=\"noopener\">10.1016\/j.envint.2022.107721<\/a>. [COBISS.SI-ID\u00a0<a href=\"https:\/\/plus.cobiss.net\/cobiss\/si\/sl\/bib\/136357123\" target=\"_blank\" rel=\"noopener\">136357123<\/a>], [<a href=\"https:\/\/plus.cobiss.net\/cobiss\/si\/sl\/jcr?c=sc=0160-4120+and+PY=2022&amp;r1=true&amp;\" target=\"_blank\" rel=\"noopener\">JCR<\/a>,\u00a0<a href=\"https:\/\/plus.cobiss.net\/cobiss\/si\/sl\/snip?c=sc=0160-4120+and+PY=2022&amp;r1=true&amp;\" target=\"_blank\" rel=\"noopener\">SNIP<\/a>,\u00a0<a href=\"https:\/\/www.webofscience.com\/wos\/woscc\/full-record\/000916191600001\" target=\"_blank\" rel=\"noopener\">WoS<\/a>\u00a0do 10. 3. 2024: \u0161t. citatov (TC): 7, \u010distih citatov (CI): 5, \u010distih citatov na avtorja (CIAu): 0.83,\u00a0<a href=\"http:\/\/www.scopus.com\/inward\/record.url?partnerID=2dRBettD&amp;eid=2-s2.0-85145823704\" target=\"_blank\" rel=\"noopener\">Scopus<\/a>\u00a0do 16. 3. 2024: \u0161t. citatov (TC): 9, \u010distih citatov (CI): 7, \u010distih citatov na avtorja (CIAu): 1.17]<\/p>\n<p>2.\u0160TAMPAR, Martina, RAVNJAK, Tim, DOMIJAN, Ana-Marija, \u017dEGURA, Bojana. Combined toxic effects of BPA and its two analogues BPAP and BPC in a 3D HepG2 cell model.\u00a0<i>Molecules<\/i>. 2023, iss. 7, art. 3085, str. [1]-16, ilustr. ISSN 1420-3049.\u00a0<a href=\"https:\/\/doi.org\/10.3390\/molecules28073085\" target=\"_blank\" rel=\"noopener\">https:\/\/doi.org\/10.3390\/molecules28073085<\/a>, DOI:\u00a0<a href=\"https:\/\/dx.doi.org\/10.3390\/molecules28073085\" target=\"_blank\" rel=\"noopener\">10.3390\/molecules28073085<\/a>. [COBISS.SI-ID\u00a0<a href=\"https:\/\/plus.cobiss.net\/cobiss\/si\/sl\/bib\/148108803\" target=\"_blank\" rel=\"noopener\">148108803<\/a>], [<a href=\"https:\/\/plus.cobiss.net\/cobiss\/si\/sl\/jcr?c=sc=1420-3049+and+PY=2022&amp;r1=true&amp;\" target=\"_blank\" rel=\"noopener\">JCR<\/a>,\u00a0<a href=\"https:\/\/plus.cobiss.net\/cobiss\/si\/sl\/snip?c=sc=1420-3049+and+PY=2022&amp;r1=true&amp;\" target=\"_blank\" rel=\"noopener\">SNIP<\/a>,\u00a0<a href=\"https:\/\/www.webofscience.com\/wos\/woscc\/full-record\/000969845000001\" target=\"_blank\" rel=\"noopener\">WoS<\/a>\u00a0do 9. 3. 2024: \u0161t. citatov (TC): 1, \u010distih citatov (CI): 1, \u010distih citatov na avtorja (CIAu): 0.25,\u00a0<a href=\"http:\/\/www.scopus.com\/inward\/record.url?partnerID=2dRBettD&amp;eid=2-s2.0-85152801816\" target=\"_blank\" rel=\"noopener\">Scopus<\/a>\u00a0do 25. 3. 2024: \u0161t. citatov (TC): 2, \u010distih citatov (CI): 2, \u010distih citatov na avtorja (CIAu): 0.50]<\/p>\n<p>3.KOVA\u010cI\u010c, Ana, MODIC, Martina, HOJNIK, Nata\u0161a, \u0160TAMPAR, Martina, GULIN, Martin Rafael, NANNOU, Christina, KORONAIOU, Lelouda-Athanasia, HEATH, David John, WALSH, James L., \u017dEGURA, Bojana, LAMBROPOULOU, Dimitra A., CVELBAR, Uro\u0161, HEATH, Ester. Degradation and toxicity of bisphenol A and S during cold atmospheric pressure plasma treatment.\u00a0<i>Journal of Hazardous Materials<\/i>. [Online ed.]. 2023, vol. 454, [article no.] 131478, str. [1]-12, ilustr.\u00a0<a href=\"https:\/\/www.sciencedirect.com\/science\/article\/pii\/S0304389423007616?via%3Dihub\" target=\"_blank\" rel=\"noopener\">https:\/\/www.sciencedirect.com\/science\/article\/pii\/S0304389423007616?via%3Dihub<\/a>, DOI:\u00a0<a href=\"https:\/\/dx.doi.org\/10.1016\/j.jhazmat.2023.131478\" target=\"_blank\" rel=\"noopener\">10.1016\/j.jhazmat.2023.131478<\/a>. [COBISS.SI-ID\u00a0<a href=\"https:\/\/plus.cobiss.net\/cobiss\/si\/sl\/bib\/150358787\" target=\"_blank\" rel=\"noopener\">150358787<\/a>], [<a href=\"https:\/\/plus.cobiss.net\/cobiss\/si\/sl\/jcr?c=sc=0304-3894+and+PY=2022&amp;r1=true&amp;\" target=\"_blank\" rel=\"noopener\">JCR<\/a>,\u00a0<a href=\"https:\/\/plus.cobiss.net\/cobiss\/si\/sl\/snip?c=sc=0304-3894+and+PY=2022&amp;r1=true&amp;\" target=\"_blank\" rel=\"noopener\">SNIP<\/a>,\u00a0<a href=\"https:\/\/www.webofscience.com\/wos\/woscc\/full-record\/000990536700001\" target=\"_blank\" rel=\"noopener\">WoS<\/a>\u00a0do 6. 3. 2024: \u0161t. citatov (TC): 7, \u010distih citatov (CI): 7, \u010distih citatov na avtorja (CIAu): 0.63,\u00a0<a href=\"http:\/\/www.scopus.com\/inward\/record.url?partnerID=2dRBettD&amp;eid=2-s2.0-85153360035\" target=\"_blank\" rel=\"noopener\">Scopus<\/a>\u00a0do 1. 3. 2024: \u0161t. citatov (TC): 6, \u010distih citatov (CI): 6, \u010distih citatov na avtorja (CIAu): 0.54]<\/p>\n","protected":false},"excerpt":{"rendered":"<p>Publications resulting from the project: 1.SENDRA, Marta, \u0160TAMPAR, Martina, FRAS, Katarina, NOVOA, Beatriz, FIGUERAS, Antonio, \u017dEGURA, Bojana. Adverse (geno)toxic effects of bisphenol A and its analogues in hepatic 3D cell model. Environment international. [Print ed.]. Jan. 2023, vol. 171, str. [1]-19, ilustr. ISSN 0160-4120.\u00a0https:\/\/doi.org\/10.1016\/j.envint.2022.107721, DOI:\u00a010.1016\/j.envint.2022.107721. [COBISS.SI-ID\u00a0136357123], [JCR,\u00a0SNIP,\u00a0WoS\u00a0do 10. 3. 2024: \u0161t. citatov (TC): 7, \u010distih [&hellip;]<\/p>\n","protected":false},"author":3,"featured_media":0,"parent":0,"menu_order":3,"comment_status":"closed","ping_status":"closed","template":"page-fullwidth.php","meta":{"jetpack_post_was_ever_published":false,"footnotes":""},"class_list":["post-30","page","type-page","status-publish","hentry"],"jetpack_sharing_enabled":true,"jetpack_shortlink":"https:\/\/wp.me\/P7OqMV-u","jetpack-related-posts":[],"_links":{"self":[{"href":"https:\/\/projects.nib.si\/bpanalogues\/wp-json\/wp\/v2\/pages\/30","targetHints":{"allow":["GET"]}}],"collection":[{"href":"https:\/\/projects.nib.si\/bpanalogues\/wp-json\/wp\/v2\/pages"}],"about":[{"href":"https:\/\/projects.nib.si\/bpanalogues\/wp-json\/wp\/v2\/types\/page"}],"author":[{"embeddable":true,"href":"https:\/\/projects.nib.si\/bpanalogues\/wp-json\/wp\/v2\/users\/3"}],"replies":[{"embeddable":true,"href":"https:\/\/projects.nib.si\/bpanalogues\/wp-json\/wp\/v2\/comments?post=30"}],"version-history":[{"count":28,"href":"https:\/\/projects.nib.si\/bpanalogues\/wp-json\/wp\/v2\/pages\/30\/revisions"}],"predecessor-version":[{"id":418,"href":"https:\/\/projects.nib.si\/bpanalogues\/wp-json\/wp\/v2\/pages\/30\/revisions\/418"}],"wp:attachment":[{"href":"https:\/\/projects.nib.si\/bpanalogues\/wp-json\/wp\/v2\/media?parent=30"}],"curies":[{"name":"wp","href":"https:\/\/api.w.org\/{rel}","templated":true}]}}