{"id":2,"date":"2019-03-22T14:20:06","date_gmt":"2019-03-22T14:20:06","guid":{"rendered":"http:\/\/projects.nib.si\/projects-2\/?page_id=2"},"modified":"2026-01-14T14:50:46","modified_gmt":"2026-01-14T13:50:46","slug":"sample-page","status":"publish","type":"page","link":"https:\/\/projects.nib.si\/citimon\/","title":{"rendered":"CITI-MON: Uporaba ob\u010danske znanosti in zvo\u010dne krajine za spremljanje biodiverzitete mokri\u0161\u010d"},"content":{"rendered":"\n<p>V sklopu potekajo\u010dega nacionalnega raziskovalnega projekta \u00bb<strong>MULTI-MON: Multimodalni monitoring biodiverzitete majhnih mokri\u0161\u010d<\/strong> (J1-50016)\u00ab razvijamo orodja naslednje generacije za spremljanje <strong>biotske pestrosti mokri\u0161\u010d<\/strong>, ki temeljijo predvsem na vpeljavi novih tehnologij za karakterizacijo (podvodne) zvo\u010dne krajine in uporabi okoljske DNA. Opravljene raziskave so pokazale, da lahko nizkocenovne avtonomne snemalnike zvoka v zraku in pod vodo z veliko zanesljivostjo uporabljamo za spremljanje in <strong>karakterizacijo zdru\u017eb dvo\u017eivk<\/strong> na podlagi posnetkov njihovega ogla\u0161anja. Zaradi nizke cene in enostavne uporabe imajo ti snemalniki zelo velik potencial za aktivno vklju\u010devanje javnosti v raziskave. Za nadgradnjo obstoje\u010dega projekta MULTI-MON bomo v projektu CITI-MON izvedli serijo aktivnosti ob\u010danske znanosti in javnost vklju\u010dili v raziskovanje dvo\u017eivk za potrebe njihovega dolgoletnega varovanja.<\/p>\n\n\n\n<hr class=\"wp-block-separator has-alpha-channel-opacity\"\/>\n\n\n\n<p><mark style=\"background-color:rgba(0, 0, 0, 0)\" class=\"has-inline-color has-vivid-cyan-blue-color\">V <strong>ponedeljek, 9. 2. 2026<\/strong> <strong>ob 17.30<\/strong> bo v Grabelj\u0161kovi dvorani <a href=\"https:\/\/www.ckv.si\/\" data-type=\"link\" data-id=\"https:\/\/www.ckv.si\/\">Cankarjeve knji\u017enice Vrhnika<\/a> delavnica za interesente, na kateri bodo raziskovalci NIB podrobneje predstavili namene projekta in uporabo snemalnih naprav. Vabljeni, da svoj interes predhodno potrdite s prijavo prek obrazca \u2013 v primeru velikega zanimanja bodo prijavljeni imeli prednost pri vklju\u010ditvi v projekt in dodelitvi snemalnikov, saj je \u0161tevilo naprav omejeno.<\/mark><\/p>\n\n\n\n<p><mark style=\"background-color:rgba(0, 0, 0, 0)\" class=\"has-inline-color has-vivid-cyan-blue-color\">Opomba: udele\u017eba na delavnici je priporo\u010dljiva, ni pa pogoj za udele\u017ebo. Navodila bomo objavili tudi tukaj.<\/mark><\/p>\n\n\n\n<hr class=\"wp-block-separator has-alpha-channel-opacity\"\/>\n\n\n<div class=\"wp-block-image\">\n<figure class=\"aligncenter size-large\"><img loading=\"lazy\" decoding=\"async\" width=\"1024\" height=\"576\" data-attachment-id=\"742\" data-permalink=\"https:\/\/projects.nib.si\/citimon\/sample-page\/regadt\/\" data-orig-file=\"https:\/\/projects.nib.si\/citimon\/wp-content\/uploads\/sites\/67\/2025\/10\/RegaDT.jpg\" data-orig-size=\"1386,779\" data-comments-opened=\"0\" data-image-meta=\"{&quot;aperture&quot;:&quot;0&quot;,&quot;credit&quot;:&quot;&quot;,&quot;camera&quot;:&quot;&quot;,&quot;caption&quot;:&quot;&quot;,&quot;created_timestamp&quot;:&quot;0&quot;,&quot;copyright&quot;:&quot;&quot;,&quot;focal_length&quot;:&quot;0&quot;,&quot;iso&quot;:&quot;0&quot;,&quot;shutter_speed&quot;:&quot;0&quot;,&quot;title&quot;:&quot;&quot;,&quot;orientation&quot;:&quot;0&quot;}\" data-image-title=\"RegaDT\" data-image-description=\"\" data-image-caption=\"&lt;p&gt;Zelena rega. Foto: Davorin Tome&lt;\/p&gt;\n\" data-medium-file=\"https:\/\/projects.nib.si\/citimon\/wp-content\/uploads\/sites\/67\/2025\/10\/RegaDT-300x169.jpg\" data-large-file=\"https:\/\/projects.nib.si\/citimon\/wp-content\/uploads\/sites\/67\/2025\/10\/RegaDT-1024x576.jpg\" src=\"https:\/\/projects.nib.si\/citimon\/wp-content\/uploads\/sites\/67\/2025\/10\/RegaDT-1024x576.jpg\" alt=\"\" class=\"wp-image-742\" srcset=\"https:\/\/projects.nib.si\/citimon\/wp-content\/uploads\/sites\/67\/2025\/10\/RegaDT-1024x576.jpg 1024w, https:\/\/projects.nib.si\/citimon\/wp-content\/uploads\/sites\/67\/2025\/10\/RegaDT-300x169.jpg 300w, https:\/\/projects.nib.si\/citimon\/wp-content\/uploads\/sites\/67\/2025\/10\/RegaDT-730x410.jpg 730w, https:\/\/projects.nib.si\/citimon\/wp-content\/uploads\/sites\/67\/2025\/10\/RegaDT.jpg 1386w\" sizes=\"auto, (max-width: 1024px) 100vw, 1024px\" \/><\/figure>\n<\/div>\n\n\n<p class=\"has-text-align-center has-small-font-size\">Foto: Davorin Tome<\/p>\n","protected":false},"excerpt":{"rendered":"<p>V sklopu potekajo\u010dega nacionalnega raziskovalnega projekta \u00bbMULTI-MON: Multimodalni monitoring biodiverzitete majhnih mokri\u0161\u010d (J1-50016)\u00ab razvijamo orodja naslednje generacije za spremljanje biotske pestrosti mokri\u0161\u010d, ki temeljijo predvsem na vpeljavi novih tehnologij za karakterizacijo (podvodne) zvo\u010dne krajine in uporabi okoljske DNA. Opravljene raziskave so pokazale, da lahko nizkocenovne avtonomne snemalnike zvoka v zraku in pod vodo z veliko [&hellip;]<\/p>\n","protected":false},"author":23,"featured_media":0,"parent":0,"menu_order":0,"comment_status":"closed","ping_status":"open","template":"","meta":{"jetpack_post_was_ever_published":false,"footnotes":""},"class_list":["post-2","page","type-page","status-publish","hentry"],"jetpack_sharing_enabled":true,"jetpack_shortlink":"https:\/\/wp.me\/Ph8N9X-2","_links":{"self":[{"href":"https:\/\/projects.nib.si\/citimon\/wp-json\/wp\/v2\/pages\/2","targetHints":{"allow":["GET"]}}],"collection":[{"href":"https:\/\/projects.nib.si\/citimon\/wp-json\/wp\/v2\/pages"}],"about":[{"href":"https:\/\/projects.nib.si\/citimon\/wp-json\/wp\/v2\/types\/page"}],"author":[{"embeddable":true,"href":"https:\/\/projects.nib.si\/citimon\/wp-json\/wp\/v2\/users\/23"}],"replies":[{"embeddable":true,"href":"https:\/\/projects.nib.si\/citimon\/wp-json\/wp\/v2\/comments?post=2"}],"version-history":[{"count":82,"href":"https:\/\/projects.nib.si\/citimon\/wp-json\/wp\/v2\/pages\/2\/revisions"}],"predecessor-version":[{"id":856,"href":"https:\/\/projects.nib.si\/citimon\/wp-json\/wp\/v2\/pages\/2\/revisions\/856"}],"wp:attachment":[{"href":"https:\/\/projects.nib.si\/citimon\/wp-json\/wp\/v2\/media?parent=2"}],"curies":[{"name":"wp","href":"https:\/\/api.w.org\/{rel}","templated":true}]}}