{"id":927,"date":"2026-04-01T09:46:20","date_gmt":"2026-04-01T08:46:20","guid":{"rendered":"https:\/\/projects.nib.si\/citimon\/?page_id=927"},"modified":"2026-04-01T10:00:01","modified_gmt":"2026-04-01T09:00:01","slug":"rezultati","status":"publish","type":"page","link":"https:\/\/projects.nib.si\/citimon\/rezultati\/","title":{"rendered":"Rezultati"},"content":{"rendered":"\n<p>Odziv je presegel pri\u010dakovanja in snemalnike so udele\u017eenci nastavili na vsaj 47 lokacijah (nekaj podatkov \u0161e \u010dakamo). Posebej smo veseli geografske razpr\u0161enosti, saj smo pokrili ve\u010dino dr\u017eave razen severozahoda in skrajnega jugovzhoda.<\/p>\n\n\n<div class=\"wp-block-image\">\n<figure class=\"aligncenter size-full\"><img loading=\"lazy\" decoding=\"async\" width=\"1000\" height=\"707\" data-attachment-id=\"943\" data-permalink=\"https:\/\/projects.nib.si\/citimon\/rezultati\/citimon-zemljevid20260331\/\" data-orig-file=\"https:\/\/projects.nib.si\/citimon\/wp-content\/uploads\/sites\/67\/2026\/04\/citimon-zemljevid20260331.jpg\" data-orig-size=\"1000,707\" data-comments-opened=\"0\" data-image-meta=\"{&quot;aperture&quot;:&quot;0&quot;,&quot;credit&quot;:&quot;&quot;,&quot;camera&quot;:&quot;&quot;,&quot;caption&quot;:&quot;&quot;,&quot;created_timestamp&quot;:&quot;0&quot;,&quot;copyright&quot;:&quot;&quot;,&quot;focal_length&quot;:&quot;0&quot;,&quot;iso&quot;:&quot;0&quot;,&quot;shutter_speed&quot;:&quot;0&quot;,&quot;title&quot;:&quot;&quot;,&quot;orientation&quot;:&quot;1&quot;}\" data-image-title=\"citimon-zemljevid20260331\" data-image-description=\"\" data-image-caption=\"\" data-medium-file=\"https:\/\/projects.nib.si\/citimon\/wp-content\/uploads\/sites\/67\/2026\/04\/citimon-zemljevid20260331.jpg\" data-large-file=\"https:\/\/projects.nib.si\/citimon\/wp-content\/uploads\/sites\/67\/2026\/04\/citimon-zemljevid20260331.jpg\" src=\"http:\/\/projects.nib.si\/citimon\/wp-content\/uploads\/sites\/67\/2026\/04\/citimon-zemljevid20260331.jpg\" alt=\"\" class=\"wp-image-943\"\/><\/figure>\n<\/div>\n\n\n<hr class=\"wp-block-separator has-alpha-channel-opacity\"\/>\n\n\n\n<p>Nekaj utrinkov lokacij, ki so jih izbrali udele\u017eenci:<\/p>\n\n\n\n<figure class=\"wp-block-gallery has-nested-images columns-default is-cropped wp-block-gallery-1 is-layout-flex wp-block-gallery-is-layout-flex\">\n<figure class=\"wp-block-image size-large\"><img loading=\"lazy\" decoding=\"async\" width=\"800\" height=\"600\" data-attachment-id=\"946\" data-permalink=\"https:\/\/projects.nib.si\/citimon\/rezultati\/plavecvesna_2\/\" data-orig-file=\"https:\/\/projects.nib.si\/citimon\/wp-content\/uploads\/sites\/67\/2026\/04\/PlavecVesna_2.jpeg\" data-orig-size=\"800,600\" data-comments-opened=\"0\" data-image-meta=\"{&quot;aperture&quot;:&quot;0&quot;,&quot;credit&quot;:&quot;&quot;,&quot;camera&quot;:&quot;&quot;,&quot;caption&quot;:&quot;&quot;,&quot;created_timestamp&quot;:&quot;0&quot;,&quot;copyright&quot;:&quot;&quot;,&quot;focal_length&quot;:&quot;0&quot;,&quot;iso&quot;:&quot;0&quot;,&quot;shutter_speed&quot;:&quot;0&quot;,&quot;title&quot;:&quot;&quot;,&quot;orientation&quot;:&quot;1&quot;}\" data-image-title=\"PlavecVesna_2\" data-image-description=\"\" data-image-caption=\"&lt;p&gt;Foto: Vesna Plavec&lt;\/p&gt;\n\" data-medium-file=\"https:\/\/projects.nib.si\/citimon\/wp-content\/uploads\/sites\/67\/2026\/04\/PlavecVesna_2.jpeg\" data-large-file=\"https:\/\/projects.nib.si\/citimon\/wp-content\/uploads\/sites\/67\/2026\/04\/PlavecVesna_2.jpeg\" data-id=\"946\" src=\"https:\/\/projects.nib.si\/citimon\/wp-content\/uploads\/sites\/67\/2026\/04\/PlavecVesna_2.jpeg\" alt=\"\" class=\"wp-image-946\"\/><figcaption class=\"wp-element-caption\">Foto: Vesna Plavec<\/figcaption><\/figure>\n\n\n\n<figure class=\"wp-block-image size-large\"><img loading=\"lazy\" decoding=\"async\" width=\"800\" height=\"600\" data-attachment-id=\"945\" data-permalink=\"https:\/\/projects.nib.si\/citimon\/rezultati\/martinitimotej_2\/\" data-orig-file=\"https:\/\/projects.nib.si\/citimon\/wp-content\/uploads\/sites\/67\/2026\/04\/MartiniTimotej_2.jpeg\" data-orig-size=\"800,600\" data-comments-opened=\"0\" data-image-meta=\"{&quot;aperture&quot;:&quot;2.4&quot;,&quot;credit&quot;:&quot;&quot;,&quot;camera&quot;:&quot;iPhone 12&quot;,&quot;caption&quot;:&quot;&quot;,&quot;created_timestamp&quot;:&quot;1774016056&quot;,&quot;copyright&quot;:&quot;&quot;,&quot;focal_length&quot;:&quot;1.55&quot;,&quot;iso&quot;:&quot;25&quot;,&quot;shutter_speed&quot;:&quot;0.0085470085470085&quot;,&quot;title&quot;:&quot;&quot;,&quot;orientation&quot;:&quot;1&quot;}\" data-image-title=\"MartiniTimotej_2\" data-image-description=\"\" data-image-caption=\"&lt;p&gt;Foto: Timotej Martini&lt;\/p&gt;\n\" data-medium-file=\"https:\/\/projects.nib.si\/citimon\/wp-content\/uploads\/sites\/67\/2026\/04\/MartiniTimotej_2.jpeg\" data-large-file=\"https:\/\/projects.nib.si\/citimon\/wp-content\/uploads\/sites\/67\/2026\/04\/MartiniTimotej_2.jpeg\" data-id=\"945\" src=\"https:\/\/projects.nib.si\/citimon\/wp-content\/uploads\/sites\/67\/2026\/04\/MartiniTimotej_2.jpeg\" alt=\"\" class=\"wp-image-945\"\/><figcaption class=\"wp-element-caption\">Foto: Timotej Martini<\/figcaption><\/figure>\n\n\n\n<figure class=\"wp-block-image size-large\"><img loading=\"lazy\" decoding=\"async\" width=\"1000\" height=\"750\" data-attachment-id=\"947\" data-permalink=\"https:\/\/projects.nib.si\/citimon\/rezultati\/teohrvojeorsanic_1\/\" data-orig-file=\"https:\/\/projects.nib.si\/citimon\/wp-content\/uploads\/sites\/67\/2026\/04\/TeoHrvojeOrsanic_1.jpg\" data-orig-size=\"1000,750\" data-comments-opened=\"0\" data-image-meta=\"{&quot;aperture&quot;:&quot;0&quot;,&quot;credit&quot;:&quot;&quot;,&quot;camera&quot;:&quot;&quot;,&quot;caption&quot;:&quot;&quot;,&quot;created_timestamp&quot;:&quot;0&quot;,&quot;copyright&quot;:&quot;&quot;,&quot;focal_length&quot;:&quot;0&quot;,&quot;iso&quot;:&quot;0&quot;,&quot;shutter_speed&quot;:&quot;0&quot;,&quot;title&quot;:&quot;&quot;,&quot;orientation&quot;:&quot;1&quot;}\" data-image-title=\"TeoHrvojeOrsanic_1\" data-image-description=\"\" data-image-caption=\"&lt;p&gt;Foto: Teo Hrvoje Or\u0161ani\u010d&lt;\/p&gt;\n\" data-medium-file=\"https:\/\/projects.nib.si\/citimon\/wp-content\/uploads\/sites\/67\/2026\/04\/TeoHrvojeOrsanic_1.jpg\" data-large-file=\"https:\/\/projects.nib.si\/citimon\/wp-content\/uploads\/sites\/67\/2026\/04\/TeoHrvojeOrsanic_1.jpg\" data-id=\"947\" src=\"https:\/\/projects.nib.si\/citimon\/wp-content\/uploads\/sites\/67\/2026\/04\/TeoHrvojeOrsanic_1.jpg\" alt=\"\" class=\"wp-image-947\"\/><figcaption class=\"wp-element-caption\">Foto: Teo Hrvoje Or\u0161ani\u010d<\/figcaption><\/figure>\n\n\n\n<figure class=\"wp-block-image size-large\"><img loading=\"lazy\" decoding=\"async\" width=\"1000\" height=\"461\" data-attachment-id=\"944\" data-permalink=\"https:\/\/projects.nib.si\/citimon\/rezultati\/erzenzala_3\/\" data-orig-file=\"https:\/\/projects.nib.si\/citimon\/wp-content\/uploads\/sites\/67\/2026\/04\/ErzenZala_3.jpg\" data-orig-size=\"1000,461\" data-comments-opened=\"0\" data-image-meta=\"{&quot;aperture&quot;:&quot;2.2&quot;,&quot;credit&quot;:&quot;&quot;,&quot;camera&quot;:&quot;M2004J19C&quot;,&quot;caption&quot;:&quot;&quot;,&quot;created_timestamp&quot;:&quot;1772281744&quot;,&quot;copyright&quot;:&quot;&quot;,&quot;focal_length&quot;:&quot;1.65&quot;,&quot;iso&quot;:&quot;111&quot;,&quot;shutter_speed&quot;:&quot;0.002181&quot;,&quot;title&quot;:&quot;&quot;,&quot;orientation&quot;:&quot;1&quot;}\" data-image-title=\"ErzenZala_3\" data-image-description=\"\" data-image-caption=\"&lt;p&gt;Foto: Zala Er\u017een&lt;\/p&gt;\n\" data-medium-file=\"https:\/\/projects.nib.si\/citimon\/wp-content\/uploads\/sites\/67\/2026\/04\/ErzenZala_3.jpg\" data-large-file=\"https:\/\/projects.nib.si\/citimon\/wp-content\/uploads\/sites\/67\/2026\/04\/ErzenZala_3.jpg\" data-id=\"944\" src=\"https:\/\/projects.nib.si\/citimon\/wp-content\/uploads\/sites\/67\/2026\/04\/ErzenZala_3.jpg\" alt=\"\" class=\"wp-image-944\"\/><figcaption class=\"wp-element-caption\">Foto: Zala Er\u017een<\/figcaption><\/figure>\n<\/figure>\n","protected":false},"excerpt":{"rendered":"<p>Odziv je presegel pri\u010dakovanja in snemalnike so udele\u017eenci nastavili na vsaj 47 lokacijah (nekaj podatkov \u0161e \u010dakamo). Posebej smo veseli geografske razpr\u0161enosti, saj smo pokrili ve\u010dino dr\u017eave razen severozahoda in skrajnega jugovzhoda. Nekaj utrinkov lokacij, ki so jih izbrali udele\u017eenci:<\/p>\n","protected":false},"author":23,"featured_media":0,"parent":0,"menu_order":0,"comment_status":"closed","ping_status":"closed","template":"","meta":{"jetpack_post_was_ever_published":false,"footnotes":""},"class_list":["post-927","page","type-page","status-publish","hentry"],"jetpack_sharing_enabled":true,"jetpack_shortlink":"https:\/\/wp.me\/Ph8N9X-eX","_links":{"self":[{"href":"https:\/\/projects.nib.si\/citimon\/wp-json\/wp\/v2\/pages\/927","targetHints":{"allow":["GET"]}}],"collection":[{"href":"https:\/\/projects.nib.si\/citimon\/wp-json\/wp\/v2\/pages"}],"about":[{"href":"https:\/\/projects.nib.si\/citimon\/wp-json\/wp\/v2\/types\/page"}],"author":[{"embeddable":true,"href":"https:\/\/projects.nib.si\/citimon\/wp-json\/wp\/v2\/users\/23"}],"replies":[{"embeddable":true,"href":"https:\/\/projects.nib.si\/citimon\/wp-json\/wp\/v2\/comments?post=927"}],"version-history":[{"count":6,"href":"https:\/\/projects.nib.si\/citimon\/wp-json\/wp\/v2\/pages\/927\/revisions"}],"predecessor-version":[{"id":955,"href":"https:\/\/projects.nib.si\/citimon\/wp-json\/wp\/v2\/pages\/927\/revisions\/955"}],"wp:attachment":[{"href":"https:\/\/projects.nib.si\/citimon\/wp-json\/wp\/v2\/media?parent=927"}],"curies":[{"name":"wp","href":"https:\/\/api.w.org\/{rel}","templated":true}]}}