{"id":934,"date":"2026-03-18T09:16:41","date_gmt":"2026-03-18T08:16:41","guid":{"rendered":"https:\/\/projects.nib.si\/citimon\/?page_id=934"},"modified":"2026-03-20T11:29:14","modified_gmt":"2026-03-20T10:29:14","slug":"posredovanje-posnetkov","status":"publish","type":"page","link":"https:\/\/projects.nib.si\/citimon\/posredovanje-posnetkov\/","title":{"rendered":"Posredovanje posnetkov"},"content":{"rendered":"\n<p>Po zaklju\u010denem tritedenskem obdobju snemanja nam lahko dostavite posnetke po eni od \u0161tirih poti:<\/p>\n\n\n\n<h2 class=\"wp-block-heading\">1. Po\u0161iljanje celega snemalnika<\/h2>\n\n\n\n<p>Mo\u017enost je namenjena udele\u017eencem, ki ne utegnejo ali presodijo, da ni ve\u010d smiselno snemati po zaklju\u010denem tritedenskem obdobju. V tem primeru prosimo zapakirajte snemalnik s \u0161e name\u0161\u010denimi baterijami in spominsko kartico v ohi\u0161je in vse skupaj v oblazinjeno kuverto ter nam ga po\u0161ljite na naslov <strong>CITIMON, Nacionalni in\u0161titut za biologijo, Ve\u010dna pot 121, SI-1000 Ljubljana<\/strong>.<\/p>\n\n\n\n<p class=\"has-vivid-red-color has-text-color has-link-color wp-elements-74762622add3bf7862e90f4fe5de3852\">Pomembno: \u010de \u017eelite sodelovati pri pregledovanju posnetkov, si pred po\u0161iljanjem skopirajte podatke s kartice.<\/p>\n\n\n\n<h2 class=\"wp-block-heading\">2. Po\u0161iljanje spominske kartice<\/h2>\n\n\n\n<p>\u010ce \u017eelite nadaljevati snemanje, a nimate mo\u017enosti hraniti podatkov, nam lahko po\u0161ljete samo spominsko kartico v navadni kuverti. Pripi\u0161ite \u0161tevilko snemalnika in svoje ime. V tem primeru prosimo prej sporo\u010dite, \u010de \u017eelite nadaljevati s snemanjem \u0161e v naslednjih tednih, in vam bomo kartico poslali nazaj.<\/p>\n\n\n\n<p class=\"has-vivid-red-color has-text-color has-link-color wp-elements-74762622add3bf7862e90f4fe5de3852\">Pomembno: \u010de \u017eelite sodelovati pri pregledovanju posnetkov, si pred po\u0161iljanjem skopirajte podatke s kartice.<\/p>\n\n\n\n<h2 class=\"wp-block-heading\">3. Osebno na sede\u017eu NIB<\/h2>\n\n\n\n<p>Po predhodnem dogovoru se lahko osebno oglasite na sede\u017eu NIB, \u010de boste v bli\u017eini, in bomo podatke prenesli na licu mesta. Postopek traja manj kot 10 minut. Pi\u0161ite nam na <a href=\"mailto:citimon@nib.si\">citimon@nib.si<\/a>.<\/p>\n\n\n\n<h2 class=\"wp-block-heading\">4. Nalaganje podatkov prek spleta<\/h2>\n\n\n\n<p>Vzpostavili smo tudi mo\u017enost po\u0161iljanja podatkov na daljavo prek Arnesove storitve FileSender. Zaradi dokaj velike koli\u010dine podatkov potrebujete za tak na\u010din stabilno povezavo z internetom. \u010ce \u017eelite po tej poti, nam prosimo pi\u0161ite na <a href=\"mailto:citimon@nib.si\">citimon@nib.si<\/a> in bomo posredovali povezavo ter dodatna navodila.<\/p>\n","protected":false},"excerpt":{"rendered":"<p>Po zaklju\u010denem tritedenskem obdobju snemanja nam lahko dostavite posnetke po eni od \u0161tirih poti: 1. Po\u0161iljanje celega snemalnika Mo\u017enost je namenjena udele\u017eencem, ki ne utegnejo ali presodijo, da ni ve\u010d smiselno snemati po zaklju\u010denem tritedenskem obdobju. V tem primeru prosimo zapakirajte snemalnik s \u0161e name\u0161\u010denimi baterijami in spominsko kartico v ohi\u0161je in vse skupaj v [&hellip;]<\/p>\n","protected":false},"author":23,"featured_media":0,"parent":0,"menu_order":0,"comment_status":"closed","ping_status":"closed","template":"","meta":{"jetpack_post_was_ever_published":false,"footnotes":""},"class_list":["post-934","page","type-page","status-publish","hentry"],"jetpack_sharing_enabled":true,"jetpack_shortlink":"https:\/\/wp.me\/Ph8N9X-f4","_links":{"self":[{"href":"https:\/\/projects.nib.si\/citimon\/wp-json\/wp\/v2\/pages\/934","targetHints":{"allow":["GET"]}}],"collection":[{"href":"https:\/\/projects.nib.si\/citimon\/wp-json\/wp\/v2\/pages"}],"about":[{"href":"https:\/\/projects.nib.si\/citimon\/wp-json\/wp\/v2\/types\/page"}],"author":[{"embeddable":true,"href":"https:\/\/projects.nib.si\/citimon\/wp-json\/wp\/v2\/users\/23"}],"replies":[{"embeddable":true,"href":"https:\/\/projects.nib.si\/citimon\/wp-json\/wp\/v2\/comments?post=934"}],"version-history":[{"count":6,"href":"https:\/\/projects.nib.si\/citimon\/wp-json\/wp\/v2\/pages\/934\/revisions"}],"predecessor-version":[{"id":941,"href":"https:\/\/projects.nib.si\/citimon\/wp-json\/wp\/v2\/pages\/934\/revisions\/941"}],"wp:attachment":[{"href":"https:\/\/projects.nib.si\/citimon\/wp-json\/wp\/v2\/media?parent=934"}],"curies":[{"name":"wp","href":"https:\/\/api.w.org\/{rel}","templated":true}]}}