{"id":985,"date":"2026-05-05T14:21:08","date_gmt":"2026-05-05T13:21:08","guid":{"rendered":"https:\/\/projects.nib.si\/citimon\/?page_id=985"},"modified":"2026-05-06T13:01:00","modified_gmt":"2026-05-06T12:01:00","slug":"pregledovanje-posnetkov","status":"publish","type":"page","link":"https:\/\/projects.nib.si\/citimon\/pregledovanje-posnetkov\/","title":{"rendered":"Pregledovanje posnetkov"},"content":{"rendered":"\n<p>Za pregledovanje uporabljamo program <strong>Raven Lite 2<\/strong>, brezpla\u010dno razli\u010dico bioakusti\u010dnega programa Raven Pro.<\/p>\n\n\n\n<p>Program preto\u010dite s spletne strani <a href=\"https:\/\/www.ravensoundsoftware.com\/raven-lite-downloads\" target=\"_blank\" rel=\"noreferrer noopener\">https:\/\/www.ravensoundsoftware.com\/raven-lite-downloads<\/a> in s klikom na povezavo \u00bbGET A FREE LICENSE\u00ab pridobite kodo za registracijo. Po in\u0161talaciji in vnosu kode ob prvem zagonu bo program pripravljen za uporabo.<\/p>\n\n\n\n<p>Dodatni materiali: <a href=\"https:\/\/www.youtube.com\/watch?v=7lIS9QxepVQ\" target=\"_blank\" rel=\"noreferrer noopener\"><strong>video posnetek postopka pregledovanja<\/strong><\/a> \u2022 <a href=\"http:\/\/projects.nib.si\/citimon\/wp-content\/uploads\/sites\/67\/2026\/05\/RavenLite-navodila.pdf\" data-type=\"link\" data-id=\"http:\/\/projects.nib.si\/citimon\/wp-content\/uploads\/sites\/67\/2026\/05\/RavenLite-navodila.pdf\"><strong>ta navodila v PDF<\/strong><\/a><\/p>\n\n\n\n<p>Klik na ikonico <img loading=\"lazy\" decoding=\"async\" width=\"30\" height=\"20\" data-attachment-id=\"869\" data-permalink=\"https:\/\/projects.nib.si\/citimon\/navodila-za-uporabo-snemalnikov-audiomoth\/video_icon\/\" data-orig-file=\"https:\/\/projects.nib.si\/citimon\/wp-content\/uploads\/sites\/67\/2026\/01\/Video_Icon.png\" data-orig-size=\"330,220\" data-comments-opened=\"0\" data-image-meta=\"{&quot;aperture&quot;:&quot;0&quot;,&quot;credit&quot;:&quot;&quot;,&quot;camera&quot;:&quot;&quot;,&quot;caption&quot;:&quot;&quot;,&quot;created_timestamp&quot;:&quot;0&quot;,&quot;copyright&quot;:&quot;&quot;,&quot;focal_length&quot;:&quot;0&quot;,&quot;iso&quot;:&quot;0&quot;,&quot;shutter_speed&quot;:&quot;0&quot;,&quot;title&quot;:&quot;&quot;,&quot;orientation&quot;:&quot;0&quot;}\" data-image-title=\"Video_Icon\" data-image-description=\"\" data-image-caption=\"\" data-medium-file=\"https:\/\/projects.nib.si\/citimon\/wp-content\/uploads\/sites\/67\/2026\/01\/Video_Icon-300x200.png\" data-large-file=\"https:\/\/projects.nib.si\/citimon\/wp-content\/uploads\/sites\/67\/2026\/01\/Video_Icon.png\" class=\"wp-image-869\" style=\"width: 30px;\" src=\"http:\/\/projects.nib.si\/citimon\/wp-content\/uploads\/sites\/67\/2026\/01\/Video_Icon.png\" alt=\"YouTube\" srcset=\"https:\/\/projects.nib.si\/citimon\/wp-content\/uploads\/sites\/67\/2026\/01\/Video_Icon.png 330w, https:\/\/projects.nib.si\/citimon\/wp-content\/uploads\/sites\/67\/2026\/01\/Video_Icon-300x200.png 300w\" sizes=\"auto, (max-width: 30px) 100vw, 30px\" \/> vas popelje na to\u010dko v video navodilih, ki prikazuje konkretni del postopka.<\/p>\n\n\n\n<h2 class=\"wp-block-heading\">Odpiranje datotek<\/h2>\n\n\n\n<ol class=\"wp-block-list\">\n<li>S klikom na \u00bbFile\u00ab &#8211;&gt; \u00bbOpen Sound Files\u2026\u00ab v meniju pridete do okna za izbiro datotek.<\/li>\n\n\n\n<li>Poi\u0161\u010dite mapo, kamor ste skopirali posnetke, kliknite na eno od njih in ozna\u010dite vse s kombinacijo tipk Ctrl+A.<\/li>\n\n\n\n<li>\u00a0\u010ce ste v isto mapo skopirali tudi TXT datoteko z nastavitvami, ki jo je zapisal snemalnik, bo program javil napako o neprepoznanem formatu. V tem primeru se premaknite na konec seznama datotek in ob dr\u017eanju tipke Ctrl kliknite na CONFIG.TXT, da jo od-ozna\u010dite. Potem samo kliknite \u00bbOpen\u00ab. <a href=\"https:\/\/www.youtube.com\/watch?v=7lIS9QxepVQ&amp;t=21s\" target=\"_blank\" rel=\"noreferrer noopener\"><img loading=\"lazy\" decoding=\"async\" width=\"30\" height=\"20\" data-attachment-id=\"869\" data-permalink=\"https:\/\/projects.nib.si\/citimon\/navodila-za-uporabo-snemalnikov-audiomoth\/video_icon\/\" data-orig-file=\"https:\/\/projects.nib.si\/citimon\/wp-content\/uploads\/sites\/67\/2026\/01\/Video_Icon.png\" data-orig-size=\"330,220\" data-comments-opened=\"0\" data-image-meta=\"{&quot;aperture&quot;:&quot;0&quot;,&quot;credit&quot;:&quot;&quot;,&quot;camera&quot;:&quot;&quot;,&quot;caption&quot;:&quot;&quot;,&quot;created_timestamp&quot;:&quot;0&quot;,&quot;copyright&quot;:&quot;&quot;,&quot;focal_length&quot;:&quot;0&quot;,&quot;iso&quot;:&quot;0&quot;,&quot;shutter_speed&quot;:&quot;0&quot;,&quot;title&quot;:&quot;&quot;,&quot;orientation&quot;:&quot;0&quot;}\" data-image-title=\"Video_Icon\" data-image-description=\"\" data-image-caption=\"\" data-medium-file=\"https:\/\/projects.nib.si\/citimon\/wp-content\/uploads\/sites\/67\/2026\/01\/Video_Icon-300x200.png\" data-large-file=\"https:\/\/projects.nib.si\/citimon\/wp-content\/uploads\/sites\/67\/2026\/01\/Video_Icon.png\" class=\"wp-image-869\" style=\"width: 30px;\" src=\"http:\/\/projects.nib.si\/citimon\/wp-content\/uploads\/sites\/67\/2026\/01\/Video_Icon.png\" alt=\"YouTube\" srcset=\"https:\/\/projects.nib.si\/citimon\/wp-content\/uploads\/sites\/67\/2026\/01\/Video_Icon.png 330w, https:\/\/projects.nib.si\/citimon\/wp-content\/uploads\/sites\/67\/2026\/01\/Video_Icon-300x200.png 300w\" sizes=\"auto, (max-width: 30px) 100vw, 30px\" \/><\/a><\/li>\n\n\n\n<li>Odpre se meni za nastavitve.<\/li>\n\n\n\n<li>V njem kliknite na \u00bbPage sound\u00ab v zavihku \u00bbWindow\u00ab in nastavite vrednost \u00bbPage size\u00ab na 60 sekund. To pomeni, da bo program prikazal eno minuto zvoka hkrati na zaslonu. <a href=\"https:\/\/www.youtube.com\/watch?v=7lIS9QxepVQ&amp;t=46s\" target=\"_blank\" rel=\"noreferrer noopener\"><img loading=\"lazy\" decoding=\"async\" width=\"30\" height=\"20\" data-attachment-id=\"869\" data-permalink=\"https:\/\/projects.nib.si\/citimon\/navodila-za-uporabo-snemalnikov-audiomoth\/video_icon\/\" data-orig-file=\"https:\/\/projects.nib.si\/citimon\/wp-content\/uploads\/sites\/67\/2026\/01\/Video_Icon.png\" data-orig-size=\"330,220\" data-comments-opened=\"0\" data-image-meta=\"{&quot;aperture&quot;:&quot;0&quot;,&quot;credit&quot;:&quot;&quot;,&quot;camera&quot;:&quot;&quot;,&quot;caption&quot;:&quot;&quot;,&quot;created_timestamp&quot;:&quot;0&quot;,&quot;copyright&quot;:&quot;&quot;,&quot;focal_length&quot;:&quot;0&quot;,&quot;iso&quot;:&quot;0&quot;,&quot;shutter_speed&quot;:&quot;0&quot;,&quot;title&quot;:&quot;&quot;,&quot;orientation&quot;:&quot;0&quot;}\" data-image-title=\"Video_Icon\" data-image-description=\"\" data-image-caption=\"\" data-medium-file=\"https:\/\/projects.nib.si\/citimon\/wp-content\/uploads\/sites\/67\/2026\/01\/Video_Icon-300x200.png\" data-large-file=\"https:\/\/projects.nib.si\/citimon\/wp-content\/uploads\/sites\/67\/2026\/01\/Video_Icon.png\" class=\"wp-image-869\" style=\"width: 30px;\" src=\"http:\/\/projects.nib.si\/citimon\/wp-content\/uploads\/sites\/67\/2026\/01\/Video_Icon.png\" alt=\"YouTube\" srcset=\"https:\/\/projects.nib.si\/citimon\/wp-content\/uploads\/sites\/67\/2026\/01\/Video_Icon.png 330w, https:\/\/projects.nib.si\/citimon\/wp-content\/uploads\/sites\/67\/2026\/01\/Video_Icon-300x200.png 300w\" sizes=\"auto, (max-width: 30px) 100vw, 30px\" \/><\/a><\/li>\n\n\n\n<li><em>Samo pri prvem odpiranju<\/em> kliknite tudi na zavihek \u00bbDate and Time\u00ab, obkljukajte \u00bbUse clock-time axis label\u00ab na vrhu in iz privzetega \u00bbFile name template\u00ab izbri\u0161ite pod\u010drtaj na za\u010detku. S tem bo program pravilno prepoznal format imen datotek in izpisal pravi \u010das ob prikazu posnetkov (za naslednji\u010d si bo zapomnil to nastavitev, ne pa \u00bbPage size\u00ab, tisto je treba nastaviti vsaki\u010d). <a href=\"https:\/\/www.youtube.com\/watch?v=7lIS9QxepVQ&amp;t=58s\" target=\"_blank\" rel=\"noreferrer noopener\"><img loading=\"lazy\" decoding=\"async\" width=\"30\" height=\"20\" data-attachment-id=\"869\" data-permalink=\"https:\/\/projects.nib.si\/citimon\/navodila-za-uporabo-snemalnikov-audiomoth\/video_icon\/\" data-orig-file=\"https:\/\/projects.nib.si\/citimon\/wp-content\/uploads\/sites\/67\/2026\/01\/Video_Icon.png\" data-orig-size=\"330,220\" data-comments-opened=\"0\" data-image-meta=\"{&quot;aperture&quot;:&quot;0&quot;,&quot;credit&quot;:&quot;&quot;,&quot;camera&quot;:&quot;&quot;,&quot;caption&quot;:&quot;&quot;,&quot;created_timestamp&quot;:&quot;0&quot;,&quot;copyright&quot;:&quot;&quot;,&quot;focal_length&quot;:&quot;0&quot;,&quot;iso&quot;:&quot;0&quot;,&quot;shutter_speed&quot;:&quot;0&quot;,&quot;title&quot;:&quot;&quot;,&quot;orientation&quot;:&quot;0&quot;}\" data-image-title=\"Video_Icon\" data-image-description=\"\" data-image-caption=\"\" data-medium-file=\"https:\/\/projects.nib.si\/citimon\/wp-content\/uploads\/sites\/67\/2026\/01\/Video_Icon-300x200.png\" data-large-file=\"https:\/\/projects.nib.si\/citimon\/wp-content\/uploads\/sites\/67\/2026\/01\/Video_Icon.png\" class=\"wp-image-869\" style=\"width: 30px;\" src=\"http:\/\/projects.nib.si\/citimon\/wp-content\/uploads\/sites\/67\/2026\/01\/Video_Icon.png\" alt=\"YouTube\" srcset=\"https:\/\/projects.nib.si\/citimon\/wp-content\/uploads\/sites\/67\/2026\/01\/Video_Icon.png 330w, https:\/\/projects.nib.si\/citimon\/wp-content\/uploads\/sites\/67\/2026\/01\/Video_Icon-300x200.png 300w\" sizes=\"auto, (max-width: 30px) 100vw, 30px\" \/><\/a><\/li>\n\n\n\n<li>Ob kliku na OK spodaj se potem posnetki odprejo.<\/li>\n<\/ol>\n\n\n\n<h2 class=\"wp-block-heading\">Pregledovanje<\/h2>\n\n\n\n<p>Na zaslonu se bodo pojavili trije razdelki: na vrhu je zapis nihanja zvoka, v sredini spektrogram in na dnu tabela ozna\u010db. Glavni je spektrogram z barvnimi vzorci, ki ponazarjajo jakost zvoka v dolo\u010denem frekven\u010dnem obmo\u010dju ob dolo\u010denem \u010dasu. Za bolj\u0161o vidnost predlagamo, da menjate barvno shemo v \u00bbplasma\u00ab <a href=\"https:\/\/www.youtube.com\/watch?v=7lIS9QxepVQ&amp;t=87s\" target=\"_blank\" rel=\"noreferrer noopener\"><img loading=\"lazy\" decoding=\"async\" width=\"30\" height=\"20\" data-attachment-id=\"869\" data-permalink=\"https:\/\/projects.nib.si\/citimon\/navodila-za-uporabo-snemalnikov-audiomoth\/video_icon\/\" data-orig-file=\"https:\/\/projects.nib.si\/citimon\/wp-content\/uploads\/sites\/67\/2026\/01\/Video_Icon.png\" data-orig-size=\"330,220\" data-comments-opened=\"0\" data-image-meta=\"{&quot;aperture&quot;:&quot;0&quot;,&quot;credit&quot;:&quot;&quot;,&quot;camera&quot;:&quot;&quot;,&quot;caption&quot;:&quot;&quot;,&quot;created_timestamp&quot;:&quot;0&quot;,&quot;copyright&quot;:&quot;&quot;,&quot;focal_length&quot;:&quot;0&quot;,&quot;iso&quot;:&quot;0&quot;,&quot;shutter_speed&quot;:&quot;0&quot;,&quot;title&quot;:&quot;&quot;,&quot;orientation&quot;:&quot;0&quot;}\" data-image-title=\"Video_Icon\" data-image-description=\"\" data-image-caption=\"\" data-medium-file=\"https:\/\/projects.nib.si\/citimon\/wp-content\/uploads\/sites\/67\/2026\/01\/Video_Icon-300x200.png\" data-large-file=\"https:\/\/projects.nib.si\/citimon\/wp-content\/uploads\/sites\/67\/2026\/01\/Video_Icon.png\" class=\"wp-image-869\" style=\"width: 30px;\" src=\"http:\/\/projects.nib.si\/citimon\/wp-content\/uploads\/sites\/67\/2026\/01\/Video_Icon.png\" alt=\"YouTube\" srcset=\"https:\/\/projects.nib.si\/citimon\/wp-content\/uploads\/sites\/67\/2026\/01\/Video_Icon.png 330w, https:\/\/projects.nib.si\/citimon\/wp-content\/uploads\/sites\/67\/2026\/01\/Video_Icon-300x200.png 300w\" sizes=\"auto, (max-width: 30px) 100vw, 30px\" \/><\/a>, ni pa nujno. Morebitno ogla\u0161anje \u017eab, kjer prevladujejo nizki toni, bo vidno pri dnu, v ostalem delu bodo pogosti \u0161umi iz okolja, ogla\u0161anje ptic idr. <\/p>\n\n\n\n<figure class=\"wp-block-image size-full\"><img loading=\"lazy\" decoding=\"async\" width=\"2559\" height=\"1392\" data-attachment-id=\"988\" data-permalink=\"https:\/\/projects.nib.si\/citimon\/pregledovanje-posnetkov\/raven-screenshot\/\" data-orig-file=\"https:\/\/projects.nib.si\/citimon\/wp-content\/uploads\/sites\/67\/2026\/05\/Raven-screenshot.png\" data-orig-size=\"2559,1392\" data-comments-opened=\"0\" data-image-meta=\"{&quot;aperture&quot;:&quot;0&quot;,&quot;credit&quot;:&quot;&quot;,&quot;camera&quot;:&quot;&quot;,&quot;caption&quot;:&quot;&quot;,&quot;created_timestamp&quot;:&quot;0&quot;,&quot;copyright&quot;:&quot;&quot;,&quot;focal_length&quot;:&quot;0&quot;,&quot;iso&quot;:&quot;0&quot;,&quot;shutter_speed&quot;:&quot;0&quot;,&quot;title&quot;:&quot;&quot;,&quot;orientation&quot;:&quot;0&quot;}\" data-image-title=\"Raven-screenshot\" data-image-description=\"\" data-image-caption=\"\" data-medium-file=\"https:\/\/projects.nib.si\/citimon\/wp-content\/uploads\/sites\/67\/2026\/05\/Raven-screenshot.png\" data-large-file=\"https:\/\/projects.nib.si\/citimon\/wp-content\/uploads\/sites\/67\/2026\/05\/Raven-screenshot.png\" src=\"http:\/\/projects.nib.si\/citimon\/wp-content\/uploads\/sites\/67\/2026\/05\/Raven-screenshot.png\" alt=\"\" class=\"wp-image-988\"\/><\/figure>\n\n\n\n<p>Osnovni postopek za pregledovanje je listanje po posnetkih s klikanjem na gumb \u00bbPage forward\u00ab (pu\u0161\u010dica desno v zgornjem desnem kotu okna) in iskanje zvo\u010dnih vzorcev. <a href=\"https:\/\/www.youtube.com\/watch?v=7lIS9QxepVQ&amp;t=95s\" target=\"_blank\" rel=\"noreferrer noopener\"><img loading=\"lazy\" decoding=\"async\" width=\"30\" height=\"20\" data-attachment-id=\"869\" data-permalink=\"https:\/\/projects.nib.si\/citimon\/navodila-za-uporabo-snemalnikov-audiomoth\/video_icon\/\" data-orig-file=\"https:\/\/projects.nib.si\/citimon\/wp-content\/uploads\/sites\/67\/2026\/01\/Video_Icon.png\" data-orig-size=\"330,220\" data-comments-opened=\"0\" data-image-meta=\"{&quot;aperture&quot;:&quot;0&quot;,&quot;credit&quot;:&quot;&quot;,&quot;camera&quot;:&quot;&quot;,&quot;caption&quot;:&quot;&quot;,&quot;created_timestamp&quot;:&quot;0&quot;,&quot;copyright&quot;:&quot;&quot;,&quot;focal_length&quot;:&quot;0&quot;,&quot;iso&quot;:&quot;0&quot;,&quot;shutter_speed&quot;:&quot;0&quot;,&quot;title&quot;:&quot;&quot;,&quot;orientation&quot;:&quot;0&quot;}\" data-image-title=\"Video_Icon\" data-image-description=\"\" data-image-caption=\"\" data-medium-file=\"https:\/\/projects.nib.si\/citimon\/wp-content\/uploads\/sites\/67\/2026\/01\/Video_Icon-300x200.png\" data-large-file=\"https:\/\/projects.nib.si\/citimon\/wp-content\/uploads\/sites\/67\/2026\/01\/Video_Icon.png\" class=\"wp-image-869\" style=\"width: 30px;\" src=\"http:\/\/projects.nib.si\/citimon\/wp-content\/uploads\/sites\/67\/2026\/01\/Video_Icon.png\" alt=\"YouTube\" srcset=\"https:\/\/projects.nib.si\/citimon\/wp-content\/uploads\/sites\/67\/2026\/01\/Video_Icon.png 330w, https:\/\/projects.nib.si\/citimon\/wp-content\/uploads\/sites\/67\/2026\/01\/Video_Icon-300x200.png 300w\" sizes=\"auto, (max-width: 30px) 100vw, 30px\" \/><\/a> Na <a href=\"https:\/\/projects.nib.si\/citimon\/dvozivke-in-njihovo-oglasanje\/\" data-type=\"page\" data-id=\"817\">strani s posnetki ogla\u0161anj<\/a> smo pripravili primere vzorcev, ki nastanejo pri ogla\u0161anju \u017eab, te lahko uporabite za orientacijo, kaj iskati. Klju\u010dne zna\u010dilnosti:<\/p>\n\n\n\n<ol class=\"wp-block-list\">\n<li>Zgradba iz kraj\u0161ih pulzov, ki nastopajo v seriji, lahko so serije v skupkih<\/li>\n\n\n\n<li>Vzorci segajo blizu dna spektrograma \u2013 pomeni, da so sestavljeni iz nizkih tonov; nekoliko vi\u0161je so le izjeme, kot sta ogla\u0161anje zelene krasta\u010de in en od tipov ogla\u0161anja rosnice<\/li>\n<\/ol>\n\n\n\n<p>Ko opazite zanimiv vzorec, lahko s kurzorjem kliknete tik pred njega in predvajate tisti del s klikom na ikonico za predvajanje na vrhu zaslona. <a href=\"https:\/\/www.youtube.com\/watch?v=7lIS9QxepVQ&amp;t=115s\" target=\"_blank\" rel=\"noreferrer noopener\"><img loading=\"lazy\" decoding=\"async\" width=\"30\" height=\"20\" data-attachment-id=\"869\" data-permalink=\"https:\/\/projects.nib.si\/citimon\/navodila-za-uporabo-snemalnikov-audiomoth\/video_icon\/\" data-orig-file=\"https:\/\/projects.nib.si\/citimon\/wp-content\/uploads\/sites\/67\/2026\/01\/Video_Icon.png\" data-orig-size=\"330,220\" data-comments-opened=\"0\" data-image-meta=\"{&quot;aperture&quot;:&quot;0&quot;,&quot;credit&quot;:&quot;&quot;,&quot;camera&quot;:&quot;&quot;,&quot;caption&quot;:&quot;&quot;,&quot;created_timestamp&quot;:&quot;0&quot;,&quot;copyright&quot;:&quot;&quot;,&quot;focal_length&quot;:&quot;0&quot;,&quot;iso&quot;:&quot;0&quot;,&quot;shutter_speed&quot;:&quot;0&quot;,&quot;title&quot;:&quot;&quot;,&quot;orientation&quot;:&quot;0&quot;}\" data-image-title=\"Video_Icon\" data-image-description=\"\" data-image-caption=\"\" data-medium-file=\"https:\/\/projects.nib.si\/citimon\/wp-content\/uploads\/sites\/67\/2026\/01\/Video_Icon-300x200.png\" data-large-file=\"https:\/\/projects.nib.si\/citimon\/wp-content\/uploads\/sites\/67\/2026\/01\/Video_Icon.png\" class=\"wp-image-869\" style=\"width: 30px;\" src=\"http:\/\/projects.nib.si\/citimon\/wp-content\/uploads\/sites\/67\/2026\/01\/Video_Icon.png\" alt=\"YouTube\" srcset=\"https:\/\/projects.nib.si\/citimon\/wp-content\/uploads\/sites\/67\/2026\/01\/Video_Icon.png 330w, https:\/\/projects.nib.si\/citimon\/wp-content\/uploads\/sites\/67\/2026\/01\/Video_Icon-300x200.png 300w\" sizes=\"auto, (max-width: 30px) 100vw, 30px\" \/><\/a><\/p>\n\n\n\n<p><strong>Vendar pozor:<\/strong> posneto ogla\u0161anje bo morda druga\u010dno:<\/p>\n\n\n\n<ol class=\"wp-block-list\">\n<li>Lahko bo mnogo manj razlo\u010dno, \u010de je zvok \u0161ibkej\u0161i<\/li>\n\n\n\n<li>Lahko bo tudi sicer druga\u010dno: na ogla\u0161anje \u017eab vpliva temperatura, razli\u010dni toni se lahko razli\u010dno u\u010dinkovito prena\u0161ajo po okolju, kjer je bil postavljen va\u0161 snemalnik,<\/li>\n\n\n\n<li>velika razlika je med izoliranim ogla\u0161anjem enega osebka in zbor\u010dkom<\/li>\n<\/ol>\n\n\n\n<p>Zato i\u0161\u010dite vsaj be\u017eno podobne vzorce in si ji predvajajte za potrditev. Primerjajte jih z objavljenimi zgledi. Na za\u010detku bo \u0161lo po\u010dasi, kmalu pa se boste nau\u010dili prepoznavati vsaj nekatere zvoke, ki jim ustreza dolo\u010den vzorec. Va\u0161 snemalnik je gotovo posnel tudi ogromno pti\u010djega petja, ki ga lahko prepoznate. Pti\u010dji zbor\u010dki so najglasnej\u0161i zgodaj zjutraj, medtem ko bo ogla\u0161anje \u017eab pogostej\u0161e v ve\u010dernem in no\u010dnem \u010dasu. Na vodoravni osi je izpisan to\u010den \u010das, nad oknom pa v okencu \u00bbFile\u00ab ime datoteke, iz katere lahko razberete datum.<\/p>\n\n\n\n<h2 class=\"wp-block-heading\"><strong>Ozna\u010devanje<\/strong><\/h2>\n\n\n\n<p>Ko s poslu\u0161anjem potrdite ogla\u0161anje katere od \u017eab:<\/p>\n\n\n\n<ol class=\"wp-block-list\">\n<li>v spektrogramu (srednjem razdelku) ga ozna\u010dite tako, da okrog njega nari\u0161ete kvadratno oznako. <a href=\"https:\/\/www.youtube.com\/watch?v=7lIS9QxepVQ&amp;t=172s\" target=\"_blank\" rel=\"noreferrer noopener\"><img loading=\"lazy\" decoding=\"async\" width=\"30\" height=\"20\" data-attachment-id=\"869\" data-permalink=\"https:\/\/projects.nib.si\/citimon\/navodila-za-uporabo-snemalnikov-audiomoth\/video_icon\/\" data-orig-file=\"https:\/\/projects.nib.si\/citimon\/wp-content\/uploads\/sites\/67\/2026\/01\/Video_Icon.png\" data-orig-size=\"330,220\" data-comments-opened=\"0\" data-image-meta=\"{&quot;aperture&quot;:&quot;0&quot;,&quot;credit&quot;:&quot;&quot;,&quot;camera&quot;:&quot;&quot;,&quot;caption&quot;:&quot;&quot;,&quot;created_timestamp&quot;:&quot;0&quot;,&quot;copyright&quot;:&quot;&quot;,&quot;focal_length&quot;:&quot;0&quot;,&quot;iso&quot;:&quot;0&quot;,&quot;shutter_speed&quot;:&quot;0&quot;,&quot;title&quot;:&quot;&quot;,&quot;orientation&quot;:&quot;0&quot;}\" data-image-title=\"Video_Icon\" data-image-description=\"\" data-image-caption=\"\" data-medium-file=\"https:\/\/projects.nib.si\/citimon\/wp-content\/uploads\/sites\/67\/2026\/01\/Video_Icon-300x200.png\" data-large-file=\"https:\/\/projects.nib.si\/citimon\/wp-content\/uploads\/sites\/67\/2026\/01\/Video_Icon.png\" class=\"wp-image-869\" style=\"width: 30px;\" src=\"http:\/\/projects.nib.si\/citimon\/wp-content\/uploads\/sites\/67\/2026\/01\/Video_Icon.png\" alt=\"YouTube\" srcset=\"https:\/\/projects.nib.si\/citimon\/wp-content\/uploads\/sites\/67\/2026\/01\/Video_Icon.png 330w, https:\/\/projects.nib.si\/citimon\/wp-content\/uploads\/sites\/67\/2026\/01\/Video_Icon-300x200.png 300w\" sizes=\"auto, (max-width: 30px) 100vw, 30px\" \/><\/a> V spodnji tabeli se bodo izpisali parametri \u2013 \u010das za\u010detka in konca, frekvenca spodnjega in zgornjega roba in druge \u0161tevilke, ki jih lahko ignorirate. <strong>Pomembno:<\/strong> \u010dasi za\u010detka in konca \u0161tejejo \u010das od za\u010detka prve datoteke v mapi, zato je nujno, da pri pregledovanju vedno odprete vse datoteke \u2013 na ta na\u010din bomo lahko pravilno odprli va\u0161e oznake za preverjanje in obdelavo podatkov.<\/li>\n\n\n\n<li>Ko nari\u0161ete kvadrat, ga na potrdite s pritiskom na tipko Enter. \u010ce je ogla\u0161anje dolgo in sega prek roba zaslona, lahko ozna\u010dite tudi samo kraj\u0161i del.<\/li>\n\n\n\n<li>Odprlo se bo okence \u00bbAnnotation\u00ab, kamor vpi\u0161ite svojo dolo\u010ditev vrste ali vpra\u0161aj, \u010de niste prepri\u010dani o dolo\u010ditvi.<\/li>\n\n\n\n<li>Ko je kvadrat potrjen, ostane fiksiran in lahko nari\u0161ete novega, ki se bo izpisal na dnu tabele. Postopek ponavljate do konca niza datotek.<\/li>\n<\/ol>\n\n\n\n<p>Cilj aktivnosti CITI-MON je potrditi prisotnost vrst in razbrati obdobje njihovega ogla\u0161anja, ne precizno bele\u017eiti vzorec aktivnosti. Zato se lahko <strong>pri pregledovanju omejite na obdobja med 20:00 in 6:00 vsako no\u010d<\/strong> ter izpustite hrupnej\u0161a obdobja dneva, ko se dvo\u017eivke manj ali sploh ne ogla\u0161ajo. Ko pridete z listanjem do \u010dasovne oznake 6:00, lahko presko\u010dite do ve\u010dera istega datuma s spustnim menijem v okencu \u00bbFile\u00ab (glejte spodaj). Prav tako je dovolj, da v eni no\u010di <strong>ozna\u010dite samo prva dva primera ogla\u0161anja neke vrste<\/strong>, za kater ste prepri\u010dani, da sta prav dolo\u010dena. Tako bo koli\u010dina dela znosnej\u0161a.<\/p>\n\n\n\n<h2 class=\"wp-block-heading\"><strong>Shranjevanje<\/strong><\/h2>\n\n\n\n<p>Tabelo lahko shranite tako, da z desnim gumbom mi\u0161ke kliknete na zavihek \u00bbTable 1\u00ab tik nad njo in izberete \u00bbSave table\u00ab. <a href=\"https:\/\/www.youtube.com\/watch?v=7lIS9QxepVQ&amp;t=266s\" target=\"_blank\" rel=\"noreferrer noopener\"><img loading=\"lazy\" decoding=\"async\" width=\"30\" height=\"20\" data-attachment-id=\"869\" data-permalink=\"https:\/\/projects.nib.si\/citimon\/navodila-za-uporabo-snemalnikov-audiomoth\/video_icon\/\" data-orig-file=\"https:\/\/projects.nib.si\/citimon\/wp-content\/uploads\/sites\/67\/2026\/01\/Video_Icon.png\" data-orig-size=\"330,220\" data-comments-opened=\"0\" data-image-meta=\"{&quot;aperture&quot;:&quot;0&quot;,&quot;credit&quot;:&quot;&quot;,&quot;camera&quot;:&quot;&quot;,&quot;caption&quot;:&quot;&quot;,&quot;created_timestamp&quot;:&quot;0&quot;,&quot;copyright&quot;:&quot;&quot;,&quot;focal_length&quot;:&quot;0&quot;,&quot;iso&quot;:&quot;0&quot;,&quot;shutter_speed&quot;:&quot;0&quot;,&quot;title&quot;:&quot;&quot;,&quot;orientation&quot;:&quot;0&quot;}\" data-image-title=\"Video_Icon\" data-image-description=\"\" data-image-caption=\"\" data-medium-file=\"https:\/\/projects.nib.si\/citimon\/wp-content\/uploads\/sites\/67\/2026\/01\/Video_Icon-300x200.png\" data-large-file=\"https:\/\/projects.nib.si\/citimon\/wp-content\/uploads\/sites\/67\/2026\/01\/Video_Icon.png\" class=\"wp-image-869\" style=\"width: 30px;\" src=\"http:\/\/projects.nib.si\/citimon\/wp-content\/uploads\/sites\/67\/2026\/01\/Video_Icon.png\" alt=\"YouTube\" srcset=\"https:\/\/projects.nib.si\/citimon\/wp-content\/uploads\/sites\/67\/2026\/01\/Video_Icon.png 330w, https:\/\/projects.nib.si\/citimon\/wp-content\/uploads\/sites\/67\/2026\/01\/Video_Icon-300x200.png 300w\" sizes=\"auto, (max-width: 30px) 100vw, 30px\" \/><\/a> Priporo\u010damo redno shranjevanje.<\/p>\n\n\n\n<p>\u010ce \u017eelite prekiniti delo in ga nadaljevati kasneje, si ob koncu poleg shranjevanja tabele (\u010de ste \u017ee naredili kako oznako) le zabele\u017eite ime datoteke, izpisane v okencu \u00bbFile\u00ab. Naslednji\u010d nato odprete posnetke po enakem postopku kot prvi\u010d (vse posnetke v mapi!), nato pa izberete mo\u017enost \u00bbOpen selection table\u00ab in poi\u0161\u010dete prej shranjeno tabelo. Potem samo \u0161e kliknete na spustni meni v okencu \u00bbFile\u00ab in v njem poi\u0161\u010dete datoteko, s katero ste prej kon\u010dali, in vas bo program vrnil na tisto mesto v nizu. Glejte <a href=\"https:\/\/youtu.be\/Cscs8PBi-pc\" target=\"_blank\" rel=\"noreferrer noopener\"><strong>video postopka<\/strong><\/a>.<\/p>\n\n\n\n<p>Ko kon\u010date, nam prosimo po\u0161ljite dobljeno TXT datoteko na <a href=\"mailto:citimon@nib.si\">citimon@nib.si<\/a>.<\/p>\n","protected":false},"excerpt":{"rendered":"<p>Za pregledovanje uporabljamo program Raven Lite 2, brezpla\u010dno razli\u010dico bioakusti\u010dnega programa Raven Pro. Program preto\u010dite s spletne strani https:\/\/www.ravensoundsoftware.com\/raven-lite-downloads in s klikom na povezavo \u00bbGET A FREE LICENSE\u00ab pridobite kodo za registracijo. Po in\u0161talaciji in vnosu kode ob prvem zagonu bo program pripravljen za uporabo. Dodatni materiali: video posnetek postopka pregledovanja \u2022 ta navodila v [&hellip;]<\/p>\n","protected":false},"author":23,"featured_media":0,"parent":0,"menu_order":0,"comment_status":"closed","ping_status":"closed","template":"","meta":{"jetpack_post_was_ever_published":false,"footnotes":""},"class_list":["post-985","page","type-page","status-publish","hentry"],"jetpack_sharing_enabled":true,"jetpack_shortlink":"https:\/\/wp.me\/Ph8N9X-fT","_links":{"self":[{"href":"https:\/\/projects.nib.si\/citimon\/wp-json\/wp\/v2\/pages\/985","targetHints":{"allow":["GET"]}}],"collection":[{"href":"https:\/\/projects.nib.si\/citimon\/wp-json\/wp\/v2\/pages"}],"about":[{"href":"https:\/\/projects.nib.si\/citimon\/wp-json\/wp\/v2\/types\/page"}],"author":[{"embeddable":true,"href":"https:\/\/projects.nib.si\/citimon\/wp-json\/wp\/v2\/users\/23"}],"replies":[{"embeddable":true,"href":"https:\/\/projects.nib.si\/citimon\/wp-json\/wp\/v2\/comments?post=985"}],"version-history":[{"count":15,"href":"https:\/\/projects.nib.si\/citimon\/wp-json\/wp\/v2\/pages\/985\/revisions"}],"predecessor-version":[{"id":1015,"href":"https:\/\/projects.nib.si\/citimon\/wp-json\/wp\/v2\/pages\/985\/revisions\/1015"}],"wp:attachment":[{"href":"https:\/\/projects.nib.si\/citimon\/wp-json\/wp\/v2\/media?parent=985"}],"curies":[{"name":"wp","href":"https:\/\/api.w.org\/{rel}","templated":true}]}}