{"id":189,"date":"2018-08-23T07:29:40","date_gmt":"2018-08-23T06:29:40","guid":{"rendered":"http:\/\/projects.nib.si\/crisphy\/?page_id=189"},"modified":"2023-08-18T07:21:58","modified_gmt":"2023-08-18T06:21:58","slug":"annual-reports","status":"publish","type":"page","link":"https:\/\/projects.nib.si\/crisphy\/annual-reports\/","title":{"rendered":"ANNUAL REPORTS"},"content":{"rendered":"<p>Partnerji projekta: Oddelek za biotehnologijo in sistemsko biologijo, Nacionalni in\u0161titut za biologijo (<strong>NIB<\/strong>), Bioresources unit from the Health &amp; Environment Department of the Austrian Institute of Technology GmbH, Tulln, Avstrija (<strong>AIT<\/strong>), Odsek za tehnologije znanja, In\u0161titut Jo\u017eef Stefan (<strong>IJS<\/strong>), Department of Biotechnology at the University of Verona (<strong>UV<\/strong>), Stellenbosch University, Republic of South Africa (<strong>SU<\/strong>)<\/p>\n<p>V skladu s \u010dasovico projekta do 24 meseca izvajanja so bile vse (100 %) predvidene aktivnosti izvedene.<\/p>\n<p><strong><u>Izsledek D1<\/u><\/strong>: znanstveni \u010dlanek o bioinformatski analizi oku\u017eenih rastlin vinske trte [COBISS.SI-ID\u00a058895619]<\/p>\n<p><strong><u>Izsledek D2<\/u><\/strong>: Protokol za regenracijo protoplastov je postavljen.<\/p>\n<p><strong><u>Izsledek D3:<\/u><\/strong> Optimiziran protokol za transformacijo\/genomsko urejanje objavljen v znanstvenem \u010dlanku\u00a0\u00a0[COBISS.SI-ID\u00a0121833731]<\/p>\n<p>&nbsp;<\/p>\n<p><strong><u>Mejnik M1<\/u><\/strong><\/p>\n<p>Skupaj s partnerji IJS, UV, AIT in SU smo dolo\u010dili genske identifikatorje, variante S-gena <em>DMR6<\/em>, ki naj bi jih vklju\u010dili v nadaljnje raziskave. Vsi meta podatki, nujni za nadaljnje delo, so bili organizirani. Prav tako smo z algoritmi strojnega u\u010denja dolo\u010dili nove gene, relevantne za razvoj bolezni. Rezultati tega sklopa raziskav so bili objavljeni v znanstvenem \u010dlanku [COBISS.SI-ID\u00a058895619].<\/p>\n<p><strong><u>Mejnik M2<\/u><\/strong><\/p>\n<p>Mlada raziskovalka, \u010dlanica projektne skupine NIB je skupaj z italijanskim projektnim partnerjem UV priplavila protopalste iz rastlin vinske trte, priplavila sistem za njihovo regeneracijo, ga iz Univerze v Veroni prenesla na NIB in protoplaste uspe\u0161no regenerirala.<\/p>\n<p><strong><u>Mejnik M3<\/u><\/strong><\/p>\n<p>V sodelovanju NIB UV, SU, AIT smo dizajnirali in izbrali vode\u010de gRNA za tar\u010dno specifi\u010dna mesta in test cepitve <em>in vitro. <\/em>Protoplaste smo uspe\u0161no transformirali in jih nato regenerirali. Uspe\u0161no smo s CRISPR\/Cas9 transformirali krompir in objavili znanstveni \u010dlanek o tej transformaciji [COBISS.SI-ID\u00a0&#8211; 121833731]<\/p>\n<p>&nbsp;<\/p>\n<p>&nbsp;<\/p>\n","protected":false},"excerpt":{"rendered":"<p>Partnerji projekta: Oddelek za biotehnologijo in sistemsko biologijo, Nacionalni in\u0161titut za biologijo (NIB), Bioresources unit from the Health &amp; Environment Department of the Austrian Institute of Technology GmbH, Tulln, Avstrija (AIT), Odsek za tehnologije znanja, In\u0161titut Jo\u017eef Stefan (IJS), Department of Biotechnology at the University of Verona (UV), Stellenbosch University, Republic of South Africa (SU) [&hellip;]<\/p>\n","protected":false},"author":15,"featured_media":0,"parent":0,"menu_order":0,"comment_status":"closed","ping_status":"closed","template":"","meta":{"jetpack_post_was_ever_published":false,"footnotes":""},"class_list":["post-189","page","type-page","status-publish","hentry"],"jetpack_sharing_enabled":true,"jetpack_shortlink":"https:\/\/wp.me\/P7Rl1M-33","jetpack-related-posts":[],"_links":{"self":[{"href":"https:\/\/projects.nib.si\/crisphy\/wp-json\/wp\/v2\/pages\/189","targetHints":{"allow":["GET"]}}],"collection":[{"href":"https:\/\/projects.nib.si\/crisphy\/wp-json\/wp\/v2\/pages"}],"about":[{"href":"https:\/\/projects.nib.si\/crisphy\/wp-json\/wp\/v2\/types\/page"}],"author":[{"embeddable":true,"href":"https:\/\/projects.nib.si\/crisphy\/wp-json\/wp\/v2\/users\/15"}],"replies":[{"embeddable":true,"href":"https:\/\/projects.nib.si\/crisphy\/wp-json\/wp\/v2\/comments?post=189"}],"version-history":[{"count":5,"href":"https:\/\/projects.nib.si\/crisphy\/wp-json\/wp\/v2\/pages\/189\/revisions"}],"predecessor-version":[{"id":277,"href":"https:\/\/projects.nib.si\/crisphy\/wp-json\/wp\/v2\/pages\/189\/revisions\/277"}],"wp:attachment":[{"href":"https:\/\/projects.nib.si\/crisphy\/wp-json\/wp\/v2\/media?parent=189"}],"curies":[{"name":"wp","href":"https:\/\/api.w.org\/{rel}","templated":true}]}}