{"id":30,"date":"2016-04-05T22:13:00","date_gmt":"2016-04-05T22:13:00","guid":{"rendered":"http:\/\/projects.nib.si\/projects-2\/?page_id=30"},"modified":"2023-08-18T07:19:49","modified_gmt":"2023-08-18T06:19:49","slug":"references","status":"publish","type":"page","link":"https:\/\/projects.nib.si\/crisphy\/references\/","title":{"rendered":"Related publications"},"content":{"rendered":"<ol>\n<li>\u00a0DERMASTIA, Marina, \u0160KRLJ, Bla\u017e, STRAH, Rebeka, AN\u017dI\u010c, Barbara, TOMA\u017d, \u0160pela, KRI\u017dNIK, Maja, SCH\u00d6NHUBER, Christina, RIEDLE-BAUER, Monika, RAM\u0160AK, \u017diva, PETEK, Marko, KLADNIK, Ale\u0161, LAVRA\u010c, Nada, GRUDEN, Kristina, ROITSCH, Thomas, BRADER, G\u00fcnter, POMPE NOVAK, Maru\u0161a. Differential response of grapevine to Infection with \u02bc<em>Candidatus<\/em> Phytoplasma solani\u02bc in early and late growing season through complex regulation of mRNA and small RNA transcriptomes.\u00a0<i>International journal of molecular sciences<\/i>. 1 Apr. 2021, vol. 22, no. 7, str. 3531-1-3531-28. ISSN 1661-6596.\u00a0<a href=\"https:\/\/www.mdpi.com\/1422-0067\/22\/7\/3531\" target=\"_blank\">https:\/\/www.mdpi.com\/1422-0067\/22\/7\/3531<\/a>. [COBISS.SI-ID\u00a0<a href=\"https:\/\/plus.si.cobiss.net\/opac7\/bib\/58895619?lang=sl\" target=\"_blank\">58895619<\/a>]<\/li>\n<li>MEHLE, Nata\u0161a, KAV\u010cI\u010c, Sanda, MERMAL, Sara, VIDMAR, Sara, POMPE NOVAK, Maru\u0161a, RIEDLE-BAUER, Monika, BRADER, G\u00fcnter, KLADNIK, Ale\u0161, DERMASTIA, Marina. Geographical and temporal diversity of \u2018Candidatus Phytoplasma solani&#8217; in wine-growing regions in Slovenia and Austria.\u00a0<i>Frontiers in plant science<\/i>. Mai 2022, vol. 13, str. 1-12, ilustr. ISSN 1664-462X.\u00a0<a class=\"visited\" href=\"https:\/\/doi.org\/10.3389\/fpls.2022.889675\" target=\"_blank\">https:\/\/doi.org\/10.3389\/fpls.2022.889675<\/a>, DOI:\u00a0<a href=\"https:\/\/dx.doi.org\/10.3389\/fpls.2022.889675\" target=\"_blank\">10.3389\/fpls.2022.889675<\/a>. [COBISS.SI-ID\u00a0<a href=\"https:\/\/plus.cobiss.net\/cobiss\/si\/sl\/bib\/109003011\" target=\"_blank\">109003011<\/a>], [<a href=\"https:\/\/plus.si.cobiss.net\/opac7\/jcr?c=sc=1664-462X+and+PY=2021&amp;r1=true&amp;lang=sl\" target=\"_blank\">JCR<\/a>,\u00a0<a href=\"https:\/\/plus.si.cobiss.net\/opac7\/snip?c=sc=1664-462X+and+PY=2021&amp;r1=true&amp;lang=sl\" target=\"_blank\">SNIP<\/a>,\u00a0<a href=\"http:\/\/gateway.isiknowledge.com\/gateway\/Gateway.cgi?GWVersion=2&amp;SrcAuth=Alerting&amp;SrcApp=Alerting&amp;DestApp=WOS&amp;DestLinkType=FullRecord&amp;KeyUT=000806089900001\" target=\"_blank\">WoS<\/a>,\u00a0<a href=\"http:\/\/www.scopus.com\/inward\/record.url?partnerID=2dRBettD&amp;eid=2-s2.0-85131763051\" target=\"_blank\">Scopus<\/a>]<\/li>\n<li>LUKAN, Tja\u0161a, VEILLET, Florian, KRI\u017dNIK, Maja, COLL RIUS, Anna, MAHKOVEC POVALEJ, Tja\u0161a, POGA\u010cAR, Karmen, STARE, Katja, CHAUVIN, Laura, CHAUVIN, Jean-Eric, GRUDEN, Kristina. CRISPR\/Cas9-mediated fine-tuning of miRNA expression in tetraploid potato.\u00a0<i>Horticulture research<\/i>. 2022, vol. 9, str. 1-15, &lt;v tisku&gt;, ilustr. ISSN 2052-7276.\u00a0<a href=\"https:\/\/academic.oup.com\/hr\/article\/doi\/10.1093\/hr\/uhac147\/6623516\" target=\"_blank\">https:\/\/academic.oup.com\/hr\/article\/doi\/10.1093\/hr\/uhac147\/6623516<\/a>, DOI:\u00a0<a href=\"https:\/\/dx.doi.org\/10.1093\/hr\/uhac147\" target=\"_blank\">10.1093\/hr\/uhac147<\/a>. [COBISS.SI-ID\u00a0<a href=\"https:\/\/plus.cobiss.net\/cobiss\/si\/sl\/bib\/121833731\" target=\"_blank\">121833731<\/a>]<\/li>\n<li>DERMASTIA, Marina, TOMA\u017d \u0160pela, STRAH, Rebeka,\u00a0LUKAN, Tja\u0161a, COLL, Anna, DU\u0160AK, Barbara, AN\u017dI\u010c, Barbara, \u010cEPIN, Timotej, WIENKOOP, Stefanie, KLADNIK, ALe\u0161, ZAGOR\u0160\u010cAK; Maja, RIEDLE-BAUER, Monika, SCH\u00d6NHUBER, Christina, WECKKWERT, Wolfram, GRUDEN, Kristina, ROITSCH, Thomas, POMPE NOVAK Maru\u0161a,\u00a0BRADER, G\u00fcnter. Candidate pathogenicity factor\/effector proteins of\u00a0\u2018Candidatus Phytoplasma solani&#8217; modulate plant carbohydrate metabolism, accelerate the ascorbate-glutathione cycle and induce autophagosomes.\u00a0<i>Frontiers in plant science<\/i>.\u00a0August 2023, vol. 14,\u00a01232367. DOI: 10.3389\/fpls.2023.1232367.<\/li>\n<\/ol>\n<p><em>\u00a0<\/em><\/p>\n<p>&nbsp;<\/p>\n","protected":false},"excerpt":{"rendered":"<p>\u00a0DERMASTIA, Marina, \u0160KRLJ, Bla\u017e, STRAH, Rebeka, AN\u017dI\u010c, Barbara, TOMA\u017d, \u0160pela, KRI\u017dNIK, Maja, SCH\u00d6NHUBER, Christina, RIEDLE-BAUER, Monika, RAM\u0160AK, \u017diva, PETEK, Marko, KLADNIK, Ale\u0161, LAVRA\u010c, Nada, GRUDEN, Kristina, ROITSCH, Thomas, BRADER, G\u00fcnter, POMPE NOVAK, Maru\u0161a. Differential response of grapevine to Infection with \u02bcCandidatus Phytoplasma solani\u02bc in early and late growing season through complex regulation of mRNA and [&hellip;]<\/p>\n","protected":false},"author":3,"featured_media":0,"parent":0,"menu_order":0,"comment_status":"closed","ping_status":"closed","template":"page-fullwidth.php","meta":{"jetpack_post_was_ever_published":false,"footnotes":""},"class_list":["post-30","page","type-page","status-publish","hentry"],"jetpack_sharing_enabled":true,"jetpack_shortlink":"https:\/\/wp.me\/P7Rl1M-u","jetpack-related-posts":[],"_links":{"self":[{"href":"https:\/\/projects.nib.si\/crisphy\/wp-json\/wp\/v2\/pages\/30","targetHints":{"allow":["GET"]}}],"collection":[{"href":"https:\/\/projects.nib.si\/crisphy\/wp-json\/wp\/v2\/pages"}],"about":[{"href":"https:\/\/projects.nib.si\/crisphy\/wp-json\/wp\/v2\/types\/page"}],"author":[{"embeddable":true,"href":"https:\/\/projects.nib.si\/crisphy\/wp-json\/wp\/v2\/users\/3"}],"replies":[{"embeddable":true,"href":"https:\/\/projects.nib.si\/crisphy\/wp-json\/wp\/v2\/comments?post=30"}],"version-history":[{"count":22,"href":"https:\/\/projects.nib.si\/crisphy\/wp-json\/wp\/v2\/pages\/30\/revisions"}],"predecessor-version":[{"id":276,"href":"https:\/\/projects.nib.si\/crisphy\/wp-json\/wp\/v2\/pages\/30\/revisions\/276"}],"wp:attachment":[{"href":"https:\/\/projects.nib.si\/crisphy\/wp-json\/wp\/v2\/media?parent=30"}],"curies":[{"name":"wp","href":"https:\/\/api.w.org\/{rel}","templated":true}]}}