{"id":30,"date":"2016-04-05T22:13:00","date_gmt":"2016-04-05T22:13:00","guid":{"rendered":"http:\/\/projects.nib.si\/decipher\/?page_id=30"},"modified":"2020-05-20T09:30:16","modified_gmt":"2020-05-20T08:30:16","slug":"references","status":"publish","type":"page","link":"https:\/\/projects.nib.si\/decipher\/references\/","title":{"rendered":"Publications"},"content":{"rendered":"<p><strong>Publications resulting from the project:<\/strong><\/p>\n<p><span style=\"text-decoration: underline\">Journal publications<\/span><\/p>\n<p>&nbsp;<\/p>\n<p>&nbsp;<\/p>\n<p><span style=\"text-decoration: underline\">Preprints<\/span><\/p>\n<p>&nbsp;<\/p>\n<p><span style=\"text-decoration: underline\">Conference abstracts<\/span><\/p>\n<p>[COBISS.SI-ID 5138767]: <strong>RAM\u0160AK, \u017diva<\/strong>, COLL RIUS, Anna, LUKAN, Tja\u0161a, GRUDEN, Kristina. Exploring the landscape of existing motifs in networks of Arabidopsis thaliana and Solanum tuberosum under biotic stress. V: IS-MPMI, XVIII Congres, July 14-18, 2019, Glasgow, Scotland. XVIII International Congress on Molecular Plant-Microbe Interactions, July 14-18, 2019, Glasgow, Scotland. [Glasgow: s. n., 2019]. https:\/\/ismpmi.confex.com\/ismpmi\/2019\/meetingapp.cgi\/Paper\/2747.<\/p>\n<p>[COBISS.SI-ID 5217615]: <strong>RAM\u0160AK, \u017diva<\/strong>, COLL RIUS, Anna, LUKAN, Tja\u0161a, GRUDEN, Kristina. Landscape exploration of motifs in Arabidopsis thaliana and Solanum tuberosum networks. V: KISOVEC, Matic (ur.). Book of abstracts = Knjiga povzetkov. 13th Meeting of the Slovenian Biochemical Society with International Participation = 13. sre\u010danje Slovenskega biokemijskega dru\u0161tva z mednarodno udele\u017ebo, Dobrna, 24 &#8211; 27 September 2019. Ljubljana: Slovenian Biochemical Society, 2019. Str. 109. ISBN 978-961-93879-8-6.<\/p>\n<p>[COBISS.SI-ID 33248807]: \u0160KRLJ, Bla\u017e, KRALJ, Jan, LAVRA\u010c, Nada, <strong>RAM\u0160AK, \u017diva<\/strong>, GRUDEN, Kristina. Network based potato gene function prediction from temporal gene expression and knowledge graphs. V: INTEGRAPE 2020, Multi-omics data integration for genotype- phenotype association, Ljubljana 3-5 March, 2020 : book of abstracts. [S. l.: s. n.], 2020.<\/p>\n","protected":false},"excerpt":{"rendered":"<p>Publications resulting from the project: Journal publications &nbsp; &nbsp; Preprints &nbsp; Conference abstracts [COBISS.SI-ID 5138767]: RAM\u0160AK, \u017diva, COLL RIUS, Anna, LUKAN, Tja\u0161a, GRUDEN, Kristina. Exploring the landscape of existing motifs in networks of Arabidopsis thaliana and Solanum tuberosum under biotic stress. V: IS-MPMI, XVIII Congres, July 14-18, 2019, Glasgow, Scotland. XVIII International Congress on Molecular [&hellip;]<\/p>\n","protected":false},"author":3,"featured_media":0,"parent":0,"menu_order":3,"comment_status":"closed","ping_status":"closed","template":"page-fullwidth.php","meta":{"jetpack_post_was_ever_published":false,"footnotes":""},"class_list":["post-30","page","type-page","status-publish","hentry"],"jetpack_sharing_enabled":true,"jetpack_shortlink":"https:\/\/wp.me\/P7OqMV-u","jetpack-related-posts":[],"_links":{"self":[{"href":"https:\/\/projects.nib.si\/decipher\/wp-json\/wp\/v2\/pages\/30","targetHints":{"allow":["GET"]}}],"collection":[{"href":"https:\/\/projects.nib.si\/decipher\/wp-json\/wp\/v2\/pages"}],"about":[{"href":"https:\/\/projects.nib.si\/decipher\/wp-json\/wp\/v2\/types\/page"}],"author":[{"embeddable":true,"href":"https:\/\/projects.nib.si\/decipher\/wp-json\/wp\/v2\/users\/3"}],"replies":[{"embeddable":true,"href":"https:\/\/projects.nib.si\/decipher\/wp-json\/wp\/v2\/comments?post=30"}],"version-history":[{"count":25,"href":"https:\/\/projects.nib.si\/decipher\/wp-json\/wp\/v2\/pages\/30\/revisions"}],"predecessor-version":[{"id":321,"href":"https:\/\/projects.nib.si\/decipher\/wp-json\/wp\/v2\/pages\/30\/revisions\/321"}],"wp:attachment":[{"href":"https:\/\/projects.nib.si\/decipher\/wp-json\/wp\/v2\/media?parent=30"}],"curies":[{"name":"wp","href":"https:\/\/api.w.org\/{rel}","templated":true}]}}