{"id":40,"date":"2016-04-05T22:31:14","date_gmt":"2016-04-05T22:31:14","guid":{"rendered":"http:\/\/projects.nib.si\/elixirsirisi2\/?page_id=40"},"modified":"2021-07-16T13:25:26","modified_gmt":"2021-07-16T12:25:26","slug":"short-description","status":"publish","type":"page","link":"https:\/\/projects.nib.si\/elixirsirisi2\/","title":{"rendered":"ELIXIR-SI RI-SI-2"},"content":{"rendered":"<p><strong>Kohezijski projekt &#8220;Razvoj raziskovalne infrastrukture za mednarodno konkuren\u010dnost slovenskega RRI prostora&#8221;<\/strong><\/p>\n<p><strong>Namen<\/strong> operacije:<\/p>\n<ul>\n<li>krepitev nacionalnih raziskovalnih kapacitet na podro\u010djih ved o \u017eivljenju (life sciences),<\/li>\n<li>u\u010dinkovit prenos novega znanja v zdravstvo in gospodarske veje, povezane z biolo\u0161kimi procesi,<\/li>\n<li>u\u010dinkovito povezovanje konzorcijskih partnerjev s sorodnimi partnerji v drugih nacionalnih infrastrukturah v naravoslovju, znanostih o \u017eivljenju in naprednih ra\u010dunalni\u0161kih tehnologijah,<\/li>\n<li>plodno povezovanje vozli\u0161\u010da ELIXIR-SI z drugimi vozli\u0161\u010di v evropskem omre\u017eju ELIXIR,<\/li>\n<li>vzpostavljanje raziskovalnega, razvojnega in \u0161tudijskega okolja, ki bo omogo\u010dilo dvig znanja in inovativnosti na\u0161ih raziskovalcev na najvi\u0161ji mednarodni nivo.<\/li>\n<\/ul>\n<p><strong>\u00a0<\/strong><\/p>\n<p><strong>Cilji <\/strong>operacije:<\/p>\n<ul>\n<li>vzpostavitev osrednjega nacionalnega podatkovnega vozli\u0161\u010da v koordinaciji z ostalimi komplementarnimi infrastrukturami znotraj NRRI,<\/li>\n<li>vzpostavitev osrednje nacionalne infrastrukture za pridobivanje visokogostotnih podatkov,<\/li>\n<li>vzpostavitev Sredi\u0161\u010da za izobra\u017eevanje in usposabljanje na podro\u010dju ved o \u017eivljenju za uporabo bioinformatskih orodij in storitev.<\/li>\n<\/ul>\n<p>&nbsp;<\/p>\n<p>Operacija se izvaja v okviru Operativnega programa za izvajanje evropske kohezijske politike 2014-2020 v okviru prednostne osi 1: \u00bbMednarodna konkuren\u010dnost raziskav, inovacij in tehnolo\u0161kega razvoja v skladu s pametno specializacijo za ve\u010djo konkuren\u010dnost in ozelenitev gospodarstva\u00ab, prednostne nalo\u017ebe 1.1 \u00bbKrepitev infrastrukture za raziskave in inovacije ter zmogljivosti za razvoj odli\u010dnosti na tem podro\u010dju, pa tudi spodbujanje pristojnih centrov, zlasti tak\u0161nih, ki so evropskega pomena\u00ab, specifi\u010dnega cilja 1.1.1 \u00bbU\u010dinkovita uporaba raziskovalne infrastrukture ter razvoj znanja\/kompetenc za bolj\u0161e nacionalno in mednarodno sodelovanje v trikotniku znanja\u00ab.<\/p>\n<p>&nbsp;<\/p>\n<p><strong>Trajanje projekta:<\/strong> 1.\u00a06.\u00a02018 do 31.\u00a08.\u00a02021<\/p>\n<p><strong>Koordinator:<\/strong> Univerza v Ljubljani s \u010dlanicami Medicinsko fakulteto (koordinator), Biotehni\u0161ko fakulteto, Fakulteto za ra\u010dunalni\u0161tvo in informatiko ter Veterinarsko fakulteto.<\/p>\n<p><strong>Kontaktna oseba:<\/strong> doc.dr. Brane Lesko\u0161ek<\/p>\n<p><strong>Spletna stran projekta:<\/strong> <a href=\"https:\/\/elixir-slovenia.org\/sl\/risi2\/\">https:\/\/elixir-slovenia.org\/sl\/risi2\/<\/a><\/p>\n<hr \/>\n<p><strong>Partnerji:<\/strong><\/p>\n<ul>\n<li>In\u0161titut Jo\u017eef Stefan<\/li>\n<li>Kemijski in\u0161titut<\/li>\n<li>Kmetijski in\u0161titut Slovenije<\/li>\n<li>Nacionalni in\u0161titut za biologijo<\/li>\n<li>Univerza v Mariboru<\/li>\n<\/ul>\n<p><strong>Kontaktna oseba na Nacionalnem in\u0161titutu za biologijo: <\/strong><\/p>\n<p>prof dr. Kristina Gruden<\/p>\n<hr \/>\n<p><strong>Posredni\u0161ko telo:<\/strong> <a href=\"https:\/\/www.gov.si\/drzavni-organi\/ministrstva\/ministrstvo-za-izobrazevanje-znanost-in-sport\/\">Ministrstvo za izobra\u017eevanje, znanost in \u0161port<\/a><\/p>\n<p>Povezava na spletno stran evropske kohezijske politike v Sloveniji:\u00a0<a href=\"http:\/\/www.eu-skladi.si\/\">www.eu-skladi.si<\/a>.<\/p>\n","protected":false},"excerpt":{"rendered":"<p>Kohezijski projekt &#8220;Razvoj raziskovalne infrastrukture za mednarodno konkuren\u010dnost slovenskega RRI prostora&#8221; Namen operacije: krepitev nacionalnih raziskovalnih kapacitet na podro\u010djih ved o \u017eivljenju (life sciences), u\u010dinkovit prenos novega znanja v zdravstvo in gospodarske veje, povezane z biolo\u0161kimi procesi, u\u010dinkovito povezovanje konzorcijskih partnerjev s sorodnimi partnerji v drugih nacionalnih infrastrukturah v naravoslovju, znanostih o \u017eivljenju in naprednih [&hellip;]<\/p>\n","protected":false},"author":3,"featured_media":0,"parent":0,"menu_order":0,"comment_status":"closed","ping_status":"closed","template":"","meta":{"footnotes":""},"class_list":["post-40","page","type-page","status-publish","hentry"],"jetpack_sharing_enabled":true,"jetpack_shortlink":"https:\/\/wp.me\/P7RkZK-E","jetpack-related-posts":[],"_links":{"self":[{"href":"https:\/\/projects.nib.si\/elixirsirisi2\/wp-json\/wp\/v2\/pages\/40","targetHints":{"allow":["GET"]}}],"collection":[{"href":"https:\/\/projects.nib.si\/elixirsirisi2\/wp-json\/wp\/v2\/pages"}],"about":[{"href":"https:\/\/projects.nib.si\/elixirsirisi2\/wp-json\/wp\/v2\/types\/page"}],"author":[{"embeddable":true,"href":"https:\/\/projects.nib.si\/elixirsirisi2\/wp-json\/wp\/v2\/users\/3"}],"replies":[{"embeddable":true,"href":"https:\/\/projects.nib.si\/elixirsirisi2\/wp-json\/wp\/v2\/comments?post=40"}],"version-history":[{"count":28,"href":"https:\/\/projects.nib.si\/elixirsirisi2\/wp-json\/wp\/v2\/pages\/40\/revisions"}],"predecessor-version":[{"id":375,"href":"https:\/\/projects.nib.si\/elixirsirisi2\/wp-json\/wp\/v2\/pages\/40\/revisions\/375"}],"wp:attachment":[{"href":"https:\/\/projects.nib.si\/elixirsirisi2\/wp-json\/wp\/v2\/media?parent=40"}],"curies":[{"name":"wp","href":"https:\/\/api.w.org\/{rel}","templated":true}]}}