{"id":30,"date":"2016-04-05T22:13:00","date_gmt":"2016-04-05T22:13:00","guid":{"rendered":"http:\/\/projects.nib.si\/fdgameplan\/?page_id=30"},"modified":"2025-12-12T15:20:25","modified_gmt":"2025-12-12T14:20:25","slug":"objave","status":"publish","type":"page","link":"https:\/\/projects.nib.si\/fdgameplan\/objave\/","title":{"rendered":"Objave"},"content":{"rendered":"\n<p class=\"has-large-font-size\"><strong>Poro\u010dilo projekta: <\/strong><\/p>\n\n\n\n<p class=\"has-large-font-size\">klik na: <a href=\"http:\/\/projects.nib.si\/fdgameplan\/wp-content\/uploads\/sites\/46\/2025\/10\/Priloga-1_Vsebinsko-porocilo_MKGP_CRPV4-2225_15.10.25.pdf\">vsebinsko poro\u010dilo<\/a><\/p>\n\n\n\n<p class=\"has-large-font-size\">klik na: <a href=\"http:\/\/projects.nib.si\/fdgameplan\/wp-content\/uploads\/sites\/46\/2025\/12\/CRP_FD_GamePlan_20251128_verzija_za_splet.pdf\">zaklju\u010dno predstavitev projekta<\/a><\/p>\n\n\n\n<p><strong>R2.3 Poro\u010dilo o mo\u017enosti zaznave fitoplazme FD v preimaginalnih stadijih ameri\u0161kega \u0161kr\u017eatka in predstavitev zainteresirani strokovni javnosti<\/strong><\/p>\n\n\n\n<p>klik na: <a href=\"http:\/\/projects.nib.si\/fdgameplan\/wp-content\/uploads\/sites\/46\/2025\/03\/Porocilo-o-moznosti-zaznave-fitoplazme-povzrociteljice-zlate-trsne-rumenice-v-preimaginalnih-stadijih-ameriskega-skrzatka.pdf\" data-type=\"link\" data-id=\"http:\/\/projects.nib.si\/fdgameplan\/wp-content\/uploads\/sites\/46\/2025\/03\/Porocilo-o-moznosti-zaznave-fitoplazme-povzrociteljice-zlate-trsne-rumenice-v-preimaginalnih-stadijih-ameriskega-skrzatka.pdf\">Mo\u017enost zaznave FD v preimaginalnih stadijih ameri\u0161kega \u0161kr\u017eatka<\/a><\/p>\n\n\n\n<p><strong>Seznam \u0161kr\u017eatkov potencialnih ali alternativnih prena\u0161alcev fitoplazem pri leski, njihove gostiteljske rastline in njihova znana raz\u0161irjenost v Sloveniji ter ob\u010da raz\u0161irjenost:<\/strong><\/p>\n\n\n\n<p>klik na: <a href=\"http:\/\/projects.nib.si\/fdgameplan\/wp-content\/uploads\/sites\/46\/2016\/04\/Seznam-\u0161kr\u017eatkov_potencialnih-prena\u0161alcev-fitoplazem_2023.pdf\" rel=\"\">Seznam \u0161kr\u017eatkov_potencialnih prena\u0161alcev fitoplazem_2023<\/a><\/p>\n\n\n\n<p><strong>R3.3<\/strong> <strong>Seznam najverjetnej\u0161ih oziroma predvidoma najpomembnej\u0161ih mo\u017enih prena\u0161alcih fitoplazme FD iz alternativnih gostiteljev na trto in med leskami v Sloveniji<\/strong><\/p>\n\n\n\n<p>klik na: <a href=\"https:\/\/projects.nib.si\/fdgameplan\/wp-content\/uploads\/sites\/46\/2023\/09\/Seznam-najverjetnejsih-oz.-predvidoma-najpomembnejsih-moznih-prenasalcih-fitoplazme-FD-iz-alternativnih-gostiteljev-na-trto-in-med-leskami-v-Sloveniji.pdf\" data-type=\"attachment\" data-id=\"463\">Seznam najverjetnej\u0161ih oz. predvidoma najpomembnej\u0161ih mo\u017enih prena\u0161alcih fitoplazme FD iz alternativnih gostiteljev na trto in med leskami v Sloveniji<\/a><\/p>\n\n\n\n<p><strong>R4.3 Poro\u010dilo o oku\u017eenosti drugih mo\u017enih prena\u0161alcev FD v vinogradih in v bli\u017eini vinogradov in predstavitev zainteresirani strokovni javnosti<\/strong><\/p>\n\n\n\n<p>klik na: <a href=\"http:\/\/projects.nib.si\/fdgameplan\/wp-content\/uploads\/sites\/46\/2025\/09\/Porocilo-o-okuzenosti-drugih-moznih-prenaslacev-FD-v-vinogradih-in-v-blizini-vinogradov.pdf\">Porocilo o okuzenosti drugih moznih prenaslacev FD v vinogradih in v blizini vinogradov<\/a><\/p>\n\n\n\n<p><strong>R5.1 Poro\u010dilo o bionomiji vzhodnja\u0161kega \u0161kr\u017eatka<\/strong><\/p>\n\n\n\n<p>klik na: <a href=\"http:\/\/projects.nib.si\/fdgameplan\/wp-content\/uploads\/sites\/46\/2024\/10\/Protokol-spremljanja-vzhodnjaskega-skrzatka-OKT-2024.pdf\">Preu\u010devanje bionomije vzhodnja\u0161kega \u0161kr\u017eatka (Orientus ishidae) \u2013 na prostem<\/a><\/p>\n\n\n\n<p>Klik na: <a href=\"http:\/\/projects.nib.si\/fdgameplan\/wp-content\/uploads\/sites\/46\/2025\/03\/Bionomija-O.-isidae_CRP-FD-GamePlan_leto-2024.pdf\">Bionomija O. isidae_CRP FD GamePlan_leto 2024<\/a><\/p>\n\n\n\n<p><strong>R5.4 Poro\u010dilo o z glavnimi poudarki o novih spoznanjih glede vzhodnja\u0161kega \u0161kr\u017eatka, in predstavitev zainteresirani strokovni javnosti<\/strong><\/p>\n\n\n\n<p>klik na: <a href=\"http:\/\/projects.nib.si\/fdgameplan\/wp-content\/uploads\/sites\/46\/2025\/12\/Porocilo-o-preucevanju-vzhodnjaskega-skrzatka-O.-isidae.pdf\" data-type=\"attachment\" data-id=\"550\">Porocilo o preucevanju vzhodnjaskega skrzatka-O. isidae<\/a><\/p>\n\n\n\n<p><strong>R6.3 Poro\u010dilo o pomenu lesk (samoniklih in gojenih) kot rezervoar za prenos FD na trto in predstavitev zainteresirani strokovni javnosti<\/strong><\/p>\n\n\n\n<p>klik na:&nbsp;<a href=\"http:\/\/projects.nib.si\/fdgameplan\/wp-content\/uploads\/sites\/46\/2025\/07\/Porocilo-o-pomenu-lesk-kot-rezervoar-za-prenos-FD-na-trto.pdf\">Poro\u010dilo o pomenu lesk kot rezervoar za prenos FD na trto<\/a><\/p>\n\n\n\n<p><strong>R7.2.1 Spektralne knji\u017enice, klasifikacijski modeli in karte verjetnosti oku\u017eb in R7.2.2 Poro\u010dilo o daljinskem zaznavanju bolezni vinske trte<\/strong><\/p>\n\n\n\n<p>klik na: <a href=\"http:\/\/projects.nib.si\/fdgameplan\/wp-content\/uploads\/sites\/46\/2025\/09\/Porocilo-V4-2225-DS7-hiperspektralno-slikanje.pdf\" data-type=\"link\" data-id=\"http:\/\/projects.nib.si\/fdgameplan\/wp-content\/uploads\/sites\/46\/2025\/09\/Porocilo-V4-2225-DS7-hiperspektralno-slikanje.pdf\">Porocilo-V4-2225-DS7-hiperspektralno-slikanje<\/a><\/p>\n\n\n\n<p><\/p>\n\n\n\n<p class=\"has-medium-font-size\"><strong>Diseminacija rezultatov projekta<\/strong><\/p>\n\n\n\n<p>Problematiko propadanja lesk v Sloveniji, vklju\u010dno s cilji in namenom tega CRP projekta smo 11.3.2023 predstavili na strokovnem posvetu Slovenskega strokovnega dru\u0161tva lupinarjev (naslov predavanja, ki smo ga izvedli: Propadanje lesk v Sloveniji zaradi oku\u017ebe s fitoplazmo, sorodno povzro\u010diteljici zlate trsne rumenice)<\/p>\n\n\n\n<p>Genetsko raznolikost 16SrV fitoplazem, ki oku\u017eujejo leske in trto, vklju\u010dno z nekaterimi cilji in namenom tega CRP projekta smo 10.5.2023 predstavili v Zagrebu na strokovnem posvetu \u00bbTechnical consultation on \u201eGrapevine flavescence dor\u00e9e and Scaphoideus titanus\u00ab (naslov predavanja, ki smo ga izvedli: Genetic diversity of 16SrV phytoplasma infecting grapevines and hazelnuts in Slovenia)<\/p>\n\n\n\n<p>Predstavitev na Lombergarjevih dnevih (15. Vinogradni\u0161ki posvet z mednarodno udele\u017ebo, 6.12.2023), ki je poleg stanja o zlati trsni rumenici v SV Sloveniji vklju\u010devala tudi predstavitev dela v okviru tega CRP projekta (Naslov predavanja: Stanje zlate trsne rumenice v SV Sloveniji)<\/p>\n\n\n\n<p>Predstavitve na 16. slovenskem posvetovanju o varstvu rastlin z mednarodno udele\u017ebo (Bohinjska Bistrica, 5.-6.3.2024):<br>-Poster: Usmeritve dela v okviru CRP projekta \u00bbUkrepi za prepre\u010devanje nadaljnjega \u0161irjenja zlate trsne rumenice\u00ab<br>-Predavanje: Ugotavljanje raz\u0161irjenosti \u0161kr\u017eatkov (Hemiptera: Cicadellidae) \u2013 potencialnih prena\u0161alcev fitoplazme Grapevine Flavescence Doree (FD) v nasadih leske in vinogradih ter njihovi okolici.<\/p>\n\n\n\n<p>Delo na projektu je bilo predstavljeno tudi v okviru lokalnih predavanj za vinogradnike v SV Sloveniji.<\/p>\n\n\n\n<p>Predstavitev na 6th European Bois noir workshop + Prophylactic and Agro-Ecological Control of flavescence dor\u00e9e and other Grapevine Yellows (Pro-AECOGY) (Bordeaux, Francija 14-16. maj 2024):  Grapevine Flavescence dor\u00e9e phytoplasma map genotypes associated with outbreaks in Slovenian vineyards. <\/p>\n\n\n\n<p>Predstavitev na GFD Follow up meeting Technical consultation on Grapevine flavescence dor\u00e9e and Scaphoideus titanus v Ljubljani, 9.04.2024: Diversity of map genotypes of Grapevine Flavescence dor\u00e8e phytoplasma in Slovenian vineyards.<\/p>\n\n\n\n<p><\/p>\n\n\n\n<p>Predavanje na strokovnem posvetu Slovenskega strokovnega dru\u0161tva lupinarjev: Fitoplazme in leske: aktualne raziskave in nove ugotovitve  (Biotehni\u0161ka fakulteta, Ljubljana, 15. 3. 2025)<\/p>\n\n\n\n<p>Predavanje na Technical consultation on Grapevine flavescence dor\u00e9e and Scaphoideus titanus: Flavescence dor\u00e9e phytoplasma: detection in juvenile Scaphoideus titanus and infection analysis of alternative vectors (3rd April 2025, AGES, Wien).<\/p>\n\n\n\n<p>Na predavanjih v okviru predmeta Moderni pristopi v patologiji in varstvu rastlin za&nbsp; \u0161tudente podiplomskega magistrskega \u0161tudijskega programa Vinogradni\u0161tvo in vinarstvo (Univerza v Novi Gorici)<\/p>\n","protected":false},"excerpt":{"rendered":"<p>Poro\u010dilo projekta: klik na: vsebinsko poro\u010dilo klik na: zaklju\u010dno predstavitev projekta R2.3 Poro\u010dilo o mo\u017enosti zaznave fitoplazme FD v preimaginalnih stadijih ameri\u0161kega \u0161kr\u017eatka in predstavitev zainteresirani strokovni javnosti klik na: Mo\u017enost zaznave FD v preimaginalnih stadijih ameri\u0161kega \u0161kr\u017eatka Seznam \u0161kr\u017eatkov potencialnih ali alternativnih prena\u0161alcev fitoplazem pri leski, njihove gostiteljske rastline in njihova znana raz\u0161irjenost v [&hellip;]<\/p>\n","protected":false},"author":3,"featured_media":0,"parent":0,"menu_order":3,"comment_status":"closed","ping_status":"closed","template":"page-fullwidth.php","meta":{"jetpack_post_was_ever_published":false,"footnotes":""},"class_list":["post-30","page","type-page","status-publish","hentry"],"jetpack_sharing_enabled":true,"jetpack_shortlink":"https:\/\/wp.me\/P7OqMV-u","jetpack-related-posts":[],"_links":{"self":[{"href":"https:\/\/projects.nib.si\/fdgameplan\/wp-json\/wp\/v2\/pages\/30","targetHints":{"allow":["GET"]}}],"collection":[{"href":"https:\/\/projects.nib.si\/fdgameplan\/wp-json\/wp\/v2\/pages"}],"about":[{"href":"https:\/\/projects.nib.si\/fdgameplan\/wp-json\/wp\/v2\/types\/page"}],"author":[{"embeddable":true,"href":"https:\/\/projects.nib.si\/fdgameplan\/wp-json\/wp\/v2\/users\/3"}],"replies":[{"embeddable":true,"href":"https:\/\/projects.nib.si\/fdgameplan\/wp-json\/wp\/v2\/comments?post=30"}],"version-history":[{"count":58,"href":"https:\/\/projects.nib.si\/fdgameplan\/wp-json\/wp\/v2\/pages\/30\/revisions"}],"predecessor-version":[{"id":567,"href":"https:\/\/projects.nib.si\/fdgameplan\/wp-json\/wp\/v2\/pages\/30\/revisions\/567"}],"wp:attachment":[{"href":"https:\/\/projects.nib.si\/fdgameplan\/wp-json\/wp\/v2\/media?parent=30"}],"curies":[{"name":"wp","href":"https:\/\/api.w.org\/{rel}","templated":true}]}}