{"id":40,"date":"2016-04-05T22:31:14","date_gmt":"2016-04-05T22:31:14","guid":{"rendered":"http:\/\/projects.nib.si\/fdgameplan\/?page_id=40"},"modified":"2025-09-10T08:32:38","modified_gmt":"2025-09-10T07:32:38","slug":"short-description","status":"publish","type":"page","link":"https:\/\/projects.nib.si\/fdgameplan\/","title":{"rendered":"Kratek opis"},"content":{"rendered":"<p style=\"text-align: left\">V vinogradih povzro\u010da velik upad pridelka in kr\u010denje vinogradov <strong>fitoplazma Grapevine flavescence dor\u00e9e (FD)<\/strong> iz skupine 16SrV, povzro\u010diteljica zlate trsne rumenice, ki je v EU uvr\u0161\u010dena na seznam <strong>karantenskih \u0161kodljivih organizmov<\/strong>. V zadnjih letih so bila v Sloveniji odkrita \u0161tevilna nova \u017eari\u0161\u010da oku\u017ebe s to fitoplazmo in v skladu s predpisi je bilo potrebno uni\u010diti ve\u010d vinogradov predvsem na obmo\u010dju Ljutomersko Ormo\u0161kih goric. Trta (<em>Vitis<\/em>) je lahko oku\u017eena z razli\u010dnimi izolati fitoplazem iz skupine 16SrV, od katerih so za nekatere dokazali, da lahko povzro\u010dijo epifitocije, saj jih med trtami zelo u\u010dinkovito razna\u0161a <strong>ameri\u0161ki \u0161kr\u017eatek<\/strong> (<em>Scaphoideus titanus<\/em>). Iz drugih gostiteljskih rastlin lahko na trto razli\u010dne izolate fitoplazem iz skupine 16SrV, tudi tiste, ki jih ameri\u0161ki \u0161kr\u017eatek lahko razna\u0161a med trtami, zanesejo\u00a0 nekatere druge \u017eu\u017eelke, ki sesajo rastlinski sok. Med najbolj skrb vzbujajo\u010dimi je <strong>vzhodnja\u0161ki \u0161kr\u017eatek<\/strong> (<em>Orientus ishidae<\/em>), ki je polifag in se je od prve najdbe leta 2004 raz\u0161iril po celotni Sloveniji. Velike populacije vzhodnja\u0161kega \u0161kr\u017eatka smo odkrili v <strong>nasadih lesk<\/strong> (<em>Corylus avellana<\/em>) v SV in JZ Sloveniji in v njih potrdili prisotnost fitoplazem 16SrV skupine. Prisotnost fitoplazem iz skupine 16SrV smo potrdili tudi v gojenih leskah, ki zaradi oku\u017ebe propadajo.<\/p>\n<p style=\"text-align: left\">Na osnovi opa\u017eenih te\u017eav, s katerimi se stroka sre\u010duje ob svojem rednem delu v zadnjih letih in dosedanjih izku\u0161enj, smo si v projektu zastavili naslednje cilje:<\/p>\n<ul>\n<li style=\"text-align: left\">preveriti mo\u017enost ugotavljanja fitoplazme FD, ki povzro\u010da zlato trsno rumenico, v preimaginalnih stadijih v glavnem prena\u0161alcu &#8211; ameri\u0161kem \u0161kr\u017eatku;<\/li>\n<li style=\"text-align: left\">raz\u0161iriti znanje o drugih \u0161kr\u017eatkih &#8211; mo\u017enih prena\u0161alcih fitoplazme FD in preveriti njihovo prisotnost v Sloveniji;<\/li>\n<li style=\"text-align: left\">ugotoviti oku\u017eenost drugih \u0161kr\u017eatkov &#8211; mo\u017enih prena\u0161alcev te fitoplazme v vinogradih in v bli\u017eini vinogradov;<\/li>\n<li style=\"text-align: left\">ugotoviti bionomijo vzhodnja\u0161kega \u0161kr\u017eatka, preveriti ali lahko prena\u0161a fitoplazmo FD med leskami in na trto in preu\u010diti mo\u017enosti zatiranja vzhodnja\u0161kega \u0161kr\u017eatka z insekticidi na leskah;<\/li>\n<li style=\"text-align: left\">ugotoviti pomen alternativnih gostiteljskih rastlin fitoplazme FD v bli\u017eini vinogradov, kot je npr. samonikla ali gojena leska, kot rezervoar za prenos te fitoplazme na trto;<\/li>\n<li style=\"text-align: left\">raziskati mo\u017enost daljinskega zaznavanja z metodo hiperspektralnega slikanja z letalom za zgodnje odkrivanje oku\u017eb zlate trsne rumenice.<\/li>\n<\/ul>\n<p>ARRS oznaka: V4-2225<\/p>\n<p>Trajanje: 1.10.2022 \u2013 30.9.2025<\/p>\n<p><img data-recalc-dims=\"1\" loading=\"lazy\" decoding=\"async\" data-attachment-id=\"469\" data-permalink=\"https:\/\/projects.nib.si\/fdgameplan\/short-description\/arislogoslo\/\" data-orig-file=\"https:\/\/i0.wp.com\/projects.nib.si\/fdgameplan\/wp-content\/uploads\/sites\/46\/2024\/03\/ARISLogoSlo-scaled.jpg?fit=2560%2C530&amp;ssl=1\" data-orig-size=\"2560,530\" data-comments-opened=\"1\" data-image-meta=\"{&quot;aperture&quot;:&quot;0&quot;,&quot;credit&quot;:&quot;&quot;,&quot;camera&quot;:&quot;&quot;,&quot;caption&quot;:&quot;&quot;,&quot;created_timestamp&quot;:&quot;0&quot;,&quot;copyright&quot;:&quot;&quot;,&quot;focal_length&quot;:&quot;0&quot;,&quot;iso&quot;:&quot;0&quot;,&quot;shutter_speed&quot;:&quot;0&quot;,&quot;title&quot;:&quot;&quot;,&quot;orientation&quot;:&quot;0&quot;}\" data-image-title=\"ARISLogoSlo\" data-image-description=\"\" data-image-caption=\"\" data-medium-file=\"https:\/\/i0.wp.com\/projects.nib.si\/fdgameplan\/wp-content\/uploads\/sites\/46\/2024\/03\/ARISLogoSlo-scaled.jpg?fit=300%2C62&amp;ssl=1\" data-large-file=\"https:\/\/i0.wp.com\/projects.nib.si\/fdgameplan\/wp-content\/uploads\/sites\/46\/2024\/03\/ARISLogoSlo-scaled.jpg?fit=1024%2C212&amp;ssl=1\" class=\"alignnone  wp-image-469\" src=\"https:\/\/i0.wp.com\/projects.nib.si\/fdgameplan\/wp-content\/uploads\/sites\/46\/2024\/03\/ARISLogoSlo.jpg?resize=479%2C99\" alt=\"\" width=\"479\" height=\"99\" srcset=\"https:\/\/i0.wp.com\/projects.nib.si\/fdgameplan\/wp-content\/uploads\/sites\/46\/2024\/03\/ARISLogoSlo-scaled.jpg?resize=300%2C62&amp;ssl=1 300w, https:\/\/i0.wp.com\/projects.nib.si\/fdgameplan\/wp-content\/uploads\/sites\/46\/2024\/03\/ARISLogoSlo-scaled.jpg?resize=1024%2C212&amp;ssl=1 1024w, https:\/\/i0.wp.com\/projects.nib.si\/fdgameplan\/wp-content\/uploads\/sites\/46\/2024\/03\/ARISLogoSlo-scaled.jpg?resize=768%2C159&amp;ssl=1 768w, https:\/\/i0.wp.com\/projects.nib.si\/fdgameplan\/wp-content\/uploads\/sites\/46\/2024\/03\/ARISLogoSlo-scaled.jpg?resize=1536%2C318&amp;ssl=1 1536w, https:\/\/i0.wp.com\/projects.nib.si\/fdgameplan\/wp-content\/uploads\/sites\/46\/2024\/03\/ARISLogoSlo-scaled.jpg?resize=2048%2C424&amp;ssl=1 2048w\" sizes=\"auto, (max-width: 479px) 100vw, 479px\" \/><\/p>\n","protected":false},"excerpt":{"rendered":"<p>V vinogradih povzro\u010da velik upad pridelka in kr\u010denje vinogradov fitoplazma Grapevine flavescence dor\u00e9e (FD) iz skupine 16SrV, povzro\u010diteljica zlate trsne rumenice, ki je v EU uvr\u0161\u010dena na seznam karantenskih \u0161kodljivih organizmov. V zadnjih letih so bila v Sloveniji odkrita \u0161tevilna nova \u017eari\u0161\u010da oku\u017ebe s to fitoplazmo in v skladu s predpisi je bilo potrebno uni\u010diti [&hellip;]<\/p>\n","protected":false},"author":3,"featured_media":0,"parent":0,"menu_order":0,"comment_status":"closed","ping_status":"closed","template":"","meta":{"jetpack_post_was_ever_published":false,"footnotes":""},"class_list":["post-40","page","type-page","status-publish","hentry"],"jetpack_sharing_enabled":true,"jetpack_shortlink":"https:\/\/wp.me\/P7OqMV-E","jetpack-related-posts":[],"_links":{"self":[{"href":"https:\/\/projects.nib.si\/fdgameplan\/wp-json\/wp\/v2\/pages\/40","targetHints":{"allow":["GET"]}}],"collection":[{"href":"https:\/\/projects.nib.si\/fdgameplan\/wp-json\/wp\/v2\/pages"}],"about":[{"href":"https:\/\/projects.nib.si\/fdgameplan\/wp-json\/wp\/v2\/types\/page"}],"author":[{"embeddable":true,"href":"https:\/\/projects.nib.si\/fdgameplan\/wp-json\/wp\/v2\/users\/3"}],"replies":[{"embeddable":true,"href":"https:\/\/projects.nib.si\/fdgameplan\/wp-json\/wp\/v2\/comments?post=40"}],"version-history":[{"count":34,"href":"https:\/\/projects.nib.si\/fdgameplan\/wp-json\/wp\/v2\/pages\/40\/revisions"}],"predecessor-version":[{"id":535,"href":"https:\/\/projects.nib.si\/fdgameplan\/wp-json\/wp\/v2\/pages\/40\/revisions\/535"}],"wp:attachment":[{"href":"https:\/\/projects.nib.si\/fdgameplan\/wp-json\/wp\/v2\/media?parent=40"}],"curies":[{"name":"wp","href":"https:\/\/api.w.org\/{rel}","templated":true}]}}