{"id":43,"date":"2016-04-05T22:35:10","date_gmt":"2016-04-05T22:35:10","guid":{"rendered":"http:\/\/projects.nib.si\/fdgameplan\/?page_id=43"},"modified":"2024-07-30T12:31:26","modified_gmt":"2024-07-30T11:31:26","slug":"kontakt","status":"publish","type":"page","link":"https:\/\/projects.nib.si\/fdgameplan\/kontakt\/","title":{"rendered":"Kontakt"},"content":{"rendered":"<p><strong>Vodja projekta<br \/>\n<\/strong><\/p>\n<p>prof. dr. Nata\u0161a Mehle<\/p>\n<p>Nacionalni in\u0161titut za biologijo<br \/>\nVe\u010dna pot 121<br \/>\nSI-1000 Ljubljana<br \/>\nSlovenija<\/p>\n<p><a href=\"https:\/\/www.nib.si\/component\/directory\/?view=details&amp;id=97&amp;Itemid=12\" target=\"_blank\" rel=\"noopener\">personal page@NIB<\/a><\/p>\n<p>Dopolnilna zaposlitev: Univerza v Novi Gorici<\/p>\n<p><a href=\"https:\/\/ung.si\/sl\/imenik\/30649\/natasa-mehle\/\" target=\"_blank\" rel=\"noopener\">personal page@UNG<\/a><\/p>\n","protected":false},"excerpt":{"rendered":"<p>Vodja projekta prof. dr. Nata\u0161a Mehle Nacionalni in\u0161titut za biologijo Ve\u010dna pot 121 SI-1000 Ljubljana Slovenija personal page@NIB Dopolnilna zaposlitev: Univerza v Novi Gorici personal page@UNG<\/p>\n","protected":false},"author":3,"featured_media":0,"parent":0,"menu_order":5,"comment_status":"closed","ping_status":"closed","template":"page-fullwidth.php","meta":{"jetpack_post_was_ever_published":false,"footnotes":""},"class_list":["post-43","page","type-page","status-publish","hentry"],"jetpack_sharing_enabled":true,"jetpack_shortlink":"https:\/\/wp.me\/P7OqMV-H","jetpack-related-posts":[],"_links":{"self":[{"href":"https:\/\/projects.nib.si\/fdgameplan\/wp-json\/wp\/v2\/pages\/43","targetHints":{"allow":["GET"]}}],"collection":[{"href":"https:\/\/projects.nib.si\/fdgameplan\/wp-json\/wp\/v2\/pages"}],"about":[{"href":"https:\/\/projects.nib.si\/fdgameplan\/wp-json\/wp\/v2\/types\/page"}],"author":[{"embeddable":true,"href":"https:\/\/projects.nib.si\/fdgameplan\/wp-json\/wp\/v2\/users\/3"}],"replies":[{"embeddable":true,"href":"https:\/\/projects.nib.si\/fdgameplan\/wp-json\/wp\/v2\/comments?post=43"}],"version-history":[{"count":21,"href":"https:\/\/projects.nib.si\/fdgameplan\/wp-json\/wp\/v2\/pages\/43\/revisions"}],"predecessor-version":[{"id":497,"href":"https:\/\/projects.nib.si\/fdgameplan\/wp-json\/wp\/v2\/pages\/43\/revisions\/497"}],"wp:attachment":[{"href":"https:\/\/projects.nib.si\/fdgameplan\/wp-json\/wp\/v2\/media?parent=43"}],"curies":[{"name":"wp","href":"https:\/\/api.w.org\/{rel}","templated":true}]}}