{"id":43,"date":"2016-04-05T22:35:10","date_gmt":"2016-04-05T22:35:10","guid":{"rendered":"http:\/\/projects.nib.si\/fishgrow\/?page_id=43"},"modified":"2022-12-14T15:22:09","modified_gmt":"2022-12-14T14:22:09","slug":"contacts","status":"publish","type":"page","link":"https:\/\/projects.nib.si\/fishgrow\/contacts\/","title":{"rendered":"Contacts"},"content":{"rendered":"<p><strong>Principal investigators<\/strong><\/p>\n<p><span style=\"color: #ff0000\"><strong><span style=\"color: #000000\">An\u017ee \u017dupani\u010d<\/span><\/strong><br \/>\n<\/span>National Institute of Biology<br \/>\nVe\u010dna pot 111<br \/>\nSI-1000 Ljubljana<br \/>\nSlovenia<\/p>\n<p><a href=\"http:\/\/www.nib.si\/eng\/index.php\/component\/directory\/?view=details&amp;id=288&amp;Itemid=12\">personal web page<\/a><\/p>\n<p>E-mail:\u00a0anze.zupanic\u00a0(a-t) nib.si<\/p>\n<p>&nbsp;<\/p>\n<p><strong><span style=\"color: #000000\">Kristin Schirmer<\/span><\/strong><br \/>\nSwiss Federal Institute of Aquatic Science and Technology<br \/>\nUeberlandstrasse 133<br \/>\nCH-8600 D\u00fcbendorf<br \/>\nSwitzerland<\/p>\n<p><a href=\"https:\/\/www.eawag.ch\/en\/about-us\/portrait\/organisation\/staff\/profile\/kristin-schirmer\/show\/\">personal web page<\/a><\/p>\n<p>E-mail: kristin.schirmer\u00a0(a-t)\u00a0eawag.ch<\/p>\n","protected":false},"excerpt":{"rendered":"<p>Principal investigators An\u017ee \u017dupani\u010d National Institute of Biology Ve\u010dna pot 111 SI-1000 Ljubljana Slovenia personal web page E-mail:\u00a0anze.zupanic\u00a0(a-t) nib.si &nbsp; Kristin Schirmer Swiss Federal Institute of Aquatic Science and Technology Ueberlandstrasse 133 CH-8600 D\u00fcbendorf Switzerland personal web page E-mail: kristin.schirmer\u00a0(a-t)\u00a0eawag.ch<\/p>\n","protected":false},"author":3,"featured_media":0,"parent":0,"menu_order":5,"comment_status":"closed","ping_status":"closed","template":"page-fullwidth.php","meta":{"jetpack_post_was_ever_published":false,"footnotes":""},"class_list":["post-43","page","type-page","status-publish","hentry"],"jetpack_sharing_enabled":true,"jetpack_shortlink":"https:\/\/wp.me\/P7RkZK-H","jetpack-related-posts":[],"_links":{"self":[{"href":"https:\/\/projects.nib.si\/fishgrow\/wp-json\/wp\/v2\/pages\/43","targetHints":{"allow":["GET"]}}],"collection":[{"href":"https:\/\/projects.nib.si\/fishgrow\/wp-json\/wp\/v2\/pages"}],"about":[{"href":"https:\/\/projects.nib.si\/fishgrow\/wp-json\/wp\/v2\/types\/page"}],"author":[{"embeddable":true,"href":"https:\/\/projects.nib.si\/fishgrow\/wp-json\/wp\/v2\/users\/3"}],"replies":[{"embeddable":true,"href":"https:\/\/projects.nib.si\/fishgrow\/wp-json\/wp\/v2\/comments?post=43"}],"version-history":[{"count":21,"href":"https:\/\/projects.nib.si\/fishgrow\/wp-json\/wp\/v2\/pages\/43\/revisions"}],"predecessor-version":[{"id":383,"href":"https:\/\/projects.nib.si\/fishgrow\/wp-json\/wp\/v2\/pages\/43\/revisions\/383"}],"wp:attachment":[{"href":"https:\/\/projects.nib.si\/fishgrow\/wp-json\/wp\/v2\/media?parent=43"}],"curies":[{"name":"wp","href":"https:\/\/api.w.org\/{rel}","templated":true}]}}