{"id":30,"date":"2016-04-05T22:13:00","date_gmt":"2016-04-05T22:13:00","guid":{"rendered":"http:\/\/projects.nib.si\/gliostemcell\/?page_id=30"},"modified":"2022-08-02T11:17:01","modified_gmt":"2022-08-02T10:17:01","slug":"references","status":"publish","type":"page","link":"https:\/\/projects.nib.si\/gliostemcell\/references\/","title":{"rendered":"Publications"},"content":{"rendered":"<p><strong>Publications resulting from the project:<\/strong><\/p>\n<h4>Original scientific article<\/h4>\n<p>BREZNIK, Barbara, KO, Meng-Wei, TSE, Christopher, CHEN, Po-Chun, SENJOR, Emanuela, MAJC, Bernarda, HABI\u010c, Anamarija, ANGELILLIS, Nicolas, NOVAK, Metka, \u017dUPUNSKI, Vera, MLAKAR, Jernej, NATHANSON, David, JEWETT, Anahid. Infiltrating natural killer cells bind, lyse and increase chemotherapy efficacy in glioblastoma stem-like tumorospheres.\u00a0<em>Communications biology<\/em>. 2022, vol. 5, str. 1-15, ilustr. ISSN 2399-3642.\u00a0<a href=\"https:\/\/doi.org\/10.1038\/s42003-022-03402-z\">https:\/\/doi.org\/10.1038\/s42003-022-03402-z<\/a>, DOI:\u00a0<a href=\"https:\/\/dx.doi.org\/10.1038\/s42003-022-03402-z\">10.1038\/s42003-022-03402-z<\/a>. [COBISS.SI-ID\u00a0<a href=\"https:\/\/plus.si.cobiss.net\/opac7\/bib\/107677443?lang=sl\">107677443<\/a>]<\/p>\n<p>MAJC, Bernarda, HABI\u010c, Anamarija, NOVAK, Metka, ROTTER, Ana, POR\u010cNIK, Andrej, MLAKAR, Jernej, \u017dUPUNSKI, Vera, PE\u010cAR FONOVI\u0106, Ur\u0161a, KNEZ, Damijan, ZIDAR, Nace, GOBEC, Stanislav, KOS, Janko, LAH TURN\u0160EK, Tamara, PI\u0160LAR, Anja, BREZNIK, Barbara. Upregulation of cathepsin X in glioblastoma : interplay with \u03b3-enolase and the effects of selective cathepsin X inhibitors.\u00a0<em>International journal of molecular sciences<\/em>. 2022, vol. 23, iss. 3, str. 1-22, ilustr. ISSN 1422-0067.\u00a0<a href=\"https:\/\/www.mdpi.com\/1422-0067\/23\/3\/1784\">https:\/\/www.mdpi.com\/1422-0067\/23\/3\/1784<\/a>, DOI:\u00a0<a href=\"https:\/\/dx.doi.org\/10.3390\/ijms23031784\">10.3390\/ijms23031784<\/a>. [COBISS.SI-ID\u00a0<a href=\"https:\/\/plus.si.cobiss.net\/opac7\/bib\/96442883?lang=sl\">96442883<\/a>]<\/p>\n<p>LAH TURN\u0160EK, Tamara, NOVAK, Metka, PENA ALMIDON, Milagros A., MARINELLI, Oliviero, \u017dVAR BA\u0160KOVI\u010c, Barbara, MAJC, Bernarda, MLINAR, Mateja, BO\u0160NJAK, Roman, BREZNIK, Barbara, ZOMER, Roby, NABISSI, Massimo. Cannabigerol is a potential therapeutic agent in a novel combined therapy for glioblastoma.\u00a0<em>Cells<\/em>. 4 Feb. 2021, vol. 10, [article] 340, str. 1-21, ilustr. ISSN 2073-4409.\u00a0<a href=\"https:\/\/www.mdpi.com\/2073-4409\/10\/2\/340\">https:\/\/www.mdpi.com\/2073-4409\/10\/2\/340<\/a>, DOI:\u00a0<a href=\"https:\/\/dx.doi.org\/10.3390\/cells10020340\">10.3390\/cells10020340<\/a>. [COBISS.SI-ID\u00a0<a href=\"https:\/\/plus.si.cobiss.net\/opac7\/bib\/51007747?lang=sl\">51007747<\/a>]<\/p>\n<p>SENJOR, Emanuela, PERI\u0160I\u0106, Milica, BREZNIK, Barbara, MITROVI\u0106, Ana, MLAKAR, Jernej, ROTTER, Ana, POR\u010cNIK, Andrej, LAH TURN\u0160EK, Tamara, KOS, Janko. Cystatin F acts as a mediator of immune suppression in glioblastoma.\u00a0<em>Cellular oncology<\/em>. 2021, vol. 44, no. 5, str.1051-1063. ISSN 2211-3436. DOI:\u00a0<a href=\"https:\/\/dx.doi.org\/10.1007\/s13402-021-00618-9\">10.1007\/s13402-021-00618-9<\/a>. [COBISS.SI-ID\u00a0<a href=\"https:\/\/plus.si.cobiss.net\/opac7\/bib\/69253379?lang=sl\">69253379<\/a>]<\/p>\n<p>HIRA, Vashendriya V. V., MOLENAAR, Remco J., BREZNIK, Barbara, LAH TURN\u0160EK, Tamara, ARONICA, Eleonora, NOORDEN, Cornelis J. F. van. Immunohistochemical detection of neural stem cells and glioblastoma stem cells in the subventricular zone of glioblastoma patients.\u00a0<em>The Journal of histochemistry and cytochemistry<\/em>. 2021, vol. 69, no. 5, str. 349-364, ilustr. ISSN 0022-1554.\u00a0<a href=\"https:\/\/journals.sagepub.com\/doi\/pdf\/10.1369\/0022155421994679\">https:\/\/journals.sagepub.com\/doi\/pdf\/10.1369\/0022155421994679<\/a>, DOI:\u00a0<a href=\"https:\/\/dx.doi.org\/10.1369\/0022155421994679\">10.1369\/0022155421994679<\/a>. [COBISS.SI-ID\u00a0<a href=\"https:\/\/plus.si.cobiss.net\/opac7\/bib\/52902915?lang=sl\">52902915<\/a>]<\/p>\n<p>POR\u010cNIK, Andrej, NOVAK, Metka, BREZNIK, Barbara, MAJC, Bernarda, HRASTAR, Barbara, \u0160AMEC, Neja, ZOTTEL, Alja, JOVCHEVSKA, Ivana, VITTORI, Milo\u0161, ROTTER, Ana, KOMEL, Radovan, LAH TURN\u0160EK, Tamara. TRIM28 selective nanobody reduces glioblastoma stem cell invasion.\u00a0<em>Molecules<\/em>. Aug. 2021, vol. 26, iss. 17, str. 1-16, ilustr. ISSN 1420-3049.\u00a0<a href=\"https:\/\/www.mdpi.com\/1420-3049\/26\/17\/5141\">https:\/\/www.mdpi.com\/1420-3049\/26\/17\/5141<\/a>, DOI:\u00a0<a href=\"https:\/\/dx.doi.org\/10.3390\/molecules26175141\">10.3390\/molecules26175141<\/a>. [COBISS.SI-ID\u00a0<a href=\"https:\/\/plus.si.cobiss.net\/opac7\/bib\/74227715?lang=sl\">74227715<\/a>]<\/p>\n<p>HIRA, Vashendriya V. V., BREZNIK, Barbara, NOORDEN, Cornelis J. F. van, LAH TURN\u0160EK, Tamara, MOLENAAR, Remco J. 2D and 3D in vitro assays to quantify the invasive behavior of glioblastoma stem cells in response to SDF-1[alpha].\u00a0<em>Biotechniques<\/em>. [Print ed.]. 2020, vol. 69, no. 5, str. 339-346. ISSN 0736-6205.\u00a0<a href=\"http:\/\/dx.doi.org\/10.2144\/btn-2020-0046\">http:\/\/dx.doi.org\/10.2144\/btn-2020-0046<\/a>, DOI:\u00a0<a href=\"https:\/\/dx.doi.org\/10.2144\/btn-2020-0046\">10.2144\/btn-2020-0046<\/a>. [COBISS.SI-ID\u00a0<a href=\"https:\/\/plus.si.cobiss.net\/opac7\/bib\/26930691?lang=sl\">26930691<\/a>]<\/p>\n<p>\u0160TAMPAR, Martina, BREZNIK, Barbara, FILIPI\u010c, Metka, \u017dEGURA, Bojana. Characterization of In vitro 3D cell model developed from human hepatocellular carcinoma (HepG2) cell line.\u00a0<em>Cells<\/em>. Nov. 2020, vol. 9, iss. 12, str. 1-19, ilustr. ISSN 2073-4409.\u00a0<a href=\"https:\/\/www.mdpi.com\/2073-4409\/9\/12\/2557\">https:\/\/www.mdpi.com\/2073-4409\/9\/12\/2557<\/a>, DOI:\u00a0<a href=\"https:\/\/dx.doi.org\/10.3390\/cells9122557\">10.3390\/cells9122557<\/a>. [COBISS.SI-ID\u00a0<a href=\"https:\/\/plus.si.cobiss.net\/opac7\/bib\/40005123?lang=sl\">40005123<\/a>]<\/p>\n<p>NOVAK, Metka, KOPRIVNIKAR KRAJNC, Miha, HRASTAR, Barbara, BREZNIK, Barbara, MAJC, Bernarda, MLINAR, Mateja, ROTTER, Ana, POR\u010cNIK, Andrej, MLAKAR, Jernej, STARE, Katja, PESTELL, Richard G., LAH TURN\u0160EK, Tamara. CCR5-mediated signaling is involved in invasion of glioblastoma cells in its microenvironment.\u00a0<em>International journal of molecular sciences<\/em>. 12 Jun. 2020, vol. 21, iss. 12, str. 1-20, ilustr. ISSN 1422-0067.\u00a0<a href=\"https:\/\/www.mdpi.com\/1422-0067\/21\/12\/4199\">https:\/\/www.mdpi.com\/1422-0067\/21\/12\/4199<\/a>. [COBISS.SI-ID\u00a0<a href=\"https:\/\/plus.si.cobiss.net\/opac7\/bib\/19416067?lang=sl\">19416067<\/a>]<\/p>\n<h4>Review articles<\/h4>\n<p>NOORDEN, Cornelis J. F. van, BREZNIK, Barbara, NOVAK, Metka, DIJCK, Amber J. van, TANAN, Saloua, VITTORI, Milo\u0161, BOGATAJ, Urban, BAKKER, No\u00eblle, KHOURY, Joseph D., MOLENAAR, Remco J., HIRA, Vashendriya V. V. Cell biology meets cell metabolism and bone marrow : energy production is similar in stem cells and in cancer stem cells in brain.\u00a0<em>The Journal of histochemistry and cytochemistry<\/em>. 2022, vol. 70, iss. 1, str. 29-51, ilustr. ISSN 0022-1554.\u00a0<a href=\"https:\/\/journals.sagepub.com\/doi\/pdf\/10.1369\/00221554211054585\">https:\/\/journals.sagepub.com\/doi\/pdf\/10.1369\/00221554211054585<\/a>, DOI:\u00a0<a href=\"https:\/\/dx.doi.org\/10.1369\/00221554211054585\">10.1369\/00221554211054585<\/a>. [COBISS.SI-ID\u00a0<a href=\"https:\/\/plus.si.cobiss.net\/opac7\/bib\/83618307?lang=sl\">83618307<\/a>]<\/p>\n<p>\u017dAVBI, Ju\u0161, BREZNIK, Barbara. Modelling the microenvironment of the most aggressive brain tumours for preclinical studies.\u00a0<em>Advances in cancer biology. Metastasis<\/em>. 3. dec. 2021, vol. 3, str. 1-10, ilustr. ISSN 2667-3940.\u00a0<a href=\"https:\/\/www.sciencedirect.com\/science\/article\/pii\/S2667394021000174?via%3Dihub\">https:\/\/www.sciencedirect.com\/science\/article\/pii\/S2667394021000174?via%3Dihub<\/a>, DOI:\u00a0<a href=\"https:\/\/dx.doi.org\/10.1016\/j.adcanc.2021.100017\">10.1016\/j.adcanc.2021.100017<\/a>. [COBISS.SI-ID\u00a0<a href=\"https:\/\/plus.si.cobiss.net\/opac7\/bib\/87474179?lang=sl\">87474179<\/a>]<\/p>\n<p>MAJC, Bernarda, NOVAK, Metka, KOPITAR-JERALA, Nata\u0161a, JEWETT, Anahid, BREZNIK, Barbara. Immunotherapy of glioblastoma: current strategies and challenges in tumor model development.\u00a0<em>Cells<\/em>. 29 Jan. 2021, iss. 2, [article] 265, str. 1-22, ilustr. ISSN 2073-4409.\u00a0<a href=\"https:\/\/www.mdpi.com\/2073-4409\/10\/2\/265\/htm\">https:\/\/www.mdpi.com\/2073-4409\/10\/2\/265\/htm<\/a>, DOI:\u00a0<a href=\"https:\/\/dx.doi.org\/10.3390\/cells10020265\">10.3390\/cells10020265<\/a>. [COBISS.SI-ID\u00a0<a href=\"https:\/\/plus.si.cobiss.net\/opac7\/bib\/50244611?lang=sl\">50244611<\/a>]<\/p>\n<p>NOORDEN, Cornelis J. F. van, HIRA, Vashendriya V. V., DIJCK, Amber J. van, NOVAK, Metka, BREZNIK, Barbara, MOLENAAR, Remco J. Energy metabolism in IDH1 wild-type and IDH1-mutated glioblastoma stem cells : a novel target for therapy?.\u00a0<em>Cells<\/em>. 2021, vol. 10, iss. 3, str. 1-15, ilustr. ISSN 2073-4409.\u00a0<a href=\"https:\/\/www.mdpi.com\/2073-4409\/10\/3\/705\">https:\/\/www.mdpi.com\/2073-4409\/10\/3\/705<\/a>, DOI:\u00a0<a href=\"https:\/\/dx.doi.org\/10.3390\/cells10030705\">10.3390\/cells10030705<\/a>. [COBISS.SI-ID\u00a0<a href=\"https:\/\/plus.si.cobiss.net\/opac7\/bib\/59095043?lang=sl\">59095043<\/a>]<\/p>\n<p>HABI\u010c, Anamarija, NOVAK, Metka, MAJC, Bernarda, LAH TURN\u0160EK, Tamara, BREZNIK, Barbara. Proteases regulate cancer stem cell properties and remodel their microenvironment.\u00a0<em>Journal of histochemistry and cytochemistry<\/em>. [Online ed.]. 2021, vol. 69, iss. 12, str. 775-794. ISSN 1551-5044.\u00a0<a href=\"https:\/\/journals.sagepub.com\/eprint\/YQQ85PXFRP4UY53ZZNIR\/full\">https:\/\/journals.sagepub.com\/eprint\/YQQ85PXFRP4UY53ZZNIR\/full<\/a>, DOI:\u00a0<a href=\"https:\/\/dx.doi.org\/10.1369\/00221554211035192\">10.1369\/00221554211035192<\/a>. [COBISS.SI-ID\u00a0<a href=\"https:\/\/plus.si.cobiss.net\/opac7\/bib\/71913475?lang=sl\">71913475<\/a>]<\/p>\n<p>MAJC, Bernarda, SEVER, Tilen, ZARI\u0106, Miki, BREZNIK, Barbara, TURK, Boris, LAH TURN\u0160EK, Tamara. Epithelial-to-mesenchymal transition as the driver of changing carcinoma and glioblastoma microenvironment.\u00a0<em>Biochimica et biophysica acta. BBA, Molecular cell research<\/em>. [Print ed.]. Oct. 2020, vol. 1867, iss. 10, str. 118782, 1-14, ilustr. ISSN 0167-4889. DOI:\u00a0<a href=\"https:\/\/dx.doi.org\/10.1016\/j.bbamcr.2020.118782\">10.1016\/j.bbamcr.2020.118782<\/a>. [COBISS.SI-ID\u00a0<a href=\"https:\/\/plus.si.cobiss.net\/opac7\/bib\/21291011?lang=sl\">21291011<\/a>]<\/p>\n<p>LAH TURN\u0160EK, Tamara, NOVAK, Metka, BREZNIK, Barbara. Brain malignancies : glioblastoma and brain metastases.\u00a0<em>Seminars in cancer biology<\/em>. [Print ed.]. 2020, vol. 60, str. 262-273. ISSN 1044-579X. DOI:\u00a0<a href=\"https:\/\/dx.doi.org\/10.1016\/j.semcancer.2019.10.010\">10.1016\/j.semcancer.2019.10.010<\/a>. [COBISS.SI-ID\u00a0<a href=\"https:\/\/plus.si.cobiss.net\/opac7\/bib\/5208399?lang=sl\">5208399<\/a>]<\/p>\n<h4>Published scientific conference contribution (invited lecture)<\/h4>\n<p>BREZNIK, Barbara, MAJC, Bernarda, HABI\u010c, Anamarija, U\u0160ENI\u010cNIK, Ur\u0161ka, POR\u010cNIK, Andrej, BO\u0160NJAK, Roman, MLAKAR, Jernej, SKOBLAR VIDMAR, Marija, JESENKO, Tanja, \u010cEMA\u017dAR, Maja, LAH TURN\u0160EK, Tamara, NOVAK, Metka. Odpornost glioblastoma na radioterapijo : vpliv rakavih mati\u010dnih celic in mikroo[ko]lja tumorja. V: MARINKO, Tanja (ur.), \u010cEMA\u017dAR, Maja (ur.), KRANJC BREZAR, Simona (ur.).\u00a0<em>Novosti na podro\u010dju radioterapije in radiobiologije: od raziskav do klinike : zbornik prispevkov in povzetkov : znanstveni simpozij : 3. junij 2022, Onkolo\u0161ki in\u0161titut Ljubljana<\/em>. 1. izd. Ljubljana: Onkolo\u0161ki in\u0161titut: Zdru\u017eenje za radioterapijo in onkologijo pri Slovenskem zdravni\u0161kem dru\u0161tvu, 2022. Str. 12-15. ISBN 978-961-7029-45-1. [COBISS.SI-ID\u00a0<a href=\"https:\/\/plus.si.cobiss.net\/opac7\/bib\/111104003?lang=sl\">111104003<\/a>]<\/p>\n<h4>Unpublished conference contribution<\/h4>\n<p>BREZNIK, Barbara, MAJC, Bernarda.\u00a0<em>Ni\u0161e mati\u010dnih celic glioblastoma in modeli glioblastoma : Zaklju\u010dna konferenca projekta TRANS-GLIOMA: Nove terapije glioblastoma z uporabo \u010dezmejne raziskovalne translacijske platforme, Projekt, financiran v okviru Programa sodelovanja Interreg V-A Italija-Slovenija 2014-2020 iz sredstev Evropskega sklada za regionalni razvoj in nacionalnih sredstev. 23. april 2021, virtualna konferenca<\/em>. [COBISS.SI-ID\u00a0<a href=\"https:\/\/plus.si.cobiss.net\/opac7\/bib\/61088003?lang=sl\">61088003<\/a>]<\/p>\n<p><strong>Master thesis<\/strong><\/p>\n<p>KRAPE\u017d, Gloria.\u00a0<em>U\u010dinek antagonista kemokinskega receptorja CXCR4 na viabilnost in invazijo organoidov glioblastoma : magistrsko delo : magistrski \u0161tudij &#8211; 2. stopnja = The effect of CXCR4 receptor antagonist on viability and invasion of glioblastoma organoids : M. Sc. Thesis : Master Study Programmes<\/em>. Ljubljana: [G. Krape\u017e], 2021. X, 67, [1] f., ilustr.\u00a0<a href=\"https:\/\/repozitorij.uni-lj.si\/IzpisGradiva.php?id=129779\">https:\/\/repozitorij.uni-lj.si\/IzpisGradiva.php?id=129779<\/a>. [COBISS.SI-ID\u00a0<a href=\"https:\/\/plus.si.cobiss.net\/opac7\/bib\/75912707?lang=sl\">75912707<\/a>]<br \/>\nU\u0160ENI\u010cNIK, Ur\u0161ka.\u00a0<em>Vpliv obsevanja na glioblastomske mati\u010dne celice in mezenhimske mati\u010dne celice v kokulturi : magistrsko delo = Effect of ionization on glioblastoma stem cells and mesenchymal stem cells in coculture : M. Sc. thesis<\/em>. Ljubljana: [U. U\u0161eni\u010dnik], 2022. XI, 53 str., ilustr. [COBISS.SI-ID\u00a0<a href=\"https:\/\/plus.si.cobiss.net\/opac7\/bib\/101355011?lang=sl\">101355011<\/a>]<\/p>\n<p>BO\u017dI\u010c, Lara.\u00a0<em>Vpliv mezenhimskih mati\u010dnih celic na proliferacijo in invazivnost celic glioblastoma v mo\u017eganih zarodkov cebric (Danio rerio) : magistrsko delo = Impact of mesenchymal stem cells on the proliferation and invasion of glioblastoma cells in the zebrafish (Danio rerio) embryonic brain : M. Sc. thesis<\/em>. Ljubljana: [L. Bo\u017ei\u010d], 2021. X, 47 f., ilustr. [COBISS.SI-ID\u00a0<a href=\"https:\/\/plus.si.cobiss.net\/opac7\/bib\/72131331?lang=sl\">72131331<\/a>]<\/p>\n<p>\u0160IJANEC, Nika.\u00a0<em>Interakcije med celicami glioblastoma in mezenhimskimi mati\u010dnimi celicami in vitro ter v mo\u017eganih cebric : magistrsko delo : magistrski \u0161tudij &#8211; 2. stopnja = Interactions between glioblastoma cells and mesenchymal stem cells in vitro and in the zebrafish brain : M. Sc. Thesis : Master Study Programmes<\/em>. Ljubljana: [N. \u0160ijanec], 2020. X, 51, [1] f., ilustr.\u00a0<a href=\"https:\/\/repozitorij.uni-lj.si\/IzpisGradiva.php?id=120565\">https:\/\/repozitorij.uni-lj.si\/IzpisGradiva.php?id=120565<\/a>. [COBISS.SI-ID\u00a0<a href=\"https:\/\/plus.si.cobiss.net\/opac7\/bib\/34552835?lang=sl\">34552835<\/a>]<\/p>\n<p>&nbsp;<\/p>\n<p><strong>Previous\u00a0publications of the project&#8217;s working group related to this project:<\/strong><\/p>\n<p>HIRA, Vashendriya V. V., BREZNIK, Barbara, VITTORI, Milo\u0161, JONG, Annique Loncq de, MLAKAR, Jernej, OOSTRA, Roelof-Jan, KHURSHED, Mohammed, MOLENAAR, Remco J., LAH TURN\u0160EK, Tamara, NOORDEN, Cornelis J. F. van. Similarities between stem cell niches in glioblastoma and bone marrow : rays of hope for novel treatment strategies. <i>The Journal of histochemistry and cytochemistry<\/i>. 2020, vol. 68, no. 1, str. 33-57. ISSN 0022-1554. DOI: <a href=\"https:\/\/dx.doi.org\/10.1369\/0022155419878416\" target=\"_blank\">10.1369\/0022155419878416<\/a>. [COBISS.SI-ID <a href=\"https:\/\/plus.si.cobiss.net\/opac7\/bib\/5208655?lang=en\" target=\"_blank\">5208655<\/a>]<\/p>\n<p>BREZNIK, Barbara, MOTALN, Helena, VITTORI, Milo\u0161, ROTTER, Ana, LAH TURN\u0160EK, Tamara. Mesenchymal stem cells differentially affect the invasion of distinct glioblastoma cell lines. <i>Oncotarget<\/i>. 2017, vol. 8, no. 15, str. 25482-25499. ISSN 1949-2553. DOI: <a href=\"https:\/\/dx.doi.org\/10.18632\/oncotarget.16041\" target=\"_blank\">10.18632\/oncotarget.16041<\/a>. [COBISS.SI-ID <a href=\"https:\/\/plus.si.cobiss.net\/opac7\/bib\/4238415?lang=en\" target=\"_blank\">4238415<\/a>]<\/p>\n<p>BREZNIK, Barbara, MOTALN, Helena, LAH TURN\u0160EK, Tamara. Proteases and cytokines as mediators of interactions between cancer and stromal cells in tumours. <i>Biological chemistry<\/i>. 2017, vol. 398, no. 7, str. 709-719. ISSN 1431-6730. DOI: <a href=\"https:\/\/dx.doi.org\/10.1515\/hsz-2016-0283\" target=\"_blank\">10.1515\/hsz-2016-0283<\/a>. [COBISS.SI-ID <a href=\"https:\/\/plus.si.cobiss.net\/opac7\/bib\/4176463?lang=en\" target=\"_blank\">4176463<\/a>]<\/p>\n<p>VITTORI, Milo\u0161, BREZNIK, Barbara, GREDAR, Tajda, HROVAT, Katja, BIZJAK-MALI, Lilijana, LAH TURN\u0160EK, Tamara. Imaging of human glioblastoma cells and their interactions with mesenchymal stem cells in the zebrafish (Danio rerio) embryonic brain. <i>Radiology and oncology<\/i>. [Print ed.]. 2016, vol. 50, no. 2, str. 159-167, iii, ilustr. ISSN 1318-2099. DOI: <a href=\"https:\/\/dx.doi.org\/10.1515\/raon-2016-0017\" target=\"_blank\">10.1515\/raon-2016-0017<\/a>. [COBISS.SI-ID <a href=\"https:\/\/plus.si.cobiss.net\/opac7\/bib\/3853391?lang=en\" target=\"_blank\">3853391<\/a>]<\/p>\n","protected":false},"excerpt":{"rendered":"<p>Publications resulting from the project: Original scientific article BREZNIK, Barbara, KO, Meng-Wei, TSE, Christopher, CHEN, Po-Chun, SENJOR, Emanuela, MAJC, Bernarda, HABI\u010c, Anamarija, ANGELILLIS, Nicolas, NOVAK, Metka, \u017dUPUNSKI, Vera, MLAKAR, Jernej, NATHANSON, David, JEWETT, Anahid. Infiltrating natural killer cells bind, lyse and increase chemotherapy efficacy in glioblastoma stem-like tumorospheres.\u00a0Communications biology. 2022, vol. 5, str. 1-15, ilustr. [&hellip;]<\/p>\n","protected":false},"author":3,"featured_media":0,"parent":0,"menu_order":3,"comment_status":"closed","ping_status":"closed","template":"page-fullwidth.php","meta":{"jetpack_post_was_ever_published":false,"footnotes":""},"class_list":["post-30","page","type-page","status-publish","hentry"],"jetpack_sharing_enabled":true,"jetpack_shortlink":"https:\/\/wp.me\/P7OqMV-u","jetpack-related-posts":[],"_links":{"self":[{"href":"https:\/\/projects.nib.si\/gliostemcell\/wp-json\/wp\/v2\/pages\/30","targetHints":{"allow":["GET"]}}],"collection":[{"href":"https:\/\/projects.nib.si\/gliostemcell\/wp-json\/wp\/v2\/pages"}],"about":[{"href":"https:\/\/projects.nib.si\/gliostemcell\/wp-json\/wp\/v2\/types\/page"}],"author":[{"embeddable":true,"href":"https:\/\/projects.nib.si\/gliostemcell\/wp-json\/wp\/v2\/users\/3"}],"replies":[{"embeddable":true,"href":"https:\/\/projects.nib.si\/gliostemcell\/wp-json\/wp\/v2\/comments?post=30"}],"version-history":[{"count":28,"href":"https:\/\/projects.nib.si\/gliostemcell\/wp-json\/wp\/v2\/pages\/30\/revisions"}],"predecessor-version":[{"id":376,"href":"https:\/\/projects.nib.si\/gliostemcell\/wp-json\/wp\/v2\/pages\/30\/revisions\/376"}],"wp:attachment":[{"href":"https:\/\/projects.nib.si\/gliostemcell\/wp-json\/wp\/v2\/media?parent=30"}],"curies":[{"name":"wp","href":"https:\/\/api.w.org\/{rel}","templated":true}]}}