{"id":30,"date":"2016-04-05T22:13:00","date_gmt":"2016-04-05T22:13:00","guid":{"rendered":"http:\/\/projects.nib.si\/glioviz\/?page_id=30"},"modified":"2024-03-19T14:52:22","modified_gmt":"2024-03-19T13:52:22","slug":"references","status":"publish","type":"page","link":"https:\/\/projects.nib.si\/glioviz\/references\/","title":{"rendered":"Publications"},"content":{"rendered":"\n<p>1. MAJC, Bernarda, HABI\u010c, Anamarija, MALAVOLTA, Marta, VITTORI, Milo\u0161, POR\u010cNIK, Andrej, BO\u0160NJAK, Roman, MLAKAR, Jernej, MATJA\u0160I\u010c, Alenka, ZUPAN, Andrej, SKOBLAR VIDMAR, Marija, LAH TURN\u0160EK, Tamara, SADIKOV, Aleksander, BREZNIK, Barbara, NOVAK, Metka. Patient-derived organoids mimic glioblastoma resistance to therapy and increase DNA Damage Response.\u00a0<em>iScience<\/em>. [Online ed.]. 2023, vol. , no. , str. [1-10]. ISSN 2589-0042. DOI:\u00a0<a rel=\"noreferrer noopener\" href=\"https:\/\/dx.doi.org\/10.2139\/ssrn.4545256\" target=\"_blank\">10.2139\/ssrn.4545256<\/a>. [COBISS.SI-ID\u00a0<a rel=\"noreferrer noopener\" href=\"https:\/\/plus.cobiss.net\/cobiss\/si\/sl\/bib\/167651587\" target=\"_blank\">167651587<\/a>], [<a rel=\"noreferrer noopener\" href=\"https:\/\/plus.cobiss.net\/cobiss\/si\/sl\/jcr?c=sc=2589-0042+and+PY=2022&amp;r1=true&amp;\" target=\"_blank\">JCR<\/a>,\u00a0<a rel=\"noreferrer noopener\" href=\"https:\/\/plus.cobiss.net\/cobiss\/si\/sl\/snip?c=sc=2589-0042+and+PY=2022&amp;r1=true&amp;\" target=\"_blank\">SNIP<\/a>]<\/p>\n\n\n\n<p>2. ZOTTEL, Alja (avtor, koresponden\u010dni avtor), NOVAK, Metka, \u0160AMEC, Neja, MAJC, Bernarda, COLJA, Sara, KATRA\u0160NIK, Mojca, VITTORI, Milo\u0161, HRASTAR, Barbara, ROTTER, Ana, POR\u010cNIK, Andrej, LAH TURN\u0160EK, Tamara, KOMEL, Radovan, BREZNIK, Barbara, JOVCHEVSKA, Ivana (avtor, koresponden\u010dni avtor). Anti-vimentin nanobody decreases glioblastoma cell invasion in vitro and in vivo.\u00a0<em>Cancers<\/em>. 2023, vol. 15, no. 3, str. 1-14, ilustr. ISSN 2072-6694.\u00a0<a rel=\"noreferrer noopener\" href=\"https:\/\/www.mdpi.com\/2072-6694\/15\/3\/573\" target=\"_blank\">https:\/\/www.mdpi.com\/2072-6694\/15\/3\/573<\/a>,\u00a0<a rel=\"noreferrer noopener\" href=\"https:\/\/repozitorij.uni-lj.si\/IzpisGradiva.php?id=154097\" target=\"_blank\">Repozitorij Univerze v Ljubljani \u2013 RUL<\/a>, DOI:\u00a0<a rel=\"noreferrer noopener\" href=\"https:\/\/dx.doi.org\/10.3390\/cancers15030573\" target=\"_blank\">10.3390\/cancers15030573<\/a>. [COBISS.SI-ID\u00a0<a rel=\"noreferrer noopener\" href=\"https:\/\/plus.cobiss.net\/cobiss\/si\/sl\/bib\/138228995\" target=\"_blank\">138228995<\/a>], [<a rel=\"noreferrer noopener\" href=\"https:\/\/plus.cobiss.net\/cobiss\/si\/sl\/jcr?c=sc=2072-6694+and+PY=2022&amp;r1=true&amp;\" target=\"_blank\">JCR<\/a>,\u00a0<a rel=\"noreferrer noopener\" href=\"https:\/\/plus.cobiss.net\/cobiss\/si\/sl\/snip?c=sc=2072-6694+and+PY=2022&amp;r1=true&amp;\" target=\"_blank\">SNIP<\/a>)<\/p>\n","protected":false},"excerpt":{"rendered":"<p>1. MAJC, Bernarda, HABI\u010c, Anamarija, MALAVOLTA, Marta, VITTORI, Milo\u0161, POR\u010cNIK, Andrej, BO\u0160NJAK, Roman, MLAKAR, Jernej, MATJA\u0160I\u010c, Alenka, ZUPAN, Andrej, SKOBLAR VIDMAR, Marija, LAH TURN\u0160EK, Tamara, SADIKOV, Aleksander, BREZNIK, Barbara, NOVAK, Metka. Patient-derived organoids mimic glioblastoma resistance to therapy and increase DNA Damage Response.\u00a0iScience. [Online ed.]. 2023, vol. , no. , str. [1-10]. ISSN 2589-0042. DOI:\u00a010.2139\/ssrn.4545256. [&hellip;]<\/p>\n","protected":false},"author":3,"featured_media":0,"parent":0,"menu_order":3,"comment_status":"closed","ping_status":"closed","template":"page-fullwidth.php","meta":{"jetpack_post_was_ever_published":false,"footnotes":""},"class_list":["post-30","page","type-page","status-publish","hentry"],"jetpack_sharing_enabled":true,"jetpack_shortlink":"https:\/\/wp.me\/P7OqMV-u","jetpack-related-posts":[],"_links":{"self":[{"href":"https:\/\/projects.nib.si\/glioviz\/wp-json\/wp\/v2\/pages\/30","targetHints":{"allow":["GET"]}}],"collection":[{"href":"https:\/\/projects.nib.si\/glioviz\/wp-json\/wp\/v2\/pages"}],"about":[{"href":"https:\/\/projects.nib.si\/glioviz\/wp-json\/wp\/v2\/types\/page"}],"author":[{"embeddable":true,"href":"https:\/\/projects.nib.si\/glioviz\/wp-json\/wp\/v2\/users\/3"}],"replies":[{"embeddable":true,"href":"https:\/\/projects.nib.si\/glioviz\/wp-json\/wp\/v2\/comments?post=30"}],"version-history":[{"count":29,"href":"https:\/\/projects.nib.si\/glioviz\/wp-json\/wp\/v2\/pages\/30\/revisions"}],"predecessor-version":[{"id":427,"href":"https:\/\/projects.nib.si\/glioviz\/wp-json\/wp\/v2\/pages\/30\/revisions\/427"}],"wp:attachment":[{"href":"https:\/\/projects.nib.si\/glioviz\/wp-json\/wp\/v2\/media?parent=30"}],"curies":[{"name":"wp","href":"https:\/\/api.w.org\/{rel}","templated":true}]}}