{"id":30,"date":"2016-04-05T22:13:00","date_gmt":"2016-04-05T22:13:00","guid":{"rendered":"http:\/\/projects.nib.si\/godyno\/?page_id=30"},"modified":"2026-03-19T17:52:47","modified_gmt":"2026-03-19T16:52:47","slug":"references","status":"publish","type":"page","link":"https:\/\/projects.nib.si\/godyno\/references\/","title":{"rendered":"Publications"},"content":{"rendered":"<p><strong>Publications resulting from the project:<\/strong><\/p>\n<p>Habic et al. Glioblastoma\u2013natural killer cell crosstalk: insights from dynamic spheroid models reveal the importance of secreted cytokines and the CD155 axis, preprint: <a href=\"https:\/\/www.biorxiv.org\/content\/10.1101\/2025.10.29.685263v1\">Glioblastoma\u2013natural killer cell crosstalk: insights from dynamic spheroid models reveal the importance of secreted cytokines and the CD155 axis | bioRxiv<\/a><\/p>\n<p>Taleban, H., Li, X., Ali, Z., Kalesh, K., Prakash, J., Bagci-Onder, T., &amp; Breznik, B. (2026). Integrating computational fluid dynamics into organ-on-chip systems: a glioblastoma-centred design and validation framework.\u00a0<em>Frontiers in bioengineering and biotechnology<\/em>,\u00a0<em>13<\/em>, 1716813. <a href=\"https:\/\/doi.org\/10.3389\/fbioe.2025.1716813\">https:\/\/doi.org\/10.3389\/fbioe.2025.1716813<\/a><\/p>\n<p>Blazic, A., Majc, B., Novak, M., Breznik, B., &amp; Rems, L. (2025). Invasive properties of patient-derived glioblastoma cells after reversible electroporation\u00a0<em>in vitro<\/em>.\u00a0<em>Radiology and oncology<\/em>,\u00a0<em>59<\/em>(4), 535\u2013550. <a href=\"https:\/\/doi.org\/10.2478\/raon-2025-0058\">https:\/\/doi.org\/10.2478\/raon-2025-0058<\/a><\/p>\n<p>Senjor, E., Habi\u010d, A., \u0160vajger, U., Mitrovi\u0107, A., Proj, M., Por\u010dnik, A., Prestor, B., Jerala, M., Bo\u0161njak, M., Gobec, S., Breznik, B., Kos, J., &amp; Peri\u0161i\u0107 Nanut, M. (2025). Targeting cystatin F activation enhances NK cell cytotoxicity in glioblastoma models.\u00a0<em>Frontiers in immunology<\/em>,\u00a0<em>16<\/em>, 1708281. <a href=\"https:\/\/doi.org\/10.3389\/fimmu.2025.1708281\">https:\/\/doi.org\/10.3389\/fimmu.2025.1708281<\/a><\/p>\n<p>Bogataj, U., Novak, M., Galun, S. K., Tacer, K. F., Vittori, M., Noorden, C. J. F. V., &amp; Breznik, B. (2025). Heterogenous mitochondrial ultrastructure and metabolism of human glioblastoma cells: differences between stem-like and differentiated cancer cells in response to chemotherapy.\u00a0<em>Radiology and oncology<\/em>,\u00a0<em>59<\/em>(4), 551\u2013565. <a href=\"https:\/\/doi.org\/10.2478\/raon-2025-0056\">https:\/\/doi.org\/10.2478\/raon-2025-0056<\/a><\/p>\n<p>&nbsp;<\/p>\n<p><strong>Link to accessible NRRP (Data Management Plan):<\/strong><\/p>\n","protected":false},"excerpt":{"rendered":"<p>Publications resulting from the project: Habic et al. Glioblastoma\u2013natural killer cell crosstalk: insights from dynamic spheroid models reveal the importance of secreted cytokines and the CD155 axis, preprint: Glioblastoma\u2013natural killer cell crosstalk: insights from dynamic spheroid models reveal the importance of secreted cytokines and the CD155 axis | bioRxiv Taleban, H., Li, X., Ali, Z., [&hellip;]<\/p>\n","protected":false},"author":3,"featured_media":0,"parent":0,"menu_order":3,"comment_status":"closed","ping_status":"closed","template":"page-fullwidth.php","meta":{"jetpack_post_was_ever_published":false,"footnotes":""},"class_list":["post-30","page","type-page","status-publish","hentry"],"jetpack_sharing_enabled":true,"jetpack_shortlink":"https:\/\/wp.me\/P7OqMV-u","jetpack-related-posts":[],"_links":{"self":[{"href":"https:\/\/projects.nib.si\/godyno\/wp-json\/wp\/v2\/pages\/30","targetHints":{"allow":["GET"]}}],"collection":[{"href":"https:\/\/projects.nib.si\/godyno\/wp-json\/wp\/v2\/pages"}],"about":[{"href":"https:\/\/projects.nib.si\/godyno\/wp-json\/wp\/v2\/types\/page"}],"author":[{"embeddable":true,"href":"https:\/\/projects.nib.si\/godyno\/wp-json\/wp\/v2\/users\/3"}],"replies":[{"embeddable":true,"href":"https:\/\/projects.nib.si\/godyno\/wp-json\/wp\/v2\/comments?post=30"}],"version-history":[{"count":26,"href":"https:\/\/projects.nib.si\/godyno\/wp-json\/wp\/v2\/pages\/30\/revisions"}],"predecessor-version":[{"id":394,"href":"https:\/\/projects.nib.si\/godyno\/wp-json\/wp\/v2\/pages\/30\/revisions\/394"}],"wp:attachment":[{"href":"https:\/\/projects.nib.si\/godyno\/wp-json\/wp\/v2\/media?parent=30"}],"curies":[{"name":"wp","href":"https:\/\/api.w.org\/{rel}","templated":true}]}}