{"id":240,"date":"2022-12-29T11:51:33","date_gmt":"2022-12-29T10:51:33","guid":{"rendered":"http:\/\/projects.nib.si\/greenforwaters\/?page_id=240"},"modified":"2022-12-30T15:08:57","modified_gmt":"2022-12-30T14:08:57","slug":"povzetek","status":"publish","type":"page","link":"https:\/\/projects.nib.si\/greenforwaters\/povzetek\/","title":{"rendered":"Povzetek"},"content":{"rendered":"<p><img data-recalc-dims=\"1\" loading=\"lazy\" decoding=\"async\" data-attachment-id=\"253\" data-permalink=\"https:\/\/projects.nib.si\/greenforwaters\/povzetek\/greenwaters-slo-2\/\" data-orig-file=\"https:\/\/i0.wp.com\/projects.nib.si\/greenforwaters\/wp-content\/uploads\/sites\/52\/2022\/12\/greenwaters-slo-1.png?fit=1140%2C722&amp;ssl=1\" data-orig-size=\"1140,722\" data-comments-opened=\"1\" data-image-meta=\"{&quot;aperture&quot;:&quot;0&quot;,&quot;credit&quot;:&quot;&quot;,&quot;camera&quot;:&quot;&quot;,&quot;caption&quot;:&quot;&quot;,&quot;created_timestamp&quot;:&quot;0&quot;,&quot;copyright&quot;:&quot;&quot;,&quot;focal_length&quot;:&quot;0&quot;,&quot;iso&quot;:&quot;0&quot;,&quot;shutter_speed&quot;:&quot;0&quot;,&quot;title&quot;:&quot;&quot;,&quot;orientation&quot;:&quot;0&quot;}\" data-image-title=\"greenwaters-slo\" data-image-description=\"\" data-image-caption=\"\" data-large-file=\"https:\/\/i0.wp.com\/projects.nib.si\/greenforwaters\/wp-content\/uploads\/sites\/52\/2022\/12\/greenwaters-slo-1.png?fit=1024%2C649&amp;ssl=1\" class=\"alignnone size-full wp-image-253\" src=\"https:\/\/i0.wp.com\/projects.nib.si\/greenforwaters\/wp-content\/uploads\/sites\/52\/2022\/12\/greenwaters-slo-1.png?resize=1140%2C722\" alt=\"greenwaters-slo\" width=\"1140\" height=\"722\" srcset=\"https:\/\/i0.wp.com\/projects.nib.si\/greenforwaters\/wp-content\/uploads\/sites\/52\/2022\/12\/greenwaters-slo-1.png?w=1140&amp;ssl=1 1140w, https:\/\/i0.wp.com\/projects.nib.si\/greenforwaters\/wp-content\/uploads\/sites\/52\/2022\/12\/greenwaters-slo-1.png?resize=300%2C190&amp;ssl=1 300w, https:\/\/i0.wp.com\/projects.nib.si\/greenforwaters\/wp-content\/uploads\/sites\/52\/2022\/12\/greenwaters-slo-1.png?resize=768%2C486&amp;ssl=1 768w, https:\/\/i0.wp.com\/projects.nib.si\/greenforwaters\/wp-content\/uploads\/sites\/52\/2022\/12\/greenwaters-slo-1.png?resize=1024%2C649&amp;ssl=1 1024w\" sizes=\"auto, (max-width: 1000px) 100vw, 1000px\" \/><\/p>\n<p>Vse ve\u010dja antropogena spremenjenost celinskih voda prina\u0161a raznolike izzive. Skupni imenovalec vseh te\u017eav povezanih z vodo je uni\u010denje odpornosti na spremembe vodnih ekosistemov z zmanj\u0161evanjem biotske raznovrstnosti. Navkljub velikim ambicijam in strategijam za izbolj\u0161anje ekolo\u0161kega stanja voda (npr. Evropska vodna direktiva 2000) in ohranjanje ter za\u0161\u010dito biotske pestrosti (npr. EEA 2020, Natura 2000, Strategija biotske pestrosti 2030) se nekatere te\u017eave povezane z vodo \u0161e vedno poslab\u0161ujejo. Ena izmed pere\u010dih te\u017eav, ki povzro\u010da upad biotske raznovrstnosti, so s hranili onesna\u017eena (evtrofna) jezera in zadr\u017eevalniki. Glede na zbrane podatke Evropske vodne direktive je takih jezer in zadr\u017eevalnikov v osrednji Evropi kar tri \u010detrtine, v Sloveniji pa kar 83 %. S stali\u0161\u010da ekosistemskih storitev je evtrofna voda neprimerna za zagotavljanje dobrega ekolo\u0161kega stanja vode, rekreacijskih in estetskih vrednost, predvsem pa taka voda ne zagotavlja podporne ekosistemske funkcije. Zaradi motenj v kro\u017eenju vode in hranil ter zmanj\u0161ane biotske pestrosti je tako vodno telo namre\u010d manj odporno na prilagajanje podnebnim in drugim spremembam v okolju. Zelo pogosto imajo take vode te\u017eave s prekomernimi namno\u017eitvami cianobakterij, ki lahko zaradi svoje potencialne toksi\u010dnosti predstavljajo zdravstveno gro\u017enjo. Za ljudi in \u017eivali je najbolj zaskrbljujo\u010da dolgoro\u010dna izpostavljenost, saj lahko vodi v genotoksi\u010dne po\u0161kodbe celic (nekateri cianotoksini so povezani z nastankom tumorjev) in nevrodegenerativne bolezni.<\/p>\n<p>Projekt ponuja obetavno perspektivo, ki je nujno potrebna za za\u0161\u010dito, ohranitev in obnovo evtrofnih vodnih ekosistemov in njihovih funkcij. Glavni cilj projekta je uporaba zelenih pristopov za izbolj\u0161anje te\u017eav evtrofnih voda in kvantitativno ovrednotenje njihovega vpliva na biotsko pestrost in druge ekosistemske storitve. Osredoto\u010dili se bomo na biotsko pestrost primarnih producentov, ki so neposredno povezani s hranili v vodi in predstavljajo hrano za vse vodne \u017eivali. Poleg tega bomo podatke o biotski pestrosti povezali z oceno ekosistemskih storitev, s pomo\u010djo katerih bomo ovrednotili izbolj\u0161anje stanja vodnega telesa zaradi vpeljave dolo\u010dene zelene re\u0161itve. V prvem delu projekta bomo vpeljali tri razli\u010dne zelene re\u0161itve:<\/p>\n<p>(i) upravljanje hranil &#8211; plavajo\u010di otoki makrofitov za zmanj\u0161anje koncentracij hranil &#8211; LIMNOS,<\/p>\n<p>(ii) upravljanje tveganja toksi\u010dnih cianobakterij z zaznavanjem njihove DNA za sistem zgodnjega opozarjanja &#8211; NIB in<\/p>\n<p>(iii) upravljanje ekolo\u0161kega stanja na osnovi primarnih producentov z analizami satelitskih posnetkov v primerjavi z rezultati tradicionalnega in molekularnega monitoringa &#8211; ARSO, NIB.<\/p>\n<p>V drugem delu projekta bomo kazalnike zelenih re\u0161itev povezali z oceno izbolj\u0161anih ekosistemskih storitev (ocena stro\u0161kov in koristi).<\/p>\n<p>Kon\u010dni rezultati bodo poleg znanstvenih objav vklju\u010devali razli\u010dna orodja, kot so digitalna platforma, ve\u010d-parametri\u010dno drevo odlo\u010danja, kalkulator biotske raznovrstnosti in model za napovedovanje podnebnih sprememb za evtrofne vode. Vklju\u010dili bomo tudi analizo satelitskih slik za ocenjevanje stanja primarnih proizvajalcev, kar je klju\u010dna inovativnost projekta. Izra\u010dunali bomo korelacije med klorofilom dolo\u010denim v naravi in signalom klorofila s satelitskih slik ter ocenili potencial digitalnih metod za namene monitoringa evtrofnih jezer in zadr\u017eevalnikov. Glavni namen projekta je z znanstvenimi podatki, analizami in orodji prispevati k izbolj\u0161anju upravljanja z vodami v smeri ve\u010dje odpornosti jezer in zadr\u017eevalnikov. Sinergisti\u010dno multi-disciplinarno sodelovanje partnerjev bo zapolnilo vrzel med akademskimi krogi, podjetji in vladnimi organi, izbolj\u0161alo usklajenost med teoreti\u010dnim znanjem o delovanju evtrofnih ekosistemov in zagotavljanjem konkretnih smernic za njihovo ohranjanje ter upravljanje.<\/p>\n","protected":false},"excerpt":{"rendered":"<p>Vse ve\u010dja antropogena spremenjenost celinskih voda prina\u0161a raznolike izzive. Skupni imenovalec vseh te\u017eav povezanih z vodo je uni\u010denje odpornosti na spremembe vodnih ekosistemov z zmanj\u0161evanjem biotske raznovrstnosti. Navkljub velikim ambicijam in strategijam za izbolj\u0161anje ekolo\u0161kega stanja voda (npr. Evropska vodna direktiva 2000) in ohranjanje ter za\u0161\u010dito biotske pestrosti (npr. EEA 2020, Natura 2000, Strategija biotske [&hellip;]<\/p>\n","protected":false},"author":49,"featured_media":0,"parent":0,"menu_order":0,"comment_status":"closed","ping_status":"closed","template":"","meta":{"footnotes":""},"class_list":["post-240","page","type-page","status-publish","hentry"],"jetpack_sharing_enabled":true,"jetpack_shortlink":"https:\/\/wp.me\/PapyIn-3S","jetpack-related-posts":[],"_links":{"self":[{"href":"https:\/\/projects.nib.si\/greenforwaters\/wp-json\/wp\/v2\/pages\/240","targetHints":{"allow":["GET"]}}],"collection":[{"href":"https:\/\/projects.nib.si\/greenforwaters\/wp-json\/wp\/v2\/pages"}],"about":[{"href":"https:\/\/projects.nib.si\/greenforwaters\/wp-json\/wp\/v2\/types\/page"}],"author":[{"embeddable":true,"href":"https:\/\/projects.nib.si\/greenforwaters\/wp-json\/wp\/v2\/users\/49"}],"replies":[{"embeddable":true,"href":"https:\/\/projects.nib.si\/greenforwaters\/wp-json\/wp\/v2\/comments?post=240"}],"version-history":[{"count":4,"href":"https:\/\/projects.nib.si\/greenforwaters\/wp-json\/wp\/v2\/pages\/240\/revisions"}],"predecessor-version":[{"id":254,"href":"https:\/\/projects.nib.si\/greenforwaters\/wp-json\/wp\/v2\/pages\/240\/revisions\/254"}],"wp:attachment":[{"href":"https:\/\/projects.nib.si\/greenforwaters\/wp-json\/wp\/v2\/media?parent=240"}],"curies":[{"name":"wp","href":"https:\/\/api.w.org\/{rel}","templated":true}]}}