{"id":30,"date":"2016-04-05T22:13:00","date_gmt":"2016-04-05T22:13:00","guid":{"rendered":"http:\/\/projects.nib.si\/hep3dgentox\/?page_id=30"},"modified":"2024-04-04T21:58:30","modified_gmt":"2024-04-04T20:58:30","slug":"references","status":"publish","type":"page","link":"https:\/\/projects.nib.si\/hep3dgentox\/references\/","title":{"rendered":"Publications"},"content":{"rendered":"<p><strong>Publications resulting from the project:<\/strong><\/p>\n<p><strong>Izvirni znanstveni \u010dlanki:<\/strong><\/p>\n<ol>\n<li>SENDRA, Marta, \u0160TAMPAR, Martina, FRAS, Katarina, NOVOA, Beatriz, FIGUERAS, Antonio, \u017dEGURA, Bojana. Adverse (geno)toxic effects of bisphenol A and its analogues in hepatic 3D cell model. <em>Environment international<\/em>. [Print ed.]. Jan. 2023, vol. 171, str. [1]-19, ilustr. ISSN 0160-4120. <a href=\"https:\/\/doi.org\/10.1016\/j.envint.2022.107721\">https:\/\/doi.org\/10.1016\/j.envint.2022.107721<\/a>, DOI: <a href=\"https:\/\/dx.doi.org\/10.1016\/j.envint.2022.107721\">10.1016\/j.envint.2022.107721<\/a>. [COBISS.SI-ID <a href=\"https:\/\/plus.cobiss.net\/cobiss\/si\/sl\/bib\/136357123\">136357123<\/a>]<\/li>\n<li>\u0160TAMPAR, Martina, RAVNJAK, Tim, DOMIJAN, Ana-Marija, \u017dEGURA, Bojana. Combined toxic effects of BPA and its two analogues BPAP and BPC in a 3D HepG2 cell model. <em>Molecules<\/em>. 2023, iss. 7, art. 3085, str. [1]-16, ilustr. ISSN 1420-3049. <a href=\"https:\/\/doi.org\/10.3390\/molecules28073085\">https:\/\/doi.org\/10.3390\/molecules28073085<\/a>, DOI: <a href=\"https:\/\/dx.doi.org\/10.3390\/molecules28073085\">10.3390\/molecules28073085<\/a>. [COBISS.SI-ID <a href=\"https:\/\/plus.cobiss.net\/cobiss\/si\/sl\/bib\/148108803\">148108803<\/a>]<\/li>\n<li>\u0160TAMPAR, Martina, \u017dABKAR, Sonja, FILIPI\u010c, Metka, \u017dEGURA, Bojana. HepG2 spheroids as a biosensor-like cell-based system for (geno)toxicity assessment. <em>Chemosphere<\/em>. [Print ed.]. 2022, vol. 291, pt. 1, str. 1-11, ilustr. ISSN 0045-6535. <a href=\"https:\/\/www.sciencedirect.com\/science\/article\/pii\/S004565352103277X#!\">https:\/\/www.sciencedirect.com\/science\/article\/pii\/S004565352103277X#!<\/a>, DOI: <a href=\"https:\/\/dx.doi.org\/10.1016\/j.chemosphere.2021.132805\">10.1016\/j.chemosphere.2021.132805<\/a>. [COBISS.SI-ID <a href=\"https:\/\/plus.cobiss.net\/cobiss\/si\/sl\/bib\/84412419\">84412419<\/a>]<\/li>\n<li>\u0160TAMPAR, Martina, FRANDSEN, Helle, ROGOWSKA-WRZESINSKA, Adelina, WRZESINSKI, Krzysztof, FILIPI\u010c, Metka, \u017dEGURA, Bojana. Hepatocellular carcinoma (HepG2\/C3A) cell-based 3D model for genotoxicity testing of chemicals. <em>Science of the total environment<\/em>. [Online ed.]. 2021, vol. 755, pt. 2, str. 1-12, ilustr. ISSN 1879-1026. <a href=\"https:\/\/www.sciencedirect.com\/science\/article\/pii\/S0048969720367863\">https:\/\/www.sciencedirect.com\/science\/article\/pii\/S0048969720367863<\/a>, DOI: <a href=\"https:\/\/dx.doi.org\/10.1016\/j.scitotenv.2020.143255\">10.1016\/j.scitotenv.2020.143255<\/a>. [COBISS.SI-ID <a href=\"https:\/\/plus.cobiss.net\/cobiss\/si\/sl\/bib\/36593667\">36593667<\/a>]<\/li>\n<li>\u0160TAMPAR, Martina, BREZNIK, Barbara, FILIPI\u010c, Metka, \u017dEGURA, Bojana. Characterization of In vitro 3D cell model developed from human hepatocellular carcinoma (HepG2) cell line. <em>Cells<\/em>. Nov. 2020, vol. 9, iss. 12, str. 1-19, ilustr. ISSN 2073-4409. <a href=\"https:\/\/www.mdpi.com\/2073-4409\/9\/12\/2557\">https:\/\/www.mdpi.com\/2073-4409\/9\/12\/2557<\/a>, DOI: <a href=\"https:\/\/dx.doi.org\/10.3390\/cells9122557\">10.3390\/cells9122557<\/a>. [COBISS.SI-ID <a href=\"https:\/\/plus.cobiss.net\/cobiss\/si\/sl\/bib\/40005123\">40005123<\/a>]<\/li>\n<\/ol>\n<h4>Poglavje v monografski publikaciji<\/h4>\n<ol>\n<li>FRANDSEN, Helle, \u0160TAMPAR, Martina, VEJ-NIELSEN, Joel Mario, \u017dEGURA, Bojana, ROGOWSKA-WRZESINSKA, Adelina. Method to disassemble spheroids into core and rim for downstream applications such as flow cytometry, comet assay, transcriptomics, proteomics, and lipidomics. V: BREVINI, Tiziana A. L. (ur.). <em>Next generation culture platforms for reliable in vitro models : methods and protocols<\/em>. New York: Humana Press, cop. 2021. Str. 173-188, ilustr. Methods in molecular biology, 2273. ISBN 978-1-0716-1246-0, ISBN 978-1-0716-1245-3. ISSN 1940-6029. <a href=\"https:\/\/link.springer.com\/protocol\/10.1007\/978-1-0716-1246-0_12\">https:\/\/link.springer.com\/protocol\/10.1007\/978-1-0716-1246-0_12<\/a>. [COBISS.SI-ID <a href=\"https:\/\/plus.cobiss.net\/cobiss\/si\/sl\/bib\/52877827\">52877827<\/a>]<\/li>\n<\/ol>\n<p><strong>Poljudni \u010dlanek:<\/strong><\/p>\n<p>\u0160TAMPAR, Martina (avtor, fotograf), \u017dEGURA, Bojana. S 3D-celi\u010dnimi modeli nadome\u0161\u010damo laboratorijske poskuse na \u017eivalih. <em>Pisani list<\/em>. maj 2022, letn. 74, \u0161t. 9, str. 78, ilustr. ISSN 0353-7625. [COBISS.SI-ID <a href=\"https:\/\/plus.cobiss.net\/cobiss\/si\/sl\/bib\/108599043\">108599043<\/a>]<\/p>\n<h4>Objavljeni povzetek znanstvenega prispevka na konferenci (vabljeno predavanje)<\/h4>\n<p>\u0160TAMPAR, Martina, \u017dEGURA, Bojana. Alternative in vitro 3D models for genotoxicity testing. V: KOKONDOSKA GRGI\u010c, Vesna (ur.), VUGA, Andrej (ur.). <em>Analytical and biomedical applications : Ljubljana, October 20th, 2022 : [The Kemomind Science Conference]<\/em>. Kranj: Kemomed, 2022. Str. 31. The Kemomind Science Conference, 2022, 01. ISBN 978-961-91450-4-3. ISSN 2670-5133. <a href=\"https:\/\/www.kemomind.com\/_files\/ugd\/6f172c_abe680dd9d2349789d9b63b97576e565.pdf\">https:\/\/www.kemomind.com\/_files\/ugd\/6f172c_abe680dd9d2349789d9b63b97576e565.pdf<\/a>. [COBISS.SI-ID <a href=\"https:\/\/plus.cobiss.net\/cobiss\/si\/sl\/bib\/130993923\">130993923<\/a>]<\/p>\n<p>\u017dEGURA, Bojana, \u017dABKAR, Sonja, FRAS, Katarina, \u0160TAMPAR, Martina. Spheroids : a 3D cell based system for genotoxicity assessment. V: <em>Joint EEMGS meeting &amp; International comet assay workshop : May 23rd &#8211; 26th 2022, Maastricht, The Netherlands<\/em>. [S. l.: s. n.], 2022. Str. 46. [COBISS.SI-ID <a href=\"https:\/\/plus.cobiss.net\/cobiss\/si\/sl\/bib\/109983747\">109983747<\/a>]<\/p>\n<p>\u017dEGURA, Bojana, \u0160TERN, Alja, KOLO\u0160A, Katja, \u017dABKAR, Sonja, FRAS, Katarina, \u0160TAMPAR, Martina. Spheroids : a 3D cell-based system for assessing the genotoxic activity of chemicals. V: <em>SACCMA : new connections, lasting bonds<\/em>. Inaugural Conference of the Society for Advanced Cell Culture, Modelling for Africa, 9-12 October 2022, Potchefstroom, South Africa. [S. l.: s. n., 2022]. Str. 36, ilustr. <a href=\"https:\/\/www.saccma.com\/_files\/ugd\/0ec1e4_65e73f1b7d514563a86a86de422d3e94.pdf\">https:\/\/www.saccma.com\/_files\/ugd\/0ec1e4_65e73f1b7d514563a86a86de422d3e94.pdf<\/a>. [COBISS.SI-ID <a href=\"https:\/\/plus.cobiss.net\/cobiss\/si\/sl\/bib\/128237571\">128237571<\/a>]<\/p>\n<p>\u0160TAMPAR, Martina, FILIPI\u010c, Metka, \u017dEGURA, Bojana. In vitro 3D cell cultures in genetic toxicology. V: LYONS, Daniel Mark. <em>Abstracts of the 6th Croatian Congress of Toxicology with International Participation : CROTOX 2021 : Rabac, Croatia, 3-6 October 2021<\/em>. Zagreb: Institut za medicinska istra\u017eivanja i medicinu rada: Institute for Medical Research and Occupational Health, 2021. Str. 33. Arhiv za higijenu rada i toksikologiju, 72 (Suppl. 1). ISSN 1848-6312. <a href=\"https:\/\/hrcak.srce.hr\/index.php?show=toc&amp;id_broj=20925\">https:\/\/hrcak.srce.hr\/index.php?show=toc&amp;id_broj=20925<\/a>. [COBISS.SI-ID <a href=\"https:\/\/plus.cobiss.net\/cobiss\/si\/sl\/bib\/85078275\">85078275<\/a>]<\/p>\n<p><strong>Znanstveni prispevek na konferenci:<\/strong><\/p>\n<p>\u0160TAMPAR, Martina, RAVNJAK, Tim, SENDRA VEGA, M., FRAS, Katarina, DOMIJAN, Ana-Maria, \u017dEGURA, Bojana. Adverse (geno)toxic effects of bisphenol A its two analogues BPAP and BPC and their complex mixtures in a 3D HepG2 cell model. V: DEKANT, Wolfgang (ur.). <em>Abstracts of the 57th Congress of the European Societies of Toxicology : (EUROTOX 2023) : toxicology \u2013 multidisciplinary science leading to safer and sustainable life : Ljubljana, Slovenia, 10 \u201313 September 2023<\/em>. Berlin: Springer, 2023. Str. s90-s91. Toxicology letters, Vol. 384, suppl. 1. ISSN 0378-4274. <a href=\"https:\/\/toxlet-384-s1.elsevierdigitaledition.com\/\">https:\/\/toxlet-384-s1.elsevierdigitaledition.com\/<\/a>. [COBISS.SI-ID <a href=\"https:\/\/plus.cobiss.net\/cobiss\/si\/sl\/bib\/167113731\">167113731<\/a>]<\/p>\n<p>\u0160TAMPAR, Martina, \u017dABKAR, Sonja, FRAS, Katarina, RAVNJAK, Tim, \u0160TERN, Alja, NOVAK, Matja\u017e, KOLO\u0160A, Katja, ROZMAN, Iza, \u0160ENTJURC, Tja\u0161a, \u017dEGURA, Bojana. Hepatic 3D cell model : a sensitive approach for determining the adverse (geno)toxic activity of air pollutants. V: PEHNEC, Gordana (ur.). <em>&#8220;AIR PROTECTION 2023&#8221; : international conference and 13th croatian scientific and professional meeting , 20th &#8211; 23rd September 2023, Dubrovnik, Croatia : book of abstracts<\/em>. Zagreb: Croatian Air Pollution Prevention Association: =Hrvatsko udru\u017eenje za za\u0161titu zraka, 2023. Str. 79. Za\u0161tita zraka. ISSN 1848-185X. <a href=\"http:\/\/huzz.hr\/Zbornik\/Zbornik_sazetaka_za_web.pdf\">http:\/\/huzz.hr\/Zbornik\/Zbornik_sazetaka_za_web.pdf<\/a>. [COBISS.SI-ID <a href=\"https:\/\/plus.cobiss.net\/cobiss\/si\/sl\/bib\/167150851\">167150851<\/a>]<\/p>\n<p>\u0160TAMPAR, Martina, BREZNIK, Barbara, \u017dABKAR, Sonja, FILIPI\u010c, Metka, \u017dEGURA, Bojana. Genotoxic activity of benzo(a)payrene evaluated in hepatic 3D cell model. V: DULI\u0106, Morana (ur.), SIN\u010cI\u0106, Nino (ur.), VRHOVAC MADUNI\u0106, Ivana. <em>HDBMB22 : from science to knowledge : book of abstracts<\/em>. International Congress of the Croatian Society of Biochemistry and Molecular Biology, [September 28 to October 1, 2022, Brela, Croatia]. [Zagreb]: Croatian Society of Biochemistry and Molecular Biology, [2022]. Str. 145. [COBISS.SI-ID <a href=\"https:\/\/plus.cobiss.net\/cobiss\/si\/sl\/bib\/125169411\">125169411<\/a>]<\/p>\n<p>\u0160TERN, Alja, HERCOG, Klara, \u0160TAMPAR, Martina, FILIPI\u010c, Metka, \u017dEGURA, Bojana. Use of an advanced in vitro hepatic 3D model system for studying genotoxic effects of the cyanotoxin cylindrospermopsin. V: <em>SACCMA : new connections, lasting bonds<\/em>. Inaugural Conference of the Society for Advanced Cell Culture, Modelling for Africa, 9-12 October 2022, Potchefstroom, South Africa. [S. l.: s. n., 2022]. Str. 106, ilustr. [COBISS.SI-ID <a href=\"https:\/\/plus.cobiss.net\/cobiss\/si\/sl\/bib\/128241923\">128241923<\/a>]<\/p>\n<p>\u017dEGURA, Bojana, \u0160TAMPAR, Martina, FILIPI\u010c, Metka. Hepatic 3D in vitro cell models for genotoxicity assessment. V: VASILJEVI\u0106, Branka (ur.). <em>Book of abstracts<\/em>. 6th Congress of the Serbian Genetic Society, 13-17 October 2019, Vrnja\u010dka Banja, Serbia. Belgrade: Serbian Genetic Society, 2019. Str. 22. ISBN 978-86-87109-15-5. [COBISS.SI-ID <a href=\"https:\/\/plus.cobiss.net\/cobiss\/si\/sl\/bib\/5201743\">5201743<\/a>]<\/p>\n<p><strong>Predavanje na tuji univerzi:<\/strong><\/p>\n<p>\u0160TAMPAR, Martina, \u017dEGURA, Bojana. <em>Alternative in vitro 3D cell models for genotoxicity assessment : Instituto de Investigaciones Farmacol\u00f3gicas, ININFA, Universidad de Buenos Aires and Consejo Nacional de Investigaciones Cient\u00edficas y T\u00e9cnicas, on the 12 of april 2023<\/em>. [COBISS.SI-ID <a href=\"https:\/\/plus.cobiss.net\/cobiss\/si\/sl\/bib\/150175235\">150175235<\/a>]<\/p>\n<p><strong>Vabljeno predavanje na konferenci brez natisa<\/strong><\/p>\n<p>\u0160TAMPAR, Martina, \u017dEGURA, Bojana. <em>Three-dimensional (3D) cell cultures in genetic toxicology as an alternative to animal testing : lecture at the ASEF Speaker Series, 9. Nov. 2023, Ljubljana<\/em>. [COBISS.SI-ID <a href=\"https:\/\/plus.cobiss.net\/cobiss\/si\/sl\/bib\/179081219\">179081219<\/a>]<\/p>\n<p>\u017dEGURA, Bojana. <em>Hepatocellular carcinoma cell- based 3D model for genotoxicty testing of chemicals : vabljeno predavanje na 1st International Comet assay working group symposium &amp; hCOMET meeting, May 17th &#8211; 18th, 2021<\/em>. [COBISS.SI-ID <a href=\"https:\/\/plus.cobiss.net\/cobiss\/si\/sl\/bib\/63930115\">63930115<\/a>]<\/p>\n<p><strong>S projektom povezane magistrske naloge:<\/strong><\/p>\n<p>RAVNJAK, Tim. <em>Dolo\u010danje citotoksi\u010dnega in genotoksi\u010dnega delovanja kompleksnih me\u0161anic bisfenola A innjegovih analogov v in vitro hepati\u010dnem 3D celi\u010dnem modelu : magistrsko delo = Assessment of cytotoxic and genotoxic activities of complex mixtures of bisphenol A and itsanalogues in in vitro hepatic 3D cell model : M. Sc. Thesis<\/em>. Ljubljana: [T. Ravnjak], 2023. 1 spletni vir (1 datoteka PDF (XI, 82 str., [3] str. pril.)), ilustr. <a href=\"https:\/\/repozitorij.uni-lj.si\/IzpisGradiva.php?id=149358\">https:\/\/repozitorij.uni-lj.si\/IzpisGradiva.php?id=149358<\/a>. [COBISS.SI-ID <a href=\"https:\/\/plus.cobiss.net\/cobiss\/si\/sl\/bib\/163887107\">163887107<\/a>]<\/p>\n<p>FRAS, Katarina. <em>Citotoksi\u010dno in genotoksi\u010dno delovanje bisfenola A in njegovih analogov : magistrsko delo = Cytotoxic and genotoxic activity of bisphenol A and its analogues : M. Sc. Thesis<\/em>. Ljubljana: [K. Fras], 2022. X, 76 f., [1] f. pril., ilustr. <a href=\"https:\/\/repozitorij.uni-lj.si\/IzpisGradiva.php?id=138992\">https:\/\/repozitorij.uni-lj.si\/IzpisGradiva.php?id=138992<\/a>. [COBISS.SI-ID <a href=\"https:\/\/plus.cobiss.net\/cobiss\/si\/sl\/bib\/120345091\">120345091<\/a>]<\/p>\n","protected":false},"excerpt":{"rendered":"<p>Publications resulting from the project: Izvirni znanstveni \u010dlanki: SENDRA, Marta, \u0160TAMPAR, Martina, FRAS, Katarina, NOVOA, Beatriz, FIGUERAS, Antonio, \u017dEGURA, Bojana. Adverse (geno)toxic effects of bisphenol A and its analogues in hepatic 3D cell model. Environment international. [Print ed.]. Jan. 2023, vol. 171, str. [1]-19, ilustr. ISSN 0160-4120. https:\/\/doi.org\/10.1016\/j.envint.2022.107721, DOI: 10.1016\/j.envint.2022.107721. [COBISS.SI-ID 136357123] \u0160TAMPAR, Martina, RAVNJAK, [&hellip;]<\/p>\n","protected":false},"author":3,"featured_media":0,"parent":0,"menu_order":3,"comment_status":"closed","ping_status":"closed","template":"page-fullwidth.php","meta":{"jetpack_post_was_ever_published":false,"footnotes":""},"class_list":["post-30","page","type-page","status-publish","hentry"],"jetpack_sharing_enabled":true,"jetpack_shortlink":"https:\/\/wp.me\/P7OqMV-u","jetpack-related-posts":[],"_links":{"self":[{"href":"https:\/\/projects.nib.si\/hep3dgentox\/wp-json\/wp\/v2\/pages\/30","targetHints":{"allow":["GET"]}}],"collection":[{"href":"https:\/\/projects.nib.si\/hep3dgentox\/wp-json\/wp\/v2\/pages"}],"about":[{"href":"https:\/\/projects.nib.si\/hep3dgentox\/wp-json\/wp\/v2\/types\/page"}],"author":[{"embeddable":true,"href":"https:\/\/projects.nib.si\/hep3dgentox\/wp-json\/wp\/v2\/users\/3"}],"replies":[{"embeddable":true,"href":"https:\/\/projects.nib.si\/hep3dgentox\/wp-json\/wp\/v2\/comments?post=30"}],"version-history":[{"count":28,"href":"https:\/\/projects.nib.si\/hep3dgentox\/wp-json\/wp\/v2\/pages\/30\/revisions"}],"predecessor-version":[{"id":408,"href":"https:\/\/projects.nib.si\/hep3dgentox\/wp-json\/wp\/v2\/pages\/30\/revisions\/408"}],"wp:attachment":[{"href":"https:\/\/projects.nib.si\/hep3dgentox\/wp-json\/wp\/v2\/media?parent=30"}],"curies":[{"name":"wp","href":"https:\/\/api.w.org\/{rel}","templated":true}]}}