{"id":30,"date":"2016-04-05T22:13:00","date_gmt":"2016-04-05T22:13:00","guid":{"rendered":"http:\/\/projects.nib.si\/projects-2\/?page_id=30"},"modified":"2019-10-15T21:29:14","modified_gmt":"2019-10-15T20:29:14","slug":"references","status":"publish","type":"page","link":"https:\/\/projects.nib.si\/ingrapa\/references\/","title":{"rendered":"Related publications"},"content":{"rendered":"<p><span style=\"text-decoration: underline\"><strong>Original scientific article<\/strong><\/span><\/p>\n<p>DUNN COVINGTON, Elizabeth, ROITSCH, Thomas, <u> DERMASTIA, Marina<\/u>. Determination of the activity signature of key carbohydrate metabolism enzymes in phenolic-rich grapevine tissues. Acta chimica slovenica, ISSN 1318-0207. [Tiskana izd.], 2016, vol. 63, no. 4, str. 757-762. <a class=\"red\" href=\"https:\/\/journals.matheo.si\/index.php\/ACSi\/article\/view\/2484\/1115\"><span style=\"color: #0066cc\"> https:\/\/journals.matheo.si\/index.php\/ACSi\/article\/view\/2484\/1115<\/span><\/a>.<\/p>\n<p>PREZELJ, Nina, COVINGTON, Elizabeth, ROITSCH, Thomas, <u> GRUDEN, Kristina<\/u>, FRAGNER, Lena, WECKWERTH, Wolfram, CHERSICOLA, Marko, VODOPIVEC, Maja, <u> DERMASTIA, Marina<\/u>. Metabolic consequences of infection of grapevine (Vitis vinifera L.) cv. \u02ddModra frankinja\u02dd with flavescence dor\u00e9e phytoplasma. <i>Frontiers in plant science<\/i>, ISSN 1664-462X, 2016, vol. 7, str. 1-19, doi: <a class=\"red\" href=\"http:\/\/dx.doi.org\/10.3389\/fpls.2016.00711\" target=\"doi\"><span style=\"color: #0066cc\">10.3389\/fpls.2016.00711<\/span><\/a>.<\/p>\n<p>ROTTER, Ana, NIKOLI\u0106, Petra, TURN\u0160EK, Ne\u017ea, KOGOV\u0160EK, Polona, BLEJEC, Andrej, GRUDEN, Kristina, DERMASTIA, Marina. Statistical modeling of long-term grapevine response to &#8220;<em>Candidatus<\/em> Phytoplasma solani&#8221; infection in the field. <i>European journal of plant pathology<\/i>, ISSN 0929-1873, 2018, vol. 150, no. 3, 653\u2013668, doi: <a class=\"red\" href=\"https:\/\/doi.org\/10.1007\/s10658-017-1310-x\" target=\"doi\"><span style=\"color: #0066cc\">10.1007\/s10658-017-1310-x<\/span><\/a>. [COBISS.SI-ID <a class=\"red\" href=\"https:\/\/plus.si.cobiss.net\/opac7\/bib\/4396623?lang=sl\" target=\"_blank\"><span style=\"color: #0066cc\">4396623<\/span><\/a>]<\/p>\n<p><strong><u>Scientific monograph<\/u><\/strong><\/p>\n<p>DERMASTIA, Marina, BERTACCINI, Assunta, CONSTABLE, Fiona, MEHLE, Nata\u0161a<i>. Grapevine yellows diseases and their phytoplasma agents : biology and detection<\/i>, (SpringerBriefs in Agriculture). Cham: Springer, 2017. IX, 99 str., ilustr. ISBN 978-3-319-50647-0, doi: <a class=\"red\" href=\"https:\/\/doi.org\/10.1007\/978-3-319-50648-7\" target=\"doi\"><span style=\"color: #0066cc\">10.1007\/978-3-319-50648-7<\/span><\/a>. [COBISS.SI-ID <a class=\"red\" href=\"https:\/\/plus.si.cobiss.net\/opac7\/bib\/4184399?lang=sl\" target=\"_blank\"><span style=\"color: #0066cc\">4184399<\/span><\/a>]<\/p>\n<div id=\"enumeration\" class=\"enumeration\">\n<p class=\"test-LocationInConferenceProceeding\"><span style=\"text-decoration: underline\"><strong><span class=\"BookTitle\">Chapter in scientific monograph<\/span><\/strong><\/span><\/p>\n<p class=\"test-LocationInConferenceProceeding\"><span class=\"BookTitle\">DERMASTIA, M. Interactions Between Grapevines and Grapevine Yellows Phytoplasmas BN and FD. In: <em>Grapevine yellows diseases and their phytoplasma agents : biology and detection<\/em>, (SpringerBriefs in Agriculture). Cham: Springer, 2017, pp.\u00a047-67. ISBN <span id=\"electronic-isbn\" class=\"bibliographic-information__value\">978-3-319-50648-7<\/span>, doi: https:\/\/doi.org\/10.1007\/978-3-319-50648-7_3.\u00a0<\/span><\/p>\n<p class=\"test-LocationInConferenceProceeding\"><span class=\"BookTitle\">MEHLE, N., RAVNIKAR, M., TU\u0160EK \u017dNIDARI\u010c M., ARYAN,A., Brader G\u00fcnter, DERMASTIA, M. detection of phytoplasmas associated to GYD in research and diagnostics. In: <em>Grapevine yellows diseases and their phytoplasma agents : biology and detection<\/em>, (SpringerBriefs in Agriculture). Cham: Springer, 2017, pp.\u00a0<\/span><span class=\"page-numbers-info\">69-95. ISBN 978-3-319-50648-7,\u00a0doi: <span id=\"doi-url\" class=\"bibliographic-information__value u-overflow-wrap\">https:\/\/doi.org\/10.1007\/978-3-319-50648-7_4.<\/span><\/span><\/p>\n<p class=\"test-LocationInConferenceProceeding\"><span style=\"text-decoration: underline\"><strong>Published scientific conference contribution abstract (invited lecture)\u00a0 <\/strong><\/span><\/p>\n<p class=\"test-LocationInConferenceProceeding\">DERMASTIA, Marina. Fitoplazme &#8211; \u0161e vedno temna stran bo\u017ei\u010dnih dekoracij. V: VODOVNIK, Ma\u0161a (ur.), KU\u0160AR, Darja (ur.), MARIN\u0160EK-LOGAR, Romana (ur.). <i>Knjiga povzetkov<\/i>, 7. kongres Slovenskega mikrobiolo\u0161kega dru\u0161tva, 20.-22. september 2017, Bled, Slovenija. Ljubljana: Slovensko mikrobiolo\u0161ko dru\u0161tvo. 2017, str. 30. [COBISS.SI-ID <a class=\"red\" href=\"https:\/\/plus.si.cobiss.net\/opac7\/bib\/4430159?lang=en\" target=\"_blank\"><span style=\"color: #0066cc\">4430159<\/span><\/a>]<\/p>\n<p class=\"test-LocationInConferenceProceeding\">ROTTER, Ana, KOGOV\u0160EK, Polona, NIKOLI\u0106, Petra, TURN\u0160EK, Ne\u017ea, BLEJEC, Andrej, GRUDEN, Kristina, DERMASTIA, Marina. A teaching tool or how to calculate the \u02ddbois noir\u02dd disease severity. V: FIORE, Nicola (ur.). <i>19th Congress of the International Council for the Study of Virus and Virus-like Diseases of the Grapevine<\/i>. [S. l.: s. n. 2018], str. 100-101. [COBISS.SI-ID <a class=\"red\" href=\"https:\/\/plus.si.cobiss.net\/opac7\/bib\/4685391?lang=sl\" target=\"_blank\"><span style=\"color: #0066cc\">4685391<\/span><\/a>]<\/p>\n<p class=\"test-LocationInConferenceProceeding\">DERMASTIA, Marina. Is &#8220;bois noir&#8221; a suitable model for grapevine yellows diseases?. V: DERMASTIA, Marina (ur.). <i>Proceedings of the 5th European Bois Noir Workshop, City Hotel, Ljubljana, Slovenia, 18-19 September 2018<\/i>, 5th European Bois Noir Workshop, City Hotel, Ljubljana, Slovenia, 18-19 September 2018. Ljubljana: National Institute of Biology. 2018, str. 1. <a class=\"red\" href=\"https:\/\/www2.cd-cc.si\/Skripte\/boisn\/BOISNOIR2018\/papers\/a15.pdf\"><span style=\"color: #0066cc\"> https:\/\/www2.cd-cc.si\/Skripte\/boisn\/BOISNOIR2018\/papers\/a15.pdf<\/span><\/a>. [COBISS.SI-ID <a class=\"red\" href=\"https:\/\/plus.si.cobiss.net\/opac7\/bib\/4799311?lang=sl\" target=\"_blank\"><span style=\"color: #0066cc\">4799311<\/span><\/a>]<\/p>\n<p>RIEDLE-BAUER, M., BRADER, G., WIELAND, L., SCH\u00d6NHUBER, C., ARYAN, A., FUCHS, F. Past an recent epidemics of \u2018<em>Candidatus<\/em> phytoplasma solani\u2019 on grapevine and solanaceous crops in Austria: Investigations on pathogen vectors and their role for disease epidemiology. V: DERMASTIA, Marina (ur.). <i>Proceedings of the 5th European Bois Noir Workshop, City Hotel, Ljubljana, Slovenia, 18-19 September 2018<\/i>, 5th European Bois Noir Workshop, City Hotel, Ljubljana, Slovenia, 18-19 September 2018. Ljubljana: National Institute of Biology. 2018,\u00a0\u00a0<a class=\"red\" href=\"https:\/\/www2.cd-cc.si\/Skripte\/boisn\/BOISNOIR2018\/papers\/a15.pdf\"><span style=\"color: #0066cc\"> https:\/\/www2.cd-cc.si\/Skripte\/boisn\/BOISNOIR2018\/papers\/a9.pdf<\/span><\/a>.<\/p>\n<p><span style=\"font-size: xx-large\"><span style=\"font-size: medium\">BERTACCINI, A.\u00a0 Grapevine &#8220;Bois noir&#8221;: What is new under the sun? V: DERMASTIA, Marina (ur.). <i>Proceedings of the 5th European Bois Noir Workshop, City Hotel, Ljubljana, Slovenia, 18-19 September 2018<\/i>, 5th European Bois Noir Workshop, City Hotel, Ljubljana, Slovenia, 18-19 September 2018. Ljubljana: National Institute of Biology. 2018, https:\/\/www2.cd-cc.si\/Skripte\/boisn\/BOISNOIR2018\/papers\/a17.pdf<span style=\"color: #000008\"><span style=\"font-size: xx-small\"><br \/>\n<\/span><\/span><\/span><\/span><\/p>\n<\/div>\n<p><span style=\"color: #000000\"><u><u><span style=\"text-decoration: underline\"><strong>Published scientific conference contribution<\/strong><\/span><\/u><\/u><\/span><\/p>\n<p>PREZELJ, Nina, FRAGNER, Lena, WECKWERTH, Wolfram, <u> DERMASTIA, Marina<\/u>. Metabolome of grapevine leaf vein-enriched tissue infected with \u02bcCandidatus Phytoplasma solani\u02bc. V: <i>Tagungsbeitr\u00e4ge anl\u00e4sslich des 4. European Bois Noir Workshop, 9.-11. M\u00e4rz, 2016, Klosterneuburg \u00d6sterreich = Proceedings of the 4th European Bois Noir Workshop, 9-11 March 2016, Klosterneuburg, Austria<\/i>, (Mitteilungen Klosterneuburg Rebe und Wein, Obstbau und Fr\u00fcchteverwertung, ISSN 0007-5922, vol. 66, suppl. 1). Klosterneuburg: H\u00f6here Bundeslehranstalt und Bundesamt f\u00fcr Wien- und Obstbau, 2016, str. 74-78.<\/p>\n<p><span style=\"color: #000008;font-size: medium\">\u0160KRL, B., KRALJ, J., LAVRA\u010c, N.,\u00a0DERMASTIA, M. Improving &#8220;Bois Noir&#8221; identification with interpretable black box models. <em>Proceedings of the 5th European Bois Noir Workshop, City Hotel, Ljubljana, Slovenia, 18-19 September 2018<\/em>, 5th European Bois Noir Workshop, City Hotel, Ljubljana, Slovenia, 18-19 September 2018. Ljubljana: National Institute of Biology. 2018, https:\/\/www2.cd-cc.si\/Skripte\/boisn\/BOISNOIR2018\/papers\/a14.pdf<\/span><\/p>\n<p>MEHLE, N., MERMAL, S., VIDMAR, S., VIR\u0160\u010cEK MARN, M., DREO, T., DERMASTIA, M. First report of carrot infection with phytoplasmas in Slovenia. <span style=\"color: #000008\"><em>Proceedings of the 5th European Bois Noir Workshop, City Hotel, Ljubljana, Slovenia, 18-19 September 2018<\/em>, 5th European Bois Noir Workshop, City Hotel, Ljubljana, Slovenia, 18-19 September 2018. Ljubljana: National Institute of Biology. 2018, https:\/\/www2.cd-cc.si\/Skripte\/boisn\/BOISNOIR2018\/papers\/a5.pdf<\/span><\/p>\n<p>POMPE NOVAK, Maru\u0161a, \u010cEPIN, Timotej, DERMASTIA, Marina. Attempts of a transient transformation of grapevine. V: DERMASTIA, Marina (ur.). <i>Proceedings of the 5th European Bois Noir Workshop, City Hotel, Ljubljana, Slovenia, 18-19 September 2018<\/i>, 5th European Bois Noir Workshop, City Hotel, Ljubljana, Slovenia, 18-19 September 2018. Ljubljana: National Institute of Biology. 2018, str. 1-4. <a class=\"red\" href=\"https:\/\/www2.cd-cc.si\/Skripte\/boisn\/BOISNOIR2018\/papers\/a19.pdf\"><span style=\"color: #0066cc\"> https:\/\/www2.cd-cc.si\/Skripte\/boisn\/BOISNOIR2018\/papers\/a19.pdf<\/span><\/a>. [COBISS.SI-ID <a class=\"red\" href=\"https:\/\/plus.si.cobiss.net\/opac7\/bib\/4798799?lang=sl\" target=\"_blank\"><span style=\"color: #0066cc\">4798799<\/span><\/a>]<\/p>\n<p>CONTALDO, Nicoletta, DOLANC, Dorian, BERTACCINI, Assunta, DERMASTIA, Marina. Isolation of diverse phytoplasmas from symptomatic grapevine samples. V: DERMASTIA, Marina (ur.). <i>Proceedings of the 5th European Bois Noir Workshop, City Hotel, Ljubljana, Slovenia, 18-19 September 2018<\/i>, 5th European Bois Noir Workshop, City Hotel, Ljubljana, Slovenia, 18-19 September 2018. Ljubljana: National Institute of Biology. 2018, str. 1-2. <a class=\"red\" href=\"https:\/\/www2.cd-cc.si\/Skripte\/boisn\/BOISNOIR2018\/papers\/a16.pdf\"><span style=\"color: #0066cc\"> https:\/\/www2.cd-cc.si\/Skripte\/boisn\/BOISNOIR2018\/papers\/a16.pdf<\/span><\/a>. [COBISS.SI-ID <a class=\"red\" href=\"https:\/\/plus.si.cobiss.net\/opac7\/bib\/4800079?lang=sl\" target=\"_blank\"><span style=\"color: #0066cc\">4800079<\/span><\/a>]<\/p>\n<p class=\"test-LocationInConferenceProceeding\"><span style=\"text-decoration: underline\"><strong>Published scientific conference contribution abstract<\/strong><\/span><\/p>\n<p class=\"test-LocationInConferenceProceeding\">DERMASTIA, Marina, PREZELJ, Nina, ROITSCH, Thomas, GRUDEN, Kristina, FRAGNER, Lena, WECKWERTH, Wolfram. Metabolomic changes of grapevine cv. \u02ddModra frankinja\u02dd infected with flavescence dor\u00e9e phytoplasma. V: <i>IOM 2016 : conference program<\/i>, 21st Congress of the International Organization for Mycoplasmology gorganized by the International Organization for Mycroplasmology, 3-7 July 2016, Brisbane, Australia. [S. l.: s. n. 2016], str. 44. [COBISS.SI-ID <a class=\"red\" href=\"https:\/\/plus.si.cobiss.net\/opac7\/bib\/3951951?lang=en\" target=\"_blank\"><span style=\"color: #0066cc\">3951951<\/span><\/a>]<\/p>\n<div id=\"enumeration\" class=\"enumeration\">\n<p class=\"test-LocationInConferenceProceeding\"><span style=\"text-decoration: underline\"><strong>Supervisor for Master&#8217;s Theses<\/strong><\/span><\/p>\n<p class=\"test-LocationInConferenceProceeding\">VIDMAR, Sara<i>. Molekulska raznolikost populacij fitoplazme &#8216;Candidatus Phytoplasma solani&#8217; v slovenskih vinorodnih de\u017eelah : magistrsko delo = Molecular diversity of populations phytoplasmA &#8216;Candidatus Phytoplasma solani&#8217; in Slovene grapevine regions : M. Sc. Thesis<\/i>, (Biotehni\u0161ka fakulteta, Oddelek za \u017eivilstvo, Ljubljana, Magistrsko delo magistrskega \u0161tudija &#8211; 2. stopnja Mikrobiologija, 103). Ljubljana: [S. Vidmar], 2017. X, 36 f., [6] f. pril., ilustr. <a class=\"red\" href=\"https:\/\/repozitorij.uni-lj.si\/IzpisGradiva.php?id=96391\"><span style=\"color: #0066cc\"> https:\/\/repozitorij.uni-lj.si\/IzpisGradiva.php?id=96391<\/span><\/a>. [COBISS.SI-ID <a class=\"red\" href=\"https:\/\/plus.si.cobiss.net\/opac7\/bib\/4821112?lang=sl\" target=\"_blank\"><span style=\"color: #0066cc\">4821112<\/span><\/a>]<\/p>\n<p class=\"test-LocationInConferenceProceeding\">STRAH, Rebeka<i>. Analiza potencialnih efektorjev fitoplazme &#8216;Candidatus Phytoplasma solani&#8217; v transformiranih rastlinah vrste Nicotiana benthamiana : diplomsko delo = Analysis of potential effectors of phytoplasma &#8216;Candidatus Phytoplasma solani&#8217; in transformed Nicotiana benthamiana plants : B. Sc. thesis<\/i>, (Biotehni\u0161ka fakulteta, \u0160tudij biotehnologije, Diplomsko delo univerzitetnega \u0161tudija &#8211; 1. stopnja, 362). Ljubljana: [R. Strah], 2018. VI, 21 str., [7] str. pril., ilustr. <a class=\"red\" href=\"https:\/\/repozitorij.uni-lj.si\/IzpisGradiva.php?id=102947\"><span style=\"color: #0066cc\"> https:\/\/repozitorij.uni-lj.si\/IzpisGradiva.php?id=102947<\/span><\/a>. [COBISS.SI-ID <a class=\"red\" href=\"https:\/\/plus.si.cobiss.net\/opac7\/bib\/9054585?lang=sl\" target=\"_blank\"><span style=\"color: #0066cc\">9054585<\/span><\/a>]<\/p>\n<p class=\"test-LocationInConferenceProceeding\">\u010cEPIN, Timotej<i>. U\u010dinek potencialnih efektorjev fitoplazme Candidatus Phytoplasma solani na rastlinski fenotip : magistrsko delo : magistrski \u0161tudij &#8211; 2. stopnja = The effect of potential Candidatus Phytoplasma solani effectors on the plant phenotype : M. Sc. Thesis : Master Study Programmes<\/i>. Ljubljana: [T. \u010cepin], 2018. IX, 59, [1] f., ilustr. <a class=\"red\" href=\"https:\/\/repozitorij.uni-lj.si\/IzpisGradiva.php?id=103723\"><span style=\"color: #0066cc\"> https:\/\/repozitorij.uni-lj.si\/IzpisGradiva.php?id=103723<\/span><\/a>. [COBISS.SI-ID <a class=\"red\" href=\"https:\/\/plus.si.cobiss.net\/opac7\/bib\/4887887?lang=sl\" target=\"_blank\"><span style=\"color: #0066cc\">4887887<\/span><\/a>]<\/p>\n<p class=\"test-LocationInConferenceProceeding\">MERMAL, Sara. <em>Multilokusna sekven\u010dna tipizacija fitoplazme\u00a0<strong>\u2018<\/strong><em>Candidatus<\/em> Phytoplasma solani\u2019 v slovenskih vinorodnih de\u017eelah: magistrsko delo: magistrski \u0161tudij &#8211; 2. stopnja = Multilocus sequence typing of phytoplasma <strong>\u2018<\/strong><em>Candidatus<\/em><em> Phytoplasma solani\u2019 <\/em>in Slovenian wine regions : M. Sc. Thesis : Master Study Programmes. Ljubljana: [S. Mermal], 2018.<strong><br \/>\n<\/strong><\/em><\/p>\n<p>AN\u017dI\u010c, Barbara. <em>Transformacija madagaskarskega zimzelena (Catharanthus roseus) za raziskave oku\u017ebe s \u2018Candidatus phytoplasma solani\u2019 in encimske aktivnosti v oku\u017eenih rastlinah: magistrsko delo: magistrski \u0161tudij &#8211; 2. stopnja =\u00a0Transformation of Madagascar periwinkle (<em>Catharanthus roseus<\/em>) for studying infection with \u2018<em>Candidatus phytoplasma solani<\/em>\u2019 and enzymatic activities in infected plants: M. Sc. Thesis : Master Study Programmes. Ljubljana: [B. An\u017ei\u010d], 2019.<\/em><\/p>\n<p class=\"test-LocationInConferenceProceeding\">\n<\/div>\n<p>&nbsp;<\/p>\n<p>&nbsp;<\/p>\n<p><em>\u00a0<\/em><\/p>\n<p>&nbsp;<\/p>\n","protected":false},"excerpt":{"rendered":"<p>Original scientific article DUNN COVINGTON, Elizabeth, ROITSCH, Thomas, DERMASTIA, Marina. Determination of the activity signature of key carbohydrate metabolism enzymes in phenolic-rich grapevine tissues. Acta chimica slovenica, ISSN 1318-0207. [Tiskana izd.], 2016, vol. 63, no. 4, str. 757-762. https:\/\/journals.matheo.si\/index.php\/ACSi\/article\/view\/2484\/1115. PREZELJ, Nina, COVINGTON, Elizabeth, ROITSCH, Thomas, GRUDEN, Kristina, FRAGNER, Lena, WECKWERTH, Wolfram, CHERSICOLA, Marko, VODOPIVEC, Maja, [&hellip;]<\/p>\n","protected":false},"author":3,"featured_media":0,"parent":0,"menu_order":0,"comment_status":"closed","ping_status":"closed","template":"page-fullwidth.php","meta":{"jetpack_post_was_ever_published":false,"footnotes":""},"class_list":["post-30","page","type-page","status-publish","hentry"],"jetpack_sharing_enabled":true,"jetpack_shortlink":"https:\/\/wp.me\/P7Rl1M-u","jetpack-related-posts":[],"_links":{"self":[{"href":"https:\/\/projects.nib.si\/ingrapa\/wp-json\/wp\/v2\/pages\/30","targetHints":{"allow":["GET"]}}],"collection":[{"href":"https:\/\/projects.nib.si\/ingrapa\/wp-json\/wp\/v2\/pages"}],"about":[{"href":"https:\/\/projects.nib.si\/ingrapa\/wp-json\/wp\/v2\/types\/page"}],"author":[{"embeddable":true,"href":"https:\/\/projects.nib.si\/ingrapa\/wp-json\/wp\/v2\/users\/3"}],"replies":[{"embeddable":true,"href":"https:\/\/projects.nib.si\/ingrapa\/wp-json\/wp\/v2\/comments?post=30"}],"version-history":[{"count":18,"href":"https:\/\/projects.nib.si\/ingrapa\/wp-json\/wp\/v2\/pages\/30\/revisions"}],"predecessor-version":[{"id":251,"href":"https:\/\/projects.nib.si\/ingrapa\/wp-json\/wp\/v2\/pages\/30\/revisions\/251"}],"wp:attachment":[{"href":"https:\/\/projects.nib.si\/ingrapa\/wp-json\/wp\/v2\/media?parent=30"}],"curies":[{"name":"wp","href":"https:\/\/api.w.org\/{rel}","templated":true}]}}