{"id":416,"date":"2020-12-08T08:20:52","date_gmt":"2020-12-08T07:20:52","guid":{"rendered":"http:\/\/projects.nib.si\/jellybiome\/?page_id=416"},"modified":"2025-12-02T14:21:11","modified_gmt":"2025-12-02T13:21:11","slug":"people","status":"publish","type":"page","link":"https:\/\/projects.nib.si\/jellybiome\/people\/","title":{"rendered":"People"},"content":{"rendered":"<p>This is a <strong>joint Slovenian-Austrian project.<\/strong><\/p>\n<p><strong><u>The project\u2019s consortium<\/u><\/strong> is composed of <strong>four partners:<\/strong><\/p>\n<p><b>National Institute of Biology<\/b>:<\/p>\n<p>Marine Biology Station Piran:<\/p>\n<ul>\n<li><strong>Project leader<\/strong>: dr. Tinkara Tinta<\/li>\n<li><strong>Researchers<\/strong>: dr. Ne\u017ea Orel, dr. Timotej Dermastia Turk, dr. Katja Klun,<\/li>\n<li><strong>Phd students<\/strong>: Maja Starovi\u010d,<\/li>\n<li><strong>Technical support<\/strong>: \u017diva Muhi\u010d, Slavica Nasti\u0107<\/li>\n<\/ul>\n<p>&nbsp;<\/p>\n<p>Dep. of Biotechnology and System biology:<\/p>\n<ul>\n<li><strong>Researchers<\/strong>: dr. Denis Kutnjak, dr. Anja Pecman<\/li>\n<li><strong>Technical support<\/strong>: \u017diva Lengar<\/li>\n<\/ul>\n<p>&nbsp;<\/p>\n<p><strong>Jo\u017eef Stefan Institute<\/strong><\/p>\n<p>Dep. of Biochemistry, Molecular and Structural Biology,<\/p>\n<ul>\n<li><strong>Leader of the project team<\/strong>: prof. ddr. Boris Turk,<\/li>\n<li><strong>Researchers<\/strong>: dr. Marko Fonovi\u0107<\/li>\n<li><strong>PhD student<\/strong>: Tilen Sever<\/li>\n<li><strong>Technical support<\/strong>: Ivica \u0160tefe<\/li>\n<\/ul>\n<p>&nbsp;<\/p>\n<p><strong>National Institute of Chemistry<\/strong><\/p>\n<p>Dep. of Catalysis and Chemical Reaction Engineering<\/p>\n<ul>\n<li><strong>Leader of the project team<\/strong>: prof. dr. Bla\u017e Stres<\/li>\n<\/ul>\n<p>&nbsp;<\/p>\n<p><strong>University of Vienna<\/strong><\/p>\n<p>Microbial Oceanography group, Department of Functional and Evolutionary Ecology<\/p>\n<ul>\n<li><strong>Project leader<\/strong>: prof.\u00a0dr. Gerhard J. Herndl,<\/li>\n<li><strong>Postdoctoral researcher<\/strong>: dr. Eduard Fadeev<\/li>\n<\/ul>\n","protected":false},"excerpt":{"rendered":"<p>This is a joint Slovenian-Austrian project. The project\u2019s consortium is composed of four partners: National Institute of Biology: Marine Biology Station Piran: Project leader: dr. Tinkara Tinta Researchers: dr. Ne\u017ea Orel, dr. Timotej Dermastia Turk, dr. Katja Klun, Phd students: Maja Starovi\u010d, Technical support: \u017diva Muhi\u010d, Slavica Nasti\u0107 &nbsp; Dep. of Biotechnology and System biology: [&hellip;]<\/p>\n","protected":false},"author":36,"featured_media":0,"parent":0,"menu_order":0,"comment_status":"closed","ping_status":"closed","template":"","meta":{"footnotes":""},"class_list":["post-416","page","type-page","status-publish","hentry"],"jetpack_sharing_enabled":true,"jetpack_shortlink":"https:\/\/wp.me\/Ph8Nae-6I","jetpack-related-posts":[],"_links":{"self":[{"href":"https:\/\/projects.nib.si\/jellybiome\/wp-json\/wp\/v2\/pages\/416","targetHints":{"allow":["GET"]}}],"collection":[{"href":"https:\/\/projects.nib.si\/jellybiome\/wp-json\/wp\/v2\/pages"}],"about":[{"href":"https:\/\/projects.nib.si\/jellybiome\/wp-json\/wp\/v2\/types\/page"}],"author":[{"embeddable":true,"href":"https:\/\/projects.nib.si\/jellybiome\/wp-json\/wp\/v2\/users\/36"}],"replies":[{"embeddable":true,"href":"https:\/\/projects.nib.si\/jellybiome\/wp-json\/wp\/v2\/comments?post=416"}],"version-history":[{"count":8,"href":"https:\/\/projects.nib.si\/jellybiome\/wp-json\/wp\/v2\/pages\/416\/revisions"}],"predecessor-version":[{"id":487,"href":"https:\/\/projects.nib.si\/jellybiome\/wp-json\/wp\/v2\/pages\/416\/revisions\/487"}],"wp:attachment":[{"href":"https:\/\/projects.nib.si\/jellybiome\/wp-json\/wp\/v2\/media?parent=416"}],"curies":[{"name":"wp","href":"https:\/\/api.w.org\/{rel}","templated":true}]}}