{"id":253,"date":"2017-03-06T15:19:59","date_gmt":"2017-03-06T14:19:59","guid":{"rendered":"http:\/\/projects.nib.si\/mapquest\/?page_id=253"},"modified":"2025-03-25T11:44:33","modified_gmt":"2025-03-25T10:44:33","slug":"partners-2","status":"publish","type":"page","link":"https:\/\/projects.nib.si\/mapquest\/partners-2\/","title":{"rendered":"Partnerji"},"content":{"rendered":"<p>V projektu sodelujejo partnerji, ki zdru\u017eujejo znanja o povzro\u010diteljih bolezni z dolgoletnimi izku\u0161njami s podro\u010dja laboratorijskih testov in aktivnosti na podro\u010dju varstva rastlin. Projekt koordinira Nacionalni in\u0161titut za biologijo.<\/p>\n<p><a href=\"https:\/\/www.nib.si\/\"><img data-recalc-dims=\"1\" loading=\"lazy\" decoding=\"async\" data-attachment-id=\"484\" data-permalink=\"https:\/\/projects.nib.si\/mapquest\/links\/logo_partners_logo-nib-rgb\/\" data-orig-file=\"https:\/\/i0.wp.com\/projects.nib.si\/mapquest\/wp-content\/uploads\/sites\/61\/2024\/11\/Logo_Partners_LOGO-NIB-RGB.png?fit=2469%2C295&amp;ssl=1\" data-orig-size=\"2469,295\" data-comments-opened=\"1\" data-image-meta=\"{&quot;aperture&quot;:&quot;0&quot;,&quot;credit&quot;:&quot;&quot;,&quot;camera&quot;:&quot;&quot;,&quot;caption&quot;:&quot;&quot;,&quot;created_timestamp&quot;:&quot;0&quot;,&quot;copyright&quot;:&quot;&quot;,&quot;focal_length&quot;:&quot;0&quot;,&quot;iso&quot;:&quot;0&quot;,&quot;shutter_speed&quot;:&quot;0&quot;,&quot;title&quot;:&quot;&quot;,&quot;orientation&quot;:&quot;0&quot;}\" data-image-title=\"Logo_Partners_LOGO NIB RGB\" data-image-description=\"\" data-image-caption=\"\" data-medium-file=\"https:\/\/i0.wp.com\/projects.nib.si\/mapquest\/wp-content\/uploads\/sites\/61\/2024\/11\/Logo_Partners_LOGO-NIB-RGB.png?fit=300%2C36&amp;ssl=1\" data-large-file=\"https:\/\/i0.wp.com\/projects.nib.si\/mapquest\/wp-content\/uploads\/sites\/61\/2024\/11\/Logo_Partners_LOGO-NIB-RGB.png?fit=1024%2C122&amp;ssl=1\" class=\"alignnone wp-image-484 size-medium\" src=\"https:\/\/i0.wp.com\/projects.nib.si\/mapquest\/wp-content\/uploads\/sites\/61\/2024\/11\/Logo_Partners_LOGO-NIB-RGB.png?resize=300%2C36\" alt=\"\" width=\"300\" height=\"36\" srcset=\"https:\/\/i0.wp.com\/projects.nib.si\/mapquest\/wp-content\/uploads\/sites\/61\/2024\/11\/Logo_Partners_LOGO-NIB-RGB.png?resize=300%2C36&amp;ssl=1 300w, https:\/\/i0.wp.com\/projects.nib.si\/mapquest\/wp-content\/uploads\/sites\/61\/2024\/11\/Logo_Partners_LOGO-NIB-RGB.png?resize=1024%2C122&amp;ssl=1 1024w, https:\/\/i0.wp.com\/projects.nib.si\/mapquest\/wp-content\/uploads\/sites\/61\/2024\/11\/Logo_Partners_LOGO-NIB-RGB.png?resize=768%2C92&amp;ssl=1 768w, https:\/\/i0.wp.com\/projects.nib.si\/mapquest\/wp-content\/uploads\/sites\/61\/2024\/11\/Logo_Partners_LOGO-NIB-RGB.png?resize=1536%2C184&amp;ssl=1 1536w, https:\/\/i0.wp.com\/projects.nib.si\/mapquest\/wp-content\/uploads\/sites\/61\/2024\/11\/Logo_Partners_LOGO-NIB-RGB.png?resize=2048%2C245&amp;ssl=1 2048w\" sizes=\"auto, (max-width: 300px) 100vw, 300px\" \/><\/a><\/p>\n<p><a href=\"https:\/\/www.kmetijskizavod-ng.si\/\"><img data-recalc-dims=\"1\" loading=\"lazy\" decoding=\"async\" data-attachment-id=\"482\" data-permalink=\"https:\/\/projects.nib.si\/mapquest\/links\/logo_partners_kgz-nova-gorica-barvni\/\" data-orig-file=\"https:\/\/i0.wp.com\/projects.nib.si\/mapquest\/wp-content\/uploads\/sites\/61\/2024\/11\/Logo_Partners_KGZ-NOVA-GORICA-barvni.png?fit=627%2C405&amp;ssl=1\" data-orig-size=\"627,405\" data-comments-opened=\"1\" data-image-meta=\"{&quot;aperture&quot;:&quot;0&quot;,&quot;credit&quot;:&quot;&quot;,&quot;camera&quot;:&quot;&quot;,&quot;caption&quot;:&quot;&quot;,&quot;created_timestamp&quot;:&quot;0&quot;,&quot;copyright&quot;:&quot;&quot;,&quot;focal_length&quot;:&quot;0&quot;,&quot;iso&quot;:&quot;0&quot;,&quot;shutter_speed&quot;:&quot;0&quot;,&quot;title&quot;:&quot;&quot;,&quot;orientation&quot;:&quot;0&quot;}\" data-image-title=\"Logo_Partners_KGZ NOVA GORICA barvni\" data-image-description=\"\" data-image-caption=\"\" data-medium-file=\"https:\/\/i0.wp.com\/projects.nib.si\/mapquest\/wp-content\/uploads\/sites\/61\/2024\/11\/Logo_Partners_KGZ-NOVA-GORICA-barvni.png?fit=300%2C194&amp;ssl=1\" data-large-file=\"https:\/\/i0.wp.com\/projects.nib.si\/mapquest\/wp-content\/uploads\/sites\/61\/2024\/11\/Logo_Partners_KGZ-NOVA-GORICA-barvni.png?fit=627%2C405&amp;ssl=1\" class=\"alignnone wp-image-482 size-medium\" src=\"https:\/\/i0.wp.com\/projects.nib.si\/mapquest\/wp-content\/uploads\/sites\/61\/2024\/11\/Logo_Partners_KGZ-NOVA-GORICA-barvni.png?resize=300%2C194\" alt=\"\" width=\"300\" height=\"194\" srcset=\"https:\/\/i0.wp.com\/projects.nib.si\/mapquest\/wp-content\/uploads\/sites\/61\/2024\/11\/Logo_Partners_KGZ-NOVA-GORICA-barvni.png?resize=300%2C194&amp;ssl=1 300w, https:\/\/i0.wp.com\/projects.nib.si\/mapquest\/wp-content\/uploads\/sites\/61\/2024\/11\/Logo_Partners_KGZ-NOVA-GORICA-barvni.png?w=627&amp;ssl=1 627w\" sizes=\"auto, (max-width: 300px) 100vw, 300px\" \/><\/a><\/p>\n<p><a href=\"https:\/\/www.kis.si\/\"><img data-recalc-dims=\"1\" loading=\"lazy\" decoding=\"async\" data-attachment-id=\"483\" data-permalink=\"https:\/\/projects.nib.si\/mapquest\/links\/logo_partners_kis_logotip_slo_vodoravni_barvni\/\" data-orig-file=\"https:\/\/i0.wp.com\/projects.nib.si\/mapquest\/wp-content\/uploads\/sites\/61\/2024\/11\/Logo_Partners_KIS_logotip_SLO_vodoravni_barvni.png?fit=709%2C236&amp;ssl=1\" data-orig-size=\"709,236\" data-comments-opened=\"1\" data-image-meta=\"{&quot;aperture&quot;:&quot;0&quot;,&quot;credit&quot;:&quot;&quot;,&quot;camera&quot;:&quot;&quot;,&quot;caption&quot;:&quot;&quot;,&quot;created_timestamp&quot;:&quot;0&quot;,&quot;copyright&quot;:&quot;&quot;,&quot;focal_length&quot;:&quot;0&quot;,&quot;iso&quot;:&quot;0&quot;,&quot;shutter_speed&quot;:&quot;0&quot;,&quot;title&quot;:&quot;&quot;,&quot;orientation&quot;:&quot;0&quot;}\" data-image-title=\"Logo_Partners_KIS_logotip_SLO_vodoravni_barvni\" data-image-description=\"\" data-image-caption=\"\" data-medium-file=\"https:\/\/i0.wp.com\/projects.nib.si\/mapquest\/wp-content\/uploads\/sites\/61\/2024\/11\/Logo_Partners_KIS_logotip_SLO_vodoravni_barvni.png?fit=300%2C100&amp;ssl=1\" data-large-file=\"https:\/\/i0.wp.com\/projects.nib.si\/mapquest\/wp-content\/uploads\/sites\/61\/2024\/11\/Logo_Partners_KIS_logotip_SLO_vodoravni_barvni.png?fit=709%2C236&amp;ssl=1\" class=\"alignnone wp-image-483 size-medium\" src=\"https:\/\/i0.wp.com\/projects.nib.si\/mapquest\/wp-content\/uploads\/sites\/61\/2024\/11\/Logo_Partners_KIS_logotip_SLO_vodoravni_barvni.png?resize=300%2C100\" alt=\"\" width=\"300\" height=\"100\" srcset=\"https:\/\/i0.wp.com\/projects.nib.si\/mapquest\/wp-content\/uploads\/sites\/61\/2024\/11\/Logo_Partners_KIS_logotip_SLO_vodoravni_barvni.png?resize=300%2C100&amp;ssl=1 300w, https:\/\/i0.wp.com\/projects.nib.si\/mapquest\/wp-content\/uploads\/sites\/61\/2024\/11\/Logo_Partners_KIS_logotip_SLO_vodoravni_barvni.png?w=709&amp;ssl=1 709w\" sizes=\"auto, (max-width: 300px) 100vw, 300px\" \/><\/a><\/p>\n<p><a href=\"https:\/\/www.kmetijski-zavod.si\/sl-si\/\"><img data-recalc-dims=\"1\" loading=\"lazy\" decoding=\"async\" data-attachment-id=\"481\" data-permalink=\"https:\/\/projects.nib.si\/mapquest\/links\/logo_partners_kgz-maribor-barvni\/\" data-orig-file=\"https:\/\/i0.wp.com\/projects.nib.si\/mapquest\/wp-content\/uploads\/sites\/61\/2024\/11\/Logo_Partners_KGZ-MARIBOR-barvni.png?fit=627%2C405&amp;ssl=1\" data-orig-size=\"627,405\" data-comments-opened=\"1\" data-image-meta=\"{&quot;aperture&quot;:&quot;0&quot;,&quot;credit&quot;:&quot;&quot;,&quot;camera&quot;:&quot;&quot;,&quot;caption&quot;:&quot;&quot;,&quot;created_timestamp&quot;:&quot;0&quot;,&quot;copyright&quot;:&quot;&quot;,&quot;focal_length&quot;:&quot;0&quot;,&quot;iso&quot;:&quot;0&quot;,&quot;shutter_speed&quot;:&quot;0&quot;,&quot;title&quot;:&quot;&quot;,&quot;orientation&quot;:&quot;0&quot;}\" data-image-title=\"Logo_Partners_KGZ MARIBOR barvni\" data-image-description=\"\" data-image-caption=\"\" data-medium-file=\"https:\/\/i0.wp.com\/projects.nib.si\/mapquest\/wp-content\/uploads\/sites\/61\/2024\/11\/Logo_Partners_KGZ-MARIBOR-barvni.png?fit=300%2C194&amp;ssl=1\" data-large-file=\"https:\/\/i0.wp.com\/projects.nib.si\/mapquest\/wp-content\/uploads\/sites\/61\/2024\/11\/Logo_Partners_KGZ-MARIBOR-barvni.png?fit=627%2C405&amp;ssl=1\" class=\"alignnone wp-image-481 size-medium\" src=\"https:\/\/i0.wp.com\/projects.nib.si\/mapquest\/wp-content\/uploads\/sites\/61\/2024\/11\/Logo_Partners_KGZ-MARIBOR-barvni.png?resize=300%2C194\" alt=\"\" width=\"300\" height=\"194\" srcset=\"https:\/\/i0.wp.com\/projects.nib.si\/mapquest\/wp-content\/uploads\/sites\/61\/2024\/11\/Logo_Partners_KGZ-MARIBOR-barvni.png?resize=300%2C194&amp;ssl=1 300w, https:\/\/i0.wp.com\/projects.nib.si\/mapquest\/wp-content\/uploads\/sites\/61\/2024\/11\/Logo_Partners_KGZ-MARIBOR-barvni.png?w=627&amp;ssl=1 627w\" sizes=\"auto, (max-width: 300px) 100vw, 300px\" \/><\/a><\/p>\n","protected":false},"excerpt":{"rendered":"<p>V projektu sodelujejo partnerji, ki zdru\u017eujejo znanja o povzro\u010diteljih bolezni z dolgoletnimi izku\u0161njami s podro\u010dja laboratorijskih testov in aktivnosti na podro\u010dju varstva rastlin. Projekt koordinira Nacionalni in\u0161titut za biologijo.<\/p>\n","protected":false},"author":4,"featured_media":0,"parent":0,"menu_order":3,"comment_status":"closed","ping_status":"closed","template":"","meta":{"jetpack_post_was_ever_published":false,"footnotes":""},"class_list":["post-253","page","type-page","status-publish","hentry"],"jetpack_sharing_enabled":true,"jetpack_shortlink":"https:\/\/wp.me\/Pg0nFQ-45","jetpack-related-posts":[],"_links":{"self":[{"href":"https:\/\/projects.nib.si\/mapquest\/wp-json\/wp\/v2\/pages\/253","targetHints":{"allow":["GET"]}}],"collection":[{"href":"https:\/\/projects.nib.si\/mapquest\/wp-json\/wp\/v2\/pages"}],"about":[{"href":"https:\/\/projects.nib.si\/mapquest\/wp-json\/wp\/v2\/types\/page"}],"author":[{"embeddable":true,"href":"https:\/\/projects.nib.si\/mapquest\/wp-json\/wp\/v2\/users\/4"}],"replies":[{"embeddable":true,"href":"https:\/\/projects.nib.si\/mapquest\/wp-json\/wp\/v2\/comments?post=253"}],"version-history":[{"count":13,"href":"https:\/\/projects.nib.si\/mapquest\/wp-json\/wp\/v2\/pages\/253\/revisions"}],"predecessor-version":[{"id":531,"href":"https:\/\/projects.nib.si\/mapquest\/wp-json\/wp\/v2\/pages\/253\/revisions\/531"}],"wp:attachment":[{"href":"https:\/\/projects.nib.si\/mapquest\/wp-json\/wp\/v2\/media?parent=253"}],"curies":[{"name":"wp","href":"https:\/\/api.w.org\/{rel}","templated":true}]}}