{"id":99,"date":"2016-04-12T21:19:30","date_gmt":"2016-04-12T21:19:30","guid":{"rendered":"http:\/\/projects.nib.si\/mapquest\/?page_id=99"},"modified":"2025-03-25T11:53:14","modified_gmt":"2025-03-25T10:53:14","slug":"links","status":"publish","type":"page","link":"https:\/\/projects.nib.si\/mapquest\/links\/","title":{"rendered":"Povezave"},"content":{"rendered":"<p><a href=\"https:\/\/cris.cobiss.net\/ecris\/si\/sl\/project\/22221\" target=\"_blank\" rel=\"noopener\">Stran projekta v Informacijskem sistemu o raziskovalni dejavnosti v Sloveniji (SICRIS)<\/a><\/p>\n","protected":false},"excerpt":{"rendered":"<p>Stran projekta v Informacijskem sistemu o raziskovalni dejavnosti v Sloveniji (SICRIS)<\/p>\n","protected":false},"author":16,"featured_media":0,"parent":0,"menu_order":7,"comment_status":"closed","ping_status":"closed","template":"page-fullwidth.php","meta":{"jetpack_post_was_ever_published":false,"footnotes":""},"class_list":["post-99","page","type-page","status-publish","hentry"],"jetpack_sharing_enabled":true,"jetpack_shortlink":"https:\/\/wp.me\/Pg0nFQ-1B","jetpack-related-posts":[{"id":40,"url":"https:\/\/projects.nib.si\/mapquest\/","url_meta":{"origin":99,"position":0},"title":"O projektu","author":"tanjad","date":"05\/04\/2016","format":false,"excerpt":"Naslov projekta: Napredne strategije upravljanja karantenske bakterijske uvelosti koruze v Sloveniji (MapQuest) Naziv te\u017ei\u0161\u010da v okviru CRP: 3. Kakovost \u017eivljenja, varna in zdrava hrana, krepitev gospodarske aktivnosti na pode\u017eelju \u0160ifra projekta: V4-2415 Trajanje: 1.9.2024 - 31.8.2027 Izhodi\u0161\u010da in opredelitev problema Zakaj je koruza pomembna v Sloveniji? Koruza je eno najpomembnej\u0161ih\u2026","rel":"","context":"Similar post","block_context":{"text":"Similar post","link":""},"img":{"alt_text":"","src":"https:\/\/i0.wp.com\/projects.nib.si\/mapquest\/wp-content\/uploads\/sites\/61\/2024\/11\/Logo_Funders_ARISLogoSlo-300x61.png?resize=350%2C200","width":350,"height":200},"classes":[]},{"id":14,"url":"https:\/\/projects.nib.si\/mapquest\/summary\/","url_meta":{"origin":99,"position":1},"title":"Cilji projekta","author":"tanjad","date":"05\/04\/2016","format":false,"excerpt":"Da bi prepre\u010dili ustalitev in \u0161irjenje bolezni, je potrebno zapolniti klju\u010dne vrzeli v znanju.Med glavnimi vpra\u0161anji so: Od kod prihajajo oku\u017ebe? Ali bakterijo prena\u0161ajo \u017eu\u017eelke v Sloveniji? Specifi\u010dni cilji projekta: Inventarizacija plevelnih gostiteljskih rastlin:Prepoznati gostitelje na obmo\u010djih z visokim tveganjem za ustalitev bolezni. Raziskave potencialnih prena\u0161alcev:Spremljati in analizirati prisotne \u017eu\u017eelke\u2026","rel":"","context":"Similar post","block_context":{"text":"Similar post","link":""},"img":{"alt_text":"","src":"","width":0,"height":0},"classes":[]},{"id":43,"url":"https:\/\/projects.nib.si\/mapquest\/contacts\/","url_meta":{"origin":99,"position":2},"title":"Kontakt","author":"ablejec","date":"05\/04\/2016","format":false,"excerpt":"Vodja projekta dr. Tanja Dreo Nacionalni in\u0161titut za biologijo Ve\u010dna pot 121 SI-1000 Ljubljana Slovenia Send a private message to Tanja:","rel":"","context":"Similar post","block_context":{"text":"Similar post","link":""},"img":{"alt_text":"","src":"","width":0,"height":0},"classes":[]},{"id":253,"url":"https:\/\/projects.nib.si\/mapquest\/partners-2\/","url_meta":{"origin":99,"position":3},"title":"Partnerji","author":"Marko Petek","date":"06\/03\/2017","format":false,"excerpt":"V projektu sodelujejo partnerji, ki zdru\u017eujejo znanja o povzro\u010diteljih bolezni z dolgoletnimi izku\u0161njami s podro\u010dja laboratorijskih testov in aktivnosti na podro\u010dju varstva rastlin. Projekt koordinira Nacionalni in\u0161titut za biologijo.","rel":"","context":"Similar post","block_context":{"text":"Similar post","link":""},"img":{"alt_text":"","src":"https:\/\/i0.wp.com\/projects.nib.si\/mapquest\/wp-content\/uploads\/sites\/61\/2024\/11\/Logo_Partners_LOGO-NIB-RGB-300x36.png?resize=350%2C200","width":350,"height":200},"classes":[]}],"_links":{"self":[{"href":"https:\/\/projects.nib.si\/mapquest\/wp-json\/wp\/v2\/pages\/99","targetHints":{"allow":["GET"]}}],"collection":[{"href":"https:\/\/projects.nib.si\/mapquest\/wp-json\/wp\/v2\/pages"}],"about":[{"href":"https:\/\/projects.nib.si\/mapquest\/wp-json\/wp\/v2\/types\/page"}],"author":[{"embeddable":true,"href":"https:\/\/projects.nib.si\/mapquest\/wp-json\/wp\/v2\/users\/16"}],"replies":[{"embeddable":true,"href":"https:\/\/projects.nib.si\/mapquest\/wp-json\/wp\/v2\/comments?post=99"}],"version-history":[{"count":14,"href":"https:\/\/projects.nib.si\/mapquest\/wp-json\/wp\/v2\/pages\/99\/revisions"}],"predecessor-version":[{"id":534,"href":"https:\/\/projects.nib.si\/mapquest\/wp-json\/wp\/v2\/pages\/99\/revisions\/534"}],"wp:attachment":[{"href":"https:\/\/projects.nib.si\/mapquest\/wp-json\/wp\/v2\/media?parent=99"}],"curies":[{"name":"wp","href":"https:\/\/api.w.org\/{rel}","templated":true}]}}