{"id":40,"date":"2016-04-05T22:31:14","date_gmt":"2016-04-05T22:31:14","guid":{"rendered":"http:\/\/projects.nib.si\/met4lab\/?page_id=40"},"modified":"2023-04-30T19:19:29","modified_gmt":"2023-04-30T18:19:29","slug":"short-description","status":"publish","type":"page","link":"https:\/\/projects.nib.si\/met4lab\/","title":{"rendered":"Osnovne informacije"},"content":{"rendered":"<p>Namen projekta je vzpostavitev podlag za identifikacijo meroslovnih potreb na podro\u010dju kemije, biologije in medicine in pridobitev podatkov o primerljivosti laboratorijev. V ta namen bomo v okviru projekta organizirali delavnice in anketo ter medlaboratorijsko primerjavo na podro\u010dju analize z metodo veri\u017ene reakcije s polimerazo (PCR). PCR je ena od metod, ki se zelo pogosto uporabljajo za analizo nukleinskih kislin in temelji na pomno\u017eevanju izbranega tar\u010dnega zaporedja le-teh. Z metodo PCR in njenimi nadgradnjami kot sta PCR v realnem \u010dasu in digitalna PCR je mo\u017eno izvajati detekcijo, identifikacijo in kvantificiranje izbranih tar\u010dnih zaporedij nukleinskih kislin pridobljenih iz razli\u010dnih organizmov in iz razli\u010dnih tipov vzorcev. V\u00a0projektu sodeluje ve\u010d laboratorijev, ki vsak na svojem podro\u010dju (medicina, \u017eivalski mikroorganizmi, mikroorganizmi v \u017eivilih, zdravstveno varstvo rastlin, gensko spremenjeni organizmi) izvajajo analize s PCR.<\/p>\n<p>Oznaka: V2-2247<br \/>\nTrajanje:\u00a01.10.2022 &#8211; 31.9.2024<\/p>\n<p><strong>Projekt financirajo:<\/strong><\/p>\n<div>\u2022\u00a0\u00a0 \u00a0<a href=\"https:\/\/www.arrs.si\/sl\/progproj\/crp\/\">Javna agencija za raziskovalno dejavnost Republike Slovenije (ARRS)<\/a><\/div>\n<div>\u2022\u00a0\u00a0 \u00a0<a href=\"https:\/\/www.gov.si\/drzavni-organi\/organi-v-sestavi\/urad-za-meroslovje\/\">Ministrstvo za gospodarstvo, turizem in \u0161port, Urad Republike Slovenije za meroslovje (MGRT, MIRS)<\/a><\/div>\n<p>&nbsp;<\/p>\n<p><img loading=\"lazy\" decoding=\"async\" data-attachment-id=\"451\" data-permalink=\"https:\/\/projects.nib.si\/met4lab\/short-description\/logo-mirs-si-3\/\" data-orig-file=\"https:\/\/projects.nib.si\/met4lab\/wp-content\/uploads\/sites\/50\/2016\/04\/logo-MIRS-SI.jpg\" data-orig-size=\"710,137\" data-comments-opened=\"1\" data-image-meta=\"{&quot;aperture&quot;:&quot;0&quot;,&quot;credit&quot;:&quot;Ur\\u0161ka Turn\\u0161ek&quot;,&quot;camera&quot;:&quot;&quot;,&quot;caption&quot;:&quot;&quot;,&quot;created_timestamp&quot;:&quot;1682330094&quot;,&quot;copyright&quot;:&quot;&quot;,&quot;focal_length&quot;:&quot;0&quot;,&quot;iso&quot;:&quot;0&quot;,&quot;shutter_speed&quot;:&quot;0&quot;,&quot;title&quot;:&quot;&quot;,&quot;orientation&quot;:&quot;0&quot;}\" data-image-title=\"logo MIRS SI\" data-image-description=\"\" data-image-caption=\"\" data-large-file=\"https:\/\/projects.nib.si\/met4lab\/wp-content\/uploads\/sites\/50\/2016\/04\/logo-MIRS-SI.jpg\" class=\"alignnone size-medium wp-image-451\" src=\"http:\/\/projects.nib.si\/met4lab\/wp-content\/uploads\/sites\/50\/2016\/04\/logo-MIRS-SI-300x58.jpg\" alt=\"logo MIRS SI\" width=\"300\" height=\"58\" srcset=\"https:\/\/projects.nib.si\/met4lab\/wp-content\/uploads\/sites\/50\/2016\/04\/logo-MIRS-SI-300x58.jpg 300w, https:\/\/projects.nib.si\/met4lab\/wp-content\/uploads\/sites\/50\/2016\/04\/logo-MIRS-SI.jpg 710w\" sizes=\"auto, (max-width: 300px) 100vw, 300px\" \/><\/p>\n<p><img loading=\"lazy\" decoding=\"async\" data-attachment-id=\"441\" data-permalink=\"https:\/\/projects.nib.si\/met4lab\/short-description\/arrs_logo\/\" data-orig-file=\"https:\/\/projects.nib.si\/met4lab\/wp-content\/uploads\/sites\/50\/2016\/04\/ARRS_logo.jpg\" data-orig-size=\"1056,456\" data-comments-opened=\"1\" data-image-meta=\"{&quot;aperture&quot;:&quot;0&quot;,&quot;credit&quot;:&quot;Katja Ploj&quot;,&quot;camera&quot;:&quot;&quot;,&quot;caption&quot;:&quot;&quot;,&quot;created_timestamp&quot;:&quot;1585139365&quot;,&quot;copyright&quot;:&quot;&quot;,&quot;focal_length&quot;:&quot;0&quot;,&quot;iso&quot;:&quot;0&quot;,&quot;shutter_speed&quot;:&quot;0&quot;,&quot;title&quot;:&quot;&quot;,&quot;orientation&quot;:&quot;0&quot;}\" data-image-title=\"ARRS_logo\" data-image-description=\"\" data-image-caption=\"\" data-large-file=\"https:\/\/projects.nib.si\/met4lab\/wp-content\/uploads\/sites\/50\/2016\/04\/ARRS_logo-1024x442.jpg\" class=\"alignnone size-medium wp-image-441\" src=\"http:\/\/projects.nib.si\/met4lab\/wp-content\/uploads\/sites\/50\/2016\/04\/ARRS_logo-300x130.jpg\" alt=\"ARRS_logo\" width=\"300\" height=\"130\" srcset=\"https:\/\/projects.nib.si\/met4lab\/wp-content\/uploads\/sites\/50\/2016\/04\/ARRS_logo-300x130.jpg 300w, https:\/\/projects.nib.si\/met4lab\/wp-content\/uploads\/sites\/50\/2016\/04\/ARRS_logo-768x332.jpg 768w, https:\/\/projects.nib.si\/met4lab\/wp-content\/uploads\/sites\/50\/2016\/04\/ARRS_logo-1024x442.jpg 1024w, https:\/\/projects.nib.si\/met4lab\/wp-content\/uploads\/sites\/50\/2016\/04\/ARRS_logo.jpg 1056w\" sizes=\"auto, (max-width: 300px) 100vw, 300px\" \/><\/p>\n","protected":false},"excerpt":{"rendered":"<p>Namen projekta je vzpostavitev podlag za identifikacijo meroslovnih potreb na podro\u010dju kemije, biologije in medicine in pridobitev podatkov o primerljivosti laboratorijev. V ta namen bomo v okviru projekta organizirali delavnice in anketo ter medlaboratorijsko primerjavo na podro\u010dju analize z metodo veri\u017ene reakcije s polimerazo (PCR). PCR je ena od metod, ki se zelo pogosto uporabljajo [&hellip;]<\/p>\n","protected":false},"author":3,"featured_media":0,"parent":0,"menu_order":0,"comment_status":"closed","ping_status":"closed","template":"","meta":{"footnotes":""},"class_list":["post-40","page","type-page","status-publish","hentry"],"jetpack_sharing_enabled":true,"jetpack_shortlink":"https:\/\/wp.me\/P7OqMV-E","jetpack-related-posts":[],"_links":{"self":[{"href":"https:\/\/projects.nib.si\/met4lab\/wp-json\/wp\/v2\/pages\/40","targetHints":{"allow":["GET"]}}],"collection":[{"href":"https:\/\/projects.nib.si\/met4lab\/wp-json\/wp\/v2\/pages"}],"about":[{"href":"https:\/\/projects.nib.si\/met4lab\/wp-json\/wp\/v2\/types\/page"}],"author":[{"embeddable":true,"href":"https:\/\/projects.nib.si\/met4lab\/wp-json\/wp\/v2\/users\/3"}],"replies":[{"embeddable":true,"href":"https:\/\/projects.nib.si\/met4lab\/wp-json\/wp\/v2\/comments?post=40"}],"version-history":[{"count":26,"href":"https:\/\/projects.nib.si\/met4lab\/wp-json\/wp\/v2\/pages\/40\/revisions"}],"predecessor-version":[{"id":452,"href":"https:\/\/projects.nib.si\/met4lab\/wp-json\/wp\/v2\/pages\/40\/revisions\/452"}],"wp:attachment":[{"href":"https:\/\/projects.nib.si\/met4lab\/wp-json\/wp\/v2\/media?parent=40"}],"curies":[{"name":"wp","href":"https:\/\/api.w.org\/{rel}","templated":true}]}}