{"id":30,"date":"2016-04-05T22:13:00","date_gmt":"2016-04-05T22:13:00","guid":{"rendered":"http:\/\/projects.nib.si\/multisight\/?page_id=30"},"modified":"2026-03-26T15:48:50","modified_gmt":"2026-03-26T14:48:50","slug":"results","status":"publish","type":"page","link":"https:\/\/projects.nib.si\/multisight\/results\/","title":{"rendered":"Results and Outcomes"},"content":{"rendered":"<h2 style=\"text-align: left\">Supporting information<\/h2>\n<hr \/>\n<h3><strong><span class=\"TextRun SCXW149805685 BCX8\" lang=\"EN-GB\" xml:lang=\"EN-GB\" data-contrast=\"none\"><span class=\"FindHit SCXW149805685 BCX8\" data-ccp-parastyle=\"heading 3\">Preliminary<\/span><span class=\"NormalTextRun SCXW149805685 BCX8\" data-ccp-parastyle=\"heading 3\"> data resources<\/span><\/span><\/strong><\/h3>\n<h4><strong><span class=\"TextRun SCXW265934385 BCX8\" lang=\"EN-GB\" xml:lang=\"EN-GB\" data-contrast=\"none\"><span class=\"NormalTextRun SCXW265934385 BCX8\" data-ccp-parastyle=\"heading 4\">Knowledge networks and models<\/span><\/span><\/strong><\/h4>\n<ul>\n<li>BLEKER, Carissa, RAM\u0160AK, \u017diva, BITTNER, Andras, PODPE\u010cAN, Vid, ZAGOR\u0160\u010cAK, Maja, WURZINGER, Bernhard, BAEBLER, \u0160pela, PETEK, Marko, KRI\u017dNIK, Maja, VAN DIEREN, Annelotte, GRUBER, Juliane, AFJEHI-SADAT, Leila, WECKWERTH, Wolfram, \u017dUPANI\u010c, An\u017ee, TEIGE, Markus, VOTHKNECHT, Ute C., GRUDEN, Kristina, et al. Stress knowledge map : a knowledge graph resource for systems biology analysis of plant stress responses.\u00a0<i>Plant communications<\/i>. 10 Jun. 2024, iss. 6, [art. no.] 100920, str. 1-15, ilustr. ISSN 2590-3462.\u00a0<a href=\"https:\/\/doi.org\/10.1016\/j.xplc.2024.100920\" target=\"_blank\" rel=\"noopener\">https:\/\/doi.org\/10.1016\/j.xplc.2024.100920<\/a>,\u00a0<a href=\"https:\/\/skm.nib.si\/\" target=\"_blank\" rel=\"noopener\">https:\/\/skm.nib.si<\/a>,\u00a0<a href=\"https:\/\/dirros.openscience.si\/IzpisGradiva.php?id=19098\" target=\"_blank\" rel=\"noopener\">DiRROS &#8211; Digitalni repozitorij raziskovalnih organizacij Slovenije<\/a>,\u00a0<a href=\"https:\/\/d.cobiss.net\/repository\/si\/files\/198383363\/137732\/Bleker-2024-Stress-knowledge-map-a-knowledge-gr.pdf\" target=\"_blank\" rel=\"noopener\">dCOBISS<\/a>, DOI:\u00a0<a href=\"https:\/\/dx.doi.org\/10.1016\/j.xplc.2024.100920\" target=\"_blank\" rel=\"noopener\">10.1016\/j.xplc.2024.100920<\/a>. [COBISS.SI-ID\u00a0<a href=\"https:\/\/plus-legacy.cobiss.net\/cobiss\/si\/sl\/bib\/198383363\" target=\"_blank\" rel=\"noopener\">198383363<\/a>]<\/li>\n<li><a href=\"https:\/\/skm.nib.si\/\">SKM &#8211; Welcome<\/a><\/li>\n<li><a href=\"https:\/\/github.com\/NIB-SI\/skm-translate\">NIB-SI\/skm-translate: Translation pipeline from SKM to crop and crop wild relatives<\/a><\/li>\n<li><a href=\"https:\/\/github.com\/NIB-SI\/skm-pss-adapters\">NIB-SI\/skm-pss-adapters: Export adapters from PSS neo4j db to other formats<\/a><\/li>\n<li><a href=\"https:\/\/github.com\/NIB-SI\/skm-tools\">NIB-SI\/skm-tools: Scripts and utilities for leveraging SKM resources<\/a><\/li>\n<li>ZRIMEC, Jan, CORREO, Sandra, ZAGOR\u0160\u010cAK, Maja, PETEK, Marko, BLEKER, Carissa, STARE, Katja, SCHUY, Christian, SONNEWALD, Sophia, GRUDEN, Kristina, NIKOLOSKI, Zoran. Evaluating plant growth\u2013defense trade-offs by modelingthe interaction between primary and secondary metabolism.\u00a0<i>Proceedings of the National Academy of Sciences of the United States of America<\/i>. [Online ed.]. Aug. 2025, vol. 122, no. 32, [article no.] e2502160122, str. 1-11, ilustr. ISSN 1091-6490.\u00a0<a href=\"https:\/\/www.pnas.org\/doi\/10.1073\/pnas.2502160122\" target=\"_blank\" rel=\"noopener\">https:\/\/www.pnas.org\/doi\/10.1073\/pnas.2502160122<\/a>,\u00a0<a href=\"https:\/\/dirros.openscience.si\/IzpisGradiva.php?id=23682\" target=\"_blank\" rel=\"noopener\">DiRROS &#8211; Digitalni repozitorij raziskovalnih organizacij Slovenije<\/a>,\u00a0<a href=\"https:\/\/d.cobiss.net\/repository\/si\/files\/246042883\/163152\/zrimec-et-al-2025-evaluating-plant-growth-defense-trade-offs.pdf\" target=\"_blank\" rel=\"noopener\">dCOBISS<\/a>, DOI:\u00a0<a href=\"https:\/\/dx.doi.org\/10.1073\/pnas.2502160122\" target=\"_blank\" rel=\"noopener\">10.1073\/pnas.2502160122<\/a>. [COBISS.SI-ID\u00a0<a href=\"https:\/\/plus-legacy.cobiss.net\/cobiss\/si\/sl\/bib\/246042883\" target=\"_blank\" rel=\"noopener\">246042883<\/a>]<\/li>\n<li><a href=\"https:\/\/github.com\/NIB-SI\/Potato-GEM\">NIB-SI\/Potato-GEM: Potato GEM<\/a><\/li>\n<\/ul>\n<h4><strong><span class=\"TextRun SCXW106216599 BCX8\" lang=\"EN-GB\" xml:lang=\"EN-GB\" data-contrast=\"none\"><span class=\"NormalTextRun SCXW106216599 BCX8\" data-ccp-parastyle=\"heading 4\">Multi<\/span><span class=\"NormalTextRun SCXW106216599 BCX8\" data-ccp-parastyle=\"heading 4\">-o<\/span><span class=\"NormalTextRun SCXW106216599 BCX8\" data-ccp-parastyle=\"heading 4\">mics<\/span><span class=\"NormalTextRun SCXW106216599 BCX8\" data-ccp-parastyle=\"heading 4\">\u00a0data analysis, integration, and visualisation protocol<\/span><\/span><\/strong><\/h4>\n<h5><strong>Pilot study<\/strong><\/h5>\n<ul>\n<li>ZAGOR\u0160\u010cAK, Maja, ABDELHAKIM, Lamis, RODRIGUEZ-GRANADOS, Natalia Yaneth, BLEKER, Carissa, BLEJEC, Andrej, ZRIMEC, Jan, BAEBLER, \u0160pela, \u017dUPANI\u010c, An\u017ee, POMPE NOVAK, Maru\u0161a, GRUDEN, Kristina, et al. Integration of multi-omics data and deep phenotyping provides insights into responses to single and combined abiotic stress in potato. <i>Plant physiology<\/i>. [Online ed.]. 2025, vol. 197, iss. 4, [article no.] kiaf126, str. 1-42, ilustr. ISSN 1532-2548.\u00a0<a href=\"https:\/\/academic.oup.com\/plphys\/advance-article\/doi\/10.1093\/plphys\/kiaf126\/8104150?login=false\" target=\"_blank\" rel=\"noopener\">https:\/\/academic.oup.com\/plphys\/advance-article\/doi\/10.1093\/plphys\/kiaf126\/8104150?login=false<\/a>,\u00a0<a href=\"https:\/\/dirros.openscience.si\/IzpisGradiva.php?id=21962\" target=\"_blank\" rel=\"noopener\">DiRROS &#8211; Digitalni repozitorij raziskovalnih organizacij Slovenije<\/a>,\u00a0<a href=\"https:\/\/d.cobiss.net\/repository\/si\/files\/231332611\/155354\/kiaf126.pdf\" target=\"_blank\" rel=\"noopener\">dCOBISS<\/a>,\u00a0<a href=\"https:\/\/d.cobiss.net\/repository\/si\/files\/231332611\/155356\/kiaf126_supplementary_data.zip\" target=\"_blank\" rel=\"noopener\">dCOBISS<\/a>, DOI:\u00a0<a href=\"https:\/\/dx.doi.org\/10.1093\/plphys\/kiaf126\" target=\"_blank\" rel=\"noopener\">10.1093\/plphys\/kiaf126<\/a>. [COBISS.SI-ID\u00a0<a href=\"https:\/\/plus-legacy.cobiss.net\/cobiss\/si\/sl\/bib\/231332611\" target=\"_blank\" rel=\"noopener\">231332611<\/a>]<\/li>\n<li><a href=\"https:\/\/github.com\/NIB-SI\/multiOmics-integration\">NIB-SI\/multiOmics-integration: Potato \u2018omics data analysis pipelines<\/a><\/li>\n<\/ul>\n<h4><strong>Plant bioinformatics tools<\/strong><\/h4>\n<ul>\n<li>ZAGOR\u0160\u010cAK, Maja, BLEKER, Carissa, RODRIGUES, Hugo, BARROS, Pedro Miguel, LARMANDE, Pierre, LE FLOCH, Erwan, AREND, Daniel, HASSANI-PAK, Keywan, BAEBLER, \u0160pela, GRUDEN, Kristina, et al. Increasing Plant data findability and reuse beyond ELIXIR.\u00a0<i>F1000Research<\/i>. 2025, [29] str., ilustr. ISSN 2046-1402.\u00a0<a href=\"https:\/\/f1000research.com\/slides\/14-71\" target=\"_blank\" rel=\"noopener\">https:\/\/f1000research.com\/slides\/14-71<\/a>, DOI:\u00a0<a href=\"https:\/\/dx.doi.org\/10.7490\/f1000research.1120082.1\" target=\"_blank\" rel=\"noopener\">10.7490\/f1000research.1120082.1<\/a>. [COBISS.SI-ID\u00a0<a href=\"https:\/\/plus-legacy.cobiss.net\/cobiss\/si\/sl\/bib\/262835715\" target=\"_blank\" rel=\"noopener\">262835715<\/a>], [<a href=\"https:\/\/plus-legacy.cobiss.net\/cobiss\/si\/sl\/snip?c=sc=2046-1402+and+PY=2024&amp;r1=true&amp;\" target=\"_blank\" rel=\"noopener\">SNIP<\/a>]<\/li>\n<\/ul>\n<hr \/>\n<h3><strong>Selected preprints related to ongoing research activities<\/strong><\/h3>\n<h4><strong>Data-driven integration<\/strong><\/h4>\n<ul>\n<li>Potato yield can be predicted by using drone-captured and environmental measurements early in the growing season<br \/>\n<span class=\"highwire-citation-authors\"><span class=\"highwire-citation-author first\" data-delta=\"0\"><span class=\"nlm-given-names\">Angelika<\/span>\u00a0<span class=\"nlm-surname\">Vi\u017eintin<\/span><\/span>,\u00a0<span class=\"highwire-citation-author\" data-delta=\"1\"><span class=\"nlm-given-names\">Maja<\/span>\u00a0<span class=\"nlm-surname\">Zagor\u0161\u010dak<\/span><\/span>,\u00a0<span class=\"highwire-citation-author\" data-delta=\"2\"><span class=\"nlm-given-names\">Eva<\/span>\u00a0<span class=\"nlm-surname\">Turk<\/span><\/span>,\u00a0<span class=\"highwire-citation-author\" data-delta=\"3\"><span class=\"nlm-given-names\">Maja<\/span>\u00a0<span class=\"nlm-surname\">Kri\u017enik<\/span><\/span>,\u00a0<span class=\"highwire-citation-author\" data-delta=\"4\"><span class=\"nlm-given-names\">Marko<\/span>\u00a0<span class=\"nlm-surname\">Petek<\/span><\/span>,\u00a0<span class=\"highwire-citation-author\" data-delta=\"5\"><span class=\"nlm-given-names\">Katja<\/span>\u00a0<span class=\"nlm-surname\">Stare<\/span><\/span>,\u00a0<span class=\"highwire-citation-author\" data-delta=\"6\"><span class=\"nlm-given-names\">Bernhard<\/span>\u00a0<span class=\"nlm-surname\">Wurzinger<\/span><\/span>,\u00a0<span class=\"highwire-citation-author\" data-delta=\"7\"><span class=\"nlm-given-names\">Maroof Ahmed<\/span>\u00a0<span class=\"nlm-surname\">Shaikh<\/span><\/span>,\u00a0<span class=\"highwire-citation-author\" data-delta=\"8\"><span class=\"nlm-given-names\">Guus<\/span>\u00a0<span class=\"nlm-surname\">Heselmans<\/span><\/span>,\u00a0<span class=\"highwire-citation-author\" data-delta=\"9\"><span class=\"nlm-given-names\">Josef<\/span>\u00a0<span class=\"nlm-surname\">S\u00f6llinger<\/span><\/span>,\u00a0<span class=\"highwire-citation-author\" data-delta=\"10\"><span class=\"nlm-given-names\">Pieter-Jelte<\/span>\u00a0<span class=\"nlm-surname\">Lindenbergh<\/span><\/span>,\u00a0<span class=\"highwire-citation-author\" data-delta=\"11\"><span class=\"nlm-given-names\">Robert<\/span>\u00a0<span class=\"nlm-surname\">Graveland<\/span><\/span>,\u00a0<span class=\"highwire-citation-author\" data-delta=\"12\"><span class=\"nlm-given-names\">Stan<\/span>\u00a0<span class=\"nlm-surname\">Oome<\/span><\/span>,\u00a0<span class=\"highwire-citation-author\" data-delta=\"13\"><span class=\"nlm-given-names\">Salome<\/span>\u00a0<span class=\"nlm-surname\">Prat<\/span><\/span>,\u00a0<span class=\"highwire-citation-author\" data-delta=\"14\"><span class=\"nlm-given-names\">Christian<\/span>\u00a0<span class=\"nlm-surname\">Bachem<\/span><\/span>,\u00a0<span class=\"highwire-citation-author\" data-delta=\"15\"><span class=\"nlm-given-names\">Markus<\/span>\u00a0<span class=\"nlm-surname\">Teige<\/span><\/span>,\u00a0<span class=\"highwire-citation-author\" data-delta=\"16\"><span class=\"nlm-given-names\">Bianca<\/span>\u00a0<span class=\"nlm-surname\">Doevendans<\/span><\/span>,\u00a0<span class=\"highwire-citation-author\" data-delta=\"17\"><span class=\"nlm-given-names\">Alexandra<\/span>\u00a0<span class=\"nlm-surname\">Ribarits<\/span><\/span>,\u00a0<span class=\"highwire-citation-author\" data-delta=\"18\"><span class=\"nlm-given-names\">Jan<\/span>\u00a0<span class=\"nlm-surname\">Zrimec<\/span><\/span>,\u00a0<span class=\"highwire-citation-author\" data-delta=\"19\"><span class=\"nlm-given-names\">Kristina<\/span>\u00a0<span class=\"nlm-surname\">Gruden<br \/>\n<\/span><\/span><\/span><span class=\"highwire-cite-metadata-journal highwire-cite-metadata\">bioRxiv\u00a0<\/span><span class=\"highwire-cite-metadata-pages highwire-cite-metadata\">2026.03.09.709817;\u00a0<\/span><span class=\"highwire-cite-metadata-doi highwire-cite-metadata\"><span class=\"doi_label\">doi:<\/span>\u00a0https:\/\/doi.org\/10.64898\/2026.03.09.709817<\/span><\/li>\n<\/ul>\n<h4><strong>Knowledge-driven integration<\/strong><\/h4>\n<div class=\"highwire-cite-title\">\n<ul>\n<li class=\"highwire-cite-title\">An ERF transcription factor PTI5, a novel regulator of endophyte community maintenance in potato<br \/>\n<span class=\"nlm-given-names\">Tja\u0161a<\/span>\u00a0<span class=\"nlm-surname\">Lukan<\/span>,\u00a0<span class=\"highwire-citation-author\" data-delta=\"1\"><span class=\"nlm-given-names\">Barbara<\/span>\u00a0<span class=\"nlm-surname\">Kraigher<\/span><\/span>,\u00a0<span class=\"highwire-citation-author\" data-delta=\"2\"><span class=\"nlm-given-names\">Karmen<\/span>\u00a0<span class=\"nlm-surname\">Poga\u010dar<\/span><\/span>,\u00a0<span class=\"highwire-citation-author\" data-delta=\"3\"><span class=\"nlm-given-names\">Katja<\/span>\u00a0<span class=\"nlm-surname\">Stare<\/span><\/span>,\u00a0<span class=\"highwire-citation-author\" data-delta=\"4\"><span class=\"nlm-given-names\">Teja<\/span>\u00a0<span class=\"nlm-surname\">Grubar Kova\u010di\u010d<\/span><\/span>,\u00a0<span class=\"highwire-citation-author\" data-delta=\"5\"><span class=\"nlm-given-names\">Maja<\/span>\u00a0<span class=\"nlm-surname\">Zagor\u0161\u010dak<\/span><\/span>,\u00a0<span class=\"highwire-citation-author\" data-delta=\"6\"><span class=\"nlm-given-names\">Marko<\/span>\u00a0<span class=\"nlm-surname\">Petek<\/span><\/span>,\u00a0<span class=\"highwire-citation-author\" data-delta=\"7\"><span class=\"nlm-given-names\">Polonca<\/span>\u00a0<span class=\"nlm-surname\">Stefanic<\/span><\/span>,\u00a0<span class=\"highwire-citation-author\" data-delta=\"8\"><span class=\"nlm-given-names\">An\u017ee<\/span>\u00a0<span class=\"nlm-surname\">Vozelj<\/span><\/span>,\u00a0<span class=\"highwire-citation-author\" data-delta=\"9\"><span class=\"nlm-given-names\">Valentina<\/span>\u00a0<span class=\"nlm-surname\">Levak<\/span><\/span>,\u00a0<span class=\"highwire-citation-author\" data-delta=\"10\"><span class=\"nlm-given-names\">Tja\u0161a<\/span>\u00a0<span class=\"nlm-surname\">Mahkovec Povalej<\/span><\/span>,\u00a0<span class=\"highwire-citation-author\" data-delta=\"11\"><span class=\"nlm-given-names\">Juan M.<\/span>\u00a0<span class=\"nlm-surname\">Garc\u00eda<\/span><\/span>,\u00a0<span class=\"highwire-citation-author\" data-delta=\"12\"><span class=\"nlm-given-names\">Maria J.<\/span>\u00a0<span class=\"nlm-surname\">Pozo<\/span><\/span>,\u00a0<span class=\"highwire-citation-author\" data-delta=\"13\"><span class=\"nlm-given-names\">Ines<\/span>\u00a0<span class=\"nlm-surname\">Mandi\u0107-Mulec<\/span><\/span>,\u00a0<span class=\"highwire-citation-author\" data-delta=\"14\"><span class=\"nlm-given-names\">Kristina<\/span>\u00a0<span class=\"nlm-surname\">Gruden<br \/>\n<\/span><\/span>bioRxiv\u00a0<span class=\"highwire-cite-metadata-pages highwire-cite-metadata\">2025.04.24.650297;\u00a0<\/span><span class=\"highwire-cite-metadata-doi highwire-cite-metadata\"><span class=\"doi_label\">doi:<\/span> https:\/\/doi.org\/10.1101\/2025.04.24.650297<\/span><\/li>\n<li class=\"highwire-cite-title\">Petek, M., &amp; Zagor\u0161\u010dak, M. (2025). Complete dry-lab workflow for an ERF transcription factor StPti5, a novel regulator of endophyte community maintenance in potato (1.0.0). Zenodo.\u00a0<a href=\"https:\/\/doi.org\/10.5281\/zenodo.17728235\" target=\"_blank\" rel=\"noopener\">https:\/\/doi.org\/10.5281\/zenodo.17728235<\/a><\/li>\n<\/ul>\n<\/div>\n<h4><strong>Model-based simulations and synthetic datasets<\/strong><\/h4>\n<div class=\"highwire-cite-title\">\n<ul>\n<li>BoolDog: integrated Boolean and semi-quantitative network modelling in Python<br \/>\n<span class=\"nlm-given-names\">Carissa<\/span>\u00a0<span class=\"nlm-surname\">Bleker<\/span>,\u00a0<span class=\"highwire-citation-author\" data-delta=\"1\"><span class=\"nlm-given-names\">Maja<\/span>\u00a0<span class=\"nlm-surname\">Zagor\u0161\u010dak<\/span><\/span>,\u00a0<span class=\"highwire-citation-author\" data-delta=\"2\"><span class=\"nlm-given-names\">Andrej<\/span>\u00a0<span class=\"nlm-surname\">Blejec<\/span><\/span>,\u00a0<span class=\"highwire-citation-author\" data-delta=\"3\"><span class=\"nlm-given-names\">Kristina<\/span>\u00a0<span class=\"nlm-surname\">Gruden<\/span><\/span>,\u00a0<span class=\"highwire-citation-author\" data-delta=\"4\"><span class=\"nlm-given-names\">An\u017ee<\/span>\u00a0<span class=\"nlm-surname\">\u017dupani\u010d<br \/>\n<\/span><\/span>bioRxiv\u00a0<span class=\"highwire-cite-metadata-pages highwire-cite-metadata\">2026.03.16.711264;\u00a0<\/span><span class=\"highwire-cite-metadata-doi highwire-cite-metadata\"><span class=\"doi_label\">doi:<\/span>\u00a0https:\/\/doi.org\/10.64898\/2026.03.16.711264<\/span><\/li>\n<li><a href=\"https:\/\/github.com\/NIB-SI\/Booldog\">NIB-SI\/BoolDog: A Python package for analyses of Boolean and semi-quantitative Boolean networks.<\/a><\/li>\n<\/ul>\n<\/div>\n<hr \/>\n<h3><strong>On Data Management &#8211; modelling and omics data<\/strong><\/h3>\n<ul>\n<li>BEZJAK, Sonja, GRA\u0160I\u010c, Jerneja, KOREZ, Bernarda, KVERH, Bojan, LESKO\u0160EK, Branimir (fotograf), ROMIH, Tea, VIPAVC BRVAR, Irena, ZAGOR\u0160\u010cAK, Maja, \u017dUPANI\u010c, An\u017ee.\u00a0<i>Priro\u010dnik o na\u010drtovanju ravnanja z raziskovalnimi podatki<\/i>. 1., spletna izd. Ljubljana: Zalo\u017eba Univerze, 2025. 1 spletni vir. ISBN 978-961-297-594-4.\u00a0<a href=\"https:\/\/nrrp.odprtaznanost.si\/\" target=\"_blank\" rel=\"noopener\">https:\/\/nrrp.odprtaznanost.si\/<\/a>, DOI:\u00a0<a href=\"https:\/\/dx.doi.org\/10.51936\/9789612975944\" target=\"_blank\" rel=\"noopener\">10.51936\/9789612975944<\/a>. [COBISS.SI-ID\u00a0<a href=\"https:\/\/plus-legacy.cobiss.net\/cobiss\/si\/sl\/bib\/236649219\" target=\"_blank\" rel=\"noopener\">236649219<\/a>]<br \/>\nprojekt: C3360-23-952001 Podpora pri uvajanju na\u010del odprte znanosti v Sloveniji [SPOZNAJ]<\/li>\n<li>BEZJAK, Sonja, \u010cER\u010cE, Peter, FIDLER, Ana, KOTAR, Mojca, LEGAT, Dunja, LESKO\u0160EK, Branimir, PU\u0160NIK, Miro, ZAGOR\u0160\u010cAK, Maja, \u017dLENDER, Nadja, \u017dUPANI\u010c, An\u017ee, VIPAVC BRVAR, Irena, JEMEC TOMAZIN, Mateja.\u00a0<i>Spoznaj FAIR : priro\u010dnik o odprti znanosti v Sloveniji<\/i>. Brezpla\u010dna elektronska izd. Koper: Zalo\u017eba Univerze na Primorskem, 2024. 1 spletni vir (1 datoteka PDF (137 str.)), ilustr. ISBN 978-961-293-328-9, ISBN 978-961-293-329-6.\u00a0<a href=\"https:\/\/www.hippocampus.si\/ISBN\/978-961-293-328-9.pdf\" target=\"_blank\" rel=\"noopener\">https:\/\/www.hippocampus.si\/ISBN\/978-961-293-328-9.pdf<\/a>,\u00a0<a href=\"https:\/\/www.hippocampus.si\/ISBN\/978-961-293-329-6\/index.html\" target=\"_blank\" rel=\"noopener\">https:\/\/www.hippocampus.si\/ISBN\/978-961-293-329-6\/index.html<\/a>,\u00a0<a href=\"http:\/\/www.dlib.si\/details\/URN:NBN:SI:doc-SY2T3NGL\" target=\"_blank\" rel=\"noopener\">Digitalna knji\u017enica Slovenije &#8211; dLib.si<\/a>, DOI:\u00a0<a href=\"https:\/\/dx.doi.org\/10.26493\/978-961-293-328-9\" target=\"_blank\" rel=\"noopener\">10.26493\/978-961-293-328-9<\/a>. [COBISS.SI-ID\u00a0<a href=\"https:\/\/plus-legacy.cobiss.net\/cobiss\/si\/sl\/bib\/205832195\" target=\"_blank\" rel=\"noopener\">205832195<\/a>]<br \/>\nprojekt: C3360-23-952001 Podpora pri uvajanju na\u010del odprte znanosti v Sloveniji [SPOZNAJ]<\/li>\n<li>PETEK, Marko, ZAGOR\u0160\u010cAK, Maja, BLEJEC, Andrej.\u00a0<i>pISA-tree : sistem za organizacijo projektnih raziskovalnih podatkov<\/i>. Ljubljana: Centralna tehni\u0161ka knji\u017enica, 2024. 1 spletni vir (1 datoteka PDF ([27] str.). Projekt Spoznaj.\u00a0<a href=\"https:\/\/dirros.openscience.si\/IzpisGradiva.php?id=22512\" target=\"_blank\" rel=\"noopener\">DiRROS &#8211; Digitalni repozitorij raziskovalnih organizacij Slovenije<\/a>. [COBISS.SI-ID\u00a0<a href=\"https:\/\/plus-legacy.cobiss.net\/cobiss\/si\/sl\/bib\/236228099\" target=\"_blank\" rel=\"noopener\">236228099<\/a>]<\/li>\n<li>ZAGOR\u0160\u010cAK, Maja, BLEKER, Carissa, ZRIMEC, Jan, PETEK, Marko, \u017dUPANI\u010c, An\u017ee.\u00a0<i>Predstavitev programskih orodij Python in R<\/i>. Ljubljana: Centralna tehni\u0161ka knji\u017enica, 2024. 1 spletni vir (1 datoteka PPT ([25] str.), 1 datoteka PDF ([25] str.)). Projekt Spoznaj.\u00a0<a href=\"https:\/\/dirros.openscience.si\/IzpisGradiva.php?id=22513\" target=\"_blank\" rel=\"noopener\">DiRROS &#8211; Digitalni repozitorij raziskovalnih organizacij Slovenije<\/a>. [COBISS.SI-ID\u00a0<a href=\"https:\/\/plus-legacy.cobiss.net\/cobiss\/si\/sl\/bib\/236226819\" target=\"_blank\" rel=\"noopener\">236226819<\/a>]<\/li>\n<li>VIDAK, Marko, KVERH, Bojan, FERK, Polonca, LESKO\u0160EK, Branimir, ZAGOR\u0160\u010cAK, Maja, NOLTE, Nadja Franziska, BLEKER, Carissa, PETEK, Marko, \u017dUPANI\u010c, An\u017ee.\u00a0<i>Orodja za delo z delotoki<\/i>. Ljubljana: Centralna tehni\u0161ka knji\u017enica, 2024. 1 spletni vir (1 datoteka PDF ([50] str.), 1 datoteka PPT ([50] str.)). Projekt Spoznaj.\u00a0<a href=\"https:\/\/dirros.openscience.si\/IzpisGradiva.php?id=21675&amp;lang=slv\" target=\"_blank\" rel=\"noopener\">https:\/\/dirros.openscience.si\/IzpisGradiva.php?id=21675&amp;lang=slv<\/a>,\u00a0<a href=\"https:\/\/dirros.openscience.si\/IzpisGradiva.php?id=21675\" target=\"_blank\" rel=\"noopener\">DiRROS &#8211; Digitalni repozitorij raziskovalnih organizacij Slovenije<\/a>. [COBISS.SI-ID\u00a0<a href=\"https:\/\/plus-legacy.cobiss.net\/cobiss\/si\/sl\/bib\/228635651\" target=\"_blank\" rel=\"noopener\">228635651<\/a>]<\/li>\n<li>Zagor\u0161\u010dak, M., Vucurovic, A., Bleker, C., Levak, V., &amp; Nolte, N. (2025, November 11). SPOZNAJ &#8211; 2. usposabljanje za podatkovne strokovnjake, 2. teden &#8211; Orodja za delo z delotoki. Zenodo. <a href=\"https:\/\/doi.org\/10.5281\/zenodo.17580300\" target=\"_blank\" rel=\"noopener\">https:\/\/doi.org\/10.5281\/zenodo.17580300<\/a>\n<div class=\"auto-column-grid no-wrap\">\n<div class=\"flex align-items-center\"><\/div>\n<\/div>\n<\/li>\n<\/ul>\n<hr \/>\n<h3><a href=\"http:\/\/projects.nib.si\/multisight\/wp-content\/uploads\/sites\/78\/2026\/03\/NRRP_Z1-60169.pdf\" target=\"_blank\" rel=\"noopener\">NRRP<\/a><strong><br \/>\n<\/strong><\/h3>\n<hr \/>\n<p>&nbsp;<\/p>\n","protected":false},"excerpt":{"rendered":"<p>Supporting information Preliminary data resources Knowledge networks and models BLEKER, Carissa, RAM\u0160AK, \u017diva, BITTNER, Andras, PODPE\u010cAN, Vid, ZAGOR\u0160\u010cAK, Maja, WURZINGER, Bernhard, BAEBLER, \u0160pela, PETEK, Marko, KRI\u017dNIK, Maja, VAN DIEREN, Annelotte, GRUBER, Juliane, AFJEHI-SADAT, Leila, WECKWERTH, Wolfram, \u017dUPANI\u010c, An\u017ee, TEIGE, Markus, VOTHKNECHT, Ute C., GRUDEN, Kristina, et al. Stress knowledge map : a knowledge graph resource [&hellip;]<\/p>\n","protected":false},"author":31,"featured_media":0,"parent":0,"menu_order":0,"comment_status":"closed","ping_status":"closed","template":"page-fullwidth.php","meta":{"footnotes":""},"class_list":["post-30","page","type-page","status-publish","hentry"],"jetpack_sharing_enabled":true,"jetpack_shortlink":"https:\/\/wp.me\/PhacEQ-u","jetpack-related-posts":[],"_links":{"self":[{"href":"https:\/\/projects.nib.si\/multisight\/wp-json\/wp\/v2\/pages\/30","targetHints":{"allow":["GET"]}}],"collection":[{"href":"https:\/\/projects.nib.si\/multisight\/wp-json\/wp\/v2\/pages"}],"about":[{"href":"https:\/\/projects.nib.si\/multisight\/wp-json\/wp\/v2\/types\/page"}],"author":[{"embeddable":true,"href":"https:\/\/projects.nib.si\/multisight\/wp-json\/wp\/v2\/users\/31"}],"replies":[{"embeddable":true,"href":"https:\/\/projects.nib.si\/multisight\/wp-json\/wp\/v2\/comments?post=30"}],"version-history":[{"count":63,"href":"https:\/\/projects.nib.si\/multisight\/wp-json\/wp\/v2\/pages\/30\/revisions"}],"predecessor-version":[{"id":432,"href":"https:\/\/projects.nib.si\/multisight\/wp-json\/wp\/v2\/pages\/30\/revisions\/432"}],"wp:attachment":[{"href":"https:\/\/projects.nib.si\/multisight\/wp-json\/wp\/v2\/media?parent=30"}],"curies":[{"name":"wp","href":"https:\/\/api.w.org\/{rel}","templated":true}]}}