{"id":43,"date":"2016-04-05T22:35:10","date_gmt":"2016-04-05T22:35:10","guid":{"rendered":"http:\/\/projects.nib.si\/multisight\/?page_id=43"},"modified":"2026-03-24T17:35:33","modified_gmt":"2026-03-24T16:35:33","slug":"contacts","status":"publish","type":"page","link":"https:\/\/projects.nib.si\/multisight\/contacts\/","title":{"rendered":"Contacts"},"content":{"rendered":"<p><span style=\"color: #ff0000\"><a href=\"https:\/\/www.nib.si\/component\/directory\/?view=details&amp;id=253&amp;Itemid=12\"><span style=\"color: #000000\">Maja Zagor\u0161\u010dak<\/span><\/a><br \/>\n<\/span>National Institute of Biology<br \/>\nVe\u010dna pot 121<br \/>\nSI-1000 Ljubljana<br \/>\nSlovenia<\/p>\n<p>contact: maja.zagorscak (at=@) nib.si<\/p>\n<div><\/div>\n","protected":false},"excerpt":{"rendered":"<p>Maja Zagor\u0161\u010dak National Institute of Biology Ve\u010dna pot 121 SI-1000 Ljubljana Slovenia contact: maja.zagorscak (at=@) nib.si<\/p>\n","protected":false},"author":31,"featured_media":0,"parent":0,"menu_order":5,"comment_status":"closed","ping_status":"closed","template":"page-fullwidth.php","meta":{"footnotes":""},"class_list":["post-43","page","type-page","status-publish","hentry"],"jetpack_sharing_enabled":true,"jetpack_shortlink":"https:\/\/wp.me\/PhacEQ-H","jetpack-related-posts":[],"_links":{"self":[{"href":"https:\/\/projects.nib.si\/multisight\/wp-json\/wp\/v2\/pages\/43","targetHints":{"allow":["GET"]}}],"collection":[{"href":"https:\/\/projects.nib.si\/multisight\/wp-json\/wp\/v2\/pages"}],"about":[{"href":"https:\/\/projects.nib.si\/multisight\/wp-json\/wp\/v2\/types\/page"}],"author":[{"embeddable":true,"href":"https:\/\/projects.nib.si\/multisight\/wp-json\/wp\/v2\/users\/31"}],"replies":[{"embeddable":true,"href":"https:\/\/projects.nib.si\/multisight\/wp-json\/wp\/v2\/comments?post=43"}],"version-history":[{"count":16,"href":"https:\/\/projects.nib.si\/multisight\/wp-json\/wp\/v2\/pages\/43\/revisions"}],"predecessor-version":[{"id":396,"href":"https:\/\/projects.nib.si\/multisight\/wp-json\/wp\/v2\/pages\/43\/revisions\/396"}],"wp:attachment":[{"href":"https:\/\/projects.nib.si\/multisight\/wp-json\/wp\/v2\/media?parent=43"}],"curies":[{"name":"wp","href":"https:\/\/api.w.org\/{rel}","templated":true}]}}