{"id":30,"date":"2016-04-05T22:13:00","date_gmt":"2016-04-05T22:13:00","guid":{"rendered":"http:\/\/projects.nib.si\/nanophyto\/?page_id=30"},"modified":"2024-10-01T17:41:12","modified_gmt":"2024-10-01T16:41:12","slug":"references","status":"publish","type":"page","link":"https:\/\/projects.nib.si\/nanophyto\/references\/","title":{"rendered":"Publications"},"content":{"rendered":"\n<p class=\"has-large-font-size\"><strong>Project report: <\/strong><a href=\"http:\/\/projects.nib.si\/nanophyto\/wp-content\/uploads\/sites\/27\/2024\/08\/Priloga-1_Vsebinsko-porocilo_studija_dopolnjeno-2024.pdf\">Project_report<\/a><\/p>\n\n\n\n<p><\/p>\n\n\n\n<p class=\"has-medium-font-size\"><strong><em><u>Published articles:<\/u><\/em><\/strong><\/p>\n\n\n\n<p><em>KUTNJAK, Denis, TAMISIER, Lucie, ADAMS, Ian, BOONHAM, Neil, CANDRESSE, Thierry, CHIUMENTI, Michela, DE JONGHE, Kris, KREUZE, Jan F., LEFEBVRE, Marie, SILVA, Goncalo, MALAPI-WIGHT, Martha, MARGARIA, Paolo, MAVRI\u010c PLE\u0160KO, Irena, MCGREIG, Sam, MIOZZI, Laura, REMENANT, Benoit, REYNARD, Jean-S\u00e9bastien, ROLLIN, Johan, ROTT, Mike, SCHUMPP, Olivier, MASSART, S\u00e9bastien, HAEGEMAN, Annelies. A primer on the analysis of high-throughput sequencing data for detection of plant viruses.&nbsp;Microorganisms. 14 Apr. 2021, vol. 9, iss. 4, str. 1-31, ilustr. ISSN 2076-2607.&nbsp;<a href=\"https:\/\/www.mdpi.com\/2076-2607\/9\/4\/841\" target=\"_blank\" rel=\"noreferrer noopener\">https:\/\/www.mdpi.com\/2076-2607\/9\/4\/841<\/a>, DOI:&nbsp;<a href=\"https:\/\/dx.doi.org\/10.3390\/microorganisms9040841\" target=\"_blank\" rel=\"noreferrer noopener\">10.3390\/microorganisms9040841<\/a>. [COBISS.SI-ID&nbsp;<a href=\"https:\/\/plus.cobiss.net\/cobiss\/si\/sl\/bib\/59812099\" target=\"_blank\" rel=\"noreferrer noopener\">59812099<\/a>]<\/em><\/p>\n\n\n\n<p><em>PECMAN, Anja, ADAMS, Ian, GUTI\u00c9RREZ-AGUIRRE, Ion, FOX, Adrian, BOONHAM, Neil, RAVNIKAR, Maja, KUTNJAK, Denis. Systematic comparison of nanopore and illumina sequencing for the detection of plant viruses and viroids using total RNA sequencing approach.&nbsp;Frontiers in microbiology. 2022, vol. 13, str. 1-14, ilustr. ISSN 1664-302X.&nbsp;<a href=\"https:\/\/www.frontiersin.org\/articles\/10.3389\/fmicb.2022.883921\/full\" target=\"_blank\" rel=\"noreferrer noopener\">https:\/\/www.frontiersin.org\/articles\/10.3389\/fmicb.2022.883921\/full<\/a>, DOI:&nbsp;<a href=\"https:\/\/dx.doi.org\/10.3389\/fmicb.2022.883921\" target=\"_blank\" rel=\"noreferrer noopener\">10.3389\/fmicb.2022.883921<\/a>. [COBISS.SI-ID&nbsp;<a href=\"https:\/\/plus.cobiss.net\/cobiss\/si\/sl\/bib\/108948739\" target=\"_blank\" rel=\"noreferrer noopener\">108948739<\/a>]<\/em><\/p>\n\n\n\n<p><em>GRBIN, Dorotea, PECMAN, Anja, \u0160ERUGA-MUSI\u0106, Martina, KUTNJAK, Denis, \u0160KORI\u0106, Dijana. First report of potato virus S and potato virus Y in tomatoes from Croatia.&nbsp;Plant disease. 2022, str. 1-2,. ISSN 0191-2917.&nbsp;<a href=\"https:\/\/doi.org\/10.1094\/PDIS-06-22-1390-PDN\" target=\"_blank\" rel=\"noreferrer noopener\">https:\/\/doi.org\/10.1094\/PDIS-06-22-1390-PDN<\/a>, DOI:&nbsp;<a href=\"https:\/\/dx.doi.org\/10.1094\/PDIS-06-22-1390-PDN\" target=\"_blank\" rel=\"noreferrer noopener\">10.1094\/PDIS-06-22-1390-PDN<\/a>. [COBISS.SI-ID&nbsp;<a href=\"https:\/\/plus.cobiss.net\/cobiss\/si\/sl\/bib\/116162307\" target=\"_blank\" rel=\"noreferrer noopener\">116162307<\/a>]<\/em><\/p>\n\n\n\n<p><em>KOGEJ ZWITTER, Zala, SELJAK, Gabrijel, JAKOMIN, Tja\u0161a, BRODARI\u010c, Jakob, VU\u010cUROVI\u0106, Ana, PEDEMAY, Sandra, SALAR, Pascal, MALEMBIC-MAHER, Sylvie, FOISSAC, Xavier, MEHLE, Nata\u0161a. Epidemiology of flavescence dor\u00e9e and hazelnut decline in Slovenia : geographical distribution and genetic diversity of the associated 16SrV phytoplasmas.&nbsp;Frontiers in plant science. 2023, vol. 14, [art.] 1217425, str. 1-12, ilustr. ISSN 1664-462X.&nbsp;<a href=\"https:\/\/doi.org\/10.3389\/fpls.2023.1217425\" target=\"_blank\" rel=\"noreferrer noopener\">https:\/\/doi.org\/10.3389\/fpls.2023.1217425<\/a>,&nbsp;<a href=\"https:\/\/www.frontiersin.org\/articles\/10.3389\/fpls.2023.1217425\/full#supplementary-material\" target=\"_blank\" rel=\"noreferrer noopener\">https:\/\/www.frontiersin.org\/articles\/10.3389\/fpls.2023.1217425\/full#supplementary-material<\/a>,&nbsp;<a href=\"https:\/\/dirros.openscience.si\/IzpisGradiva.php?id=16723\" target=\"_blank\" rel=\"noreferrer noopener\">https:\/\/dirros.openscience.si\/IzpisGradiva.php?id=16723<\/a>. [COBISS.SI-ID&nbsp;<a href=\"https:\/\/plus.cobiss.net\/cobiss\/si\/sl\/bib\/159155203\" target=\"_blank\" rel=\"noreferrer noopener\">159155203<\/a>]<\/em><\/p>\n\n\n\n<p><em>RIVAREZ, Mark Paul Selda, PECMAN, Anja, BA\u010cNIK, Katarina, MAKSIMOVI\u0106, Olivera, VU\u010cUROVI\u0106, Ana, SELJAK, Gabrijel, MEHLE, Nata\u0161a, GUTI\u00c9RREZ-AGUIRRE, Ion, RAVNIKAR, Maja, KUTNJAK, Denis. In-depth study of tomato and weed viromes reveals undiscovered plant virus diversity in an agroecosystem.&nbsp;Microbiome. 2023, vol. 11, art. 60, str. [1]-24, ilustr. ISSN 2049-2618.&nbsp;<a href=\"https:\/\/doi.org\/10.1186\/s40168-023-01500-6\" target=\"_blank\" rel=\"noreferrer noopener\">https:\/\/doi.org\/10.1186\/s40168-023-01500-6<\/a>,&nbsp;<a href=\"https:\/\/dirros.openscience.si\/IzpisGradiva.php?id=16442\" target=\"_blank\" rel=\"noreferrer noopener\">https:\/\/dirros.openscience.si\/IzpisGradiva.php?id=16442<\/a>, DOI:&nbsp;<a href=\"https:\/\/dx.doi.org\/10.1186\/s40168-023-01500-6\" target=\"_blank\" rel=\"noreferrer noopener\">10.1186\/s40168-023-01500-6<\/a>. [COBISS.SI-ID&nbsp;<a href=\"https:\/\/plus.cobiss.net\/cobiss\/si\/sl\/bib\/148647683\" target=\"_blank\" rel=\"noreferrer noopener\">148647683<\/a>]<\/em><\/p>\n\n\n\n<p><em>KOGEJ ZWITTER, Zala, JAKO\u0160, Nejc, MEHLE, Nata\u0161a. Unravelling the puzzle of 16SrV phytoplasma in hazelnuts : a systematic study of sampling and detection.&nbsp;Phytopathogenic mollicutes. Jun. 2023, vol. 13, iss. 1, str. 139-140. ISSN 2249-4669.&nbsp;<a href=\"http:\/\/dx.doi.org\/10.5958\/2249-4677.2023.00070.1\" target=\"_blank\" rel=\"noreferrer noopener\">http:\/\/dx.doi.org\/10.5958\/2249-4677.2023.00070.1<\/a>, DOI:&nbsp;<a href=\"https:\/\/dx.doi.org\/10.5958\/2249-4677.2023.00070.1\" target=\"_blank\" rel=\"noreferrer noopener\">10.5958\/2249-4677.2023.00070.1<\/a>. [COBISS.SI-ID&nbsp;<a href=\"https:\/\/plus.cobiss.net\/cobiss\/si\/sl\/bib\/154571011\" target=\"_blank\" rel=\"noreferrer noopener\">154571011<\/a>]<\/em><\/p>\n\n\n\n<p><em>HAEGEMAN, Annelies, FOUCART, Yoika, DE JONGHE, Kris, GOEDEFROIT, Thomas, AL RWAHNIH, Maher, BOONHAM, Neil, CANDRESSE, Thierry, GAAFAR, Yahya, HURTADO-GONZALES, Oscar, KOGEJ ZWITTER, Zala, KUTNJAK, Denis, LAMOV\u0160EK, Janja, MAVRI\u010c PLE\u0160KO, Irena, et al. Looking beyond virus detection in RNA sequencing data : lessons learned from a community-based effort to detect cellular plant pathogens and pests.&nbsp;Plants. Jun. 2023, iss. 11, art. 2135, str. [1]-20, ilustr. ISSN 2223-7747. DOI:&nbsp;<a href=\"https:\/\/dx.doi.org\/10.3390\/plants12112139\" target=\"_blank\" rel=\"noreferrer noopener\">10.3390\/plants12112139<\/a>. [COBISS.SI-ID&nbsp;<a href=\"https:\/\/plus.cobiss.net\/cobiss\/si\/sl\/bib\/154555651\" target=\"_blank\" rel=\"noreferrer noopener\">154555651<\/a>]<\/em><\/p>\n\n\n\n<p><strong><em><u>Book chapter<\/u><\/em><\/strong><\/p>\n\n\n\n<p><em>PECMAN, Anja, MEHLE, Nata\u0161a, KUTNJAK, Denis. Detection of plant viruses using nanopore sequencing based metagenomic approach. V: PANTALEO, Vitantonio (ur.), MIOZZI, Laura (ur.). Viral metagenomics : methods and protocols. 2nd ed. New York: Humana Press, 2024. Str. 251-264. Methods in molecular biology, vol. 2732. ISBN 978-1-0716-3515-5, ISBN 1-0716-3515-8. ISSN 1940-6029. <a href=\"https:\/\/link.springer.com\/protocol\/10.1007\/978-1-0716-3515-5_17\">https:\/\/link.springer.com\/protocol\/10.1007\/978-1-0716-3515-5_17<\/a>, DOI: 10.1007\/978-1-0716-3515-5_17. [COBISS.SI-ID 178294275]<\/em><\/p>\n\n\n\n<p><strong><em><u>Conference presentations:<\/u><\/em><\/strong><\/p>\n\n\n\n<p><em>PECMAN, Anja, KUTNJAK, Denis, ADAMS, Ian, GUTI\u00c9RREZ-AGUIRRE, Ion, FOX, Adrian, BOONHAM, Neil, RAVNIKAR, Maja. How does nanopore sequencing compare to Illumina sequencing for detection of plant viruses and viroids. V:&nbsp;Programme and abstracts : International Advances in Plant Virology 2021 : virtually via Zoom : 20th April &#8211; 22nd April 2021. [S. l.: Association of Applied Biologists], 2021. Str. 116.&nbsp;<a href=\"https:\/\/custom.cvent.com\/05F40F40EA964BBB968323D70A3E1C38\/files\/event\/ef4ceb27d30d4676a7f14cb5d4dd7663\/bd3a825c81194b88a904a9bd5738cd44.pdf\" target=\"_blank\" rel=\"noreferrer noopener\">https:\/\/custom.cvent.com\/05F40F40EA964BBB968323D70A3E1C38\/files\/event\/ef4ceb27d30d4676a7f14cb5d4dd7663\/bd3a825c81194b88a904a9bd5738cd44.pdf<\/a>. [COBISS.SI-ID&nbsp;<a href=\"https:\/\/plus.cobiss.net\/cobiss\/si\/sl\/bib\/62641155\" target=\"_blank\" rel=\"noreferrer noopener\">62641155<\/a>]<\/em><\/p>\n\n\n\n<p><em>PECMAN, Anja, KUTNJAK, Denis, ADAMS, Ian, GUTI\u00c9RREZ-AGUIRRE, Ion, FOX, Adrian, BOONHAM, Neil, RAVNIKAR, Maja. On the way to fast &#8220;on-site&#8221; detecion of plant viruses and viroids. V: HORVAT, Monika (ur.), et al.&nbsp;Cutting Edge 2021 : scientific conference for young researchers : independent in science : Thursday, 16. 09. 21, virtual conference : book of abstracts. Ljubljana: Fakulteta za kemijo in kemijsko tehnologijo, 2021. Str. 15, ilustr. ISBN 978-961-7078-21-3. [COBISS.SI-ID&nbsp;<a href=\"https:\/\/plus.cobiss.net\/cobiss\/si\/sl\/bib\/78086403\" target=\"_blank\" rel=\"noreferrer noopener\">78086403<\/a>]<\/em><\/p>\n\n\n\n<p><em>Predstavitev planov in rezultatov dela v WP2 v okviru projekta NanoPhyto&nbsp; na sre\u010danju strokovnjakov s podro\u010dja fitoplazem, ki so vklju\u010deni v Euphresco projekt&nbsp; FLADO-VIGILANT (2020-A-344):<\/em><\/p>\n\n\n\n<ul class=\"wp-block-list\">\n<li><em>MEHLE, Nata\u0161a.&nbsp;Euphresco project: 2020-A-344 FLADO-VIGILANT WP2: Survey on the occurrence of 16SrV phytoplasmas on hazelnuts : what we already know about 16SrV phytoplasmas on hazelnuts? : lecture at Online kick off meeting, 18. 5. 2021. [COBISS.SI-ID&nbsp;<a href=\"https:\/\/plus.cobiss.net\/cobiss\/si\/sl\/bib\/64004355\" target=\"_blank\" rel=\"noreferrer noopener\">64004355<\/a>]<\/em><\/li>\n\n\n\n<li><em>MEHLE, Nata\u0161a.&nbsp;Flado-Vigilant Euphresco project : 2020-A-344 : online meeting of Euphresco Community Network, 15th March 2022. [COBISS.SI-ID&nbsp;<a href=\"https:\/\/plus.cobiss.net\/cobiss\/si\/sl\/bib\/101248259\" target=\"_blank\" rel=\"noreferrer noopener\">101248259<\/a>]<\/em><\/li>\n<\/ul>\n\n\n\n<p><em>PECMAN, Anja, KOGEJ ZWITTER, Zala, MEHLE, Nata\u0161a, VU\u010cUROVI\u0106, Ana, RAVNIKAR, Maja, KUTNJAK, Denis. Uporaba visokozmogljivega sekvenciranja za iskanje karantenskih rastlinskih virusov = The use of high-throughput sequencing for detection of quarantine plant viruses. V: TRDAN, Stanislav (ur.).&nbsp;Zbornik predavanj in referatov 15. slovenskega posvetovanja o varstvu rastlin z mednarodno udele\u017ebo, Portoro\u017e, 1.-2. marec 2022 = Lectures and papers presented at the 15th Slovenian Conference on Plant Protection with International Participation, Portoro\u017e, March 1-2, 2022. Ljubljana: Dru\u0161tvo za varstvo rastlin Slovenije: = Plant Protection Society of Slovenia, 2022. Str. 268-274, ilustr. ISBN 978-961-93447-9-8. [COBISS.SI-ID&nbsp;<a href=\"https:\/\/plus.cobiss.net\/cobiss\/si\/sl\/bib\/149585155\" target=\"_blank\" rel=\"noreferrer noopener\">149585155<\/a>]<\/em><\/p>\n\n\n\n<p><em>KOGEJ ZWITTER, Zala, SELJAK, Gabrijel, RAVNIKAR, Maja, VU\u010cUROVI\u0106, Ana, JAKOMIN, Tja\u0161a, BRODARI\u010c, Jakob, ORE\u0160EK, Erika, MEHLE, Nata\u0161a. Raznolikost fitoplazem skupine 16SrV v trtah, leskah in njihovih prena\u0161alcih = Diversity of 16SrV phytoplasma group in grapevine, hazelnut and its vectors. V: TRDAN, Stanislav (ur.).&nbsp;15. slovensko posvetovanje o varstvu rastlin z mednarodno udele\u017ebo = 15th Slovenian Conference on Plant Protection with International Participation : izvle\u010dki referatov = abstract volume : 1.-2. marec 2022, Portoro\u017e, Slovenija. Ljubljana: Dru\u0161tvo za varstvo rastlin Slovenije: = Plant Protection Society of Slovenia, 2022. Str. 108-109. ISBN 978-961-93447-8-1. [COBISS.SI-ID&nbsp;<a href=\"https:\/\/plus.cobiss.net\/cobiss\/si\/sl\/bib\/100485123\" target=\"_blank\" rel=\"noreferrer noopener\">100485123<\/a>]<\/em><\/p>\n\n\n\n<p><em>KOGEJ ZWITTER, Zala, SELJAK, Gabrijel, JAKOMIN, Tja\u0161a, BRODARI\u010c, Jakob, VU\u010cUROVI\u0106, Ana, RAVNIKAR, Maja, KUTNJAK, Denis, MEHLE, Nata\u0161a. Investigation of the diversity of the destructive 16SrV phytoplasma group in grapevine, hazelnut and leafhoppers. V:&nbsp;Epidemiology and management of plant viruses under a changing climate : book of abstracts. 15th ISPVE Madrid 2022, Madrid, Spain, 5-8th June, 2022. [S. l.: s. n., 2022]. Str. 118. [COBISS.SI-ID&nbsp;<a href=\"https:\/\/plus.cobiss.net\/cobiss\/si\/sl\/bib\/111930371\" target=\"_blank\" rel=\"noreferrer noopener\">111930371<\/a>]<\/em><\/p>\n\n\n\n<p><em>KOGEJ ZWITTER, Zala, SELJAK, Gabrijel, JAKOMIN, Tja\u0161a, BRODARI\u010c, Jakob, VU\u010cUROVI\u0106, Ana, RAVNIKAR, Maja, KUTNJAK, Denis, PEDEMAY, Sandra, SALAR, Pascal, MALEMBIC-MAHER, Sylvie, FOISSAC, Xavier, MEHLE, Nata\u0161a. Epidemiology and diversity of 16SrV phytoplasma group infecting grapevine and hazelnut. V: BAEBLER, \u0160pela (ur.), et al.&nbsp;Plants in Changing Environment : International Conference of the Slovenian Society of Plant Biology : Biotechnical Faculty, University of Ljubljana, September 15-16, 2022, Ljubljana, Slovenia : [book of abstracts]. 1st electronic ed. Ljubljana: Slovenian Society of Plant Biology, 2022. Str. 45. ISBN 978-961-91014-5-2.&nbsp;<a href=\"https:\/\/www.plantslo.org\/wp\/wp-content\/uploads\/2022\/09\/PlantsInChangingEnvironment22AbstractBook.pdf\" target=\"_blank\" rel=\"noreferrer noopener\">https:\/\/www.plantslo.org\/wp\/wp-content\/uploads\/2022\/09\/PlantsInChangingEnvironment22AbstractBook.pdf<\/a>. [COBISS.SI-ID&nbsp;<a href=\"https:\/\/plus.cobiss.net\/cobiss\/si\/sl\/bib\/123154691\" target=\"_blank\" rel=\"noreferrer noopener\">123154691<\/a>]<\/em><\/p>\n\n\n\n<p><em>GRBIN, Dorotea, PECMAN, Anja, \u010cAJKULI\u0106, Ana-Marija, NOVAK, Adrijana, \u0160ERUGA-MUSI\u0106, Martina, KUTNJAK, Denis, \u0160KORI\u0106, Dijana. First glimpse into the tomato and pepper viromes of Croatia. V:&nbsp;VIROID 2022 : abstracts of papers presented at the VIROID 2022 conference : Viroids, Viroid-like RNAs and RNA viruses : 14-16 September 2022 Crete, Greece. [S. l.: s. n.], 2022. Str. 43. [COBISS.SI-ID&nbsp;<a href=\"https:\/\/plus.cobiss.net\/cobiss\/si\/sl\/bib\/128846851\" target=\"_blank\" rel=\"noreferrer noopener\">128846851<\/a>]<\/em><\/p>\n\n\n\n<p><em>PECMAN, Anja, KOGEJ ZWITTER, Zala, MEHLE, Nata\u0161a, VU\u010cUROVI\u0106, Ana, RAVNIKAR, Maja, KUTNJAK, Denis. Nanopore sequencing for detection of (quarantine) plant viruses. V:&nbsp;International advances in plant virology 2022 : hybrid event hosted in Ljubljana, Slovenia 5th-7th October 2022 : programme, abstracts and delegate list. Warwick: Association of Applied Biologists, 2022. Str. 63. [COBISS.SI-ID&nbsp;<a href=\"https:\/\/plus.cobiss.net\/cobiss\/si\/sl\/bib\/125013251\" target=\"_blank\" rel=\"noreferrer noopener\">125013251<\/a>]<\/em><\/p>\n\n\n\n<p><em>KOGEJ ZWITTER, Zala, SELJAK, Gabrijel, JAKOMIN, Tja\u0161a, BRODARI\u010c, Jakob, VU\u010cUROVI\u0106, Ana, MEHLE, Nata\u0161a.&nbsp;Propadanje lesk v Sloveniji zaradi oku\u017ebe s fitoplazmo, sorodno povzro\u010diteljici zlate trsne rumenice : Strokovni posvet in redna letna skup\u0161\u010dina, Slovensko strokovno dru\u0161tvo lupinarjev, 11. marca 2023, na Biotehni\u0161ki fakulteti, Ljubljana. [COBISS.SI-ID&nbsp;<a href=\"https:\/\/plus.cobiss.net\/cobiss\/si\/sl\/bib\/145970691\" target=\"_blank\" rel=\"noreferrer noopener\">145970691<\/a>]<\/em><\/p>\n\n\n\n<p><em>KOGEJ ZWITTER, Zala, BAJDE, Irena, BRODARI\u010c, Jakob, VU\u010cUROVI\u0106, Ana, MEHLE, Nata\u0161a. Mo\u017enost prenosa fitoplazme Flavescence dor\u00e9e z ameri\u0161kim \u0161kr\u017eatkom je zapisana v njenem genetskem kodu = The possibility of transmission of Flavescence dor\u00e9e phytoplasma by the American leafhopper is written in its genetic code. V: VR\u0160I\u010c, Stanko (ur.).&nbsp;6. slovenski vinogradni\u0161ko-vinarski kongres : zbornik prispevkov : Ptuj, 21.\u201322. april 2023. Ptuj: Kmetijsko gozdarski zavod, 2023. Str. [335-340], ilustr. ISBN 978-961-91422-7-1. [COBISS.SI-ID&nbsp;<a href=\"https:\/\/plus.cobiss.net\/cobiss\/si\/sl\/bib\/151789059\" target=\"_blank\" rel=\"noreferrer noopener\">151789059<\/a>]<\/em><\/p>\n\n\n\n<p><em>MEHLE, Nata\u0161a, KOGEJ ZWITTER, Zala.&nbsp;Genetic diversity of 16SrV phytoplasma infecting grapevines and hazelnuts in Slovenia : Technical consultation on \u201eGrapevine flavescence dor\u00e9e and Scaphoideus titanus\u201c, May 10th 2023, Zagreb, Croatia. [COBISS.SI-ID&nbsp;<a href=\"https:\/\/plus.cobiss.net\/cobiss\/si\/sl\/bib\/152249091\" target=\"_blank\" rel=\"noreferrer noopener\">152249091<\/a>]<\/em><\/p>\n\n\n\n<p><em>\u0160KORIC Dijana, GRBIN Dorotea, PUL Patrik, MEHLE Nata\u0161a, PECMAN Anja, KOGEJ ZWITTER Zala, KUTNJAK Denis, VUCUROVIC Ana. A search for resistance breaking strains of tomato spotted wilt orthotospovirus in Croatia and Slovenia. V: 12th International congress of plant pathology (ICPP), 20-25.8.2023, Lyon, France. Book of abstracts. Str. 803.<\/em><\/p>\n\n\n\n<p><em>MEHLE Nata\u0161a, PECMAN Anja, VUCUROVIC Ana, BUKVIC Veronika, BRODARIC Jakob, BAJDE Irena, RAVNIKAR Maja, KUTNJAK Denis. Nanopore sequencing for the analysis of official samples for the presence of (quarantine) plant viruses. V: 12th International congress of plant pathology (ICPP), 20-25.8.2023, Lyon, France. Book of abstracts. Str. 1256.<\/em><\/p>\n\n\n\n<p><em>HAEGEMAN, Annelies et al. Revisiting high throughput sequencing data used for plant virus detection in order to find evidence of nonviral plant pathogens and pests. V: 12th International congress of plant pathology (ICPP), 20-25.8.2023, Lyon, France. Book of abstracts. Str. 367<\/em><\/p>\n\n\n\n<p><em>MAKSIMOVI\u0106, Olivera, KUTNJAK, Denis, RAVNIKAR, Maja, GUTI\u00c9RREZ-AGUIRRE, Ion. Advanced sequence detection of plant viruses in water samples : platform comparison between Ilumina and oxford nanopore sequencing. V: STOPNI\u0160EK, Nejc (ur.).&nbsp;Slovenian Microbiome Network Symposium 2023 : Defining a healthy microbiome : 30. 11. &#8211; 1. 12. 2023, Maribor, Slovenia : abstract book. Maribor: Nacionalni laboratorij za zdravje, okolje in hrano, 2023. Str. 60, p8. ISBN 978-961-6148-23-8.&nbsp;<a href=\"https:\/\/doi.org\/10.5281\/zenodo.10214965\" target=\"_blank\" rel=\"noreferrer noopener\">https:\/\/doi.org\/10.5281\/zenodo.10214965<\/a>. [COBISS.SI-ID&nbsp;<a href=\"https:\/\/plus.cobiss.net\/cobiss\/si\/sl\/bib\/174748675\" target=\"_blank\" rel=\"noreferrer noopener\">174748675<\/a>]<\/em><\/p>\n\n\n\n<p><em>MEHLE, Nata\u0161a, KOGEJ ZWITTER, Zala, KUTNJAK, Denis. Rekonstrukcija fitoplazemskih genomov za epidemiolo\u0161ke raziskave s pomo\u010djo sekvenciranja z nanoporami. V: KU\u0160AR, Darja (ur.), JAMNIKAR CIGLENE\u010cKI, Ur\u0161ka (ur.). 9. kongres Slovenskega mikrobiolo\u0161kega dru\u0161tva : knjiga povzetkov : 14.\u201316. februar 2024. Ljubljana: Slovensko mikrobiolo\u0161ko dru\u0161tvo, 2024. Str. 145. ISBN 978-961-96562-0-4. <a href=\"https:\/\/smd2024.si\/wp-content\/uploads\/2024\/02\/2024-02-12-knjiga-povzetkov-SMD_Compress.pdf\">https:\/\/smd2024.si\/wp-content\/uploads\/2024\/02\/2024-02-12-knjiga-povzetkov-SMD_Compress.pdf<\/a>. [COBISS.SI-ID 186671619]<\/em><\/p>\n\n\n\n<p><em>MEHLE, Nata\u0161a, KOGEJ ZWITTER, Zala, BAJDE, Irena, BRODARI\u010c, Jakob, VU\u010cUROVI\u0106, Ana. Nova spoznanja o epidemiologiji zlate trsne rumenice na osnovi prou\u010devanja genetske raznolikosti povzro\u010ditelja bolezni = New insights into the epidemiology of Grapevine flavescence dor\u00e9e based on a study of the genetic diversity of the causal agent. V: TRDAN, Stanislav (ur.). 16. slovensko posvetovanje o varstvu rastlin z mednarodno udele\u017ebo = 16th Slovenian Conference on Plant Protection with International Participation : izvle\u010dki referatov = abstract volume : 5.-6. marec 2024, Bohinjska Bistrica, Slovenija. Ljubljana: Dru\u0161tvo za varstvo rastlin Slovenije: = Plant Protection Society of Slovenia, 2024. Str. 59-60. ISBN 978-961-96561-0-5. <a href=\"https:\/\/dvrs.si\/wp-content\/uploads\/2024_Zbornik_izvleckov_SPVR.pdf\">https:\/\/dvrs.si\/wp-content\/uploads\/2024_Zbornik_izvleckov_SPVR.pdf<\/a>. [COBISS.SI-ID 190939651]<\/em><\/p>\n\n\n\n<p><em>MEHLE, Nata\u0161a, KOGEJ ZWITTER, Zala, BAJDE, Irena, BRODARI\u010c, Jakob, VU\u010cUROVI\u0106, Ana. Diversity of map genotypes of Grapevine Flavescence dor\u00e8e phytoplasma in Slovenian vineyards : lecture at GFD follow-up meeting: Technical consultation on Grapevine flavescence dor\u00e9e and Scaphoideus titanus, National Institute of Biology (NIB), Ljubljana, Slovenia, April 9, 2024. [COBISS.SI-ID 192429315]<\/em><\/p>\n\n\n\n<p><em>MEHLE, Nata\u0161a, KOGEJ ZWITTER, Zala, BAJDE, Irena, BRODARI\u010c, Jakob, VU\u010cUROVI\u0106, Ana. Grapevine Flavescence dor\u00e9e phytoplasma map genotypes associated with outbreaks in Slovenian vineyards. V: EVEILLARD, Sandrine (ur.). Proceedings of the 6th European Bois Noir Workshop [and] 1st International Pro-AECOGY Conference : Towards the Prophylactic and Agroecological Control of grapevine yellows : 14-16 May 2024, Bordeaux, France. 6th European Bois Noir Workshop and 1st International Pro-AECOGY Conference, Towards the Prophylactic and Agroecological Control of grapevine yellows, 14-16 May 2024, Bordeaux, France. [S. l.: s. n., 2024]. Str. 78-79. <a href=\"https:\/\/boisnoirwkshop.sciencesconf.org\/data\/pages\/Proceedings_Sixth_European_Bois_noir_worksho_First_International_Pro_AECOGY_Conference_2025.pdf\">https:\/\/boisnoirwkshop.sciencesconf.org\/data\/pages\/Proceedings_Sixth_European_Bois_noir_worksho_First_International_Pro_AECOGY_Conference_2025.pdf<\/a>. [COBISS.SI-ID 196593667]<\/em><\/p>\n\n\n\n<p><strong><em><u>PhD thesis:<\/u><\/em><\/strong><\/p>\n\n\n\n<p><em>PECMAN, Anja.&nbsp;Characterization of plant viromes using different viral nucleic acids enrichment strategies and high-throughput sequencing platforms : doctoral dissertation = Karakterizacija rastlinskega viroma z uporabo razli\u010dnih strategij obogatitve virusnih nukleinskih kislin in platform visoko zmogljivega sekvenciranja : doktorska disertacija. Ljubljana: [A. Pecman], 2022. XIV, 65 str., ilustr., tabele. [COBISS.SI-ID&nbsp;<a href=\"https:\/\/plus.cobiss.net\/cobiss\/si\/sl\/bib\/133223427\" target=\"_blank\" rel=\"noreferrer noopener\">133223427<\/a>]<\/em><\/p>\n\n\n\n<p><em>RIVAREZ, Mark Paul Selda.&nbsp;Diversity of viruses infecting tomato and weed plants in agroecosystems : doctoral dissertation = Raznolikost virusov paradi\u017enika in plevelnih rastlin v kmetijskih ekosistemih : doktorska disertacija. Ljubljana: [M. P. Selda Rivarez], 2022. XIII, 247 str., ilustr., tabele. [COBISS.SI-ID&nbsp;<a href=\"https:\/\/plus.cobiss.net\/cobiss\/si\/sl\/bib\/126513411\" target=\"_blank\" rel=\"noreferrer noopener\">126513411<\/a>]<\/em><\/p>\n\n\n\n<p><em>KOGEJ ZWITTER, Zala: doktorska disertacija (v teku)<\/em><\/p>\n","protected":false},"excerpt":{"rendered":"<p>Project report: Project_report Published articles: KUTNJAK, Denis, TAMISIER, Lucie, ADAMS, Ian, BOONHAM, Neil, CANDRESSE, Thierry, CHIUMENTI, Michela, DE JONGHE, Kris, KREUZE, Jan F., LEFEBVRE, Marie, SILVA, Goncalo, MALAPI-WIGHT, Martha, MARGARIA, Paolo, MAVRI\u010c PLE\u0160KO, Irena, MCGREIG, Sam, MIOZZI, Laura, REMENANT, Benoit, REYNARD, Jean-S\u00e9bastien, ROLLIN, Johan, ROTT, Mike, SCHUMPP, Olivier, MASSART, S\u00e9bastien, HAEGEMAN, Annelies. A primer on [&hellip;]<\/p>\n","protected":false},"author":3,"featured_media":0,"parent":0,"menu_order":3,"comment_status":"closed","ping_status":"closed","template":"page-fullwidth.php","meta":{"jetpack_post_was_ever_published":false,"footnotes":""},"class_list":["post-30","page","type-page","status-publish","hentry"],"jetpack_sharing_enabled":true,"jetpack_shortlink":"https:\/\/wp.me\/P7OqMV-u","jetpack-related-posts":[],"_links":{"self":[{"href":"https:\/\/projects.nib.si\/nanophyto\/wp-json\/wp\/v2\/pages\/30","targetHints":{"allow":["GET"]}}],"collection":[{"href":"https:\/\/projects.nib.si\/nanophyto\/wp-json\/wp\/v2\/pages"}],"about":[{"href":"https:\/\/projects.nib.si\/nanophyto\/wp-json\/wp\/v2\/types\/page"}],"author":[{"embeddable":true,"href":"https:\/\/projects.nib.si\/nanophyto\/wp-json\/wp\/v2\/users\/3"}],"replies":[{"embeddable":true,"href":"https:\/\/projects.nib.si\/nanophyto\/wp-json\/wp\/v2\/comments?post=30"}],"version-history":[{"count":42,"href":"https:\/\/projects.nib.si\/nanophyto\/wp-json\/wp\/v2\/pages\/30\/revisions"}],"predecessor-version":[{"id":489,"href":"https:\/\/projects.nib.si\/nanophyto\/wp-json\/wp\/v2\/pages\/30\/revisions\/489"}],"wp:attachment":[{"href":"https:\/\/projects.nib.si\/nanophyto\/wp-json\/wp\/v2\/media?parent=30"}],"curies":[{"name":"wp","href":"https:\/\/api.w.org\/{rel}","templated":true}]}}