{"id":277,"date":"2018-03-07T16:06:51","date_gmt":"2018-03-07T15:06:51","guid":{"rendered":"http:\/\/projects.nib.si\/nanozymsafe\/?page_id=277"},"modified":"2023-05-10T12:19:25","modified_gmt":"2023-05-10T11:19:25","slug":"project-phases-and-realisation","status":"publish","type":"page","link":"https:\/\/projects.nib.si\/nanozymsafe\/project-phases-and-realisation\/","title":{"rendered":"Faze projekta in realizacija"},"content":{"rendered":"<p>&nbsp;<\/p>\n<p><img data-recalc-dims=\"1\" loading=\"lazy\" decoding=\"async\" data-attachment-id=\"401\" data-permalink=\"https:\/\/projects.nib.si\/nanozymsafe\/project-phases-and-realisation\/presentation1\/\" data-orig-file=\"https:\/\/i0.wp.com\/projects.nib.si\/nanozymsafe\/wp-content\/uploads\/sites\/56\/2018\/03\/Presentation1.png?fit=637%2C631&amp;ssl=1\" data-orig-size=\"637,631\" data-comments-opened=\"1\" data-image-meta=\"{&quot;aperture&quot;:&quot;0&quot;,&quot;credit&quot;:&quot;&quot;,&quot;camera&quot;:&quot;&quot;,&quot;caption&quot;:&quot;&quot;,&quot;created_timestamp&quot;:&quot;0&quot;,&quot;copyright&quot;:&quot;&quot;,&quot;focal_length&quot;:&quot;0&quot;,&quot;iso&quot;:&quot;0&quot;,&quot;shutter_speed&quot;:&quot;0&quot;,&quot;title&quot;:&quot;&quot;,&quot;orientation&quot;:&quot;0&quot;}\" data-image-title=\"Presentation1\" data-image-description=\"\" data-image-caption=\"\" data-medium-file=\"https:\/\/i0.wp.com\/projects.nib.si\/nanozymsafe\/wp-content\/uploads\/sites\/56\/2018\/03\/Presentation1.png?fit=300%2C297&amp;ssl=1\" data-large-file=\"https:\/\/i0.wp.com\/projects.nib.si\/nanozymsafe\/wp-content\/uploads\/sites\/56\/2018\/03\/Presentation1.png?fit=637%2C631&amp;ssl=1\" class=\"alignnone size-full wp-image-401\" src=\"https:\/\/i0.wp.com\/projects.nib.si\/nanozymsafe\/wp-content\/uploads\/sites\/56\/2018\/03\/Presentation1.png?resize=637%2C631\" alt=\"Presentation1\" width=\"637\" height=\"631\" srcset=\"https:\/\/i0.wp.com\/projects.nib.si\/nanozymsafe\/wp-content\/uploads\/sites\/56\/2018\/03\/Presentation1.png?w=637&amp;ssl=1 637w, https:\/\/i0.wp.com\/projects.nib.si\/nanozymsafe\/wp-content\/uploads\/sites\/56\/2018\/03\/Presentation1.png?resize=150%2C150&amp;ssl=1 150w, https:\/\/i0.wp.com\/projects.nib.si\/nanozymsafe\/wp-content\/uploads\/sites\/56\/2018\/03\/Presentation1.png?resize=300%2C297&amp;ssl=1 300w\" sizes=\"auto, (max-width: 637px) 100vw, 637px\" \/><strong>DS1: Sinteza in karakterizacija novih ve\u010dfunkcionalnih nanocimov na osnovi kovinskih oksidov; (M1-M30), Vodilni partner: IJS; Sodelujo\u010di partnerji: UNIZAR, CSIC<\/strong><\/p>\n<p><em>Naloga 1.1: Oblikovanje novih sinteti\u010dnih nanocimov na osnovi kovinskih oksidov z nadzorovanimi lastnostmi jedra in povr\u0161ine <\/em>(M1-M30) [Vodilni partner: IJS, Sodelujo\u010di partnerji: CSIC, UNIZAR]<\/p>\n<p><em>Naloga 1.2: Strukturna &amp; fizikalno-kemijska karakterizacija novih nanocimov<\/em> (M1-M30) [Vodilni partner: IJS, Sodelujo\u010di partnerji: UNIZAR CSIC]<\/p>\n<p><strong>DS2: Toksikolo\u0161ka karakterizacija novih ve\u010dfunkcionalnih nanocimov na osnovi kovinskih oksidov v <em>in vitro<\/em> 3D celi\u010dnih modelih (M4-M33); Vodilni partner: NIB; \u00a0Sodelujo\u010di partner: IJS, INSA, IMI<\/strong><\/p>\n<p><em>Naloga 2.1: Vrednotenje potencialne genotoksi\u010dne aktivnosti nanocimov <\/em>(M4-M33) [Vodilni partner: NIB, Sodelujo\u010di partnerji: INSA, IMI]<\/p>\n<p><em>Naloga 2.2: Ocena vpliva nanocimov na \u017eivost celic, njihovo proliferacijo in celi\u010dno smrt <\/em>(M4-M33) [Vodilni partner: NIB, Sodelujo\u010di partnerji: IJS, INSA, IMI]<\/p>\n<p><strong>DS3: Pro-oksidativna in anti-oksidativna aktivnost novih ve\u010dfunkcionalnih nanocimov na osnovi kovinskih oksidov; (M7-M36); Vodilni partner: NIB;\u00a0 Sodelujo\u010di partner: INSA, IMI<\/strong><\/p>\n<p><em>Naloga 3.1:\u00a0Pro-oksidativna aktivnost\u00a0<em>nanocimov\u00a0<\/em>(M7-M36) [Vodilni partner: NIB, Sodelujo\u010di: INSA, IMI]<\/em><\/p>\n<p><em>Naloga 3.2: Anti-oksidativna aktivnost nanocimov <\/em>(M10-M36) [Vodilni partner: NIB, Sodelujo\u010di: INSA, IMI]<\/p>\n<p>&nbsp;<\/p>\n<p><strong>DS4: Analiza izra\u017eanja tar\u010dnih genov v in vitro 3D celi\u010dnih modelih izpostavljenim novim ve\u010dfunkcionalnim nanocimov na osnovi kovinskih oksidov; (M13-M36); Vodilni partner: NIB;\u00a0 Sodelujo\u010di partner: INSA, IMI<\/strong><\/p>\n<p><em>Naloga 4.1: mRNA izra\u017eanje genov, ki se odzovejo na po\u0161kodbe DNK, genov, povezanih z oksidativnim stresom, genov, ki sodelujejo pri proliferaciji in celi\u010dni smrti \u00a0<\/em>(M13-M36) [Vodilni partner: NIB, Sodelujo\u010di: INSA, IMI]<\/p>\n<p><em>Naloga 4.2: Izra\u017eanje proteinov biomarkerskih genov za po\u0161kodbe DNK, genov, povezanih z oksidativnim stresom, genov, ki sodelujejo pri proliferaciji in celi\u010dni smrti <\/em>(M19-M36) [Vodilni: NIB, Sodelujo\u010di: INSA, IMI]<\/p>\n<p><strong>DS5: Vrednotenje vpliva novih ve\u010dfunkcionalnih nanocimov na osnovi kovinskih oksidov na okoljske organizme; (M7-M33); Vodilni partner: NIB<\/strong><\/p>\n<p><em>Naloga 5.1: Ocena morebitnih \u0161kodljivih u\u010dinkov novih nanocimov na primarne proizvajalce in eksperimentalne modele nevreten\u010darjev <\/em>(M7-M30) [Vodilni partner: NIB]<\/p>\n<p><em>Naloga 5.2: Ocena potencialnih akutnih, subakutnih in subletalnih u\u010dinkov novih nanoizmov na modelu zarodka Danio rerio <\/em>(M10-M33) [Vodilni partner: NIB]<\/p>\n<p><strong>WP6: Upravljanje projekta in raz\u0161irjanje rezultatov (M1-M36); Vodilni partner: NIB;\u00a0 Sodelujo\u010di partner: IJS, UNIZAR, CSIC, INSA, IMI<\/strong><\/p>\n<p><em>Naloga 6.1: Dejavnosti upravljanja projekta in tveganj <\/em>(M1-M36) [Vodilni partner: NIB; Sodelujo\u010di: vsi ostali]<\/p>\n<p><em>Naloga 6.2: Raz\u0161irjanje rezultatov in komunikacija <\/em>(M1-M36) [Vsi partnerji]<\/p>\n<p>&nbsp;<\/p>\n","protected":false},"excerpt":{"rendered":"<p>&nbsp; DS1: Sinteza in karakterizacija novih ve\u010dfunkcionalnih nanocimov na osnovi kovinskih oksidov; (M1-M30), Vodilni partner: IJS; Sodelujo\u010di partnerji: UNIZAR, CSIC Naloga 1.1: Oblikovanje novih sinteti\u010dnih nanocimov na osnovi kovinskih oksidov z nadzorovanimi lastnostmi jedra in povr\u0161ine (M1-M30) [Vodilni partner: IJS, Sodelujo\u010di partnerji: CSIC, UNIZAR] Naloga 1.2: Strukturna &amp; fizikalno-kemijska karakterizacija novih nanocimov (M1-M30) [Vodilni partner: [&hellip;]<\/p>\n","protected":false},"author":4,"featured_media":0,"parent":0,"menu_order":0,"comment_status":"closed","ping_status":"closed","template":"","meta":{"jetpack_post_was_ever_published":false,"footnotes":""},"class_list":["post-277","page","type-page","status-publish","hentry"],"jetpack_sharing_enabled":true,"jetpack_shortlink":"https:\/\/wp.me\/P7OqMV-4t","jetpack-related-posts":[],"_links":{"self":[{"href":"https:\/\/projects.nib.si\/nanozymsafe\/wp-json\/wp\/v2\/pages\/277","targetHints":{"allow":["GET"]}}],"collection":[{"href":"https:\/\/projects.nib.si\/nanozymsafe\/wp-json\/wp\/v2\/pages"}],"about":[{"href":"https:\/\/projects.nib.si\/nanozymsafe\/wp-json\/wp\/v2\/types\/page"}],"author":[{"embeddable":true,"href":"https:\/\/projects.nib.si\/nanozymsafe\/wp-json\/wp\/v2\/users\/4"}],"replies":[{"embeddable":true,"href":"https:\/\/projects.nib.si\/nanozymsafe\/wp-json\/wp\/v2\/comments?post=277"}],"version-history":[{"count":14,"href":"https:\/\/projects.nib.si\/nanozymsafe\/wp-json\/wp\/v2\/pages\/277\/revisions"}],"predecessor-version":[{"id":409,"href":"https:\/\/projects.nib.si\/nanozymsafe\/wp-json\/wp\/v2\/pages\/277\/revisions\/409"}],"wp:attachment":[{"href":"https:\/\/projects.nib.si\/nanozymsafe\/wp-json\/wp\/v2\/media?parent=277"}],"curies":[{"name":"wp","href":"https:\/\/api.w.org\/{rel}","templated":true}]}}