{"id":30,"date":"2016-04-05T22:13:00","date_gmt":"2016-04-05T22:13:00","guid":{"rendered":"http:\/\/projects.nib.si\/nextleveldecom\/?page_id=30"},"modified":"2025-10-02T14:44:04","modified_gmt":"2025-10-02T13:44:04","slug":"references","status":"publish","type":"page","link":"https:\/\/projects.nib.si\/nextleveldecom\/references\/","title":{"rendered":"Publications"},"content":{"rendered":"\n<p><strong>Invited lectures<\/strong><\/p>\n\n\n\n<p>RAVNIKAR, Maja, GUTI\u00c9RREZ-AGUIRRE, Ion, DOBNIK, David, FILIPI\u0106, Arijana, BA\u010cNIK, Katarina, MAKSIMOVI\u0106, Olivera, PREZELJ, Nina, BOGO\u017dALEC KO\u0160IR, Alexandra, VU\u010cUROVI\u0106, Ana, MILAVEC, Mojca, \u017dUPANI\u010c, An\u017ee, MEHLE, Nata\u0161a, KUTNJAK, Denis. Vode &#8211; vir informacij o naravi in dru\u017ebi. V: KU\u0160AR, Darja (ur.), JAMNIKAR CIGLENE\u010cKI, Ur\u0161ka (ur.). 9. kongres Slovenskega mikrobiolo\u0161kega dru\u0161tva : knjiga povzetkov : 14.\u201316. februar 2024. Ljubljana: Slovensko mikrobiolo\u0161ko dru\u0161tvo, 2024.<\/p>\n\n\n\n<p>FILIPI\u0106, Arijana, DOBNIK, David, GUTI\u00c9RREZ-AGUIRRE, Ion, ZAPLOTNIK, Rok, PRIMC, Gregor. Novel technology for clean water. In: UJEVI\u0106 ANDRIJI\u0106, \u017deljka (ed.), VIDAK, Andrej (ed.).&nbsp;XV. susret mladih kemijskih in\u017eenjera : knjiga sa\u017eetaka : Zagreb, 22. i 23. velja\u010de 2024 = XV Meeting of Young Chemical Engineers : book of abstracts : Zagreb, 22nd and 23rd February 2024. Zagreb: Hrvatsko dru\u0161tvo kemijskih in\u017eenjera i tehnologa: = Croatian Society of Chemical Engineers, 2024. <\/p>\n\n\n\n<p>PRIMC, Gregor, ZVER, Mark, ZAPLOTNIK, Rok, FILIPI\u0106, Arijana, DOBNIK, David, MOZETI\u010c, Miran. Inactivation of viruses in water by plasma treatment. V: OBRADOVI\u0106, Bratislav M. (ur.), et al. Contributed papers &amp; abstracts of invited lectures, topical invited lectures and progress reports : 32nd Summer School and International Symposium on the Physics of Ionized Gases, Belgrade, Serbia, August 26 \u2013 30, 2024. Belgrade.<\/p>\n\n\n\n<p>PRIMC, Gregor, FILIPI\u0106, Arijana, MOZETI\u010c, Miran, DULAR, Matev\u017e, PETKOV\u0160EK, Martin, \u0160TERN, Alja, \u017dEGURA, Bojana, GUTI\u00c9RREZ-AGUIRRE, Ion, DOBNIK, David, ZAPLOTNIK, Rok. Combining advanced oxidation techniques for disinfection of water for (closed) irrigation. V: BAUER, Leonard (ur.). Japan-Croatia Joint Symposium on Chemical Engineering &amp; Plasma Agriculture for Young Scientists Global Networking (JC-JSChEPA) : book of abstracts : Zagreb, Croatia, October 15 \u2013 17, 2024. Zagreb<\/p>\n\n\n\n<p>&nbsp;PRIMC, Gregor, ZAPLOTNIK, Rok, MOZETI\u010c, Miran, FILIPI\u0106, Arijana, DOBNIK, David, GUTI\u00c9RREZ-AGUIRRE, Ion, RO\u0160KAR, Robert, TRONTELJ, Jurij, PETKOV\u0160EK, Martin, DULAR, Matev\u017e, ZUPANC, Mojca. A combination of advanced oxidation processes to tackle the degradation of organic matter. V: ICREM 2024 : abstract book : The 6th International Conference on Radiation and Emission in Materials : 27-29 November 2024[,] Khon Kaen, Thailand. <\/p>\n\n\n\n<p><\/p>\n\n\n\n<p><strong>Conference contributions<\/strong><\/p>\n\n\n\n<p>PRIMC, Gregor, FILIPI\u0106, Arijana, MOZETI\u010c, Miran, DULAR, Matev\u017e, PETKOV\u0160EK, Martin, \u0160TERN, Alja, \u017dEGURA, Bojana, GUTI\u00c9RREZ-AGUIRRE, Ion, DOBNIK, David, RAVNIKAR, Maja, ZAPLOTNIK, Rok. Inactivating water-transmissible viruses through the synergy of advanced oxidation techniques. V: Global Cleaner Production Conference, 9-12 November 2023, Shanghai, China.<\/p>\n\n\n\n<p>FILIPI\u0106, Arijana.&nbsp;<em>Innovative technology for water decontamination. <\/em>The First Slovenian-Indian Day of Science and Innovations (a pilot project), Ljubljana, February 6, 2024.<\/p>\n\n\n\n<p>FILIPI\u0106, Arijana, DOBNIK, David, GUTI\u00c9RREZ-AGUIRRE, Ion, KO\u0160IR, Tamara, PRIMC, Gregor, ZAPLOTNIK, Rok. The effect of different parameters on inactivation of viruses in water with novel plasma-supercavitation technology. V:&nbsp;<em>8th ISFEV Conference, International Society for Food and Environmental Virology : Tokyo, Japan, June 9-14, 2024<\/em>. ISFEV 2024, 8th International Society for Food and Environmental Virology Conference, June 9-14, 2024, Tokyo, Japan.&nbsp;<\/p>\n\n\n\n<p>ZAPLOTNIK, Rok, DOBNIK, David, FILIPI\u0106, Arijana, PETKOV\u0160EK, Martin, DULAR, Matev\u017e, MOZETI\u010c, Miran, PRIMC, Gregor. Novel plasma-supercavitation technology for water cleaning. V: KRSTULOVI\u0106, Nik\u0161a (ur.). Book of abstracts : 19th Joint Vacuum Conference &amp; 30th International Scientific Meeting on Vacuum Science and Technique : 29. 9. &#8211; 4. 10. 2024, Podstrana, Croatia. Zagreb<\/p>\n\n\n\n<p>FILIPI\u0106, Arijana, DOBNIK, David, ZAPLOTNIK, Rok, PRIMC, Gregor. Superplasma for water decontamination. V: PETROVI\u0106, Maja (ur.), MIHAJLOVI\u0106, Ivana (ur.), \u017dIVAN\u010cEV, Nevena (ur.).\u00a0<em>4th International Student Conference, DISC2024<\/em>. DISC2024, 4th International Student Conference, hybrid event, 5th &amp; 6th December, 2024, Novi Sad, Serbia. <\/p>\n\n\n\n<p>FILIPI\u0106, Arijana, DOBNIK, David, PRIMC, Gregor, ZAPLOTNIK, Rok. Water you waiting for? SuperPlasma is here!. V:\u00a0<em>WaterMicro 2025 : oral presentation abstracts : 22nd Health-Related Water Microbiology Conference : Amersfoort, Netherlands, June 15-20, 2025<\/em>. 22nd Health-Related Water Microbiology Conference, Amersfoort, Netherlands. <\/p>\n\n\n\n<p><\/p>\n\n\n\n<p><strong>Radio interview <\/strong><\/p>\n\n\n\n<p>FILIPI\u0106, Arijana (interviewee), PRIMC, Gregor (interviewee), DOLJAK, Poljanka (interviewer).&nbsp;<em>Hladna plinska plazma v mehurju vodne pare ali kako uspe\u0161no inaktivirati viruse v vodi<\/em>. Roma: Rai &#8211; Radiotelevisione Italiana, cop. 2024.  (34 min, 45 sek). Hevreka.&nbsp;<a rel=\"noreferrer noopener\" href=\"https:\/\/www.raiplaysound.it\/audio\/2024\/06\/Hevreka-del-17062024-1f3f988c-231e-41aa-95dd-91ba23c3776b.html\" target=\"_blank\">https:\/\/www.raiplaysound.it\/audio\/2024\/06\/Hevreka-del-17062024-1f3f988c-231e-41aa-95dd-91ba23c3776b.html<\/a>. <\/p>\n\n\n\n<p>FILIPI\u0106, Arijana (interviewee).&nbsp;<em>S hladno plazmo nad trdo\u017eive viruse<\/em>. Ljubljana: RTV Slovenija, javni zavod, 2024. Podobe znanja.&nbsp;<a rel=\"noreferrer noopener\" href=\"https:\/\/365.rtvslo.si\/podkast\/podobe-znanja\/175050860\" target=\"_blank\">https:\/\/365.rtvslo.si\/podkast\/podobe-znanja\/175050860<\/a>,&nbsp;<a rel=\"noreferrer noopener\" href=\"https:\/\/ars.rtvslo.si\/podkast\/podobe-znanja\/526\/175050860\" target=\"_blank\">https:\/\/ars.rtvslo.si\/podkast\/podobe-znanja\/526\/175050860<\/a>. <\/p>\n\n\n\n<p><\/p>\n\n\n\n<p><strong>Professional article<\/strong><\/p>\n\n\n\n<p>FILIPI\u0106, Arijana, PRIMC, Gregor. Hladna plinska plazma v mehurju vodne pare ali kako uspe\u0161no inaktivirati viruse v vodi.&nbsp;<em>Alternator : misliti znanost<\/em>. 1. feb. 2024, \u0161t. 2, [5] str., ilustr. ISSN 2712-3510.<\/p>\n\n\n\n<p><\/p>\n\n\n\n<p><strong>Popular article<\/strong> <\/p>\n\n\n\n<p>ILIPI\u0106, Arijana, PRIMC, Gregor. Koliko agregatnih stanj poznamo v naravi? : \u0161tiri, seveda!.&nbsp;<em>Pisani list<\/em>. dec. 2023, letn. 76, \u0161t. 4, str. 20.<\/p>\n\n\n\n<p><\/p>\n\n\n\n<p><strong>Roundtable participation<\/strong><\/p>\n\n\n\n<p><a><\/a>KRANJC HORVAT, Anja (intervjuvanec), NOVAK, Ale\u0161 (intervjuvanec), KUZMAN, Uro\u0161 (intervjuvanec), FILIPI\u0106, Arijana (intervjuvanec), RATEJ, Maja (oseba, ki intervjuva).&nbsp;<em>Zabavna znanost: The Big Bang Theory po slovensko : 32. dnevi Jo\u017eefa Stefana, okrogla miza, 18. 3. 2024<\/em>. Ljubljana: Arnes [distributer], 2024. 1 spletni vir (1 videodatoteka (ca. 84 min)), barve, zvok.&nbsp;<a href=\"https:\/\/video.arnes.si\/watch\/btrttf95rdxz\" target=\"_blank\" rel=\"noreferrer noopener\">https:\/\/video.arnes.si\/watch\/btrttf95rdxz<\/a><\/p>\n\n\n\n<p><strong>Original scientific article<\/strong><\/p>\n\n\n\n<p>In preparation (coming in 2025)<\/p>\n","protected":false},"excerpt":{"rendered":"<p>Invited lectures RAVNIKAR, Maja, GUTI\u00c9RREZ-AGUIRRE, Ion, DOBNIK, David, FILIPI\u0106, Arijana, BA\u010cNIK, Katarina, MAKSIMOVI\u0106, Olivera, PREZELJ, Nina, BOGO\u017dALEC KO\u0160IR, Alexandra, VU\u010cUROVI\u0106, Ana, MILAVEC, Mojca, \u017dUPANI\u010c, An\u017ee, MEHLE, Nata\u0161a, KUTNJAK, Denis. Vode &#8211; vir informacij o naravi in dru\u017ebi. V: KU\u0160AR, Darja (ur.), JAMNIKAR CIGLENE\u010cKI, Ur\u0161ka (ur.). 9. kongres Slovenskega mikrobiolo\u0161kega dru\u0161tva : knjiga povzetkov : 14.\u201316. [&hellip;]<\/p>\n","protected":false},"author":3,"featured_media":0,"parent":0,"menu_order":3,"comment_status":"closed","ping_status":"closed","template":"page-fullwidth.php","meta":{"footnotes":""},"class_list":["post-30","page","type-page","status-publish","hentry"],"jetpack_sharing_enabled":true,"jetpack_shortlink":"https:\/\/wp.me\/Pfq0al-u","jetpack-related-posts":[],"_links":{"self":[{"href":"https:\/\/projects.nib.si\/nextleveldecom\/wp-json\/wp\/v2\/pages\/30","targetHints":{"allow":["GET"]}}],"collection":[{"href":"https:\/\/projects.nib.si\/nextleveldecom\/wp-json\/wp\/v2\/pages"}],"about":[{"href":"https:\/\/projects.nib.si\/nextleveldecom\/wp-json\/wp\/v2\/types\/page"}],"author":[{"embeddable":true,"href":"https:\/\/projects.nib.si\/nextleveldecom\/wp-json\/wp\/v2\/users\/3"}],"replies":[{"embeddable":true,"href":"https:\/\/projects.nib.si\/nextleveldecom\/wp-json\/wp\/v2\/comments?post=30"}],"version-history":[{"count":27,"href":"https:\/\/projects.nib.si\/nextleveldecom\/wp-json\/wp\/v2\/pages\/30\/revisions"}],"predecessor-version":[{"id":535,"href":"https:\/\/projects.nib.si\/nextleveldecom\/wp-json\/wp\/v2\/pages\/30\/revisions\/535"}],"wp:attachment":[{"href":"https:\/\/projects.nib.si\/nextleveldecom\/wp-json\/wp\/v2\/media?parent=30"}],"curies":[{"name":"wp","href":"https:\/\/api.w.org\/{rel}","templated":true}]}}