{"id":1088,"date":"2026-02-16T20:42:48","date_gmt":"2026-02-16T19:42:48","guid":{"rendered":"https:\/\/projects.nib.si\/obrockanjesov-it\/?page_id=1088"},"modified":"2026-03-05T21:14:08","modified_gmt":"2026-03-05T20:14:08","slug":"lesna-4y_plus","status":"publish","type":"page","link":"https:\/\/projects.nib.si\/obrockanjesov-it\/sove-strigiformes\/lesna-sova\/lesna-cas\/lesna-pomlad\/lesna-pomlad-ad\/lesna-4y_plus\/","title":{"rendered":"4Y+"},"content":{"rendered":"\n<p>Tutte le primarie e le secondarie dell\u2019ala sono adulte. Nell\u2019ala possono essere presenti penne di diverse generazioni (diverse tonalit\u00e0 di colore: le pi\u00f9 chiare sono pi\u00f9 vecchie e le pi\u00f9 scure sono penne pi\u00f9 giovani e fresche).<\/p>\n\n\n\n<figure class=\"wp-block-image size-large\"><img loading=\"lazy\" decoding=\"async\" width=\"1024\" height=\"658\" data-attachment-id=\"1085\" data-permalink=\"https:\/\/projects.nib.si\/obrockanjesov-it\/sove-strigiformes\/lesna-sova\/lesna-cas\/lesna-pomlad\/lesna-pomlad-ad\/saluco-pomlad-letalna_ad\/\" data-orig-file=\"https:\/\/projects.nib.si\/obrockanjesov-it\/wp-content\/uploads\/sites\/77\/2026\/02\/Saluco-pomlad-letalna_ad.jpg\" data-orig-size=\"1259,809\" data-comments-opened=\"0\" data-image-meta=\"{&quot;aperture&quot;:&quot;0&quot;,&quot;credit&quot;:&quot;&quot;,&quot;camera&quot;:&quot;&quot;,&quot;caption&quot;:&quot;&quot;,&quot;created_timestamp&quot;:&quot;0&quot;,&quot;copyright&quot;:&quot;&quot;,&quot;focal_length&quot;:&quot;0&quot;,&quot;iso&quot;:&quot;0&quot;,&quot;shutter_speed&quot;:&quot;0&quot;,&quot;title&quot;:&quot;&quot;,&quot;orientation&quot;:&quot;0&quot;}\" data-image-title=\"Saluco-pomlad-letalna_ad\" data-image-description=\"\" data-image-caption=\"\" data-medium-file=\"https:\/\/projects.nib.si\/obrockanjesov-it\/wp-content\/uploads\/sites\/77\/2026\/02\/Saluco-pomlad-letalna_ad-300x193.jpg\" data-large-file=\"https:\/\/projects.nib.si\/obrockanjesov-it\/wp-content\/uploads\/sites\/77\/2026\/02\/Saluco-pomlad-letalna_ad-1024x658.jpg\" src=\"http:\/\/projects.nib.si\/obrockanjesov-it\/wp-content\/uploads\/sites\/77\/2026\/02\/Saluco-pomlad-letalna_ad-1024x658.jpg\" alt=\"\" class=\"wp-image-1085\" srcset=\"https:\/\/projects.nib.si\/obrockanjesov-it\/wp-content\/uploads\/sites\/77\/2026\/02\/Saluco-pomlad-letalna_ad-1024x658.jpg 1024w, https:\/\/projects.nib.si\/obrockanjesov-it\/wp-content\/uploads\/sites\/77\/2026\/02\/Saluco-pomlad-letalna_ad-300x193.jpg 300w, https:\/\/projects.nib.si\/obrockanjesov-it\/wp-content\/uploads\/sites\/77\/2026\/02\/Saluco-pomlad-letalna_ad-1200x771.jpg 1200w, https:\/\/projects.nib.si\/obrockanjesov-it\/wp-content\/uploads\/sites\/77\/2026\/02\/Saluco-pomlad-letalna_ad.jpg 1259w\" sizes=\"auto, (max-width: 709px) 85vw, (max-width: 909px) 67vw, (max-width: 1362px) 62vw, 840px\" \/><\/figure>\n","protected":false},"excerpt":{"rendered":"<p>Tutte le primarie e le secondarie dell\u2019ala sono adulte. Nell\u2019ala possono essere presenti penne di diverse generazioni (diverse tonalit\u00e0 di colore: le pi\u00f9 chiare sono pi\u00f9 vecchie e le pi\u00f9 scure sono penne pi\u00f9 giovani e fresche).<\/p>\n","protected":false},"author":23,"featured_media":0,"parent":1083,"menu_order":0,"comment_status":"closed","ping_status":"closed","template":"","meta":{"jetpack_post_was_ever_published":false,"footnotes":""},"class_list":["post-1088","page","type-page","status-publish","hentry"],"jetpack_sharing_enabled":true,"jetpack_shortlink":"https:\/\/wp.me\/Ph8Nat-hy","_links":{"self":[{"href":"https:\/\/projects.nib.si\/obrockanjesov-it\/wp-json\/wp\/v2\/pages\/1088","targetHints":{"allow":["GET"]}}],"collection":[{"href":"https:\/\/projects.nib.si\/obrockanjesov-it\/wp-json\/wp\/v2\/pages"}],"about":[{"href":"https:\/\/projects.nib.si\/obrockanjesov-it\/wp-json\/wp\/v2\/types\/page"}],"author":[{"embeddable":true,"href":"https:\/\/projects.nib.si\/obrockanjesov-it\/wp-json\/wp\/v2\/users\/23"}],"replies":[{"embeddable":true,"href":"https:\/\/projects.nib.si\/obrockanjesov-it\/wp-json\/wp\/v2\/comments?post=1088"}],"version-history":[{"count":2,"href":"https:\/\/projects.nib.si\/obrockanjesov-it\/wp-json\/wp\/v2\/pages\/1088\/revisions"}],"predecessor-version":[{"id":1256,"href":"https:\/\/projects.nib.si\/obrockanjesov-it\/wp-json\/wp\/v2\/pages\/1088\/revisions\/1256"}],"up":[{"embeddable":true,"href":"https:\/\/projects.nib.si\/obrockanjesov-it\/wp-json\/wp\/v2\/pages\/1083"}],"wp:attachment":[{"href":"https:\/\/projects.nib.si\/obrockanjesov-it\/wp-json\/wp\/v2\/media?parent=1088"}],"curies":[{"name":"wp","href":"https:\/\/api.w.org\/{rel}","templated":true}]}}