{"id":1101,"date":"2026-02-17T09:35:10","date_gmt":"2026-02-17T08:35:10","guid":{"rendered":"https:\/\/projects.nib.si\/obrockanjesov-it\/?page_id=1101"},"modified":"2026-03-05T21:15:58","modified_gmt":"2026-03-05T20:15:58","slug":"lesna-pomlad-4y","status":"publish","type":"page","link":"https:\/\/projects.nib.si\/obrockanjesov-it\/sove-strigiformes\/lesna-sova\/lesna-cas\/lesna-pomlad\/lesna-pomlad-ad\/lesna-pomlad-juvad\/lesna-pomlad-4y\/","title":{"rendered":"4Y"},"content":{"rendered":"\n<p>Le penne giovanili (J) sono visibilmente pi\u00f9 chiare delle altre penne. Tra le altre penne adulte \u00e8 visibile un contrasto (due generazioni di penne adulte), per cui alcune primarie adulte sono visibilmente pi\u00f9 scure (O2), pi\u00f9 fresche, rispetto alle altre penne adulte.<\/p>\n\n\n\n<figure class=\"wp-block-image size-large\"><img loading=\"lazy\" decoding=\"async\" width=\"1024\" height=\"662\" data-attachment-id=\"1093\" data-permalink=\"https:\/\/projects.nib.si\/obrockanjesov-it\/sove-strigiformes\/lesna-sova\/lesna-cas\/lesna-pomlad\/lesna-pomlad-ad\/lesna-pomlad-juvad\/saluco-letalna-juv_ad2\/\" data-orig-file=\"https:\/\/projects.nib.si\/obrockanjesov-it\/wp-content\/uploads\/sites\/77\/2026\/02\/Saluco-letalna-juv_ad2.jpg\" data-orig-size=\"1280,827\" data-comments-opened=\"0\" data-image-meta=\"{&quot;aperture&quot;:&quot;0&quot;,&quot;credit&quot;:&quot;&quot;,&quot;camera&quot;:&quot;&quot;,&quot;caption&quot;:&quot;&quot;,&quot;created_timestamp&quot;:&quot;0&quot;,&quot;copyright&quot;:&quot;&quot;,&quot;focal_length&quot;:&quot;0&quot;,&quot;iso&quot;:&quot;0&quot;,&quot;shutter_speed&quot;:&quot;0&quot;,&quot;title&quot;:&quot;&quot;,&quot;orientation&quot;:&quot;0&quot;}\" data-image-title=\"Saluco-letalna-juv_ad2\" data-image-description=\"\" data-image-caption=\"\" data-medium-file=\"https:\/\/projects.nib.si\/obrockanjesov-it\/wp-content\/uploads\/sites\/77\/2026\/02\/Saluco-letalna-juv_ad2-300x194.jpg\" data-large-file=\"https:\/\/projects.nib.si\/obrockanjesov-it\/wp-content\/uploads\/sites\/77\/2026\/02\/Saluco-letalna-juv_ad2-1024x662.jpg\" src=\"http:\/\/projects.nib.si\/obrockanjesov-it\/wp-content\/uploads\/sites\/77\/2026\/02\/Saluco-letalna-juv_ad2-1024x662.jpg\" alt=\"\" class=\"wp-image-1093\" srcset=\"https:\/\/projects.nib.si\/obrockanjesov-it\/wp-content\/uploads\/sites\/77\/2026\/02\/Saluco-letalna-juv_ad2-1024x662.jpg 1024w, https:\/\/projects.nib.si\/obrockanjesov-it\/wp-content\/uploads\/sites\/77\/2026\/02\/Saluco-letalna-juv_ad2-300x194.jpg 300w, https:\/\/projects.nib.si\/obrockanjesov-it\/wp-content\/uploads\/sites\/77\/2026\/02\/Saluco-letalna-juv_ad2-1200x775.jpg 1200w, https:\/\/projects.nib.si\/obrockanjesov-it\/wp-content\/uploads\/sites\/77\/2026\/02\/Saluco-letalna-juv_ad2.jpg 1280w\" sizes=\"auto, (max-width: 709px) 85vw, (max-width: 909px) 67vw, (max-width: 1362px) 62vw, 840px\" \/><\/figure>\n","protected":false},"excerpt":{"rendered":"<p>Le penne giovanili (J) sono visibilmente pi\u00f9 chiare delle altre penne. Tra le altre penne adulte \u00e8 visibile un contrasto (due generazioni di penne adulte), per cui alcune primarie adulte sono visibilmente pi\u00f9 scure (O2), pi\u00f9 fresche, rispetto alle altre penne adulte.<\/p>\n","protected":false},"author":23,"featured_media":0,"parent":1092,"menu_order":0,"comment_status":"closed","ping_status":"closed","template":"","meta":{"jetpack_post_was_ever_published":false,"footnotes":""},"class_list":["post-1101","page","type-page","status-publish","hentry"],"jetpack_sharing_enabled":true,"jetpack_shortlink":"https:\/\/wp.me\/Ph8Nat-hL","_links":{"self":[{"href":"https:\/\/projects.nib.si\/obrockanjesov-it\/wp-json\/wp\/v2\/pages\/1101","targetHints":{"allow":["GET"]}}],"collection":[{"href":"https:\/\/projects.nib.si\/obrockanjesov-it\/wp-json\/wp\/v2\/pages"}],"about":[{"href":"https:\/\/projects.nib.si\/obrockanjesov-it\/wp-json\/wp\/v2\/types\/page"}],"author":[{"embeddable":true,"href":"https:\/\/projects.nib.si\/obrockanjesov-it\/wp-json\/wp\/v2\/users\/23"}],"replies":[{"embeddable":true,"href":"https:\/\/projects.nib.si\/obrockanjesov-it\/wp-json\/wp\/v2\/comments?post=1101"}],"version-history":[{"count":2,"href":"https:\/\/projects.nib.si\/obrockanjesov-it\/wp-json\/wp\/v2\/pages\/1101\/revisions"}],"predecessor-version":[{"id":1259,"href":"https:\/\/projects.nib.si\/obrockanjesov-it\/wp-json\/wp\/v2\/pages\/1101\/revisions\/1259"}],"up":[{"embeddable":true,"href":"https:\/\/projects.nib.si\/obrockanjesov-it\/wp-json\/wp\/v2\/pages\/1092"}],"wp:attachment":[{"href":"https:\/\/projects.nib.si\/obrockanjesov-it\/wp-json\/wp\/v2\/media?parent=1101"}],"curies":[{"name":"wp","href":"https:\/\/api.w.org\/{rel}","templated":true}]}}