{"id":1114,"date":"2026-02-17T10:28:55","date_gmt":"2026-02-17T09:28:55","guid":{"rendered":"https:\/\/projects.nib.si\/obrockanjesov-it\/?page_id=1114"},"modified":"2026-03-05T21:22:04","modified_gmt":"2026-03-05T20:22:04","slug":"lesna-jesen-letalna_ad","status":"publish","type":"page","link":"https:\/\/projects.nib.si\/obrockanjesov-it\/sove-strigiformes\/lesna-sova\/lesna-cas\/lesna-jesen\/lesna-jesen-letalna_ad\/","title":{"rendered":"Tutte le penne di volo sono adulte o, oltre a quelle adulte, sono presenti anche penne giovanili?"},"content":{"rendered":"\n<div class=\"wp-block-columns is-layout-flex wp-container-core-columns-is-layout-9d6595d7 wp-block-columns-is-layout-flex\">\n<div class=\"wp-block-column is-layout-flow wp-block-column-is-layout-flow\">\n<figure class=\"wp-block-image size-large\"><img loading=\"lazy\" decoding=\"async\" width=\"1024\" height=\"658\" data-attachment-id=\"1085\" data-permalink=\"https:\/\/projects.nib.si\/obrockanjesov-it\/sove-strigiformes\/lesna-sova\/lesna-cas\/lesna-pomlad\/lesna-pomlad-ad\/saluco-pomlad-letalna_ad\/\" data-orig-file=\"https:\/\/projects.nib.si\/obrockanjesov-it\/wp-content\/uploads\/sites\/77\/2026\/02\/Saluco-pomlad-letalna_ad.jpg\" data-orig-size=\"1259,809\" data-comments-opened=\"0\" data-image-meta=\"{&quot;aperture&quot;:&quot;0&quot;,&quot;credit&quot;:&quot;&quot;,&quot;camera&quot;:&quot;&quot;,&quot;caption&quot;:&quot;&quot;,&quot;created_timestamp&quot;:&quot;0&quot;,&quot;copyright&quot;:&quot;&quot;,&quot;focal_length&quot;:&quot;0&quot;,&quot;iso&quot;:&quot;0&quot;,&quot;shutter_speed&quot;:&quot;0&quot;,&quot;title&quot;:&quot;&quot;,&quot;orientation&quot;:&quot;0&quot;}\" data-image-title=\"Saluco-pomlad-letalna_ad\" data-image-description=\"\" data-image-caption=\"\" data-medium-file=\"https:\/\/projects.nib.si\/obrockanjesov-it\/wp-content\/uploads\/sites\/77\/2026\/02\/Saluco-pomlad-letalna_ad-300x193.jpg\" data-large-file=\"https:\/\/projects.nib.si\/obrockanjesov-it\/wp-content\/uploads\/sites\/77\/2026\/02\/Saluco-pomlad-letalna_ad-1024x658.jpg\" src=\"http:\/\/projects.nib.si\/obrockanjesov-it\/wp-content\/uploads\/sites\/77\/2026\/02\/Saluco-pomlad-letalna_ad-1024x658.jpg\" alt=\"\" class=\"wp-image-1085\" srcset=\"https:\/\/projects.nib.si\/obrockanjesov-it\/wp-content\/uploads\/sites\/77\/2026\/02\/Saluco-pomlad-letalna_ad-1024x658.jpg 1024w, https:\/\/projects.nib.si\/obrockanjesov-it\/wp-content\/uploads\/sites\/77\/2026\/02\/Saluco-pomlad-letalna_ad-300x193.jpg 300w, https:\/\/projects.nib.si\/obrockanjesov-it\/wp-content\/uploads\/sites\/77\/2026\/02\/Saluco-pomlad-letalna_ad-1200x771.jpg 1200w, https:\/\/projects.nib.si\/obrockanjesov-it\/wp-content\/uploads\/sites\/77\/2026\/02\/Saluco-pomlad-letalna_ad.jpg 1259w\" sizes=\"auto, (max-width: 709px) 85vw, (max-width: 909px) 67vw, (max-width: 1362px) 62vw, 840px\" \/><\/figure>\n\n\n\n<div class=\"wp-block-buttons is-layout-flex wp-block-buttons-is-layout-flex\">\n<div class=\"wp-block-button has-custom-width wp-block-button__width-100\"><a class=\"wp-block-button__link wp-element-button\" href=\"https:\/\/projects.nib.si\/obrockanjesov-it\/sove-strigiformes\/lesna-sova\/lesna-cas\/lesna-jesen\/lesna-jesen-letalna_ad\/lesna-jesen-3yplus\/\">Solo penne adulte<\/a><\/div>\n<\/div>\n\n\n\n<p>Le penne adulte hanno all\u2019estremit\u00e0 delle penne di volo una barra scura pi\u00f9 spessa e mai interrotta. Le punte chiare sono pi\u00f9 larghe che nei giovani. Nell\u2019ala possono essere presenti penne adulte di diverse generazioni (diverse tonalit\u00e0 di colore: le pi\u00f9 chiare sono pi\u00f9 vecchie e le pi\u00f9 scure sono penne pi\u00f9 giovani o fresche).<\/p>\n<\/div>\n\n\n\n<div class=\"wp-block-column is-layout-flow wp-block-column-is-layout-flow\">\n<figure class=\"wp-block-image size-large\"><img loading=\"lazy\" decoding=\"async\" width=\"1024\" height=\"657\" data-attachment-id=\"1084\" data-permalink=\"https:\/\/projects.nib.si\/obrockanjesov-it\/sove-strigiformes\/lesna-sova\/lesna-cas\/lesna-pomlad\/lesna-pomlad-ad\/saluco-pomlad-letalna_juvad2\/\" data-orig-file=\"https:\/\/projects.nib.si\/obrockanjesov-it\/wp-content\/uploads\/sites\/77\/2026\/02\/Saluco-pomlad-letalna_juvad2.jpg\" data-orig-size=\"1280,821\" data-comments-opened=\"0\" data-image-meta=\"{&quot;aperture&quot;:&quot;0&quot;,&quot;credit&quot;:&quot;&quot;,&quot;camera&quot;:&quot;&quot;,&quot;caption&quot;:&quot;&quot;,&quot;created_timestamp&quot;:&quot;0&quot;,&quot;copyright&quot;:&quot;&quot;,&quot;focal_length&quot;:&quot;0&quot;,&quot;iso&quot;:&quot;0&quot;,&quot;shutter_speed&quot;:&quot;0&quot;,&quot;title&quot;:&quot;&quot;,&quot;orientation&quot;:&quot;0&quot;}\" data-image-title=\"Saluco-pomlad-letalna_juvad2\" data-image-description=\"\" data-image-caption=\"\" data-medium-file=\"https:\/\/projects.nib.si\/obrockanjesov-it\/wp-content\/uploads\/sites\/77\/2026\/02\/Saluco-pomlad-letalna_juvad2-300x192.jpg\" data-large-file=\"https:\/\/projects.nib.si\/obrockanjesov-it\/wp-content\/uploads\/sites\/77\/2026\/02\/Saluco-pomlad-letalna_juvad2-1024x657.jpg\" src=\"http:\/\/projects.nib.si\/obrockanjesov-it\/wp-content\/uploads\/sites\/77\/2026\/02\/Saluco-pomlad-letalna_juvad2-1024x657.jpg\" alt=\"\" class=\"wp-image-1084\" srcset=\"https:\/\/projects.nib.si\/obrockanjesov-it\/wp-content\/uploads\/sites\/77\/2026\/02\/Saluco-pomlad-letalna_juvad2-1024x657.jpg 1024w, https:\/\/projects.nib.si\/obrockanjesov-it\/wp-content\/uploads\/sites\/77\/2026\/02\/Saluco-pomlad-letalna_juvad2-300x192.jpg 300w, https:\/\/projects.nib.si\/obrockanjesov-it\/wp-content\/uploads\/sites\/77\/2026\/02\/Saluco-pomlad-letalna_juvad2-1200x770.jpg 1200w, https:\/\/projects.nib.si\/obrockanjesov-it\/wp-content\/uploads\/sites\/77\/2026\/02\/Saluco-pomlad-letalna_juvad2.jpg 1280w\" sizes=\"auto, (max-width: 709px) 85vw, (max-width: 909px) 67vw, (max-width: 1362px) 62vw, 840px\" \/><\/figure>\n\n\n\n<div class=\"wp-block-buttons is-layout-flex wp-block-buttons-is-layout-flex\">\n<div class=\"wp-block-button has-custom-width wp-block-button__width-100\"><a class=\"wp-block-button__link wp-element-button\" href=\"https:\/\/projects.nib.si\/obrockanjesov-it\/sove-strigiformes\/lesna-sova\/lesna-cas\/lesna-jesen\/lesna-jesen-letalna_ad\/lesna-jesen-letalna-juvad\/\">Penne giovanili e adulte<\/a><\/div>\n<\/div>\n\n\n\n<p>Le penne giovanili (J) hanno all\u2019estremit\u00e0 delle penne di volo una caratteristica barra scura aggiuntiva, pi\u00f9 sottile e spesso interrotta, che non \u00e8 presente sulle penne adulte. Le punte chiare delle penne sono pi\u00f9 strette che negli adulti. Le penne giovanili sono di solito pi\u00f9 chiare, poich\u00e9 sono pi\u00f9 vecchie delle penne adulte fresche presenti nell\u2019ala.<\/p>\n<\/div>\n<\/div>\n","protected":false},"excerpt":{"rendered":"<p>Le penne adulte hanno all\u2019estremit\u00e0 delle penne di volo una barra scura pi\u00f9 spessa e mai interrotta. Le punte chiare sono pi\u00f9 larghe che nei giovani. Nell\u2019ala possono essere presenti penne adulte di diverse generazioni (diverse tonalit\u00e0 di colore: le pi\u00f9 chiare sono pi\u00f9 vecchie e le pi\u00f9 scure sono penne pi\u00f9 giovani o fresche). &hellip; <a href=\"https:\/\/projects.nib.si\/obrockanjesov-it\/sove-strigiformes\/lesna-sova\/lesna-cas\/lesna-jesen\/lesna-jesen-letalna_ad\/\" class=\"more-link\">Preberi ve\u010d<span class=\"screen-reader-text\"> &#8220;Tutte le penne di volo sono adulte o, oltre a quelle adulte, sono presenti anche penne giovanili?&#8221;<\/span><\/a><\/p>\n","protected":false},"author":23,"featured_media":0,"parent":1107,"menu_order":0,"comment_status":"closed","ping_status":"closed","template":"","meta":{"jetpack_post_was_ever_published":false,"footnotes":""},"class_list":["post-1114","page","type-page","status-publish","hentry"],"jetpack_sharing_enabled":true,"jetpack_shortlink":"https:\/\/wp.me\/Ph8Nat-hY","_links":{"self":[{"href":"https:\/\/projects.nib.si\/obrockanjesov-it\/wp-json\/wp\/v2\/pages\/1114","targetHints":{"allow":["GET"]}}],"collection":[{"href":"https:\/\/projects.nib.si\/obrockanjesov-it\/wp-json\/wp\/v2\/pages"}],"about":[{"href":"https:\/\/projects.nib.si\/obrockanjesov-it\/wp-json\/wp\/v2\/types\/page"}],"author":[{"embeddable":true,"href":"https:\/\/projects.nib.si\/obrockanjesov-it\/wp-json\/wp\/v2\/users\/23"}],"replies":[{"embeddable":true,"href":"https:\/\/projects.nib.si\/obrockanjesov-it\/wp-json\/wp\/v2\/comments?post=1114"}],"version-history":[{"count":5,"href":"https:\/\/projects.nib.si\/obrockanjesov-it\/wp-json\/wp\/v2\/pages\/1114\/revisions"}],"predecessor-version":[{"id":1262,"href":"https:\/\/projects.nib.si\/obrockanjesov-it\/wp-json\/wp\/v2\/pages\/1114\/revisions\/1262"}],"up":[{"embeddable":true,"href":"https:\/\/projects.nib.si\/obrockanjesov-it\/wp-json\/wp\/v2\/pages\/1107"}],"wp:attachment":[{"href":"https:\/\/projects.nib.si\/obrockanjesov-it\/wp-json\/wp\/v2\/media?parent=1114"}],"curies":[{"name":"wp","href":"https:\/\/api.w.org\/{rel}","templated":true}]}}