{"id":796,"date":"2026-02-10T14:00:19","date_gmt":"2026-02-10T13:00:19","guid":{"rendered":"https:\/\/projects.nib.si\/obrockanjesov-it\/?page_id=796"},"modified":"2026-03-23T14:54:02","modified_gmt":"2026-03-23T13:54:02","slug":"sove-strigiformes","status":"publish","type":"page","link":"https:\/\/projects.nib.si\/obrockanjesov-it\/","title":{"rendered":"STRIGIFORMI (Strigiformes)"},"content":{"rendered":"\n<h2 class=\"wp-block-heading\">Manuale per la determinazione del sesso e dell\u2019et\u00e0<\/h2>\n\n\n\n<div class=\"wp-block-buttons is-content-justification-center is-layout-flex wp-container-core-buttons-is-layout-16018d1d wp-block-buttons-is-layout-flex\">\n<div class=\"wp-block-button has-custom-width wp-block-button__width-50\"><a class=\"wp-block-button__link wp-element-button\" href=\"https:\/\/projects.nib.si\/obrockanjesov-it\/sove-strigiformes\/odraslamladic\/\">Inizia con la determinazione<\/a><\/div>\n<\/div>\n\n\n\n<p><br><strong>Autore:<\/strong> Al Vrezec<\/p>\n\n\n\n<p><strong><strong>Autore delle fotografie<\/strong>:<\/strong> Alja\u017e Mulej, \u017dan Pe\u010dar, Maks Se\u0161lar, Davorin Tome, Al Vrezec, Enej Vrezec, Tja\u0161a Zagor\u0161ek<\/p>\n\n\n<div class=\"wp-block-image\">\n<figure class=\"alignleft size-full is-resized\"><img loading=\"lazy\" decoding=\"async\" width=\"330\" height=\"165\" data-attachment-id=\"1283\" data-permalink=\"https:\/\/projects.nib.si\/obrockanjesov-it\/sove-strigiformes\/flag_of_slovenia\/\" data-orig-file=\"https:\/\/projects.nib.si\/obrockanjesov-it\/wp-content\/uploads\/sites\/77\/2026\/03\/Flag_of_Slovenia.png\" data-orig-size=\"330,165\" data-comments-opened=\"0\" data-image-meta=\"{&quot;aperture&quot;:&quot;0&quot;,&quot;credit&quot;:&quot;&quot;,&quot;camera&quot;:&quot;&quot;,&quot;caption&quot;:&quot;&quot;,&quot;created_timestamp&quot;:&quot;0&quot;,&quot;copyright&quot;:&quot;&quot;,&quot;focal_length&quot;:&quot;0&quot;,&quot;iso&quot;:&quot;0&quot;,&quot;shutter_speed&quot;:&quot;0&quot;,&quot;title&quot;:&quot;&quot;,&quot;orientation&quot;:&quot;0&quot;}\" data-image-title=\"Flag_of_Slovenia\" data-image-description=\"\" data-image-caption=\"\" data-medium-file=\"https:\/\/projects.nib.si\/obrockanjesov-it\/wp-content\/uploads\/sites\/77\/2026\/03\/Flag_of_Slovenia-300x150.png\" data-large-file=\"https:\/\/projects.nib.si\/obrockanjesov-it\/wp-content\/uploads\/sites\/77\/2026\/03\/Flag_of_Slovenia.png\" src=\"https:\/\/projects.nib.si\/obrockanjesov-it\/wp-content\/uploads\/sites\/77\/2026\/03\/Flag_of_Slovenia.png\" alt=\"\" class=\"wp-image-1283\" style=\"aspect-ratio:2;width:40px;height:auto\" srcset=\"https:\/\/projects.nib.si\/obrockanjesov-it\/wp-content\/uploads\/sites\/77\/2026\/03\/Flag_of_Slovenia.png 330w, https:\/\/projects.nib.si\/obrockanjesov-it\/wp-content\/uploads\/sites\/77\/2026\/03\/Flag_of_Slovenia-300x150.png 300w\" sizes=\"auto, (max-width: 330px) 85vw, 330px\" \/><\/figure>\n<\/div>\n\n\n<p><a href=\"https:\/\/projects.nib.si\/obrockanjesov\" data-type=\"link\" data-id=\"https:\/\/projects.nib.si\/obrockanjesov\">slovenska razli\u010dica\/versione slovena<\/a><\/p>\n\n\n\n<div class=\"wp-block-columns is-layout-flex wp-container-core-columns-is-layout-9d6595d7 wp-block-columns-is-layout-flex\">\n<div class=\"wp-block-column is-layout-flow wp-block-column-is-layout-flow\" style=\"flex-basis:33.33%\">\n<figure class=\"wp-block-image size-large\"><img loading=\"lazy\" decoding=\"async\" width=\"1024\" height=\"365\" data-attachment-id=\"820\" data-permalink=\"https:\/\/projects.nib.si\/obrockanjesov-it\/sove-strigiformes\/odraslamladic\/ad-oci\/ad-s\/ad-rum\/interreg-logo\/\" data-orig-file=\"https:\/\/projects.nib.si\/obrockanjesov-it\/wp-content\/uploads\/sites\/77\/2026\/02\/interreg-logo.jpg\" data-orig-size=\"1170,417\" data-comments-opened=\"0\" data-image-meta=\"{&quot;aperture&quot;:&quot;0&quot;,&quot;credit&quot;:&quot;&quot;,&quot;camera&quot;:&quot;&quot;,&quot;caption&quot;:&quot;&quot;,&quot;created_timestamp&quot;:&quot;0&quot;,&quot;copyright&quot;:&quot;&quot;,&quot;focal_length&quot;:&quot;0&quot;,&quot;iso&quot;:&quot;0&quot;,&quot;shutter_speed&quot;:&quot;0&quot;,&quot;title&quot;:&quot;&quot;,&quot;orientation&quot;:&quot;0&quot;}\" data-image-title=\"interreg-logo\" data-image-description=\"\" data-image-caption=\"\" data-medium-file=\"https:\/\/projects.nib.si\/obrockanjesov-it\/wp-content\/uploads\/sites\/77\/2026\/02\/interreg-logo-300x107.jpg\" data-large-file=\"https:\/\/projects.nib.si\/obrockanjesov-it\/wp-content\/uploads\/sites\/77\/2026\/02\/interreg-logo-1024x365.jpg\" src=\"http:\/\/projects.nib.si\/obrockanjesov-it\/wp-content\/uploads\/sites\/77\/2026\/02\/interreg-logo-1024x365.jpg\" alt=\"\" class=\"wp-image-820\" srcset=\"https:\/\/projects.nib.si\/obrockanjesov-it\/wp-content\/uploads\/sites\/77\/2026\/02\/interreg-logo-1024x365.jpg 1024w, https:\/\/projects.nib.si\/obrockanjesov-it\/wp-content\/uploads\/sites\/77\/2026\/02\/interreg-logo-300x107.jpg 300w, https:\/\/projects.nib.si\/obrockanjesov-it\/wp-content\/uploads\/sites\/77\/2026\/02\/interreg-logo.jpg 1170w\" sizes=\"auto, (max-width: 709px) 85vw, (max-width: 909px) 67vw, (max-width: 1362px) 62vw, 840px\" \/><\/figure>\n<\/div>\n\n\n\n<div class=\"wp-block-column is-layout-flow wp-block-column-is-layout-flow\" style=\"flex-basis:66.66%\">\n<p>Applicazione realizzata nell\u2019ambito del Programma Interreg VI-A Italia\u2013Slovenia 2021\u20132027<br><a href=\"https:\/\/www.ita-slo.eu\/it\/e-nat2care\">https:\/\/www.ita-slo.eu\/it\/e-nat2care<\/a><\/p>\n<\/div>\n<\/div>\n\n\n\n<p><\/p>\n","protected":false},"excerpt":{"rendered":"<p>Manuale per la determinazione del sesso e dell\u2019et\u00e0 Autore: Al Vrezec Autore delle fotografie: Alja\u017e Mulej, \u017dan Pe\u010dar, Maks Se\u0161lar, Davorin Tome, Al Vrezec, Enej Vrezec, Tja\u0161a Zagor\u0161ek slovenska razli\u010dica\/versione slovena Applicazione realizzata nell\u2019ambito del Programma Interreg VI-A Italia\u2013Slovenia 2021\u20132027https:\/\/www.ita-slo.eu\/it\/e-nat2care<\/p>\n","protected":false},"author":23,"featured_media":0,"parent":0,"menu_order":0,"comment_status":"closed","ping_status":"closed","template":"","meta":{"jetpack_post_was_ever_published":false,"footnotes":""},"class_list":["post-796","page","type-page","status-publish","hentry"],"jetpack_sharing_enabled":true,"jetpack_shortlink":"https:\/\/wp.me\/Ph8Nat-cQ","_links":{"self":[{"href":"https:\/\/projects.nib.si\/obrockanjesov-it\/wp-json\/wp\/v2\/pages\/796","targetHints":{"allow":["GET"]}}],"collection":[{"href":"https:\/\/projects.nib.si\/obrockanjesov-it\/wp-json\/wp\/v2\/pages"}],"about":[{"href":"https:\/\/projects.nib.si\/obrockanjesov-it\/wp-json\/wp\/v2\/types\/page"}],"author":[{"embeddable":true,"href":"https:\/\/projects.nib.si\/obrockanjesov-it\/wp-json\/wp\/v2\/users\/23"}],"replies":[{"embeddable":true,"href":"https:\/\/projects.nib.si\/obrockanjesov-it\/wp-json\/wp\/v2\/comments?post=796"}],"version-history":[{"count":13,"href":"https:\/\/projects.nib.si\/obrockanjesov-it\/wp-json\/wp\/v2\/pages\/796\/revisions"}],"predecessor-version":[{"id":1301,"href":"https:\/\/projects.nib.si\/obrockanjesov-it\/wp-json\/wp\/v2\/pages\/796\/revisions\/1301"}],"wp:attachment":[{"href":"https:\/\/projects.nib.si\/obrockanjesov-it\/wp-json\/wp\/v2\/media?parent=796"}],"curies":[{"name":"wp","href":"https:\/\/api.w.org\/{rel}","templated":true}]}}