{"id":914,"date":"2026-02-15T12:03:57","date_gmt":"2026-02-15T11:03:57","guid":{"rendered":"https:\/\/projects.nib.si\/obrockanjesov-it\/?page_id=914"},"modified":"2026-03-08T09:21:20","modified_gmt":"2026-03-08T08:21:20","slug":"kozaca-pomlad-juv_ad","status":"publish","type":"page","link":"https:\/\/projects.nib.si\/obrockanjesov-it\/sove-strigiformes\/kozaca\/kozaca-cas\/kozaca-jesen\/kozaca-pomlad-juv_ad\/","title":{"rendered":"Nell\u2019ala, oltre alle adulte, sono presenti anche secondarie giovanili?"},"content":{"rendered":"\n<div class=\"wp-block-columns is-layout-flex wp-container-core-columns-is-layout-9d6595d7 wp-block-columns-is-layout-flex\">\n<div class=\"wp-block-column is-layout-flow wp-block-column-is-layout-flow\">\n<figure class=\"wp-block-image size-large\"><img loading=\"lazy\" decoding=\"async\" width=\"1024\" height=\"775\" data-attachment-id=\"916\" data-permalink=\"https:\/\/projects.nib.si\/obrockanjesov-it\/sove-strigiformes\/kozaca\/kozaca-cas\/kozaca-jesen\/kozaca-pomlad-juv_ad\/suralensis-letalna-juv_ad\/\" data-orig-file=\"https:\/\/projects.nib.si\/obrockanjesov-it\/wp-content\/uploads\/sites\/77\/2026\/02\/Suralensis-letalna-juv_ad.jpg\" data-orig-size=\"1280,969\" data-comments-opened=\"0\" data-image-meta=\"{&quot;aperture&quot;:&quot;0&quot;,&quot;credit&quot;:&quot;&quot;,&quot;camera&quot;:&quot;&quot;,&quot;caption&quot;:&quot;&quot;,&quot;created_timestamp&quot;:&quot;0&quot;,&quot;copyright&quot;:&quot;&quot;,&quot;focal_length&quot;:&quot;0&quot;,&quot;iso&quot;:&quot;0&quot;,&quot;shutter_speed&quot;:&quot;0&quot;,&quot;title&quot;:&quot;&quot;,&quot;orientation&quot;:&quot;0&quot;}\" data-image-title=\"Suralensis-letalna-juv_ad\" data-image-description=\"\" data-image-caption=\"\" data-medium-file=\"https:\/\/projects.nib.si\/obrockanjesov-it\/wp-content\/uploads\/sites\/77\/2026\/02\/Suralensis-letalna-juv_ad-300x227.jpg\" data-large-file=\"https:\/\/projects.nib.si\/obrockanjesov-it\/wp-content\/uploads\/sites\/77\/2026\/02\/Suralensis-letalna-juv_ad-1024x775.jpg\" src=\"http:\/\/projects.nib.si\/obrockanjesov-it\/wp-content\/uploads\/sites\/77\/2026\/02\/Suralensis-letalna-juv_ad-1024x775.jpg\" alt=\"\" class=\"wp-image-916\" srcset=\"https:\/\/projects.nib.si\/obrockanjesov-it\/wp-content\/uploads\/sites\/77\/2026\/02\/Suralensis-letalna-juv_ad-1024x775.jpg 1024w, https:\/\/projects.nib.si\/obrockanjesov-it\/wp-content\/uploads\/sites\/77\/2026\/02\/Suralensis-letalna-juv_ad-300x227.jpg 300w, https:\/\/projects.nib.si\/obrockanjesov-it\/wp-content\/uploads\/sites\/77\/2026\/02\/Suralensis-letalna-juv_ad-1200x908.jpg 1200w, https:\/\/projects.nib.si\/obrockanjesov-it\/wp-content\/uploads\/sites\/77\/2026\/02\/Suralensis-letalna-juv_ad.jpg 1280w\" sizes=\"auto, (max-width: 709px) 85vw, (max-width: 909px) 67vw, (max-width: 1362px) 62vw, 840px\" \/><\/figure>\n\n\n\n<div class=\"wp-block-buttons is-layout-flex wp-block-buttons-is-layout-flex\">\n<div class=\"wp-block-button has-custom-width wp-block-button__width-100\"><a class=\"wp-block-button__link wp-element-button\" href=\"https:\/\/projects.nib.si\/obrockanjesov-it\/sove-strigiformes\/kozaca\/kozaca-cas\/kozaca-pomlad-ad\/kozaca-pomlad-juv_ad\/kozaca-pomlad-juv-adad\/\">Secondarie giovanili e adulte<\/a><\/div>\n<\/div>\n\n\n\n<p>Le penne adulte (O) sono pi\u00f9 larghe e hanno barre scure pi\u00f9 larghe. Rispetto alle penne giovanili, le penne adulte fresche sono di solito pi\u00f9 scure.<\/p>\n<\/div>\n\n\n\n<div class=\"wp-block-column is-layout-flow wp-block-column-is-layout-flow\">\n<figure class=\"wp-block-image size-large\"><img loading=\"lazy\" decoding=\"async\" width=\"1024\" height=\"774\" data-attachment-id=\"915\" data-permalink=\"https:\/\/projects.nib.si\/obrockanjesov-it\/sove-strigiformes\/kozaca\/kozaca-cas\/kozaca-jesen\/kozaca-pomlad-juv_ad\/suralensis-letalna-ad\/\" data-orig-file=\"https:\/\/projects.nib.si\/obrockanjesov-it\/wp-content\/uploads\/sites\/77\/2026\/02\/Suralensis-letalna-ad.jpg\" data-orig-size=\"1280,967\" data-comments-opened=\"0\" data-image-meta=\"{&quot;aperture&quot;:&quot;0&quot;,&quot;credit&quot;:&quot;Al Vrezec&quot;,&quot;camera&quot;:&quot;&quot;,&quot;caption&quot;:&quot;&quot;,&quot;created_timestamp&quot;:&quot;0&quot;,&quot;copyright&quot;:&quot;&quot;,&quot;focal_length&quot;:&quot;0&quot;,&quot;iso&quot;:&quot;0&quot;,&quot;shutter_speed&quot;:&quot;0&quot;,&quot;title&quot;:&quot;&quot;,&quot;orientation&quot;:&quot;0&quot;}\" data-image-title=\"Suralensis-letalna-ad\" data-image-description=\"\" data-image-caption=\"\" data-medium-file=\"https:\/\/projects.nib.si\/obrockanjesov-it\/wp-content\/uploads\/sites\/77\/2026\/02\/Suralensis-letalna-ad-300x227.jpg\" data-large-file=\"https:\/\/projects.nib.si\/obrockanjesov-it\/wp-content\/uploads\/sites\/77\/2026\/02\/Suralensis-letalna-ad-1024x774.jpg\" src=\"http:\/\/projects.nib.si\/obrockanjesov-it\/wp-content\/uploads\/sites\/77\/2026\/02\/Suralensis-letalna-ad-1024x774.jpg\" alt=\"\" class=\"wp-image-915\" srcset=\"https:\/\/projects.nib.si\/obrockanjesov-it\/wp-content\/uploads\/sites\/77\/2026\/02\/Suralensis-letalna-ad-1024x774.jpg 1024w, https:\/\/projects.nib.si\/obrockanjesov-it\/wp-content\/uploads\/sites\/77\/2026\/02\/Suralensis-letalna-ad-300x227.jpg 300w, https:\/\/projects.nib.si\/obrockanjesov-it\/wp-content\/uploads\/sites\/77\/2026\/02\/Suralensis-letalna-ad-1200x907.jpg 1200w, https:\/\/projects.nib.si\/obrockanjesov-it\/wp-content\/uploads\/sites\/77\/2026\/02\/Suralensis-letalna-ad.jpg 1280w\" sizes=\"auto, (max-width: 709px) 85vw, (max-width: 909px) 67vw, (max-width: 1362px) 62vw, 840px\" \/><\/figure>\n\n\n\n<div class=\"wp-block-buttons is-layout-flex wp-block-buttons-is-layout-flex\">\n<div class=\"wp-block-button has-custom-width wp-block-button__width-100\"><a class=\"wp-block-button__link wp-element-button\" href=\"https:\/\/projects.nib.si\/obrockanjesov-it\/sove-strigiformes\/kozaca\/kozaca-cas\/kozaca-pomlad-ad\/kozaca-pomlad-juv_ad\/kozaca-pomlad-adad\/\">Solo secondarie adulte<\/a><\/div>\n<\/div>\n\n\n\n<p>Tutte le penne sono adulte. Tra le penne \u00e8 spesso visibile un contrasto, poich\u00e9 sono presenti diverse generazioni di penne adulte, tuttavia non differiscono nella larghezza delle penne e nella larghezza delle barre scure.<\/p>\n<\/div>\n<\/div>\n","protected":false},"excerpt":{"rendered":"<p>Le penne adulte (O) sono pi\u00f9 larghe e hanno barre scure pi\u00f9 larghe. Rispetto alle penne giovanili, le penne adulte fresche sono di solito pi\u00f9 scure. Tutte le penne sono adulte. Tra le penne \u00e8 spesso visibile un contrasto, poich\u00e9 sono presenti diverse generazioni di penne adulte, tuttavia non differiscono nella larghezza delle penne e &hellip; <a href=\"https:\/\/projects.nib.si\/obrockanjesov-it\/sove-strigiformes\/kozaca\/kozaca-cas\/kozaca-jesen\/kozaca-pomlad-juv_ad\/\" class=\"more-link\">Preberi ve\u010d<span class=\"screen-reader-text\"> &#8220;Nell\u2019ala, oltre alle adulte, sono presenti anche secondarie giovanili?&#8221;<\/span><\/a><\/p>\n","protected":false},"author":23,"featured_media":0,"parent":944,"menu_order":0,"comment_status":"closed","ping_status":"closed","template":"","meta":{"jetpack_post_was_ever_published":false,"footnotes":""},"class_list":["post-914","page","type-page","status-publish","hentry"],"jetpack_sharing_enabled":true,"jetpack_shortlink":"https:\/\/wp.me\/Ph8Nat-eK","_links":{"self":[{"href":"https:\/\/projects.nib.si\/obrockanjesov-it\/wp-json\/wp\/v2\/pages\/914","targetHints":{"allow":["GET"]}}],"collection":[{"href":"https:\/\/projects.nib.si\/obrockanjesov-it\/wp-json\/wp\/v2\/pages"}],"about":[{"href":"https:\/\/projects.nib.si\/obrockanjesov-it\/wp-json\/wp\/v2\/types\/page"}],"author":[{"embeddable":true,"href":"https:\/\/projects.nib.si\/obrockanjesov-it\/wp-json\/wp\/v2\/users\/23"}],"replies":[{"embeddable":true,"href":"https:\/\/projects.nib.si\/obrockanjesov-it\/wp-json\/wp\/v2\/comments?post=914"}],"version-history":[{"count":7,"href":"https:\/\/projects.nib.si\/obrockanjesov-it\/wp-json\/wp\/v2\/pages\/914\/revisions"}],"predecessor-version":[{"id":1272,"href":"https:\/\/projects.nib.si\/obrockanjesov-it\/wp-json\/wp\/v2\/pages\/914\/revisions\/1272"}],"up":[{"embeddable":true,"href":"https:\/\/projects.nib.si\/obrockanjesov-it\/wp-json\/wp\/v2\/pages\/944"}],"wp:attachment":[{"href":"https:\/\/projects.nib.si\/obrockanjesov-it\/wp-json\/wp\/v2\/media?parent=914"}],"curies":[{"name":"wp","href":"https:\/\/api.w.org\/{rel}","templated":true}]}}