{"id":925,"date":"2026-02-15T12:18:46","date_gmt":"2026-02-15T11:18:46","guid":{"rendered":"https:\/\/projects.nib.si\/obrockanjesov-it\/?page_id=925"},"modified":"2026-03-08T09:23:10","modified_gmt":"2026-03-08T08:23:10","slug":"kozaca-pomlad-3y","status":"publish","type":"page","link":"https:\/\/projects.nib.si\/obrockanjesov-it\/sove-strigiformes\/kozaca\/kozaca-cas\/kozaca-jesen\/kozaca-pomlad-juv_ad\/kozaca-pomlad-juv-adad\/kozaca-pomlad-3y\/","title":{"rendered":"3Y"},"content":{"rendered":"\n<p>Copritrici primarie adulte. Le penne giovanili (J) sono visibilmente pi\u00f9 chiare e pi\u00f9 strette delle adulte, con barre scure pi\u00f9 sottili. Tra le penne adulte non \u00e8 visibile alcuna differenza di tonalit\u00e0 di colore.<\/p>\n\n\n\n<figure class=\"wp-block-image size-large\"><img loading=\"lazy\" decoding=\"async\" width=\"1024\" height=\"635\" data-attachment-id=\"921\" data-permalink=\"https:\/\/projects.nib.si\/obrockanjesov-it\/sove-strigiformes\/kozaca\/kozaca-cas\/kozaca-jesen\/kozaca-pomlad-juv_ad\/kozaca-pomlad-juv-adad\/suralensis-letalna-juv_1ad\/\" data-orig-file=\"https:\/\/projects.nib.si\/obrockanjesov-it\/wp-content\/uploads\/sites\/77\/2026\/02\/Suralensis-letalna-juv_1ad.jpg\" data-orig-size=\"1280,794\" data-comments-opened=\"0\" data-image-meta=\"{&quot;aperture&quot;:&quot;0&quot;,&quot;credit&quot;:&quot;&quot;,&quot;camera&quot;:&quot;&quot;,&quot;caption&quot;:&quot;&quot;,&quot;created_timestamp&quot;:&quot;0&quot;,&quot;copyright&quot;:&quot;&quot;,&quot;focal_length&quot;:&quot;0&quot;,&quot;iso&quot;:&quot;0&quot;,&quot;shutter_speed&quot;:&quot;0&quot;,&quot;title&quot;:&quot;&quot;,&quot;orientation&quot;:&quot;0&quot;}\" data-image-title=\"Suralensis-letalna-juv_1ad\" data-image-description=\"\" data-image-caption=\"\" data-medium-file=\"https:\/\/projects.nib.si\/obrockanjesov-it\/wp-content\/uploads\/sites\/77\/2026\/02\/Suralensis-letalna-juv_1ad-300x186.jpg\" data-large-file=\"https:\/\/projects.nib.si\/obrockanjesov-it\/wp-content\/uploads\/sites\/77\/2026\/02\/Suralensis-letalna-juv_1ad-1024x635.jpg\" src=\"http:\/\/projects.nib.si\/obrockanjesov-it\/wp-content\/uploads\/sites\/77\/2026\/02\/Suralensis-letalna-juv_1ad-1024x635.jpg\" alt=\"\" class=\"wp-image-921\" srcset=\"https:\/\/projects.nib.si\/obrockanjesov-it\/wp-content\/uploads\/sites\/77\/2026\/02\/Suralensis-letalna-juv_1ad-1024x635.jpg 1024w, https:\/\/projects.nib.si\/obrockanjesov-it\/wp-content\/uploads\/sites\/77\/2026\/02\/Suralensis-letalna-juv_1ad-300x186.jpg 300w, https:\/\/projects.nib.si\/obrockanjesov-it\/wp-content\/uploads\/sites\/77\/2026\/02\/Suralensis-letalna-juv_1ad-1200x744.jpg 1200w, https:\/\/projects.nib.si\/obrockanjesov-it\/wp-content\/uploads\/sites\/77\/2026\/02\/Suralensis-letalna-juv_1ad.jpg 1280w\" sizes=\"auto, (max-width: 709px) 85vw, (max-width: 909px) 67vw, (max-width: 1362px) 62vw, 840px\" \/><\/figure>\n","protected":false},"excerpt":{"rendered":"<p>Copritrici primarie adulte. Le penne giovanili (J) sono visibilmente pi\u00f9 chiare e pi\u00f9 strette delle adulte, con barre scure pi\u00f9 sottili. Tra le penne adulte non \u00e8 visibile alcuna differenza di tonalit\u00e0 di colore.<\/p>\n","protected":false},"author":23,"featured_media":0,"parent":919,"menu_order":0,"comment_status":"closed","ping_status":"closed","template":"","meta":{"jetpack_post_was_ever_published":false,"footnotes":""},"class_list":["post-925","page","type-page","status-publish","hentry"],"jetpack_sharing_enabled":true,"jetpack_shortlink":"https:\/\/wp.me\/Ph8Nat-eV","_links":{"self":[{"href":"https:\/\/projects.nib.si\/obrockanjesov-it\/wp-json\/wp\/v2\/pages\/925","targetHints":{"allow":["GET"]}}],"collection":[{"href":"https:\/\/projects.nib.si\/obrockanjesov-it\/wp-json\/wp\/v2\/pages"}],"about":[{"href":"https:\/\/projects.nib.si\/obrockanjesov-it\/wp-json\/wp\/v2\/types\/page"}],"author":[{"embeddable":true,"href":"https:\/\/projects.nib.si\/obrockanjesov-it\/wp-json\/wp\/v2\/users\/23"}],"replies":[{"embeddable":true,"href":"https:\/\/projects.nib.si\/obrockanjesov-it\/wp-json\/wp\/v2\/comments?post=925"}],"version-history":[{"count":2,"href":"https:\/\/projects.nib.si\/obrockanjesov-it\/wp-json\/wp\/v2\/pages\/925\/revisions"}],"predecessor-version":[{"id":1274,"href":"https:\/\/projects.nib.si\/obrockanjesov-it\/wp-json\/wp\/v2\/pages\/925\/revisions\/1274"}],"up":[{"embeddable":true,"href":"https:\/\/projects.nib.si\/obrockanjesov-it\/wp-json\/wp\/v2\/pages\/919"}],"wp:attachment":[{"href":"https:\/\/projects.nib.si\/obrockanjesov-it\/wp-json\/wp\/v2\/media?parent=925"}],"curies":[{"name":"wp","href":"https:\/\/api.w.org\/{rel}","templated":true}]}}