{"id":931,"date":"2026-02-15T13:02:22","date_gmt":"2026-02-15T12:02:22","guid":{"rendered":"https:\/\/projects.nib.si\/obrockanjesov-it\/?page_id=931"},"modified":"2026-03-08T09:25:25","modified_gmt":"2026-03-08T08:25:25","slug":"kozaca-pomlad-adad","status":"publish","type":"page","link":"https:\/\/projects.nib.si\/obrockanjesov-it\/sove-strigiformes\/kozaca\/kozaca-cas\/kozaca-jesen\/kozaca-pomlad-juv_ad\/kozaca-pomlad-adad\/","title":{"rendered":"Sono presenti penne di una o due generazioni?"},"content":{"rendered":"\n<div class=\"wp-block-columns is-layout-flex wp-container-core-columns-is-layout-9d6595d7 wp-block-columns-is-layout-flex\">\n<div class=\"wp-block-column is-layout-flow wp-block-column-is-layout-flow\">\n<div class=\"wp-block-buttons is-layout-flex wp-block-buttons-is-layout-flex\">\n<div class=\"wp-block-button has-custom-width wp-block-button__width-100\"><a class=\"wp-block-button__link wp-element-button\" href=\"https:\/\/projects.nib.si\/obrockanjesov-it\/sove-strigiformes\/kozaca\/kozaca-cas\/kozaca-pomlad-ad\/kozaca-pomlad-juv_ad\/kozaca-pomlad-adad\/2yplus\/\">Una generazione di penne adulte<\/a><\/div>\n<\/div>\n\n\n\n<p>Tutte le penne dell\u2019ala sono adulte, ma tra esse non \u00e8 visibile alcuna differenza di tonalit\u00e0 di colore.<\/p>\n<\/div>\n\n\n\n<div class=\"wp-block-column is-layout-flow wp-block-column-is-layout-flow\">\n<figure class=\"wp-block-image size-large\"><img loading=\"lazy\" decoding=\"async\" width=\"1024\" height=\"571\" data-attachment-id=\"933\" data-permalink=\"https:\/\/projects.nib.si\/obrockanjesov-it\/sove-strigiformes\/kozaca\/kozaca-cas\/kozaca-jesen\/kozaca-pomlad-juv_ad\/kozaca-pomlad-adad\/suralensis-letalna-adad\/\" data-orig-file=\"https:\/\/projects.nib.si\/obrockanjesov-it\/wp-content\/uploads\/sites\/77\/2026\/02\/Suralensis-letalna-adad.jpg\" data-orig-size=\"1280,714\" data-comments-opened=\"0\" data-image-meta=\"{&quot;aperture&quot;:&quot;0&quot;,&quot;credit&quot;:&quot;&quot;,&quot;camera&quot;:&quot;&quot;,&quot;caption&quot;:&quot;&quot;,&quot;created_timestamp&quot;:&quot;0&quot;,&quot;copyright&quot;:&quot;&quot;,&quot;focal_length&quot;:&quot;0&quot;,&quot;iso&quot;:&quot;0&quot;,&quot;shutter_speed&quot;:&quot;0&quot;,&quot;title&quot;:&quot;&quot;,&quot;orientation&quot;:&quot;0&quot;}\" data-image-title=\"Suralensis-letalna-adad\" data-image-description=\"\" data-image-caption=\"\" data-medium-file=\"https:\/\/projects.nib.si\/obrockanjesov-it\/wp-content\/uploads\/sites\/77\/2026\/02\/Suralensis-letalna-adad-300x167.jpg\" data-large-file=\"https:\/\/projects.nib.si\/obrockanjesov-it\/wp-content\/uploads\/sites\/77\/2026\/02\/Suralensis-letalna-adad-1024x571.jpg\" src=\"http:\/\/projects.nib.si\/obrockanjesov-it\/wp-content\/uploads\/sites\/77\/2026\/02\/Suralensis-letalna-adad-1024x571.jpg\" alt=\"\" class=\"wp-image-933\" srcset=\"https:\/\/projects.nib.si\/obrockanjesov-it\/wp-content\/uploads\/sites\/77\/2026\/02\/Suralensis-letalna-adad-1024x571.jpg 1024w, https:\/\/projects.nib.si\/obrockanjesov-it\/wp-content\/uploads\/sites\/77\/2026\/02\/Suralensis-letalna-adad-300x167.jpg 300w, https:\/\/projects.nib.si\/obrockanjesov-it\/wp-content\/uploads\/sites\/77\/2026\/02\/Suralensis-letalna-adad-1200x669.jpg 1200w, https:\/\/projects.nib.si\/obrockanjesov-it\/wp-content\/uploads\/sites\/77\/2026\/02\/Suralensis-letalna-adad.jpg 1280w\" sizes=\"auto, (max-width: 709px) 85vw, (max-width: 909px) 67vw, (max-width: 1362px) 62vw, 840px\" \/><\/figure>\n\n\n\n<div class=\"wp-block-buttons is-layout-flex wp-block-buttons-is-layout-flex\">\n<div class=\"wp-block-button\"><a class=\"wp-block-button__link wp-element-button\" href=\"https:\/\/projects.nib.si\/obrockanjesov-it\/sove-strigiformes\/kozaca\/kozaca-cas\/kozaca-pomlad-ad\/kozaca-pomlad-juv_ad\/kozaca-pomlad-adad\/3yplus\/\">Due generazioni di penne adulte<\/a><\/div>\n<\/div>\n\n\n\n<p>Tutte le penne dell\u2019ala sono adulte, ma tra esse \u00e8 visibile un contrasto (due generazioni di penne adulte), per cui alcune penne sono visibilmente pi\u00f9 chiare e pi\u00f9 usurate.<\/p>\n<\/div>\n<\/div>\n","protected":false},"excerpt":{"rendered":"<p>Tutte le penne dell\u2019ala sono adulte, ma tra esse non \u00e8 visibile alcuna differenza di tonalit\u00e0 di colore. Tutte le penne dell\u2019ala sono adulte, ma tra esse \u00e8 visibile un contrasto (due generazioni di penne adulte), per cui alcune penne sono visibilmente pi\u00f9 chiare e pi\u00f9 usurate.<\/p>\n","protected":false},"author":23,"featured_media":0,"parent":914,"menu_order":0,"comment_status":"closed","ping_status":"closed","template":"","meta":{"jetpack_post_was_ever_published":false,"footnotes":""},"class_list":["post-931","page","type-page","status-publish","hentry"],"jetpack_sharing_enabled":true,"jetpack_shortlink":"https:\/\/wp.me\/Ph8Nat-f1","_links":{"self":[{"href":"https:\/\/projects.nib.si\/obrockanjesov-it\/wp-json\/wp\/v2\/pages\/931","targetHints":{"allow":["GET"]}}],"collection":[{"href":"https:\/\/projects.nib.si\/obrockanjesov-it\/wp-json\/wp\/v2\/pages"}],"about":[{"href":"https:\/\/projects.nib.si\/obrockanjesov-it\/wp-json\/wp\/v2\/types\/page"}],"author":[{"embeddable":true,"href":"https:\/\/projects.nib.si\/obrockanjesov-it\/wp-json\/wp\/v2\/users\/23"}],"replies":[{"embeddable":true,"href":"https:\/\/projects.nib.si\/obrockanjesov-it\/wp-json\/wp\/v2\/comments?post=931"}],"version-history":[{"count":3,"href":"https:\/\/projects.nib.si\/obrockanjesov-it\/wp-json\/wp\/v2\/pages\/931\/revisions"}],"predecessor-version":[{"id":1276,"href":"https:\/\/projects.nib.si\/obrockanjesov-it\/wp-json\/wp\/v2\/pages\/931\/revisions\/1276"}],"up":[{"embeddable":true,"href":"https:\/\/projects.nib.si\/obrockanjesov-it\/wp-json\/wp\/v2\/pages\/914"}],"wp:attachment":[{"href":"https:\/\/projects.nib.si\/obrockanjesov-it\/wp-json\/wp\/v2\/media?parent=931"}],"curies":[{"name":"wp","href":"https:\/\/api.w.org\/{rel}","templated":true}]}}