{"id":1187,"date":"2026-03-04T21:27:51","date_gmt":"2026-03-04T20:27:51","guid":{"rendered":"https:\/\/projects.nib.si\/obrockanjesov\/?page_id=1187"},"modified":"2026-03-04T21:40:23","modified_gmt":"2026-03-04T20:40:23","slug":"kozaca-svetlamaska","status":"publish","type":"page","link":"https:\/\/projects.nib.si\/obrockanjesov\/sove-strigiformes\/kozaca\/kozaca-barvneobl\/kozaca-normalna\/kozaca-svetlamaska\/","title":{"rendered":"Ali je obrazna maska svetla ali siva?"},"content":{"rendered":"\n<p><strong>Zaradi \u0161irokega prehoda med svetlo in sivo barvno obliko lo\u010devanje ni vedno zanesljivo in velja le za tipi\u010dne osebke.<\/strong><\/p>\n\n\n\n<div class=\"wp-block-columns is-layout-flex wp-container-core-columns-is-layout-9d6595d7 wp-block-columns-is-layout-flex\">\n<div class=\"wp-block-column is-layout-flow wp-block-column-is-layout-flow\">\n<figure class=\"wp-block-image size-large\"><img loading=\"lazy\" decoding=\"async\" width=\"1024\" height=\"988\" data-attachment-id=\"1188\" data-permalink=\"https:\/\/projects.nib.si\/obrockanjesov\/sove-strigiformes\/kozaca\/kozaca-barvneobl\/kozaca-normalna\/kozaca-svetlamaska\/suralensis-maska-svetla\/\" data-orig-file=\"https:\/\/projects.nib.si\/obrockanjesov\/wp-content\/uploads\/sites\/70\/2026\/03\/Suralensis-maska-svetla.jpg\" data-orig-size=\"1280,1235\" data-comments-opened=\"0\" data-image-meta=\"{&quot;aperture&quot;:&quot;0&quot;,&quot;credit&quot;:&quot;&quot;,&quot;camera&quot;:&quot;&quot;,&quot;caption&quot;:&quot;&quot;,&quot;created_timestamp&quot;:&quot;0&quot;,&quot;copyright&quot;:&quot;&quot;,&quot;focal_length&quot;:&quot;0&quot;,&quot;iso&quot;:&quot;0&quot;,&quot;shutter_speed&quot;:&quot;0&quot;,&quot;title&quot;:&quot;&quot;,&quot;orientation&quot;:&quot;0&quot;}\" data-image-title=\"Suralensis-maska-svetla\" data-image-description=\"\" data-image-caption=\"\" data-medium-file=\"https:\/\/projects.nib.si\/obrockanjesov\/wp-content\/uploads\/sites\/70\/2026\/03\/Suralensis-maska-svetla-300x289.jpg\" data-large-file=\"https:\/\/projects.nib.si\/obrockanjesov\/wp-content\/uploads\/sites\/70\/2026\/03\/Suralensis-maska-svetla-1024x988.jpg\" src=\"https:\/\/projects.nib.si\/obrockanjesov\/wp-content\/uploads\/sites\/70\/2026\/03\/Suralensis-maska-svetla-1024x988.jpg\" alt=\"\" class=\"wp-image-1188\" srcset=\"https:\/\/projects.nib.si\/obrockanjesov\/wp-content\/uploads\/sites\/70\/2026\/03\/Suralensis-maska-svetla-1024x988.jpg 1024w, https:\/\/projects.nib.si\/obrockanjesov\/wp-content\/uploads\/sites\/70\/2026\/03\/Suralensis-maska-svetla-300x289.jpg 300w, https:\/\/projects.nib.si\/obrockanjesov\/wp-content\/uploads\/sites\/70\/2026\/03\/Suralensis-maska-svetla-1200x1158.jpg 1200w, https:\/\/projects.nib.si\/obrockanjesov\/wp-content\/uploads\/sites\/70\/2026\/03\/Suralensis-maska-svetla.jpg 1280w\" sizes=\"auto, (max-width: 709px) 85vw, (max-width: 909px) 67vw, (max-width: 1362px) 62vw, 840px\" \/><\/figure>\n\n\n\n<div class=\"wp-block-buttons is-layout-flex wp-block-buttons-is-layout-flex\">\n<div class=\"wp-block-button\"><a class=\"wp-block-button__link wp-element-button\" href=\"https:\/\/projects.nib.si\/obrockanjesov\/sove-strigiformes\/kozaca\/kozaca-barvneobl\/kozaca-normalna\/kozaca-svetlamaska\/kozaca-svetla\/\">Svetla obrazna maska brez koncentri\u010dnih prog<\/a><\/div>\n<\/div>\n<\/div>\n\n\n\n<div class=\"wp-block-column is-layout-flow wp-block-column-is-layout-flow\">\n<figure class=\"wp-block-image size-large\"><img loading=\"lazy\" decoding=\"async\" width=\"1024\" height=\"989\" data-attachment-id=\"1189\" data-permalink=\"https:\/\/projects.nib.si\/obrockanjesov\/sove-strigiformes\/kozaca\/kozaca-barvneobl\/kozaca-normalna\/kozaca-svetlamaska\/suralensis-maska-siva\/\" data-orig-file=\"https:\/\/projects.nib.si\/obrockanjesov\/wp-content\/uploads\/sites\/70\/2026\/03\/Suralensis-maska-siva.jpg\" data-orig-size=\"1107,1069\" data-comments-opened=\"0\" data-image-meta=\"{&quot;aperture&quot;:&quot;0&quot;,&quot;credit&quot;:&quot;Al Vrezec&quot;,&quot;camera&quot;:&quot;&quot;,&quot;caption&quot;:&quot;&quot;,&quot;created_timestamp&quot;:&quot;0&quot;,&quot;copyright&quot;:&quot;&quot;,&quot;focal_length&quot;:&quot;0&quot;,&quot;iso&quot;:&quot;0&quot;,&quot;shutter_speed&quot;:&quot;0&quot;,&quot;title&quot;:&quot;&quot;,&quot;orientation&quot;:&quot;0&quot;}\" data-image-title=\"Suralensis-maska-siva\" data-image-description=\"\" data-image-caption=\"\" data-medium-file=\"https:\/\/projects.nib.si\/obrockanjesov\/wp-content\/uploads\/sites\/70\/2026\/03\/Suralensis-maska-siva-300x290.jpg\" data-large-file=\"https:\/\/projects.nib.si\/obrockanjesov\/wp-content\/uploads\/sites\/70\/2026\/03\/Suralensis-maska-siva-1024x989.jpg\" src=\"https:\/\/projects.nib.si\/obrockanjesov\/wp-content\/uploads\/sites\/70\/2026\/03\/Suralensis-maska-siva-1024x989.jpg\" alt=\"\" class=\"wp-image-1189\" srcset=\"https:\/\/projects.nib.si\/obrockanjesov\/wp-content\/uploads\/sites\/70\/2026\/03\/Suralensis-maska-siva-1024x989.jpg 1024w, https:\/\/projects.nib.si\/obrockanjesov\/wp-content\/uploads\/sites\/70\/2026\/03\/Suralensis-maska-siva-300x290.jpg 300w, https:\/\/projects.nib.si\/obrockanjesov\/wp-content\/uploads\/sites\/70\/2026\/03\/Suralensis-maska-siva.jpg 1107w\" sizes=\"auto, (max-width: 709px) 85vw, (max-width: 909px) 67vw, (max-width: 1362px) 62vw, 840px\" \/><\/figure>\n\n\n\n<div class=\"wp-block-buttons is-layout-flex wp-block-buttons-is-layout-flex\">\n<div class=\"wp-block-button\"><a class=\"wp-block-button__link wp-element-button\" href=\"https:\/\/projects.nib.si\/obrockanjesov\/sove-strigiformes\/kozaca\/kozaca-barvneobl\/kozaca-normalna\/kozaca-svetlamaska\/kozaca-siva\/\">Siva obrazna maska z zna\u010dilnimi koncentri\u010dnimi progami<\/a><\/div>\n<\/div>\n<\/div>\n<\/div>\n","protected":false},"excerpt":{"rendered":"<p>Zaradi \u0161irokega prehoda med svetlo in sivo barvno obliko lo\u010devanje ni vedno zanesljivo in velja le za tipi\u010dne osebke.<\/p>\n","protected":false},"author":23,"featured_media":0,"parent":886,"menu_order":0,"comment_status":"closed","ping_status":"closed","template":"","meta":{"jetpack_post_was_ever_published":false,"footnotes":""},"class_list":["post-1187","page","type-page","status-publish","hentry"],"jetpack_sharing_enabled":true,"jetpack_shortlink":"https:\/\/wp.me\/Ph8Nal-j9","_links":{"self":[{"href":"https:\/\/projects.nib.si\/obrockanjesov\/wp-json\/wp\/v2\/pages\/1187","targetHints":{"allow":["GET"]}}],"collection":[{"href":"https:\/\/projects.nib.si\/obrockanjesov\/wp-json\/wp\/v2\/pages"}],"about":[{"href":"https:\/\/projects.nib.si\/obrockanjesov\/wp-json\/wp\/v2\/types\/page"}],"author":[{"embeddable":true,"href":"https:\/\/projects.nib.si\/obrockanjesov\/wp-json\/wp\/v2\/users\/23"}],"replies":[{"embeddable":true,"href":"https:\/\/projects.nib.si\/obrockanjesov\/wp-json\/wp\/v2\/comments?post=1187"}],"version-history":[{"count":4,"href":"https:\/\/projects.nib.si\/obrockanjesov\/wp-json\/wp\/v2\/pages\/1187\/revisions"}],"predecessor-version":[{"id":1205,"href":"https:\/\/projects.nib.si\/obrockanjesov\/wp-json\/wp\/v2\/pages\/1187\/revisions\/1205"}],"up":[{"embeddable":true,"href":"https:\/\/projects.nib.si\/obrockanjesov\/wp-json\/wp\/v2\/pages\/886"}],"wp:attachment":[{"href":"https:\/\/projects.nib.si\/obrockanjesov\/wp-json\/wp\/v2\/media?parent=1187"}],"curies":[{"name":"wp","href":"https:\/\/api.w.org\/{rel}","templated":true}]}}