{"id":1194,"date":"2026-03-04T21:32:11","date_gmt":"2026-03-04T20:32:11","guid":{"rendered":"https:\/\/projects.nib.si\/obrockanjesov\/?page_id=1194"},"modified":"2026-03-04T21:32:30","modified_gmt":"2026-03-04T20:32:30","slug":"kozaca-svetla","status":"publish","type":"page","link":"https:\/\/projects.nib.si\/obrockanjesov\/sove-strigiformes\/kozaca\/kozaca-barvneobl\/kozaca-normalna\/kozaca-svetlamaska\/kozaca-svetla\/","title":{"rendered":"Svetla barvna oblika koza\u010de"},"content":{"rendered":"\n<div class=\"wp-block-columns is-layout-flex wp-container-core-columns-is-layout-9d6595d7 wp-block-columns-is-layout-flex\">\n<div class=\"wp-block-column is-layout-flow wp-block-column-is-layout-flow\">\n<figure class=\"wp-block-image size-large is-resized\"><img loading=\"lazy\" decoding=\"async\" width=\"595\" height=\"1024\" data-attachment-id=\"1195\" data-permalink=\"https:\/\/projects.nib.si\/obrockanjesov\/sove-strigiformes\/kozaca\/kozaca-barvneobl\/kozaca-normalna\/kozaca-svetlamaska\/kozaca-svetla\/suralensis-ad-svetla\/\" data-orig-file=\"https:\/\/projects.nib.si\/obrockanjesov\/wp-content\/uploads\/sites\/70\/2026\/03\/Suralensis-ad-svetla.jpg\" data-orig-size=\"1190,2048\" data-comments-opened=\"0\" data-image-meta=\"{&quot;aperture&quot;:&quot;0&quot;,&quot;credit&quot;:&quot;&quot;,&quot;camera&quot;:&quot;&quot;,&quot;caption&quot;:&quot;&quot;,&quot;created_timestamp&quot;:&quot;0&quot;,&quot;copyright&quot;:&quot;&quot;,&quot;focal_length&quot;:&quot;0&quot;,&quot;iso&quot;:&quot;0&quot;,&quot;shutter_speed&quot;:&quot;0&quot;,&quot;title&quot;:&quot;&quot;,&quot;orientation&quot;:&quot;0&quot;}\" data-image-title=\"Suralensis-ad-svetla\" data-image-description=\"\" data-image-caption=\"\" data-medium-file=\"https:\/\/projects.nib.si\/obrockanjesov\/wp-content\/uploads\/sites\/70\/2026\/03\/Suralensis-ad-svetla-174x300.jpg\" data-large-file=\"https:\/\/projects.nib.si\/obrockanjesov\/wp-content\/uploads\/sites\/70\/2026\/03\/Suralensis-ad-svetla-595x1024.jpg\" src=\"https:\/\/projects.nib.si\/obrockanjesov\/wp-content\/uploads\/sites\/70\/2026\/03\/Suralensis-ad-svetla-595x1024.jpg\" alt=\"\" class=\"wp-image-1195\" style=\"aspect-ratio:0.5810546875;width:299px;height:auto\" srcset=\"https:\/\/projects.nib.si\/obrockanjesov\/wp-content\/uploads\/sites\/70\/2026\/03\/Suralensis-ad-svetla-595x1024.jpg 595w, https:\/\/projects.nib.si\/obrockanjesov\/wp-content\/uploads\/sites\/70\/2026\/03\/Suralensis-ad-svetla-174x300.jpg 174w, https:\/\/projects.nib.si\/obrockanjesov\/wp-content\/uploads\/sites\/70\/2026\/03\/Suralensis-ad-svetla-893x1536.jpg 893w, https:\/\/projects.nib.si\/obrockanjesov\/wp-content\/uploads\/sites\/70\/2026\/03\/Suralensis-ad-svetla.jpg 1190w\" sizes=\"auto, (max-width: 595px) 85vw, 595px\" \/><\/figure>\n\n\n\n<p>Odrasla koza\u010da svetle barvne oblike.<\/p>\n<\/div>\n\n\n\n<div class=\"wp-block-column is-layout-flow wp-block-column-is-layout-flow\">\n<figure class=\"wp-block-image size-large\"><img loading=\"lazy\" decoding=\"async\" width=\"724\" height=\"1024\" data-attachment-id=\"1196\" data-permalink=\"https:\/\/projects.nib.si\/obrockanjesov\/sove-strigiformes\/kozaca\/kozaca-barvneobl\/kozaca-normalna\/kozaca-svetlamaska\/kozaca-svetla\/suralensis-juv-svetla\/\" data-orig-file=\"https:\/\/projects.nib.si\/obrockanjesov\/wp-content\/uploads\/sites\/70\/2026\/03\/Suralensis-juv-svetla.jpg\" data-orig-size=\"1280,1811\" data-comments-opened=\"0\" data-image-meta=\"{&quot;aperture&quot;:&quot;0&quot;,&quot;credit&quot;:&quot;&quot;,&quot;camera&quot;:&quot;&quot;,&quot;caption&quot;:&quot;&quot;,&quot;created_timestamp&quot;:&quot;0&quot;,&quot;copyright&quot;:&quot;&quot;,&quot;focal_length&quot;:&quot;0&quot;,&quot;iso&quot;:&quot;0&quot;,&quot;shutter_speed&quot;:&quot;0&quot;,&quot;title&quot;:&quot;&quot;,&quot;orientation&quot;:&quot;0&quot;}\" data-image-title=\"Suralensis-juv-svetla\" data-image-description=\"\" data-image-caption=\"\" data-medium-file=\"https:\/\/projects.nib.si\/obrockanjesov\/wp-content\/uploads\/sites\/70\/2026\/03\/Suralensis-juv-svetla-212x300.jpg\" data-large-file=\"https:\/\/projects.nib.si\/obrockanjesov\/wp-content\/uploads\/sites\/70\/2026\/03\/Suralensis-juv-svetla-724x1024.jpg\" src=\"https:\/\/projects.nib.si\/obrockanjesov\/wp-content\/uploads\/sites\/70\/2026\/03\/Suralensis-juv-svetla-724x1024.jpg\" alt=\"\" class=\"wp-image-1196\" srcset=\"https:\/\/projects.nib.si\/obrockanjesov\/wp-content\/uploads\/sites\/70\/2026\/03\/Suralensis-juv-svetla-724x1024.jpg 724w, https:\/\/projects.nib.si\/obrockanjesov\/wp-content\/uploads\/sites\/70\/2026\/03\/Suralensis-juv-svetla-212x300.jpg 212w, https:\/\/projects.nib.si\/obrockanjesov\/wp-content\/uploads\/sites\/70\/2026\/03\/Suralensis-juv-svetla-1086x1536.jpg 1086w, https:\/\/projects.nib.si\/obrockanjesov\/wp-content\/uploads\/sites\/70\/2026\/03\/Suralensis-juv-svetla-1200x1698.jpg 1200w, https:\/\/projects.nib.si\/obrockanjesov\/wp-content\/uploads\/sites\/70\/2026\/03\/Suralensis-juv-svetla.jpg 1280w\" sizes=\"auto, (max-width: 724px) 85vw, 724px\" \/><\/figure>\n\n\n\n<p>Svetel mladi\u010d koza\u010de. Bodite pozorni na belo barvo nog. <strong>Dolo\u010devanje ni zanesljivo!<\/strong><\/p>\n<\/div>\n<\/div>\n","protected":false},"excerpt":{"rendered":"<p>Odrasla koza\u010da svetle barvne oblike. Svetel mladi\u010d koza\u010de. Bodite pozorni na belo barvo nog. Dolo\u010devanje ni zanesljivo!<\/p>\n","protected":false},"author":23,"featured_media":0,"parent":1187,"menu_order":0,"comment_status":"closed","ping_status":"closed","template":"","meta":{"jetpack_post_was_ever_published":false,"footnotes":""},"class_list":["post-1194","page","type-page","status-publish","hentry"],"jetpack_sharing_enabled":true,"jetpack_shortlink":"https:\/\/wp.me\/Ph8Nal-jg","_links":{"self":[{"href":"https:\/\/projects.nib.si\/obrockanjesov\/wp-json\/wp\/v2\/pages\/1194","targetHints":{"allow":["GET"]}}],"collection":[{"href":"https:\/\/projects.nib.si\/obrockanjesov\/wp-json\/wp\/v2\/pages"}],"about":[{"href":"https:\/\/projects.nib.si\/obrockanjesov\/wp-json\/wp\/v2\/types\/page"}],"author":[{"embeddable":true,"href":"https:\/\/projects.nib.si\/obrockanjesov\/wp-json\/wp\/v2\/users\/23"}],"replies":[{"embeddable":true,"href":"https:\/\/projects.nib.si\/obrockanjesov\/wp-json\/wp\/v2\/comments?post=1194"}],"version-history":[{"count":2,"href":"https:\/\/projects.nib.si\/obrockanjesov\/wp-json\/wp\/v2\/pages\/1194\/revisions"}],"predecessor-version":[{"id":1198,"href":"https:\/\/projects.nib.si\/obrockanjesov\/wp-json\/wp\/v2\/pages\/1194\/revisions\/1198"}],"up":[{"embeddable":true,"href":"https:\/\/projects.nib.si\/obrockanjesov\/wp-json\/wp\/v2\/pages\/1187"}],"wp:attachment":[{"href":"https:\/\/projects.nib.si\/obrockanjesov\/wp-json\/wp\/v2\/media?parent=1194"}],"curies":[{"name":"wp","href":"https:\/\/api.w.org\/{rel}","templated":true}]}}