{"id":1200,"date":"2026-03-04T21:34:02","date_gmt":"2026-03-04T20:34:02","guid":{"rendered":"https:\/\/projects.nib.si\/obrockanjesov\/?page_id=1200"},"modified":"2026-03-04T21:34:19","modified_gmt":"2026-03-04T20:34:19","slug":"kozaca-siva","status":"publish","type":"page","link":"https:\/\/projects.nib.si\/obrockanjesov\/sove-strigiformes\/kozaca\/kozaca-barvneobl\/kozaca-normalna\/kozaca-svetlamaska\/kozaca-siva\/","title":{"rendered":"Siva barvna oblika koza\u010de"},"content":{"rendered":"\n<div class=\"wp-block-columns is-layout-flex wp-container-core-columns-is-layout-9d6595d7 wp-block-columns-is-layout-flex\">\n<div class=\"wp-block-column is-layout-flow wp-block-column-is-layout-flow\">\n<figure class=\"wp-block-image size-large\"><img loading=\"lazy\" decoding=\"async\" width=\"566\" height=\"1024\" data-attachment-id=\"1201\" data-permalink=\"https:\/\/projects.nib.si\/obrockanjesov\/sove-strigiformes\/kozaca\/kozaca-barvneobl\/kozaca-normalna\/kozaca-svetlamaska\/kozaca-siva\/suralensis-ad-siva\/\" data-orig-file=\"https:\/\/projects.nib.si\/obrockanjesov\/wp-content\/uploads\/sites\/70\/2026\/03\/Suralensis-ad-siva.jpg\" data-orig-size=\"1091,1973\" data-comments-opened=\"0\" data-image-meta=\"{&quot;aperture&quot;:&quot;0&quot;,&quot;credit&quot;:&quot;&quot;,&quot;camera&quot;:&quot;&quot;,&quot;caption&quot;:&quot;&quot;,&quot;created_timestamp&quot;:&quot;0&quot;,&quot;copyright&quot;:&quot;&quot;,&quot;focal_length&quot;:&quot;0&quot;,&quot;iso&quot;:&quot;0&quot;,&quot;shutter_speed&quot;:&quot;0&quot;,&quot;title&quot;:&quot;&quot;,&quot;orientation&quot;:&quot;0&quot;}\" data-image-title=\"Suralensis-ad-siva\" data-image-description=\"\" data-image-caption=\"\" data-medium-file=\"https:\/\/projects.nib.si\/obrockanjesov\/wp-content\/uploads\/sites\/70\/2026\/03\/Suralensis-ad-siva-166x300.jpg\" data-large-file=\"https:\/\/projects.nib.si\/obrockanjesov\/wp-content\/uploads\/sites\/70\/2026\/03\/Suralensis-ad-siva-566x1024.jpg\" src=\"https:\/\/projects.nib.si\/obrockanjesov\/wp-content\/uploads\/sites\/70\/2026\/03\/Suralensis-ad-siva-566x1024.jpg\" alt=\"\" class=\"wp-image-1201\" srcset=\"https:\/\/projects.nib.si\/obrockanjesov\/wp-content\/uploads\/sites\/70\/2026\/03\/Suralensis-ad-siva-566x1024.jpg 566w, https:\/\/projects.nib.si\/obrockanjesov\/wp-content\/uploads\/sites\/70\/2026\/03\/Suralensis-ad-siva-166x300.jpg 166w, https:\/\/projects.nib.si\/obrockanjesov\/wp-content\/uploads\/sites\/70\/2026\/03\/Suralensis-ad-siva-849x1536.jpg 849w, https:\/\/projects.nib.si\/obrockanjesov\/wp-content\/uploads\/sites\/70\/2026\/03\/Suralensis-ad-siva.jpg 1091w\" sizes=\"auto, (max-width: 566px) 85vw, 566px\" \/><\/figure>\n\n\n\n<p>Odrasla koza\u010da sive barvne oblike.<\/p>\n<\/div>\n\n\n\n<div class=\"wp-block-column is-layout-flow wp-block-column-is-layout-flow\">\n<figure class=\"wp-block-image size-large\"><img loading=\"lazy\" decoding=\"async\" width=\"685\" height=\"1024\" data-attachment-id=\"1202\" data-permalink=\"https:\/\/projects.nib.si\/obrockanjesov\/sove-strigiformes\/kozaca\/kozaca-barvneobl\/kozaca-normalna\/kozaca-svetlamaska\/kozaca-siva\/suralensis-juv-siva\/\" data-orig-file=\"https:\/\/projects.nib.si\/obrockanjesov\/wp-content\/uploads\/sites\/70\/2026\/03\/Suralensis-juv-siva.jpg\" data-orig-size=\"1280,1913\" data-comments-opened=\"0\" data-image-meta=\"{&quot;aperture&quot;:&quot;0&quot;,&quot;credit&quot;:&quot;&quot;,&quot;camera&quot;:&quot;&quot;,&quot;caption&quot;:&quot;&quot;,&quot;created_timestamp&quot;:&quot;0&quot;,&quot;copyright&quot;:&quot;&quot;,&quot;focal_length&quot;:&quot;0&quot;,&quot;iso&quot;:&quot;0&quot;,&quot;shutter_speed&quot;:&quot;0&quot;,&quot;title&quot;:&quot;&quot;,&quot;orientation&quot;:&quot;0&quot;}\" data-image-title=\"Suralensis-juv-siva\" data-image-description=\"\" data-image-caption=\"\" data-medium-file=\"https:\/\/projects.nib.si\/obrockanjesov\/wp-content\/uploads\/sites\/70\/2026\/03\/Suralensis-juv-siva-201x300.jpg\" data-large-file=\"https:\/\/projects.nib.si\/obrockanjesov\/wp-content\/uploads\/sites\/70\/2026\/03\/Suralensis-juv-siva-685x1024.jpg\" src=\"https:\/\/projects.nib.si\/obrockanjesov\/wp-content\/uploads\/sites\/70\/2026\/03\/Suralensis-juv-siva-685x1024.jpg\" alt=\"\" class=\"wp-image-1202\" srcset=\"https:\/\/projects.nib.si\/obrockanjesov\/wp-content\/uploads\/sites\/70\/2026\/03\/Suralensis-juv-siva-685x1024.jpg 685w, https:\/\/projects.nib.si\/obrockanjesov\/wp-content\/uploads\/sites\/70\/2026\/03\/Suralensis-juv-siva-201x300.jpg 201w, https:\/\/projects.nib.si\/obrockanjesov\/wp-content\/uploads\/sites\/70\/2026\/03\/Suralensis-juv-siva-1028x1536.jpg 1028w, https:\/\/projects.nib.si\/obrockanjesov\/wp-content\/uploads\/sites\/70\/2026\/03\/Suralensis-juv-siva-1200x1793.jpg 1200w, https:\/\/projects.nib.si\/obrockanjesov\/wp-content\/uploads\/sites\/70\/2026\/03\/Suralensis-juv-siva.jpg 1280w\" sizes=\"auto, (max-width: 685px) 85vw, 685px\" \/><\/figure>\n\n\n\n<p>Siv mladi\u010d koza\u010de. Bodite pozorni na sivo barvo nog. <strong>Dolo\u010devanje ni zanesljivo!<\/strong><\/p>\n<\/div>\n<\/div>\n","protected":false},"excerpt":{"rendered":"<p>Odrasla koza\u010da sive barvne oblike. Siv mladi\u010d koza\u010de. Bodite pozorni na sivo barvo nog. Dolo\u010devanje ni zanesljivo!<\/p>\n","protected":false},"author":23,"featured_media":0,"parent":1187,"menu_order":0,"comment_status":"closed","ping_status":"closed","template":"","meta":{"jetpack_post_was_ever_published":false,"footnotes":""},"class_list":["post-1200","page","type-page","status-publish","hentry"],"jetpack_sharing_enabled":true,"jetpack_shortlink":"https:\/\/wp.me\/Ph8Nal-jm","_links":{"self":[{"href":"https:\/\/projects.nib.si\/obrockanjesov\/wp-json\/wp\/v2\/pages\/1200","targetHints":{"allow":["GET"]}}],"collection":[{"href":"https:\/\/projects.nib.si\/obrockanjesov\/wp-json\/wp\/v2\/pages"}],"about":[{"href":"https:\/\/projects.nib.si\/obrockanjesov\/wp-json\/wp\/v2\/types\/page"}],"author":[{"embeddable":true,"href":"https:\/\/projects.nib.si\/obrockanjesov\/wp-json\/wp\/v2\/users\/23"}],"replies":[{"embeddable":true,"href":"https:\/\/projects.nib.si\/obrockanjesov\/wp-json\/wp\/v2\/comments?post=1200"}],"version-history":[{"count":1,"href":"https:\/\/projects.nib.si\/obrockanjesov\/wp-json\/wp\/v2\/pages\/1200\/revisions"}],"predecessor-version":[{"id":1203,"href":"https:\/\/projects.nib.si\/obrockanjesov\/wp-json\/wp\/v2\/pages\/1200\/revisions\/1203"}],"up":[{"embeddable":true,"href":"https:\/\/projects.nib.si\/obrockanjesov\/wp-json\/wp\/v2\/pages\/1187"}],"wp:attachment":[{"href":"https:\/\/projects.nib.si\/obrockanjesov\/wp-json\/wp\/v2\/media?parent=1200"}],"curies":[{"name":"wp","href":"https:\/\/api.w.org\/{rel}","templated":true}]}}