{"id":990,"date":"2026-02-16T14:53:58","date_gmt":"2026-02-16T13:53:58","guid":{"rendered":"https:\/\/projects.nib.si\/obrockanjesov\/?page_id=990"},"modified":"2026-02-16T15:22:25","modified_gmt":"2026-02-16T14:22:25","slug":"lesna-normalnard","status":"publish","type":"page","link":"https:\/\/projects.nib.si\/obrockanjesov\/sove-strigiformes\/lesna-sova\/lesna-barvneoblike\/lesna-normalna\/lesna-normalnard\/","title":{"rendered":"Ali so prsa pokrita z ve\u010d manj\u0161imi rjavkasto-rde\u010dimi peresi?"},"content":{"rendered":"\n<div class=\"wp-block-columns is-layout-flex wp-container-core-columns-is-layout-9d6595d7 wp-block-columns-is-layout-flex\">\n<div class=\"wp-block-column is-layout-flow wp-block-column-is-layout-flow\">\n<figure class=\"wp-block-image size-full\"><img loading=\"lazy\" decoding=\"async\" width=\"362\" height=\"235\" data-attachment-id=\"992\" data-permalink=\"https:\/\/projects.nib.si\/obrockanjesov\/sove-strigiformes\/lesna-sova\/lesna-barvneoblike\/lesna-normalna\/lesna-normalnard\/saluco-prsa-rd\/\" data-orig-file=\"https:\/\/projects.nib.si\/obrockanjesov\/wp-content\/uploads\/sites\/70\/2026\/02\/Saluco-prsa-rd.jpg\" data-orig-size=\"362,235\" data-comments-opened=\"0\" data-image-meta=\"{&quot;aperture&quot;:&quot;0&quot;,&quot;credit&quot;:&quot;&quot;,&quot;camera&quot;:&quot;&quot;,&quot;caption&quot;:&quot;&quot;,&quot;created_timestamp&quot;:&quot;0&quot;,&quot;copyright&quot;:&quot;&quot;,&quot;focal_length&quot;:&quot;0&quot;,&quot;iso&quot;:&quot;0&quot;,&quot;shutter_speed&quot;:&quot;0&quot;,&quot;title&quot;:&quot;&quot;,&quot;orientation&quot;:&quot;0&quot;}\" data-image-title=\"Saluco-prsa-rd\" data-image-description=\"\" data-image-caption=\"\" data-medium-file=\"https:\/\/projects.nib.si\/obrockanjesov\/wp-content\/uploads\/sites\/70\/2026\/02\/Saluco-prsa-rd-300x195.jpg\" data-large-file=\"https:\/\/projects.nib.si\/obrockanjesov\/wp-content\/uploads\/sites\/70\/2026\/02\/Saluco-prsa-rd.jpg\" src=\"http:\/\/projects.nib.si\/obrockanjesov\/wp-content\/uploads\/sites\/70\/2026\/02\/Saluco-prsa-rd.jpg\" alt=\"\" class=\"wp-image-992\" srcset=\"https:\/\/projects.nib.si\/obrockanjesov\/wp-content\/uploads\/sites\/70\/2026\/02\/Saluco-prsa-rd.jpg 362w, https:\/\/projects.nib.si\/obrockanjesov\/wp-content\/uploads\/sites\/70\/2026\/02\/Saluco-prsa-rd-300x195.jpg 300w\" sizes=\"auto, (max-width: 362px) 85vw, 362px\" \/><\/figure>\n\n\n\n<div class=\"wp-block-buttons is-layout-flex wp-block-buttons-is-layout-flex\">\n<div class=\"wp-block-button has-custom-width wp-block-button__width-100\"><a class=\"wp-block-button__link wp-element-button\" href=\"https:\/\/projects.nib.si\/obrockanjesov\/sove-strigiformes\/kozaca\/kozaca-barvneobl\/lesna-normalna\/lesna-normalnard\/lesna-prsa-rjava\/\">DA<\/a><\/div>\n<\/div>\n<\/div>\n\n\n\n<div class=\"wp-block-column is-layout-flow wp-block-column-is-layout-flow\">\n<figure class=\"wp-block-image size-full\"><img loading=\"lazy\" decoding=\"async\" width=\"369\" height=\"240\" data-attachment-id=\"991\" data-permalink=\"https:\/\/projects.nib.si\/obrockanjesov\/sove-strigiformes\/lesna-sova\/lesna-barvneoblike\/lesna-normalna\/lesna-normalnard\/saluco-prsa-siva\/\" data-orig-file=\"https:\/\/projects.nib.si\/obrockanjesov\/wp-content\/uploads\/sites\/70\/2026\/02\/Saluco-prsa-siva.jpg\" data-orig-size=\"369,240\" data-comments-opened=\"0\" data-image-meta=\"{&quot;aperture&quot;:&quot;0&quot;,&quot;credit&quot;:&quot;&quot;,&quot;camera&quot;:&quot;&quot;,&quot;caption&quot;:&quot;&quot;,&quot;created_timestamp&quot;:&quot;0&quot;,&quot;copyright&quot;:&quot;&quot;,&quot;focal_length&quot;:&quot;0&quot;,&quot;iso&quot;:&quot;0&quot;,&quot;shutter_speed&quot;:&quot;0&quot;,&quot;title&quot;:&quot;&quot;,&quot;orientation&quot;:&quot;0&quot;}\" data-image-title=\"Saluco-prsa-siva\" data-image-description=\"\" data-image-caption=\"\" data-medium-file=\"https:\/\/projects.nib.si\/obrockanjesov\/wp-content\/uploads\/sites\/70\/2026\/02\/Saluco-prsa-siva-300x195.jpg\" data-large-file=\"https:\/\/projects.nib.si\/obrockanjesov\/wp-content\/uploads\/sites\/70\/2026\/02\/Saluco-prsa-siva.jpg\" src=\"http:\/\/projects.nib.si\/obrockanjesov\/wp-content\/uploads\/sites\/70\/2026\/02\/Saluco-prsa-siva.jpg\" alt=\"\" class=\"wp-image-991\" srcset=\"https:\/\/projects.nib.si\/obrockanjesov\/wp-content\/uploads\/sites\/70\/2026\/02\/Saluco-prsa-siva.jpg 369w, https:\/\/projects.nib.si\/obrockanjesov\/wp-content\/uploads\/sites\/70\/2026\/02\/Saluco-prsa-siva-300x195.jpg 300w\" sizes=\"auto, (max-width: 369px) 85vw, 369px\" \/><\/figure>\n\n\n\n<div class=\"wp-block-buttons is-layout-flex wp-block-buttons-is-layout-flex\">\n<div class=\"wp-block-button has-custom-width wp-block-button__width-100\"><a class=\"wp-block-button__link wp-element-button\" href=\"https:\/\/projects.nib.si\/obrockanjesov\/sove-strigiformes\/lesna-sova\/lesna-barvneoblike\/lesna-normalna\/lesna-normalnard\/lesna-prsa-siva\/\">NE<\/a><\/div>\n<\/div>\n<\/div>\n<\/div>\n\n\n\n<p><\/p>\n","protected":false},"excerpt":{"rendered":"","protected":false},"author":23,"featured_media":0,"parent":977,"menu_order":0,"comment_status":"closed","ping_status":"closed","template":"","meta":{"jetpack_post_was_ever_published":false,"footnotes":""},"class_list":["post-990","page","type-page","status-publish","hentry"],"jetpack_sharing_enabled":true,"jetpack_shortlink":"https:\/\/wp.me\/Ph8Nal-fY","_links":{"self":[{"href":"https:\/\/projects.nib.si\/obrockanjesov\/wp-json\/wp\/v2\/pages\/990","targetHints":{"allow":["GET"]}}],"collection":[{"href":"https:\/\/projects.nib.si\/obrockanjesov\/wp-json\/wp\/v2\/pages"}],"about":[{"href":"https:\/\/projects.nib.si\/obrockanjesov\/wp-json\/wp\/v2\/types\/page"}],"author":[{"embeddable":true,"href":"https:\/\/projects.nib.si\/obrockanjesov\/wp-json\/wp\/v2\/users\/23"}],"replies":[{"embeddable":true,"href":"https:\/\/projects.nib.si\/obrockanjesov\/wp-json\/wp\/v2\/comments?post=990"}],"version-history":[{"count":3,"href":"https:\/\/projects.nib.si\/obrockanjesov\/wp-json\/wp\/v2\/pages\/990\/revisions"}],"predecessor-version":[{"id":1012,"href":"https:\/\/projects.nib.si\/obrockanjesov\/wp-json\/wp\/v2\/pages\/990\/revisions\/1012"}],"up":[{"embeddable":true,"href":"https:\/\/projects.nib.si\/obrockanjesov\/wp-json\/wp\/v2\/pages\/977"}],"wp:attachment":[{"href":"https:\/\/projects.nib.si\/obrockanjesov\/wp-json\/wp\/v2\/media?parent=990"}],"curies":[{"name":"wp","href":"https:\/\/api.w.org\/{rel}","templated":true}]}}