{"id":30,"date":"2016-04-05T22:13:00","date_gmt":"2016-04-05T22:13:00","guid":{"rendered":"http:\/\/projects.nib.si\/podefsig\/?page_id=30"},"modified":"2018-10-23T12:51:09","modified_gmt":"2018-10-23T11:51:09","slug":"publications","status":"publish","type":"page","link":"https:\/\/projects.nib.si\/podefsig\/publications\/","title":{"rendered":"Publications"},"content":{"rendered":"<p>Journal publications:<\/p>\n<ul>\n<li>ZAGOR\u0160\u010cAK, Maja, BLEJEC, Andrej, RAM\u0160AK, \u017diva, PETEK, Marko, STARE, Tja\u0161a, GRUDEN, Kristina. DiNAR: revealing hidden patterns of plant signalling dynamics using Diferential Network Analysis in R.\u00a0<i>Plant methods<\/i>, ISSN 1746-4811, 2018, vol. 14, str. 1-9.<a class=\"red\" href=\"https:\/\/plantmethods.biomedcentral.com\/articles\/10.1186\/s13007-018-0345-0\">https:\/\/plantmethods.biomedcentral.com\/articles\/10.1186\/s13007-018-0345-0<\/a>, doi:\u00a0<a class=\"red\" href=\"https:\/\/doi.org\/10.1186\/s13007-018-0345-0\" target=\"doi\">10.1186\/s13007-018-0345-0<\/a>. [COBISS.SI-ID\u00a0<a class=\"red\" href=\"https:\/\/plus.si.cobiss.net\/opac7\/bib\/4791631?lang=sl\" target=\"_blank\">4791631<\/a>]<\/li>\n<li>COLL RIUS, Anna, WILSON, Mandy L., GRUDEN, Kristina, PECCOUD, Jean. Rule-based design of plant expression vectors using GenoCAD. <em>PloS one<\/em>, ISSN 1932-6203, 2015, vol. 10, iss. 7, str. 1-10, ilustr.,\u00a0<a href=\"http:\/\/journals.plos.org\/plosone\/article?id=10.1371\/journal.pone.0132502\" target=\"_blank\">http:\/\/journals.plos.org\/plosone\/article?id=10.1371\/journal.pone.0132502<\/a>, doi: <a href=\"http:\/\/journals.plos.org\/plosone\/article?id=10.1371\/journal.pone.0132502\" target=\"_blank\">10.1371\/journal.pone.0132502<\/a>. [COBISS.SI-ID <a href=\"https:\/\/plus.si.cobiss.net\/opac7\/bib\/3528271\" target=\"_blank\">3528271<\/a>]<\/li>\n<\/ul>\n<ul>\n<li>STARE, Tja\u0161a, RAM\u0160AK, \u017diva, BLEJEC, Andrej, STARE, Katja, TURN\u0160EK, Ne\u017ea, WECKWERTH, Wolfram, WIENKOOP, Stefanie, VODNIK, Dominik, GRUDEN, Kristina. Bimodal dynamics of primary metabolism-related responses in tolerant potato-<em>Potato virus Y<\/em> interaction.\u00a0<i>BMC genomics<\/i>, ISSN 1471-2164, 2015, vol. 16, art. no. 716, str. 1-17, <a href=\"https:\/\/bmcgenomics.biomedcentral.com\/articles\/10.1186\/s12864-015-1925-2\" target=\"_blank\">https:\/\/bmcgenomics.biomedcentral.com\/articles\/10.1186\/s12864-015-1925-2<\/a>,\u00a0doi:\u00a0<a class=\"red\" href=\"https:\/\/doi.org\/10.1186\/s12864-015-1925-2\" target=\"doi\">10.1186\/s12864-015-1925-2<\/a>. [COBISS.SI-ID\u00a0<a class=\"red\" href=\"https:\/\/plus.si.cobiss.net\/opac7\/bib\/3614031?lang=en\" target=\"_blank\">3614031<\/a>]<\/li>\n<\/ul>\n<ul>\n<li>BAEBLER, \u0160pela, SVALINA, Miha, PETEK, Marko, STARE, Katja, ROTTER, Ana, POMPE NOVAK, Maru\u0161a, GRUDEN, Kristina. quantGenius : implementation of a decision support system for qPCR-based gene quantification.\u00a0<i>BMC bioinformatics<\/i>, ISSN 1471-2105, 2017, vol. 18, str. 1-11, ilustr.<a class=\"red\" href=\"https:\/\/bmcbioinformatics.biomedcentral.com\/articles\/10.1186\/s12859-017-1688-7\">https:\/\/bmcbioinformatics.biomedcentral.com\/articles\/10.1186\/s12859-017-1688-7<\/a>, doi:\u00a0<a class=\"red\" href=\"https:\/\/doi.org\/10.1186\/s12859-017-1688-7\" target=\"doi\">10.1186\/s12859-017-1688-7<\/a>. [COBISS.SI-ID\u00a0<a class=\"red\" href=\"https:\/\/plus.si.cobiss.net\/opac7\/bib\/4351055?lang=en\" target=\"_blank\">4351055<\/a>]<\/li>\n<\/ul>\n<ul>\n<li>KRI\u017dNIK, Maja, PETEK, Marko, DOBNIK, David, RAM\u0160AK, \u017diva, BAEBLER, \u0160pela, POLLMANN, Stephan, KREUZE, Jan F., \u017dEL, Jana, GRUDEN, Kristina. Salicylic acid perturbs sRNA-gibberellin regulatory network in immune response of potato to <em>Potato virus Y<\/em> infection.\u00a0<i>Frontiers in plant science<\/i>, ISSN 1664-462X, 2017, vol. 8, str. 1-14.\u00a0<a class=\"red\" href=\"https:\/\/www.frontiersin.org\/articles\/10.3389\/fpls.2017.02192\/full\">https:\/\/www.frontiersin.org\/articles\/10.3389\/fpls.2017.02192\/full<\/a>, doi:\u00a0<a class=\"red\" href=\"https:\/\/doi.org\/10.3389\/fpls.2017.02192\" target=\"doi\">10.3389\/fpls.2017.02192<\/a>. [COBISS.SI-ID\u00a0<a class=\"red\" href=\"https:\/\/plus.si.cobiss.net\/opac7\/bib\/4545103?lang=en\" target=\"_blank\">4545103<\/a>]<\/li>\n<\/ul>\n<p>&nbsp;<\/p>\n<p>Pre-prints:<\/p>\n<ul>\n<li><a href=\"https:\/\/www.biorxiv.org\/content\/early\/2017\/10\/12\/130757\" target=\"_blank\">Salicylic acid perturbs sRNA-gibberellin regulatory network in immune response of potato to <em>Potato virus Y<\/em> infection [biorxiv preprint]\u00a0<span class=\"label\">doi:<\/span>\u00a0https:\/\/doi.org\/10.1101\/130757<\/a><\/li>\n<\/ul>\n<p>&nbsp;<\/p>\n","protected":false},"excerpt":{"rendered":"<p>Journal publications: ZAGOR\u0160\u010cAK, Maja, BLEJEC, Andrej, RAM\u0160AK, \u017diva, PETEK, Marko, STARE, Tja\u0161a, GRUDEN, Kristina. DiNAR: revealing hidden patterns of plant signalling dynamics using Diferential Network Analysis in R.\u00a0Plant methods, ISSN 1746-4811, 2018, vol. 14, str. 1-9.https:\/\/plantmethods.biomedcentral.com\/articles\/10.1186\/s13007-018-0345-0, doi:\u00a010.1186\/s13007-018-0345-0. [COBISS.SI-ID\u00a04791631] COLL RIUS, Anna, WILSON, Mandy L., GRUDEN, Kristina, PECCOUD, Jean. Rule-based design of plant expression vectors using [&hellip;]<\/p>\n","protected":false},"author":3,"featured_media":0,"parent":0,"menu_order":0,"comment_status":"closed","ping_status":"closed","template":"page-fullwidth.php","meta":{"jetpack_post_was_ever_published":false,"footnotes":""},"class_list":["post-30","page","type-page","status-publish","hentry"],"jetpack_sharing_enabled":true,"jetpack_shortlink":"https:\/\/wp.me\/P7RkZK-u","jetpack-related-posts":[],"_links":{"self":[{"href":"https:\/\/projects.nib.si\/podefsig\/wp-json\/wp\/v2\/pages\/30","targetHints":{"allow":["GET"]}}],"collection":[{"href":"https:\/\/projects.nib.si\/podefsig\/wp-json\/wp\/v2\/pages"}],"about":[{"href":"https:\/\/projects.nib.si\/podefsig\/wp-json\/wp\/v2\/types\/page"}],"author":[{"embeddable":true,"href":"https:\/\/projects.nib.si\/podefsig\/wp-json\/wp\/v2\/users\/3"}],"replies":[{"embeddable":true,"href":"https:\/\/projects.nib.si\/podefsig\/wp-json\/wp\/v2\/comments?post=30"}],"version-history":[{"count":12,"href":"https:\/\/projects.nib.si\/podefsig\/wp-json\/wp\/v2\/pages\/30\/revisions"}],"predecessor-version":[{"id":268,"href":"https:\/\/projects.nib.si\/podefsig\/wp-json\/wp\/v2\/pages\/30\/revisions\/268"}],"wp:attachment":[{"href":"https:\/\/projects.nib.si\/podefsig\/wp-json\/wp\/v2\/media?parent=30"}],"curies":[{"name":"wp","href":"https:\/\/api.w.org\/{rel}","templated":true}]}}