{"id":60,"date":"2016-04-06T23:31:57","date_gmt":"2016-04-06T23:31:57","guid":{"rendered":"http:\/\/projects.nib.si\/podefsig\/?page_id=60"},"modified":"2018-03-19T10:04:39","modified_gmt":"2018-03-19T09:04:39","slug":"partners","status":"publish","type":"page","link":"https:\/\/projects.nib.si\/podefsig\/partners\/","title":{"rendered":"Partners"},"content":{"rendered":"<p>ORGANISATIONS:<\/p>\n<p><img data-recalc-dims=\"1\" loading=\"lazy\" decoding=\"async\" data-attachment-id=\"153\" data-permalink=\"https:\/\/projects.nib.si\/podefsig\/partners\/niblogo\/\" data-orig-file=\"https:\/\/i0.wp.com\/projects.nib.si\/podefsig\/wp-content\/uploads\/sites\/14\/2016\/04\/NIBlogo.png?fit=271%2C57&amp;ssl=1\" data-orig-size=\"271,57\" data-comments-opened=\"1\" data-image-meta=\"{&quot;aperture&quot;:&quot;0&quot;,&quot;credit&quot;:&quot;&quot;,&quot;camera&quot;:&quot;&quot;,&quot;caption&quot;:&quot;&quot;,&quot;created_timestamp&quot;:&quot;0&quot;,&quot;copyright&quot;:&quot;&quot;,&quot;focal_length&quot;:&quot;0&quot;,&quot;iso&quot;:&quot;0&quot;,&quot;shutter_speed&quot;:&quot;0&quot;,&quot;title&quot;:&quot;&quot;,&quot;orientation&quot;:&quot;0&quot;}\" data-image-title=\"NIBlogo\" data-image-description=\"\" data-image-caption=\"\" data-medium-file=\"https:\/\/i0.wp.com\/projects.nib.si\/podefsig\/wp-content\/uploads\/sites\/14\/2016\/04\/NIBlogo.png?fit=271%2C57&amp;ssl=1\" data-large-file=\"https:\/\/i0.wp.com\/projects.nib.si\/podefsig\/wp-content\/uploads\/sites\/14\/2016\/04\/NIBlogo.png?fit=271%2C57&amp;ssl=1\" class=\"alignleft wp-image-153\" src=\"https:\/\/i0.wp.com\/projects.nib.si\/podefsig\/wp-content\/uploads\/sites\/14\/2016\/04\/NIBlogo.png?resize=109%2C23\" alt=\"NIB\" width=\"109\" height=\"23\" \/>National Institute of Biology, Ljubljana, Slovenia<\/p>\n<p>&nbsp;<\/p>\n<p>PROJECT GROUP:<\/p>\n<ul>\n<li><a href=\"http:\/\/www.sicris.si\/public\/jqm\/rsr.aspx?lang=eng&amp;opdescr=search&amp;opt=2&amp;subopt=300&amp;code1=cmn&amp;code2=auto&amp;psize=10&amp;hits=1&amp;page=1&amp;count=&amp;search_term=Andrej%20Blejec&amp;id=5968&amp;slng=&amp;order_by=\">Andrej Blejec<\/a><\/li>\n<li><a href=\"http:\/\/www.sicris.si\/public\/jqm\/rsr.aspx?lang=eng&amp;opdescr=search&amp;opt=2&amp;subopt=300&amp;code1=cmn&amp;code2=auto&amp;psize=10&amp;hits=1&amp;page=1&amp;count=&amp;search_term=Kristina%20Gruden&amp;id=7831&amp;slng=&amp;order_by=\">Kristina Gruden<\/a><\/li>\n<li><a href=\"http:\/\/www.sicris.si\/public\/jqm\/rsr.aspx?lang=eng&amp;opdescr=search&amp;opt=2&amp;subopt=300&amp;code1=cmn&amp;code2=auto&amp;psize=10&amp;hits=1&amp;page=1&amp;count=&amp;search_term=Maru%C5%A1a%20Pompe%20Novak&amp;id=10644&amp;slng=&amp;order_by=\">Maru\u0161a Pompe Novak<\/a><\/li>\n<li><a href=\"http:\/\/www.sicris.si\/public\/jqm\/rsr.aspx?lang=eng&amp;opdescr=search&amp;opt=2&amp;subopt=300&amp;code1=cmn&amp;code2=auto&amp;psize=10&amp;hits=1&amp;page=1&amp;count=&amp;search_term=%C5%A0pela%20Baebler&amp;id=11188&amp;slng=&amp;order_by=\">\u0160pela Baebler<\/a><\/li>\n<li><a href=\"http:\/\/www.sicris.si\/public\/jqm\/rsr.aspx?lang=eng&amp;opdescr=search&amp;opt=2&amp;subopt=300&amp;code1=cmn&amp;code2=auto&amp;psize=10&amp;hits=1&amp;page=1&amp;count=&amp;search_term=Tja%C5%A1a%20Stare&amp;id=34865&amp;slng=&amp;order_by=\">Tja\u0161a Stare<\/a><\/li>\n<li><a href=\"http:\/\/www.sicris.si\/public\/jqm\/rsr.aspx?lang=eng&amp;opdescr=search&amp;opt=2&amp;subopt=300&amp;code1=cmn&amp;code2=auto&amp;psize=10&amp;hits=1&amp;page=1&amp;count=&amp;search_term=Anna%20Coll%20Rius&amp;id=38614&amp;slng=&amp;order_by=\">Anna Coll Rius<\/a><\/li>\n<li><a href=\"http:\/\/www.sicris.si\/public\/jqm\/rsr.aspx?lang=eng&amp;opdescr=search&amp;opt=2&amp;subopt=300&amp;code1=cmn&amp;code2=auto&amp;psize=10&amp;hits=1&amp;page=1&amp;count=&amp;search_term=%C5%BDiva%20Ram%C5%A1ak&amp;id=39117&amp;slng=&amp;order_by=\">\u017diva Ram\u0161ak<\/a><\/li>\n<\/ul>\n","protected":false},"excerpt":{"rendered":"<p>ORGANISATIONS: National Institute of Biology, Ljubljana, Slovenia &nbsp; PROJECT GROUP: Andrej Blejec Kristina Gruden Maru\u0161a Pompe Novak \u0160pela Baebler Tja\u0161a Stare Anna Coll Rius \u017diva Ram\u0161ak<\/p>\n","protected":false},"author":3,"featured_media":0,"parent":0,"menu_order":4,"comment_status":"closed","ping_status":"closed","template":"page-fullwidth.php","meta":{"jetpack_post_was_ever_published":false,"footnotes":""},"class_list":["post-60","page","type-page","status-publish","hentry"],"jetpack_sharing_enabled":true,"jetpack_shortlink":"https:\/\/wp.me\/P7RkZK-Y","jetpack-related-posts":[],"_links":{"self":[{"href":"https:\/\/projects.nib.si\/podefsig\/wp-json\/wp\/v2\/pages\/60","targetHints":{"allow":["GET"]}}],"collection":[{"href":"https:\/\/projects.nib.si\/podefsig\/wp-json\/wp\/v2\/pages"}],"about":[{"href":"https:\/\/projects.nib.si\/podefsig\/wp-json\/wp\/v2\/types\/page"}],"author":[{"embeddable":true,"href":"https:\/\/projects.nib.si\/podefsig\/wp-json\/wp\/v2\/users\/3"}],"replies":[{"embeddable":true,"href":"https:\/\/projects.nib.si\/podefsig\/wp-json\/wp\/v2\/comments?post=60"}],"version-history":[{"count":13,"href":"https:\/\/projects.nib.si\/podefsig\/wp-json\/wp\/v2\/pages\/60\/revisions"}],"predecessor-version":[{"id":252,"href":"https:\/\/projects.nib.si\/podefsig\/wp-json\/wp\/v2\/pages\/60\/revisions\/252"}],"wp:attachment":[{"href":"https:\/\/projects.nib.si\/podefsig\/wp-json\/wp\/v2\/media?parent=60"}],"curies":[{"name":"wp","href":"https:\/\/api.w.org\/{rel}","templated":true}]}}