{"id":30,"date":"2016-04-05T22:13:00","date_gmt":"2016-04-05T22:13:00","guid":{"rendered":"http:\/\/projects.nib.si\/proref\/?page_id=30"},"modified":"2023-05-24T10:12:43","modified_gmt":"2023-05-24T09:12:43","slug":"references","status":"publish","type":"page","link":"https:\/\/projects.nib.si\/proref\/references\/","title":{"rendered":"Publications"},"content":{"rendered":"<p>MILAVEC, Mojca, CLEVELAND, Megan, BAE, Young-Kyung, WIELGOSZ, Robert I., VONSKY, Maxim, HUGGETT, Jim F. Metrological framework to support accurate, reliable, and reproducible nucleic acid measurements.\u00a0<i>Analytical and bioanalytical chemistry<\/i>. [Online ed.]. 2021, vol. 413, iss. 27, str. 1-16, ilustr. ISSN 1618-2650.\u00a0<a class=\"visited\" href=\"https:\/\/link.springer.com\/article\/10.1007%2Fs00216-021-03712-x\" target=\"_blank\">https:\/\/link.springer.com\/article\/10.1007%2Fs00216-021-03712-x<\/a>, DOI:\u00a0<a href=\"https:\/\/dx.doi.org\/10.1007\/s00216-021-03712-x\" target=\"_blank\">10.1007\/s00216-021-03712-x<\/a><\/p>\n<p><strong>Dan meroslovja 2023<\/strong><\/p>\n<p>@BIPM\/EURAMET: Alexandra Bogo\u017ealec Ko\u0161ir, Diagnostika rastlinskih patogenov: Kako rastlinski matriks vpliva na u\u010dinkovitost ekstrakcije DNA \/ Plant pathogen diagnostics: How plant matrix changes the efficiency of DNA extraction<\/p>\n<p>Spletni naslov (<a href=\"https:\/\/www.youtube.com\/watch?v=GTXMjUoLiFk&amp;ab_channel=TheBIPM\">https:\/\/www.youtube.com\/watch?v=GTXMjUoLiFk&amp;ab_channel=TheBIPM<\/a>)<\/p>\n<p>@INRiM: Mojca Milavec, Nucleic acid analysis methods for food safety and security<\/p>\n<p>Spletni naslov (<a href=\"https:\/\/www.youtube.com\/watch?v=Gc02Bk2M5NM\">https:\/\/www.youtube.com\/watch?v=Gc02Bk2M5NM<\/a>)<\/p>\n","protected":false},"excerpt":{"rendered":"<p>MILAVEC, Mojca, CLEVELAND, Megan, BAE, Young-Kyung, WIELGOSZ, Robert I., VONSKY, Maxim, HUGGETT, Jim F. Metrological framework to support accurate, reliable, and reproducible nucleic acid measurements.\u00a0Analytical and bioanalytical chemistry. [Online ed.]. 2021, vol. 413, iss. 27, str. 1-16, ilustr. ISSN 1618-2650.\u00a0https:\/\/link.springer.com\/article\/10.1007%2Fs00216-021-03712-x, DOI:\u00a010.1007\/s00216-021-03712-x Dan meroslovja 2023 @BIPM\/EURAMET: Alexandra Bogo\u017ealec Ko\u0161ir, Diagnostika rastlinskih patogenov: Kako rastlinski matriks vpliva [&hellip;]<\/p>\n","protected":false},"author":3,"featured_media":0,"parent":0,"menu_order":3,"comment_status":"closed","ping_status":"closed","template":"page-fullwidth.php","meta":{"jetpack_post_was_ever_published":false,"footnotes":""},"class_list":["post-30","page","type-page","status-publish","hentry"],"jetpack_sharing_enabled":true,"jetpack_shortlink":"https:\/\/wp.me\/P7OqMV-u","jetpack-related-posts":[],"_links":{"self":[{"href":"https:\/\/projects.nib.si\/proref\/wp-json\/wp\/v2\/pages\/30","targetHints":{"allow":["GET"]}}],"collection":[{"href":"https:\/\/projects.nib.si\/proref\/wp-json\/wp\/v2\/pages"}],"about":[{"href":"https:\/\/projects.nib.si\/proref\/wp-json\/wp\/v2\/types\/page"}],"author":[{"embeddable":true,"href":"https:\/\/projects.nib.si\/proref\/wp-json\/wp\/v2\/users\/3"}],"replies":[{"embeddable":true,"href":"https:\/\/projects.nib.si\/proref\/wp-json\/wp\/v2\/comments?post=30"}],"version-history":[{"count":24,"href":"https:\/\/projects.nib.si\/proref\/wp-json\/wp\/v2\/pages\/30\/revisions"}],"predecessor-version":[{"id":407,"href":"https:\/\/projects.nib.si\/proref\/wp-json\/wp\/v2\/pages\/30\/revisions\/407"}],"wp:attachment":[{"href":"https:\/\/projects.nib.si\/proref\/wp-json\/wp\/v2\/media?parent=30"}],"curies":[{"name":"wp","href":"https:\/\/api.w.org\/{rel}","templated":true}]}}