{"id":14,"date":"2016-04-05T21:59:11","date_gmt":"2016-04-05T21:59:11","guid":{"rendered":"http:\/\/projects.nib.si\/pvidynamics\/?page_id=14"},"modified":"2021-01-13T08:03:58","modified_gmt":"2021-01-13T07:03:58","slug":"summary","status":"publish","type":"page","link":"https:\/\/projects.nib.si\/pvidynamics\/summary\/","title":{"rendered":"Summary"},"content":{"rendered":"<p>Potato is one of the most important crops with yearly production of about 350 million tons. Potato virus Y (PVY) is the most economically devastating plant virus affecting the potato production worldwide (Kreuze et al., 2020). One of the major concerns for potato growers is the PVY<sup>NTN<\/sup> strain being the most aggressive PVY isolate, which is outcompeting other isolates on the field and is able to induce potato tuber necrotic ringspot disease (PTNRD) in potato tubers. The reduction in tuber marketable yield can reach up to 80%. Due to its economic impact, extensive programs have been developed to control and manage the PVY infection, however the virus still represents an ongoing challenge (Lacomme and Jacquot, 2017).<\/p>\n<p>As an intracellular parasite, viruses depend on the molecular machinery of the plant cells. Therefore, to complete its infection cycle, the virus reprograms the intracellular environment of the host. A complex and dynamic interaction network is established between viral and plant proteins. Understanding the plant-virus interaction is essential for the development of sustainable and efficient plant protection strategies.<\/p>\n<p>During the last years, technical and computational advances helped us to better understand the large interaction networks. The use of systems biology approach has shown to be a powerful tool to reveal molecular basis of plant defence response. At NIB, we built the potato knowledge network and a mechanistic model of defence signalling (Miljkovic et al., 2012; Ramsak et al., 2018). Together with the use of large omics datasets, the analysis of knowledge network disclosed an unknown connection between ethylene and salicylic acid signalling (Ramsak et al., 2018). On the other hand, structural studies of viral proteins shed some light on the roles of some PVY proteins. In line with this, we recently determined the high-resolution cryoelectron microscopy (cryo-EM) structure of the PVY virions, which reveal important features of coat protein (CP) structure for understanding its multifunctional nature as well as its complex and compact assembly into flexuous and filamentous viral particles (Ke\u017ear et al., 2019). Similarly, structure of another PVY protein, the viral protein genome-linked (VPg), was determined (Coutinho de Oliveira et al., 2019).<\/p>\n<p>However, the plant cell-PVY protein interaction network is still poorly understood and the dynamic nature of this interactome has not been addressed yet. Namely, the interactions change during the course of the viral life cycle; they are dynamic both in time and space (see review M\u00e4kinen and Hafr\u00e9n, 2014). Thus, it is important to address and understand also this aspect in studies of plant-virus interactions (Rodrigo et al., 2017). In order to uncover the subcellular localisation, the timing and the protein complexes involved in different steps of the viral cycle, a sophisticated combination of research methods has to be exploited. This knowledge will help, not only to understand the necessary mechanisms required to establish an infection cycle and how the virus manipulates the plant machinery, but also to shed light on plant pathways that contribute to disease development.<\/p>\n<p>The aim of the proposed research project is to better understand the complex <strong>mechanism of PVY infection cycle<\/strong>. Special emphasis will be put on studying the viral cell-to-cell movement and how the virus hijacks the host\u2019s machinery to carry out a successful infective cycle.<\/p>\n<p>We hypothesise that <strong>the dynamic changes of the plant-virus interaction network<\/strong> are crucial for a successful infection.<\/p>\n<p>In order to attest it, we have set the following <strong>specific objectives<\/strong>:<\/p>\n<ul>\n<li>Identification of sites in viral coat protein critical for cell-to-cell movement<\/li>\n<li>Obtaining structural data of protein complexes associated with a successful viral cycle<\/li>\n<li>Dissecting the structure\/function relationship of selected multitasking PVY proteins involved in viral-host protein complexes<\/li>\n<li>Screening for new plant components involved in the interaction network established between PVY and its host during infection<\/li>\n<li>Identification of new properties of interaction network through interrogation of improved plant immune signalling model<\/li>\n<\/ul>\n<p>We will combine <strong>structural analysis<\/strong> and <strong>in planta functional studies<\/strong>, using <strong>state-of-the-art technologies<\/strong>, to explore the interaction network of viral and host components involved in different stages of the infection. The infection cycle is tightly spatiotemporally regulated, thus part of the information is missing when investigating the static picture of the interaction. We will use non-invasive cell imaging protocols that are being under development within the current ARRS project J4-1777 and the sampling approach of small tissue sections that was optimised during the recently finished ARRS project J4-7636. Both methods will allow us to capture the dynamic changes of the infection cycle.<\/p>\n<p>The project will help to <strong>better understand the PVY mode of action<\/strong>, how the different stages of the virus multiplication cycle are localised and coordinated within the plant cell and the role of viral and host proteins in such interconnected pathways. This knowledge is crucial for developing effective agricultural management strategies. On the other hand, it will provide us with <strong>potential host targets for crop breeding programmes.<\/strong><\/p>\n<p style=\"font-size:11px\">\nReferences:<\/p>\n<p style=\"font-size:11px\">\n<strong>Ala-Poikela M, Goytia E, Haikonen T, Rajamaki M-L, Valkonen JPT<\/strong> (2011) Helper Component Proteinase of the Genus Potyvirus Is an Interaction Partner of Translation Initiation Factors eIF(iso)4E and eIF4E and Contains a 4E Binding Motif. J Virol <strong>85<\/strong>: 6784\u20136794 <\/p>\n<p style=\"font-size:11px\">\n<strong>Batagelj V, Mrvar A<\/strong> (1998) Pajek \u2013 Program for Large Network Analysis. Connections <strong>21<\/strong>: 47\u201357 <\/p>\n<p style=\"font-size:11px\">\n<strong>Bosque G, Folch-Fortuny A, Pic\u00f3 J, Ferrer A, Elena SF<\/strong> (2014) Topology analysis and visualization of Potyvirus protein-protein interaction network. BMC Syst Biol <strong>8<\/strong>: 129 <\/p>\n<p style=\"font-size:11px\">\n<strong>Chung BY-W, Miller WA, Atkins JF, Firth AE<\/strong> (2008) An overlapping essential gene in the Potyviridae. Proc Natl Acad Sci U S A <strong>105<\/strong>: 5897\u20135902 <\/p>\n<p style=\"font-size:11px\">\n<strong>Cotton S, Grangeon R, Thivierge K, Mathieu I, Ide C, Wei T, Wang A, Lalibert\u00e9 J-F<\/strong> (2009) Turnip mosaic virus RNA replication complex vesicles are mobile, align with microfilaments, and are each derived from a single viral genome. J Virol <strong>83<\/strong>: 10460\u201371 <\/p>\n<p style=\"font-size:11px\">\n<strong>Coutinho de Oliveira L, Volpon L, Rahardjo AK, Osborne MJ, Culjkovic-kraljacic B, Trahan C, Oeffinger M, Kwok BH, Borden KLB<\/strong> (2019) Structural studies of the eIF4E \u2013 VPg complex reveal a direct competition for capped RNA\u202f: Implications for translation. Proc Natl Acad Sci U S A. doi: 10.1073\/pnas.1904752116 <\/p>\n<p style=\"font-size:11px\">\n<strong>Cuesta R, Yuste-Calvo C, Gil-Cart\u00f3n D, S\u00e1nchez F, Ponz F, Valle M<\/strong> (2019) Structure of Turnip mosaic virus and its viral-like particles. Sci Rep <strong>9<\/strong>: 15396 <\/p>\n<p style=\"font-size:11px\">\n<strong>Elena SF, Rodrigo G<\/strong> (2012) Towards an integrated molecular model of plant\u2013virus interactions. Curr Opin Virol <strong>2<\/strong>: 719\u2013724 <\/p>\n<p style=\"font-size:11px\">\n<strong>Gabrenaite-Verkhovskaya R, Andreev IA, Kalinina NO, Torrance L, Taliansky ME, M\u00e4kinen K<\/strong> (2008) Cylindrical inclusion protein of Potato virus A is associated with a subpopulation of particles isolated from infected plants. J Gen Virol <strong>89<\/strong>: 829\u2013838 <\/p>\n<p style=\"font-size:11px\">\n<strong>Gallo A, Valli A, Calvo M, Garc\u00eda JA<\/strong> (2018) A functional link between RNA replication and virion assembly in the potyvirus Plum pox virus. J Virol <strong>92<\/strong>: JVI.02179-17 <\/p>\n<p style=\"font-size:11px\">\n<strong>Ivanov KI, Eskelin K, L\u00f5hmus A, M\u00e4kinen K<\/strong> (2014) Molecular and cellular mechanisms underlying potyvirus infection. J Gen Virol <strong>95<\/strong>: 1415\u20131429 <\/p>\n<p style=\"font-size:11px\">\n<strong>Ivanov KI, M\u00e4kinen K<\/strong> (2012) Coat proteins, host factors and plant viral replication. Curr Opin Virol <strong>2<\/strong>: 706\u2013712 <\/p>\n<p style=\"font-size:11px\">\n<strong>Ke\u017ear A, Kav\u010di\u010d L, Pol\u00e1k M, Nov\u00e1\u010dek J, Guti\u00e9rrez-Aguirre I, \u017dnidari\u010d MT, Coll A, Stare K, Gruden K, Ravnikar M, et al<\/strong> (2019) Structural basis for the multitasking nature of the potato virus Y coat protein. Sci Adv <strong>5<\/strong>: eaaw3808 <\/p>\n<p style=\"font-size:11px\">\n<strong>Kreuze JF, Jeevalatha A, Figueira AR<\/strong> (2020) Viral Diseases in Potato. Potato Crop Its Agric Nutr Soc Contrib to Humankind. doi: 10.1007\/978-3-030-28683-5 <\/p>\n<p style=\"font-size:11px\">\n<strong>Lacomme C, Jacquot E<\/strong> (2017) General Characteristics of Potato virus Y (PVY) and Its Impact on Potato Production: An Overview. <em>In<\/em> C Lacomme, L Glais, DU Bellstedt, B Dupuis, A V. Karasev, E Jacquot, eds, Potato virus Y biodiversity, Pathog. Epidemiol. Manag. Springer International Publishing, Cham, pp 1\u201319 <\/p>\n<p style=\"font-size:11px\">\n<strong>Lazar A, Coll A, Dobnik D, Baebler \u0160, Bedina-Zavec A, \u017del J, Gruden K, Baebler S, Bedina-Zavec A, Zel J, et al<\/strong> (2014) Involvement of Potato (Solanum tuberosum L.) MKK6 in Response to Potato virus Y. PLoS One <strong>9<\/strong>: e104553 <\/p>\n<p style=\"font-size:11px\">\n<strong>M\u00e4kinen K, Hafr\u00e9n A<\/strong> (2014) Intracellular coordination of potyviral RNA functions in infection. Front Plant Sci <strong>5<\/strong>: 1\u201312 <\/p>\n<p style=\"font-size:11px\">\n<strong>Mart\u00ednez F, Rodrigo G, Aragon\u00e9s V, Ruiz M<\/strong> (2016) Interaction network of tobacco etch potyvirus NIa protein with the host plant during infection. BMC Genomics 1\u201313 <\/p>\n<p style=\"font-size:11px\">\n<strong>Miljkovic D, Stare T, Mozeti\u010d I, Podpe\u010dan V, Petek M, Witek K, Dermastia M, Lavra\u010d N, Gruden K<\/strong> (2012) Signalling network construction for modelling plant defence response. PLoS One <strong>7<\/strong>: e51822 <\/p>\n<p style=\"font-size:11px\">\n<strong>Mukhtar MS, Carvunis A-R, Dreze M, Epple P, Steinbrenner J, Moore J, Tasan M, Galli M, Hao T, Nishimura MT, et al<\/strong> (2011) Independently evolved virulence effectors converge onto hubs in a plant immune system network. Science <strong>333<\/strong>: 596\u2013601 <\/p>\n<p style=\"font-size:11px\">\n<strong>Ramsak Z, Coll A, Stare T, Tzfadia O, Baebler S, Van de Peer Y, Gruden K<\/strong> (2018) Network modelling unravels mechanisms of crosstalk between ethylene and salicylate signalling in potato. Plant Physiol <strong>178<\/strong>: 488\u2013499 <\/p>\n<p style=\"font-size:11px\">\n<strong>Revers F, Garc\u00eda JA<\/strong> (2015) Molecular Biology of Potyviruses. Adv. Virus Res. Elsevier, pp 101\u2013199 <\/p>\n<p style=\"font-size:11px\">\n<strong>Rodrigo G, Dar\u00f2s JA, Elena SF<\/strong> (2017) Virus-host interactome: Putting the accent on how it changes. J Proteomics <strong>156<\/strong>: 1\u20134 <\/p>\n<p style=\"font-size:11px\">\n<strong>Rupar M, Florence F, Michel T, Ion G-A, Agn\u00e8s D, Laurent G, Maja K, David D, Kristina G, Emmanuel J, et al<\/strong> (2015) Fluorescently Tagged Potato virus Y\u202f: A Versatile Tool for Functional Analysis of Plant-Virus Interactions. Mol Plant-Microbe Interact <strong>28<\/strong>: 739\u2013750 <\/p>\n<p style=\"font-size:11px\">\n<strong>Saito R, Smoot M, Ono K, Ruscheinski J, Wang P-L, Lotia S, Pico A, Bader G, Ideker T<\/strong> (2012) A travel guide to Cytoscape plugins. Nat Methods <strong>9<\/strong>: 1069\u20131076 <\/p>\n<p style=\"font-size:11px\">\n<strong>Seo J-K, Vo Phan MS, Kang S-H, Choi H-S, Kim K-H<\/strong> (2013) The charged residues in the surface-exposed C-terminus of the Soybean mosaic virus coat protein are critical for cell-to-cell movement. Virology <strong>446<\/strong>: 95\u2013101 <\/p>\n<p style=\"font-size:11px\">\n<strong>Shen W, Shi Y, Dai Z, Wang A<\/strong> (2020) The RNA-Dependent RNA Polymerase NIb of Potyviruses Plays Multifunctional, Contrasting Roles during Viral Infection. Viruses <\/p>\n<p style=\"font-size:11px\">\n<strong>Tilsner J, Oparka KJ<\/strong> (2010) Tracking the green invaders: advances in imaging virus infection in plants. Biochem J <strong>430<\/strong>: 21\u201337 <\/p>\n<p style=\"font-size:11px\">\n<strong>Torrance L, Andreev IA, Gabrenaite-Verhovskaya R, Cowan G, M\u00e4kinen K, Taliansky ME<\/strong> (2006) An unusual structure at one end of potato potyvirus particles. J Mol Biol <strong>357<\/strong>: 1\u20138 <\/p>\n<p style=\"font-size:11px\">\n<strong>Tully JP, Hill AE, Ahmed HMR, Whitley R, Skjellum A, Mukhtar MS<\/strong> (2014) Expression-based network biology identifies immune-related functional modules involved in plant defense. BMC Genomics <strong>15<\/strong>: 14 str. <\/p>\n<p style=\"font-size:11px\">\n<strong>Valli A, Gallo A, Calvo M, Perez J d. J, Garcia JA<\/strong> (2014) A Novel Role of the Potyviral Helper Component Proteinase Contributes To Enhance the Yield of Viral Particles. J Virol <strong>88<\/strong>: 9808\u20139818 <\/p>\n<p style=\"font-size:11px\">\n<strong>Wu X, Shaw JG<\/strong> (1998) Evidence that assembly of a potyvirus begins near the 5\u2019 terminus of the viral RNA. J Gen Virol <strong>79<\/strong>: 1525\u20131529 <\/p>\n<p style=\"font-size:11px\">\n<strong>Zamora M, M\u00e9ndez-L\u00f3pez E, Agirrezabala X, Cuesta R, Lav\u00edn JL, Amelia S\u00e1nchez-Pina M, Aranda MA, Valle M<\/strong> (2017) Potyvirus virion structure shows conserved protein fold and RNA binding site in ssRNA viruses. Sci Adv <strong>3<\/strong>: 1\u20138<\/p>\n<p>&nbsp;<\/p>\n<p>&nbsp;<\/p>\n<p>&nbsp;<\/p>\n","protected":false},"excerpt":{"rendered":"<p>Potato is one of the most important crops with yearly production of about 350 million tons. Potato virus Y (PVY) is the most economically devastating plant virus affecting the potato production worldwide (Kreuze et al., 2020). One of the major concerns for potato growers is the PVYNTN strain being the most aggressive PVY isolate, which [&hellip;]<\/p>\n","protected":false},"author":3,"featured_media":0,"parent":0,"menu_order":2,"comment_status":"closed","ping_status":"closed","template":"page-fullwidth.php","meta":{"jetpack_post_was_ever_published":false,"footnotes":""},"class_list":["post-14","page","type-page","status-publish","hentry"],"jetpack_sharing_enabled":true,"jetpack_shortlink":"https:\/\/wp.me\/PaDbb0-e","jetpack-related-posts":[],"_links":{"self":[{"href":"https:\/\/projects.nib.si\/pvidynamics\/wp-json\/wp\/v2\/pages\/14","targetHints":{"allow":["GET"]}}],"collection":[{"href":"https:\/\/projects.nib.si\/pvidynamics\/wp-json\/wp\/v2\/pages"}],"about":[{"href":"https:\/\/projects.nib.si\/pvidynamics\/wp-json\/wp\/v2\/types\/page"}],"author":[{"embeddable":true,"href":"https:\/\/projects.nib.si\/pvidynamics\/wp-json\/wp\/v2\/users\/3"}],"replies":[{"embeddable":true,"href":"https:\/\/projects.nib.si\/pvidynamics\/wp-json\/wp\/v2\/comments?post=14"}],"version-history":[{"count":18,"href":"https:\/\/projects.nib.si\/pvidynamics\/wp-json\/wp\/v2\/pages\/14\/revisions"}],"predecessor-version":[{"id":264,"href":"https:\/\/projects.nib.si\/pvidynamics\/wp-json\/wp\/v2\/pages\/14\/revisions\/264"}],"wp:attachment":[{"href":"https:\/\/projects.nib.si\/pvidynamics\/wp-json\/wp\/v2\/media?parent=14"}],"curies":[{"name":"wp","href":"https:\/\/api.w.org\/{rel}","templated":true}]}}