{"id":30,"date":"2016-04-05T22:13:00","date_gmt":"2016-04-05T22:13:00","guid":{"rendered":"http:\/\/projects.nib.si\/pvidynamics\/?page_id=30"},"modified":"2022-12-16T13:26:04","modified_gmt":"2022-12-16T12:26:04","slug":"references","status":"publish","type":"page","link":"https:\/\/projects.nib.si\/pvidynamics\/references\/","title":{"rendered":"Related publications"},"content":{"rendered":"<p>Publications about\u00a0viral intercellular movement:<\/p>\n<ul>\n<li>Dai, Z., He, R., Bernards, M. A., &amp; Wang, A. (2020). The cis \u2010expression of the coat protein of turnip mosaic virus is essential for viral intercellular movement in plants. Molecular Plant Pathology. doi:10.1111\/mpp.12973<\/li>\n<li>Arazi, T., Shiboleth, Y. M., &amp; Gal-On, A. (2001). A Nonviral Peptide Can Replace the Entire N Terminus of Zucchini Yellow Mosaic Potyvirus Coat Protein and Permits Viral Systemic Infection. Journal of Virology, 75(14), 6329\u20136336. doi:10.1128\/jvi.75.14.6329-6336.2001<\/li>\n<li>Ke\u017ear, A., Kav\u010di\u010d, L., Pol\u00e1k, M., Nov\u00e1\u010dek, J., Guti\u00e9rrez-Aguirre, I., \u017dnidari\u010d, M. T., \u2026 Podobnik, M. (2019). Structural basis for the multitasking nature of the potato virus Y coat protein. Science Advances, 5(7), eaaw3808. doi:10.1126\/sciadv.aaw3808<\/li>\n<\/ul>\n<p>&nbsp;<\/p>\n<p>Publications about viral tips:<\/p>\n<ul>\n<li>Torrance, L., Andreev, I. A., Gabrenaite-Verhovskaya, R., Cowan, G., M\u00e4kinen, K., &amp; Taliansky, M. E. (2006). An Unusual Structure at One End of Potato Potyvirus Particles. Journal of Molecular Biology, 357(1), 1\u20138. doi:10.1016\/j.jmb.2005.12.021<\/li>\n<\/ul>\n<p>&nbsp;<\/p>\n<p>Publications about tagged viral proteins:<\/p>\n<ul>\n<li>Bordat, A., Houvenaghel, M.-C., &amp; German-Retana, S. (2015). Gibson assembly: an easy way to clone potyviral full-length infectious cDNA clones expressing an ectopic VPg. Virology Journal, 12(1), 89. doi:10.1186\/s12985-015-0315-3<\/li>\n<li>Del Toro, F., Fern\u00e1ndez, F. T., Tilsner, J., Wright, K. M., Tenllado, F., Chung, B. N., \u2026 Canto, T. (2014). Potato virus Y HCPro Localization at Distinct, Dynamically Related and Environment-Influenced Structures in the Cell Cytoplasm. Molecular Plant-Microbe Interactions, 27(12), 1331\u20131343. doi:10.1094\/mpmi-05-14-0155-r<\/li>\n<li>Cotton, S., Grangeon, R., Thivierge, K., Mathieu, I., Ide, C., Wei, T., \u2026 Laliberte, J.-F. (2009). Turnip Mosaic Virus RNA Replication Complex Vesicles Are Mobile, Align with Microfilaments, and Are Each Derived from a Single Viral Genome. Journal of Virology, 83(20), 10460\u201310471. doi:10.1128\/jvi.00819-09<\/li>\n<\/ul>\n<p>&nbsp;<\/p>\n<p>Publications about protein-protein interactions:<\/p>\n<ul>\n<li>Huang, T.-S., Wei, T., Laliberte, J.-F., &amp; Wang, A. (2009). A Host RNA Helicase-Like Protein, AtRH8, Interacts with the Potyviral Genome-Linked Protein, VPg, Associates with the Virus Accumulation Complex, and Is Essential for Infection. PLANT PHYSIOLOGY, 152(1), 255\u2013266. doi:10.1104\/pp.109.147983<\/li>\n<li>Ala-Poikela, M., Goytia, E., Haikonen, T., Rajamaki, M.-L., &amp; Valkonen, J. P. T. (2011). Helper Component Proteinase of the Genus Potyvirus Is an Interaction Partner of Translation Initiation Factors eIF(iso)4E and eIF4E and Contains a 4E Binding Motif. Journal of Virology, 85(13), 6784\u20136794. doi:10.1128\/jvi.00485-11<\/li>\n<\/ul>\n<p>&nbsp;<\/p>\n<p>&nbsp;<\/p>\n","protected":false},"excerpt":{"rendered":"<p>Publications about\u00a0viral intercellular movement: Dai, Z., He, R., Bernards, M. A., &amp; Wang, A. (2020). The cis \u2010expression of the coat protein of turnip mosaic virus is essential for viral intercellular movement in plants. Molecular Plant Pathology. doi:10.1111\/mpp.12973 Arazi, T., Shiboleth, Y. M., &amp; Gal-On, A. (2001). A Nonviral Peptide Can Replace the Entire N [&hellip;]<\/p>\n","protected":false},"author":3,"featured_media":0,"parent":0,"menu_order":0,"comment_status":"closed","ping_status":"closed","template":"page-fullwidth.php","meta":{"jetpack_post_was_ever_published":false,"footnotes":""},"class_list":["post-30","page","type-page","status-publish","hentry"],"jetpack_sharing_enabled":true,"jetpack_shortlink":"https:\/\/wp.me\/PaDbb0-u","jetpack-related-posts":[],"_links":{"self":[{"href":"https:\/\/projects.nib.si\/pvidynamics\/wp-json\/wp\/v2\/pages\/30","targetHints":{"allow":["GET"]}}],"collection":[{"href":"https:\/\/projects.nib.si\/pvidynamics\/wp-json\/wp\/v2\/pages"}],"about":[{"href":"https:\/\/projects.nib.si\/pvidynamics\/wp-json\/wp\/v2\/types\/page"}],"author":[{"embeddable":true,"href":"https:\/\/projects.nib.si\/pvidynamics\/wp-json\/wp\/v2\/users\/3"}],"replies":[{"embeddable":true,"href":"https:\/\/projects.nib.si\/pvidynamics\/wp-json\/wp\/v2\/comments?post=30"}],"version-history":[{"count":11,"href":"https:\/\/projects.nib.si\/pvidynamics\/wp-json\/wp\/v2\/pages\/30\/revisions"}],"predecessor-version":[{"id":276,"href":"https:\/\/projects.nib.si\/pvidynamics\/wp-json\/wp\/v2\/pages\/30\/revisions\/276"}],"wp:attachment":[{"href":"https:\/\/projects.nib.si\/pvidynamics\/wp-json\/wp\/v2\/media?parent=30"}],"curies":[{"name":"wp","href":"https:\/\/api.w.org\/{rel}","templated":true}]}}