{"id":14,"date":"2016-04-05T21:59:11","date_gmt":"2016-04-05T21:59:11","guid":{"rendered":"http:\/\/projects.nib.si\/qentrysi\/?page_id=14"},"modified":"2022-10-21T18:16:10","modified_gmt":"2022-10-21T17:16:10","slug":"summary","status":"publish","type":"page","link":"https:\/\/projects.nib.si\/qentrysi\/summary\/","title":{"rendered":"Cilji projekta"},"content":{"rendered":"<p>Hitra in zanesljiva identifikacija, npr. morfolo\u0161ko zelo podobnih \u017eu\u017eelk oziroma dolo\u010ditev nekaterih bakterij ali virusov, ki sodijo med karantenske \u0161kodljivih organizmov (K\u0160O) in ki odra\u017eajo podobne vizualne znake na rastlini ima velik pomen pri izvajanju ukrepov proti njihovemu \u0161irjenju. V primeru odreditve in\u0161pekcijskih ukrepov (zavrnitev ali uni\u010denje po\u0161iljk) ali v primeru najdbe K\u0160O v kmetijski pridelavi ali v naravi v okviru izvajanja preiskav na navzo\u010dnost K\u0160O (npr. izkoreninjenje, obvladovanje sta u\u010dinkovitost sprejetih ukrepov stro\u0161ki njihove izvedbe lahko povezana tudi s hitro identifikacijo K\u0160O na podlagi zanesljivih hitrih testov. V zadnjem desetletju se v prakso uvajajo hitri testi oz. testi, ki omogo\u010dajo identifikacijo tudi v omenjenih kriti\u010dnih primerih in temeljijo na uporabi testo LAMP in\/ali dolo\u010danju DNA \u010drtnih kod. V okviru projekta bomo v prakso uvedli in ob tem validirali izbrane hitre teste glede na prisotnost gostiteljskih rastlin in nevarnosti \u0161irjenja v rastlinski pridelavi ali v naravi na ozemlju Slovenije ali pri uvozu rastlin, rastlinskih proizvodov in drugih predmetov v Slovenijo ter tehni\u010dne danosti (obstoj testov in kakovost sekven\u010dnih podatkov za izbrane organizme).<br \/>\n<span style=\"text-decoration: underline\">Posamezni cilji projekta so:<\/span><\/p>\n<p>(i) dolo\u010diti K\u0160O ali skupine K\u0160O, za katere je smiselna uvedba in uporaba hitrih testov za identifikacijo ob uvozu po\u0161iljk rastlin v Slovenijo (EU) in na mestih rastlinske pridelave v Sloveniji,<\/p>\n<p>(ii) razviti in validirati hitre in zanesljive teste, predvsem na osnovi tehnologije LAMP in\/ali dolo\u010danja DNA \u010drtnih kod, za dolo\u010den K\u0160O ali skupino K\u0160O,<\/p>\n<p>(iii) preizkusiti in vpeljati hitre teste v prakso za potrebe in\u0161pekcijskih nadzorov in programov preiskav na navzo\u010dnost K\u0160O).<\/p>\n<p>&nbsp;<\/p>\n","protected":false},"excerpt":{"rendered":"<p>Hitra in zanesljiva identifikacija, npr. morfolo\u0161ko zelo podobnih \u017eu\u017eelk oziroma dolo\u010ditev nekaterih bakterij ali virusov, ki sodijo med karantenske \u0161kodljivih organizmov (K\u0160O) in ki odra\u017eajo podobne vizualne znake na rastlini ima velik pomen pri izvajanju ukrepov proti njihovemu \u0161irjenju. V primeru odreditve in\u0161pekcijskih ukrepov (zavrnitev ali uni\u010denje po\u0161iljk) ali v primeru najdbe K\u0160O v kmetijski [&hellip;]<\/p>\n","protected":false},"author":3,"featured_media":0,"parent":0,"menu_order":2,"comment_status":"closed","ping_status":"closed","template":"page-fullwidth.php","meta":{"jetpack_post_was_ever_published":false,"footnotes":""},"class_list":["post-14","page","type-page","status-publish","hentry"],"jetpack_sharing_enabled":true,"jetpack_shortlink":"https:\/\/wp.me\/P7OqMV-e","jetpack-related-posts":[],"_links":{"self":[{"href":"https:\/\/projects.nib.si\/qentrysi\/wp-json\/wp\/v2\/pages\/14","targetHints":{"allow":["GET"]}}],"collection":[{"href":"https:\/\/projects.nib.si\/qentrysi\/wp-json\/wp\/v2\/pages"}],"about":[{"href":"https:\/\/projects.nib.si\/qentrysi\/wp-json\/wp\/v2\/types\/page"}],"author":[{"embeddable":true,"href":"https:\/\/projects.nib.si\/qentrysi\/wp-json\/wp\/v2\/users\/3"}],"replies":[{"embeddable":true,"href":"https:\/\/projects.nib.si\/qentrysi\/wp-json\/wp\/v2\/comments?post=14"}],"version-history":[{"count":22,"href":"https:\/\/projects.nib.si\/qentrysi\/wp-json\/wp\/v2\/pages\/14\/revisions"}],"predecessor-version":[{"id":399,"href":"https:\/\/projects.nib.si\/qentrysi\/wp-json\/wp\/v2\/pages\/14\/revisions\/399"}],"wp:attachment":[{"href":"https:\/\/projects.nib.si\/qentrysi\/wp-json\/wp\/v2\/media?parent=14"}],"curies":[{"name":"wp","href":"https:\/\/api.w.org\/{rel}","templated":true}]}}