{"id":253,"date":"2017-03-06T15:19:59","date_gmt":"2017-03-06T14:19:59","guid":{"rendered":"http:\/\/projects.nib.si\/qentrysi\/?page_id=253"},"modified":"2022-11-30T11:56:33","modified_gmt":"2022-11-30T10:56:33","slug":"partners-2","status":"publish","type":"page","link":"https:\/\/projects.nib.si\/qentrysi\/partners-2\/","title":{"rendered":"Partnerji"},"content":{"rendered":"<p>V projektu sodelujejo partnerji, ki zdru\u017eujejo znanja o povzro\u010diteljih bolezni z dolgoletnimi izku\u0161njami s podro\u010dja laboratorijskih testov in aktivnosti na podro\u010dju varstva rastlin. Projekt koordinira Nacionalni in\u0161titut za biologijo.<\/p>\n<p><a href=\"http:\/\/www.nib.si\/\" target=\"_blank\" rel=\"attachment wp-att-358\"><img loading=\"lazy\" decoding=\"async\" data-attachment-id=\"358\" data-permalink=\"https:\/\/projects.nib.si\/qentrysi\/partners-2\/nib_logo\/\" data-orig-file=\"https:\/\/projects.nib.si\/qentrysi\/wp-content\/uploads\/sites\/28\/2022\/10\/NIB_logo.jpg\" data-orig-size=\"2469,295\" data-comments-opened=\"1\" data-image-meta=\"{&quot;aperture&quot;:&quot;0&quot;,&quot;credit&quot;:&quot;&quot;,&quot;camera&quot;:&quot;&quot;,&quot;caption&quot;:&quot;&quot;,&quot;created_timestamp&quot;:&quot;0&quot;,&quot;copyright&quot;:&quot;&quot;,&quot;focal_length&quot;:&quot;0&quot;,&quot;iso&quot;:&quot;0&quot;,&quot;shutter_speed&quot;:&quot;0&quot;,&quot;title&quot;:&quot;&quot;,&quot;orientation&quot;:&quot;1&quot;}\" data-image-title=\"Nacionalni in\u0161titut za biologijo\" data-image-description=\"\" data-image-caption=\"\" data-medium-file=\"https:\/\/projects.nib.si\/qentrysi\/wp-content\/uploads\/sites\/28\/2022\/10\/NIB_logo-300x36.jpg\" data-large-file=\"https:\/\/projects.nib.si\/qentrysi\/wp-content\/uploads\/sites\/28\/2022\/10\/NIB_logo-1024x122.jpg\" class=\"alignnone size-medium wp-image-358\" src=\"http:\/\/projects.nib.si\/qentrysi\/wp-content\/uploads\/sites\/28\/2022\/10\/NIB_logo-300x36.jpg\" alt=\"Nacionalni in\u0161titut za biologijo\" width=\"300\" height=\"36\" srcset=\"https:\/\/projects.nib.si\/qentrysi\/wp-content\/uploads\/sites\/28\/2022\/10\/NIB_logo-300x36.jpg 300w, https:\/\/projects.nib.si\/qentrysi\/wp-content\/uploads\/sites\/28\/2022\/10\/NIB_logo-768x92.jpg 768w, https:\/\/projects.nib.si\/qentrysi\/wp-content\/uploads\/sites\/28\/2022\/10\/NIB_logo-1024x122.jpg 1024w\" sizes=\"auto, (max-width: 300px) 100vw, 300px\" \/><\/a><\/p>\n<p><a href=\"https:\/\/www.kis.si\/\" target=\"_blank\" rel=\"attachment wp-att-360\"><img loading=\"lazy\" decoding=\"async\" data-attachment-id=\"360\" data-permalink=\"https:\/\/projects.nib.si\/qentrysi\/partners-2\/kis_logotip_vodoravni_barvni_pantone\/\" data-orig-file=\"https:\/\/projects.nib.si\/qentrysi\/wp-content\/uploads\/sites\/28\/2022\/10\/KIS_logotip.jpg\" data-orig-size=\"657,123\" data-comments-opened=\"1\" data-image-meta=\"{&quot;aperture&quot;:&quot;0&quot;,&quot;credit&quot;:&quot;&quot;,&quot;camera&quot;:&quot;&quot;,&quot;caption&quot;:&quot;&quot;,&quot;created_timestamp&quot;:&quot;0&quot;,&quot;copyright&quot;:&quot;&quot;,&quot;focal_length&quot;:&quot;0&quot;,&quot;iso&quot;:&quot;0&quot;,&quot;shutter_speed&quot;:&quot;0&quot;,&quot;title&quot;:&quot;KIS_logotip_vodoravni_barvni_PANTONE&quot;,&quot;orientation&quot;:&quot;1&quot;}\" data-image-title=\"KIS_logotip_vodoravni_barvni_PANTONE\" data-image-description=\"\" data-image-caption=\"\" data-medium-file=\"https:\/\/projects.nib.si\/qentrysi\/wp-content\/uploads\/sites\/28\/2022\/10\/KIS_logotip-300x56.jpg\" data-large-file=\"https:\/\/projects.nib.si\/qentrysi\/wp-content\/uploads\/sites\/28\/2022\/10\/KIS_logotip.jpg\" class=\"alignnone size-medium wp-image-360\" src=\"http:\/\/projects.nib.si\/qentrysi\/wp-content\/uploads\/sites\/28\/2022\/10\/KIS_logotip-300x56.jpg\" alt=\"KIS_logotip_vodoravni_barvni_PANTONE\" width=\"300\" height=\"56\" srcset=\"https:\/\/projects.nib.si\/qentrysi\/wp-content\/uploads\/sites\/28\/2022\/10\/KIS_logotip-300x56.jpg 300w, https:\/\/projects.nib.si\/qentrysi\/wp-content\/uploads\/sites\/28\/2022\/10\/KIS_logotip.jpg 657w\" sizes=\"auto, (max-width: 300px) 100vw, 300px\" \/><\/a><\/p>\n<p><a href=\"https:\/\/gozdis.si\/\" target=\"_blank\" rel=\"attachment wp-att-356\"><img loading=\"lazy\" decoding=\"async\" data-attachment-id=\"356\" data-permalink=\"https:\/\/projects.nib.si\/qentrysi\/partners-2\/gis_logotip\/\" data-orig-file=\"https:\/\/projects.nib.si\/qentrysi\/wp-content\/uploads\/sites\/28\/2022\/10\/GIS_logotip.jpg\" data-orig-size=\"1635,381\" data-comments-opened=\"1\" data-image-meta=\"{&quot;aperture&quot;:&quot;0&quot;,&quot;credit&quot;:&quot;Johanca&quot;,&quot;camera&quot;:&quot;&quot;,&quot;caption&quot;:&quot;&quot;,&quot;created_timestamp&quot;:&quot;1364556828&quot;,&quot;copyright&quot;:&quot;&quot;,&quot;focal_length&quot;:&quot;0&quot;,&quot;iso&quot;:&quot;0&quot;,&quot;shutter_speed&quot;:&quot;0&quot;,&quot;title&quot;:&quot;&quot;,&quot;orientation&quot;:&quot;0&quot;}\" data-image-title=\"GIS_logotip\" data-image-description=\"\" data-image-caption=\"\" data-medium-file=\"https:\/\/projects.nib.si\/qentrysi\/wp-content\/uploads\/sites\/28\/2022\/10\/GIS_logotip-300x70.jpg\" data-large-file=\"https:\/\/projects.nib.si\/qentrysi\/wp-content\/uploads\/sites\/28\/2022\/10\/GIS_logotip-1024x239.jpg\" class=\"alignnone size-medium wp-image-356\" src=\"http:\/\/projects.nib.si\/qentrysi\/wp-content\/uploads\/sites\/28\/2022\/10\/GIS_logotip-300x70.jpg\" alt=\"GIS_logotip\" width=\"300\" height=\"70\" srcset=\"https:\/\/projects.nib.si\/qentrysi\/wp-content\/uploads\/sites\/28\/2022\/10\/GIS_logotip-300x70.jpg 300w, https:\/\/projects.nib.si\/qentrysi\/wp-content\/uploads\/sites\/28\/2022\/10\/GIS_logotip-768x179.jpg 768w, https:\/\/projects.nib.si\/qentrysi\/wp-content\/uploads\/sites\/28\/2022\/10\/GIS_logotip-1024x239.jpg 1024w, https:\/\/projects.nib.si\/qentrysi\/wp-content\/uploads\/sites\/28\/2022\/10\/GIS_logotip.jpg 1635w\" sizes=\"auto, (max-width: 300px) 100vw, 300px\" \/><\/a><\/p>\n<p><a href=\"https:\/\/kmetijskizavod-ng.si\/\" target=\"_blank\" rel=\"attachment wp-att-357\"><img loading=\"lazy\" decoding=\"async\" data-attachment-id=\"357\" data-permalink=\"https:\/\/projects.nib.si\/qentrysi\/partners-2\/kgzng_logo\/\" data-orig-file=\"https:\/\/projects.nib.si\/qentrysi\/wp-content\/uploads\/sites\/28\/2022\/10\/KGZNG_logo.jpg\" data-orig-size=\"627,405\" data-comments-opened=\"1\" data-image-meta=\"{&quot;aperture&quot;:&quot;0&quot;,&quot;credit&quot;:&quot;&quot;,&quot;camera&quot;:&quot;&quot;,&quot;caption&quot;:&quot;&quot;,&quot;created_timestamp&quot;:&quot;0&quot;,&quot;copyright&quot;:&quot;&quot;,&quot;focal_length&quot;:&quot;0&quot;,&quot;iso&quot;:&quot;0&quot;,&quot;shutter_speed&quot;:&quot;0&quot;,&quot;title&quot;:&quot;&quot;,&quot;orientation&quot;:&quot;0&quot;}\" data-image-title=\"KGZNG_logo\" data-image-description=\"\" data-image-caption=\"\" data-medium-file=\"https:\/\/projects.nib.si\/qentrysi\/wp-content\/uploads\/sites\/28\/2022\/10\/KGZNG_logo-300x194.jpg\" data-large-file=\"https:\/\/projects.nib.si\/qentrysi\/wp-content\/uploads\/sites\/28\/2022\/10\/KGZNG_logo.jpg\" class=\"alignnone size-medium wp-image-357\" src=\"http:\/\/projects.nib.si\/qentrysi\/wp-content\/uploads\/sites\/28\/2022\/10\/KGZNG_logo-300x194.jpg\" alt=\"KGZNG_logo\" width=\"300\" height=\"194\" srcset=\"https:\/\/projects.nib.si\/qentrysi\/wp-content\/uploads\/sites\/28\/2022\/10\/KGZNG_logo-300x194.jpg 300w, https:\/\/projects.nib.si\/qentrysi\/wp-content\/uploads\/sites\/28\/2022\/10\/KGZNG_logo.jpg 627w\" sizes=\"auto, (max-width: 300px) 100vw, 300px\" \/><\/a><\/p>\n<p><a href=\"https:\/\/www.bf.uni-lj.si\/\" target=\"_blank\" rel=\"attachment wp-att-355\"><img loading=\"lazy\" decoding=\"async\" data-attachment-id=\"355\" data-permalink=\"https:\/\/projects.nib.si\/qentrysi\/partners-2\/ul-biotehniska-fakulteta\/\" data-orig-file=\"https:\/\/projects.nib.si\/qentrysi\/wp-content\/uploads\/sites\/28\/2022\/10\/UL-Biotehniska-fakulteta.jpg\" data-orig-size=\"673,800\" data-comments-opened=\"1\" data-image-meta=\"{&quot;aperture&quot;:&quot;0&quot;,&quot;credit&quot;:&quot;&quot;,&quot;camera&quot;:&quot;&quot;,&quot;caption&quot;:&quot;&quot;,&quot;created_timestamp&quot;:&quot;0&quot;,&quot;copyright&quot;:&quot;&quot;,&quot;focal_length&quot;:&quot;0&quot;,&quot;iso&quot;:&quot;0&quot;,&quot;shutter_speed&quot;:&quot;0&quot;,&quot;title&quot;:&quot;&quot;,&quot;orientation&quot;:&quot;0&quot;}\" data-image-title=\"UL-Biotehniska-fakulteta\" data-image-description=\"\" data-image-caption=\"\" data-medium-file=\"https:\/\/projects.nib.si\/qentrysi\/wp-content\/uploads\/sites\/28\/2022\/10\/UL-Biotehniska-fakulteta-252x300.jpg\" data-large-file=\"https:\/\/projects.nib.si\/qentrysi\/wp-content\/uploads\/sites\/28\/2022\/10\/UL-Biotehniska-fakulteta.jpg\" class=\"alignnone size-medium wp-image-355\" src=\"http:\/\/projects.nib.si\/qentrysi\/wp-content\/uploads\/sites\/28\/2022\/10\/UL-Biotehniska-fakulteta-252x300.jpg\" alt=\"UL-Biotehniska-fakulteta\" width=\"252\" height=\"300\" srcset=\"https:\/\/projects.nib.si\/qentrysi\/wp-content\/uploads\/sites\/28\/2022\/10\/UL-Biotehniska-fakulteta-252x300.jpg 252w, https:\/\/projects.nib.si\/qentrysi\/wp-content\/uploads\/sites\/28\/2022\/10\/UL-Biotehniska-fakulteta.jpg 673w\" sizes=\"auto, (max-width: 252px) 100vw, 252px\" \/><\/a><\/p>\n","protected":false},"excerpt":{"rendered":"<p>V projektu sodelujejo partnerji, ki zdru\u017eujejo znanja o povzro\u010diteljih bolezni z dolgoletnimi izku\u0161njami s podro\u010dja laboratorijskih testov in aktivnosti na podro\u010dju varstva rastlin. Projekt koordinira Nacionalni in\u0161titut za biologijo.<\/p>\n","protected":false},"author":4,"featured_media":0,"parent":0,"menu_order":3,"comment_status":"closed","ping_status":"closed","template":"","meta":{"jetpack_post_was_ever_published":false,"footnotes":""},"class_list":["post-253","page","type-page","status-publish","hentry"],"jetpack_sharing_enabled":true,"jetpack_shortlink":"https:\/\/wp.me\/P7OqMV-45","jetpack-related-posts":[],"_links":{"self":[{"href":"https:\/\/projects.nib.si\/qentrysi\/wp-json\/wp\/v2\/pages\/253","targetHints":{"allow":["GET"]}}],"collection":[{"href":"https:\/\/projects.nib.si\/qentrysi\/wp-json\/wp\/v2\/pages"}],"about":[{"href":"https:\/\/projects.nib.si\/qentrysi\/wp-json\/wp\/v2\/types\/page"}],"author":[{"embeddable":true,"href":"https:\/\/projects.nib.si\/qentrysi\/wp-json\/wp\/v2\/users\/4"}],"replies":[{"embeddable":true,"href":"https:\/\/projects.nib.si\/qentrysi\/wp-json\/wp\/v2\/comments?post=253"}],"version-history":[{"count":11,"href":"https:\/\/projects.nib.si\/qentrysi\/wp-json\/wp\/v2\/pages\/253\/revisions"}],"predecessor-version":[{"id":419,"href":"https:\/\/projects.nib.si\/qentrysi\/wp-json\/wp\/v2\/pages\/253\/revisions\/419"}],"wp:attachment":[{"href":"https:\/\/projects.nib.si\/qentrysi\/wp-json\/wp\/v2\/media?parent=253"}],"curies":[{"name":"wp","href":"https:\/\/api.w.org\/{rel}","templated":true}]}}